{"id":17766,"date":"2025-09-15T11:52:32","date_gmt":"2025-09-15T08:52:32","guid":{"rendered":"https:\/\/www.fmsdocumentation.com\/keliones-programele\/"},"modified":"2025-09-15T11:52:32","modified_gmt":"2025-09-15T08:52:32","slug":"keliones-programele","status":"publish","type":"page","link":"https:\/\/www.fmsdocumentation.com\/lt\/keliones-programele\/","title":{"rendered":"Kelion\u0117s program\u0117l\u0117"},"content":{"rendered":"\n<h1 class=\"wp-block-heading\" id=\"Main-information\">Pagrindin\u0117 informacija<\/h1>\n\n<p>Kelioni\u0173 program\u0117l\u0117 &#8211; tai \u012frankis, skirtas vairuotojui priskirti transporto priemon\u0119, tvarkyti kelioni\u0173 tip\u0105, pildyti patikrinimo ataskait\u0105 ir tikrinti kelioni\u0173 istorij\u0105. Vairuotojas gali patikrinti savo kelioni\u0173 suvestin\u0119. Vairuotojas gali steb\u0117ti priva\u010di\u0173 kelioni\u0173 kilometr\u0173 kiek\u012f, o tai labai svarbu mokes\u010di\u0173 tikslais.  <\/p>\n\n<p>Nereikia diegti ir pirkti papildomos technin\u0117s \u012frangos (mygtuko, RFID korteli\u0173, skaitytuv\u0173), vairuotojas gali priskirti vairuotoj\u0105 savo telefone.<\/p>\n\n<p>Kelioni\u0173 program\u0117l\u0119 galima naudoti bet kuriame \u012frenginyje (kompiuteryje, plan\u0161etiniame kompiuteryje, mobiliajame telefone). &#8220;Journey&#8221; program\u0117l\u0119 galima \u012fdiegti kaip atskir\u0105 program\u0117l\u0119 arba pasiekti per interneto nar\u0161ykl\u0119. <\/p>\n\n<h2 class=\"wp-block-heading\" id=\"Journey-app-webpage\">Kelion\u0117s program\u0117l\u0117s tinklalapis<\/h2>\n\n<p>Kelioni\u0173 programos tinklalapis:<\/p>\n\n<p><a href=\"https:\/\/journey.fm-track.com\">https:\/\/journey.fm-track.com<\/a><\/p>\n\n<h2 class=\"wp-block-heading\" id=\"Journey-app-in-APP-and-PLAY-stores\">Kelion\u0117s programa APP ir PLAY parduotuv\u0117se<\/h2>\n\n<p>Program\u0117l\u0119 galima rasti naudojant raktinius \u017eod\u017eius:<br\/><em><strong>&#8220;Journey tracks&#8221;.<\/strong><\/em><\/p>\n\n<h2 class=\"wp-block-heading\" id=\"Journey-app-installation\">Program\u0117l\u0117s &#8220;Journey&#8221; diegimas<\/h2>\n\n<h2 class=\"wp-block-heading\" id=\"Android\">&#8220;Android&#8221;<\/h2>\n\n<p>Prisijung\u0119 prie kelion\u0117s programos galite j\u0105 \u012fdiegti \u012f \u012frengin\u012f:<br\/><\/p>\n\n<figure class=\"wp-block-image size-full\"><img loading=\"lazy\" decoding=\"async\" width=\"622\" height=\"686\" src=\"https:\/\/www.fmsdocumentation.com\/wp-content\/uploads\/2025\/05\/image-4.png\" alt=\"\" class=\"wp-image-14326\" srcset=\"https:\/\/www.fmsdocumentation.com\/wp-content\/uploads\/2025\/05\/image-4.png 622w, https:\/\/www.fmsdocumentation.com\/wp-content\/uploads\/2025\/05\/image-4-272x300.png 272w\" sizes=\"auto, (max-width: 622px) 100vw, 622px\" \/><\/figure>\n\n<h2 class=\"wp-block-heading\" id=\"IOs\">IOs<\/h2>\n\n<p>&#8220;Safari&#8221; nar\u0161ykl\u0117je eikite \u012f <a href=\"https:\/\/journey.fm-track.com\/\">https:\/\/journey.fm-track.com\/<\/a> paspauskite bendrinti, slinkite \u017eemyn ir paspauskite prid\u0117ti \u012f pagrindin\u012f ekran\u0105:<\/p>\n\n<figure class=\"wp-block-image size-large\"><img loading=\"lazy\" decoding=\"async\" width=\"521\" height=\"1024\" src=\"https:\/\/www.fmsdocumentation.com\/wp-content\/uploads\/2025\/05\/image-5-521x1024.png\" alt=\"\" class=\"wp-image-14327\" srcset=\"https:\/\/www.fmsdocumentation.com\/wp-content\/uploads\/2025\/05\/image-5-521x1024.png 521w, https:\/\/www.fmsdocumentation.com\/wp-content\/uploads\/2025\/05\/image-5-153x300.png 153w, https:\/\/www.fmsdocumentation.com\/wp-content\/uploads\/2025\/05\/image-5.png 594w\" sizes=\"auto, (max-width: 521px) 100vw, 521px\" \/><\/figure>\n\n<h2 class=\"wp-block-heading\" id=\"Journey-app-logins\">Kelion\u0117s program\u0117l\u0117s prisijungimai<\/h2>\n\n<p>Kelion\u0117s programos \u012fgaliojimus galima sukurti &#8220;Trust track 2&#8221; vairuotoj\u0173 modulyje:<br\/><\/p>\n\n<figure class=\"wp-block-image size-full\"><img loading=\"lazy\" decoding=\"async\" width=\"1020\" height=\"757\" src=\"https:\/\/www.fmsdocumentation.com\/wp-content\/uploads\/2025\/05\/image-7.png\" alt=\"\" class=\"wp-image-14329\" srcset=\"https:\/\/www.fmsdocumentation.com\/wp-content\/uploads\/2025\/05\/image-7.png 1020w, https:\/\/www.fmsdocumentation.com\/wp-content\/uploads\/2025\/05\/image-7-300x223.png 300w, https:\/\/www.fmsdocumentation.com\/wp-content\/uploads\/2025\/05\/image-7-768x570.png 768w\" sizes=\"auto, (max-width: 1020px) 100vw, 1020px\" \/><\/figure>\n\n<p>Kad b\u016bt\u0173 galima sukurti kelioni\u0173 program\u0117l\u0117s prisijungimo duomenis, u\u017eregistruokite konsultacij\u0105 ir nurodykite kliento vard\u0105, pavard\u0119 ir TT2 kliento ID.<\/p>\n\n<p>\u012evedus el. pa\u0161to adres\u0105, vairuotojui bus i\u0161si\u0173stas kvietimas nustatyti slapta\u017eod\u012f:<\/p>\n\n<figure class=\"wp-block-image size-full\"><img loading=\"lazy\" decoding=\"async\" width=\"977\" height=\"395\" src=\"https:\/\/www.fmsdocumentation.com\/wp-content\/uploads\/2025\/05\/image-8.png\" alt=\"\" class=\"wp-image-14330\" srcset=\"https:\/\/www.fmsdocumentation.com\/wp-content\/uploads\/2025\/05\/image-8.png 977w, https:\/\/www.fmsdocumentation.com\/wp-content\/uploads\/2025\/05\/image-8-300x121.png 300w, https:\/\/www.fmsdocumentation.com\/wp-content\/uploads\/2025\/05\/image-8-768x311.png 768w\" sizes=\"auto, (max-width: 977px) 100vw, 977px\" \/><\/figure>\n\n<h1 class=\"wp-block-heading\" id=\"Home-page\">Pagrindinis puslapis<\/h1>\n\n<h2 class=\"wp-block-heading\" id=\"Assign-vehicle\">Priskirti transporto priemon\u0119<\/h2>\n\n<p>Vairuotojas programoje gali priskirti transporto priemon\u0119 sau:<\/p>\n\n<p><\/p>\n\n<figure class=\"wp-block-image size-full\"><img loading=\"lazy\" decoding=\"async\" width=\"615\" height=\"580\" src=\"https:\/\/www.fmsdocumentation.com\/wp-content\/uploads\/2025\/05\/image-9.png\" alt=\"\" class=\"wp-image-14331\" srcset=\"https:\/\/www.fmsdocumentation.com\/wp-content\/uploads\/2025\/05\/image-9.png 615w, https:\/\/www.fmsdocumentation.com\/wp-content\/uploads\/2025\/05\/image-9-300x283.png 300w\" sizes=\"auto, (max-width: 615px) 100vw, 615px\" \/><\/figure>\n\n<figure class=\"wp-block-image size-full\"><img loading=\"lazy\" decoding=\"async\" width=\"623\" height=\"566\" src=\"https:\/\/www.fmsdocumentation.com\/wp-content\/uploads\/2025\/05\/image-10.png\" alt=\"\" class=\"wp-image-14332\" srcset=\"https:\/\/www.fmsdocumentation.com\/wp-content\/uploads\/2025\/05\/image-10.png 623w, https:\/\/www.fmsdocumentation.com\/wp-content\/uploads\/2025\/05\/image-10-300x273.png 300w\" sizes=\"auto, (max-width: 623px) 100vw, 623px\" \/><\/figure>\n\n<figure class=\"wp-block-image size-full\"><img loading=\"lazy\" decoding=\"async\" width=\"612\" height=\"753\" src=\"https:\/\/www.fmsdocumentation.com\/wp-content\/uploads\/2025\/05\/image-11.png\" alt=\"\" class=\"wp-image-14333\" srcset=\"https:\/\/www.fmsdocumentation.com\/wp-content\/uploads\/2025\/05\/image-11.png 612w, https:\/\/www.fmsdocumentation.com\/wp-content\/uploads\/2025\/05\/image-11-244x300.png 244w\" sizes=\"auto, (max-width: 612px) 100vw, 612px\" \/><\/figure>\n\n<p>Programoje &#8220;Kelion\u0117s&#8221; galima priskirti tik objekt\u0105, kurio vairuotojas nustatomas rankiniu b\u016bdu.<\/p>\n\n<p>Jei vairuotojas transporto priemonei priskiriamas automati\u0161kai, kelion\u0117s programoje nebus galima pakeisti transporto priemon\u0117s, kol vairuotojas nebus at\u0161auktas:<br\/><\/p>\n\n<figure class=\"wp-block-image size-full\"><img loading=\"lazy\" decoding=\"async\" width=\"471\" height=\"534\" src=\"https:\/\/www.fmsdocumentation.com\/wp-content\/uploads\/2025\/05\/image-13.png\" alt=\"\" class=\"wp-image-14335\" srcset=\"https:\/\/www.fmsdocumentation.com\/wp-content\/uploads\/2025\/05\/image-13.png 471w, https:\/\/www.fmsdocumentation.com\/wp-content\/uploads\/2025\/05\/image-13-265x300.png 265w\" sizes=\"auto, (max-width: 471px) 100vw, 471px\" \/><\/figure>\n\n<h2 class=\"wp-block-heading\" id=\"Select-trip-type\">Pasirinkite kelion\u0117s tip\u0105<\/h2>\n\n<p>Vairuotojas programoje gali pasirinkti kelion\u0117s tip\u0105. Kad visos b\u016bsimos kelion\u0117s b\u016bt\u0173 pasirinkto tipo: <br\/><\/p>\n\n<figure class=\"wp-block-image size-full\"><img loading=\"lazy\" decoding=\"async\" width=\"604\" height=\"561\" src=\"https:\/\/www.fmsdocumentation.com\/wp-content\/uploads\/2025\/05\/image-14.png\" alt=\"\" class=\"wp-image-14336\" srcset=\"https:\/\/www.fmsdocumentation.com\/wp-content\/uploads\/2025\/05\/image-14.png 604w, https:\/\/www.fmsdocumentation.com\/wp-content\/uploads\/2025\/05\/image-14-300x279.png 300w\" sizes=\"auto, (max-width: 604px) 100vw, 604px\" \/><\/figure>\n\n<p>Kelion\u0117s tip\u0105 galima pasirinkti tik objekte, kuriame kelion\u0117s tipas pasirenkamas rankiniu b\u016bdu. Objekto su automatiniu nustatymu atveju bus matomas tik dabartinis tipas. <\/p>\n\n<h1 class=\"wp-block-heading\" id=\"Inspection-report\">Patikrinimo ataskaita<\/h1>\n\n<p><a href=\"https:\/\/www.fmsdocumentation.com\/vehicle-inspection-report\/\">Patikrinimo ataskaita ir gedimai | U\u017epildykite klausimyn\u0105 program\u0117l\u0117je &#8220;Journey<\/a><\/p>\n\n<h1 class=\"wp-block-heading\" id=\"History\">Istorija<\/h1>\n\n<figure class=\"wp-block-image size-full\"><img loading=\"lazy\" decoding=\"async\" width=\"495\" height=\"861\" src=\"https:\/\/www.fmsdocumentation.com\/wp-content\/uploads\/2025\/05\/image-15.png\" alt=\"\" class=\"wp-image-14337\" srcset=\"https:\/\/www.fmsdocumentation.com\/wp-content\/uploads\/2025\/05\/image-15.png 495w, https:\/\/www.fmsdocumentation.com\/wp-content\/uploads\/2025\/05\/image-15-172x300.png 172w\" sizes=\"auto, (max-width: 495px) 100vw, 495px\" \/><\/figure>\n\n<p>Kortel\u0117je &#8220;Istorija&#8221; vairuotojas gal\u0117s patikrinti savo kelioni\u0173 istorij\u0105. Kelioni\u0173 aptikimo logika yra tokia pati kaip TT2, o informacija &#8211; tokia pati kaip vairuotojo kelioni\u0173 ataskaitoje. <\/p>\n\n<p>Ilgiausias laikotarpis &#8211; 1 m\u0117nuo.<\/p>\n\n<ul class=\"wp-block-list\">\n<li>Suvestin\u0117je pateikiami \u0161ie duomenys:\n<ul class=\"wp-block-list\">\n<li>Laikotarpio kilometra\u017eas &#8211; vis\u0173 kelioni\u0173 kilometra\u017eo suma per pasirinkt\u0105 laikotarp\u012f<\/li>\n\n\n\n<li>Priva\u010di\u0173 kelioni\u0173 rida &#8211; vis\u0173 priva\u010di\u0173 kelioni\u0173 rida pasirinktu laikotarpiu<\/li>\n\n\n\n<li>Komandiruo\u010di\u0173 rida &#8211; vis\u0173 komandiruo\u010di\u0173 rida pasirinktu laikotarpiu<\/li>\n\n\n\n<li>Darbo kelioni\u0173 rida &#8211; vis\u0173 pasirinkto laikotarpio darbo kelioni\u0173 ridos suma<\/li>\n\n\n\n<li>N\u0117 vienos kelion\u0117s rida &#8211; vis\u0173 pasirinkto laikotarpio n\u0117 vienos kelion\u0117s ridos suma<\/li>\n\n\n\n<li>Darbo laikas &#8211; pasirinkto laikotarpio vairavimo trukm\u0117s suma.<\/li>\n\n\n\n<li>Sustojimo laikas &#8211; vis\u0173 pasirinkto laikotarpio sustojimo trukmi\u0173 suma<\/li>\n<\/ul>\n<\/li>\n\n\n\n<li>Kiekvienoje kelion\u0117je pateikiami \u0161ie duomenys:\n<ul class=\"wp-block-list\">\n<li>Prad\u017eios laikas<\/li>\n\n\n\n<li>Pabaigos laikas<\/li>\n\n\n\n<li>Sustojimo trukm\u0117<\/li>\n\n\n\n<li>Va\u017eiavimo trukm\u0117<\/li>\n\n\n\n<li>Bendra trukm\u0117 (prad\u017eios ir pabaigos laikas)<\/li>\n\n\n\n<li>Nuva\u017eiuota rida<\/li>\n\n\n\n<li>Kelion\u0117s tipas<\/li>\n\n\n\n<li>Pastabos<\/li>\n\n\n\n<li>Transporto priemon\u0117<\/li>\n\n\n\n<li>Stop adresai<\/li>\n\n\n\n<li>Pasirinkto laikotarpio pirmojo prad\u017eios ta\u0161ko adresas<\/li>\n<\/ul>\n<\/li>\n<\/ul>\n\n<p>Galima per\u017ei\u016br\u0117ti keliones \u017eem\u0117lapyje, keisti kelion\u0117s tip\u0105 ir prid\u0117ti pastab\u0173:<br\/><\/p>\n\n<figure class=\"wp-block-image size-full\"><img loading=\"lazy\" decoding=\"async\" width=\"513\" height=\"869\" src=\"https:\/\/www.fmsdocumentation.com\/wp-content\/uploads\/2025\/05\/image-16.png\" alt=\"\" class=\"wp-image-14338\" srcset=\"https:\/\/www.fmsdocumentation.com\/wp-content\/uploads\/2025\/05\/image-16.png 513w, https:\/\/www.fmsdocumentation.com\/wp-content\/uploads\/2025\/05\/image-16-177x300.png 177w\" sizes=\"auto, (max-width: 513px) 100vw, 513px\" \/><\/figure>\n\n<h1 class=\"wp-block-heading\" id=\"Settings\">Nustatymai<\/h1>\n\n<figure class=\"wp-block-image size-full\"><img loading=\"lazy\" decoding=\"async\" width=\"487\" height=\"852\" src=\"https:\/\/www.fmsdocumentation.com\/wp-content\/uploads\/2025\/05\/image-17.png\" alt=\"\" class=\"wp-image-14339\" srcset=\"https:\/\/www.fmsdocumentation.com\/wp-content\/uploads\/2025\/05\/image-17.png 487w, https:\/\/www.fmsdocumentation.com\/wp-content\/uploads\/2025\/05\/image-17-171x300.png 171w\" sizes=\"auto, (max-width: 487px) 100vw, 487px\" \/><\/figure>\n\n<p>Nustatymuose galite rasti vairuotojo vard\u0105 ir pavard\u0119 bei <s>el. pa\u0161to adres\u0105<\/s>. Yra atsijungimo mygtukas. <\/p>\n","protected":false},"excerpt":{"rendered":"<p>Pagrindin\u0117 informacija Kelioni\u0173 program\u0117l\u0117 &#8211; tai \u012frankis, skirtas vairuotojui priskirti transporto priemon\u0119, tvarkyti kelioni\u0173 tip\u0105, pildyti patikrinimo ataskait\u0105 ir tikrinti kelioni\u0173 istorij\u0105. Vairuotojas gali patikrinti savo kelioni\u0173 suvestin\u0119. Vairuotojas gali steb\u0117ti priva\u010di\u0173 kelioni\u0173 kilometr\u0173 kiek\u012f, o tai labai svarbu mokes\u010di\u0173 tikslais. Nereikia diegti ir pirkti papildomos technin\u0117s \u012frangos (mygtuko, RFID korteli\u0173, skaitytuv\u0173), vairuotojas gali priskirti &hellip; <a href=\"https:\/\/www.fmsdocumentation.com\/lt\/keliones-programele\/\" class=\"more-link\">Skaityti toliau: <span class=\"screen-reader-text\">Kelion\u0117s program\u0117l\u0117<\/span><\/a><\/p>\n","protected":false},"author":9,"featured_media":0,"parent":0,"menu_order":140,"comment_status":"closed","ping_status":"closed","template":"","meta":{"footnotes":""},"class_list":["post-17766","page","type-page","status-publish","hentry"],"_links":{"self":[{"href":"https:\/\/www.fmsdocumentation.com\/lt\/wp-json\/wp\/v2\/pages\/17766","targetHints":{"allow":["GET"]}}],"collection":[{"href":"https:\/\/www.fmsdocumentation.com\/lt\/wp-json\/wp\/v2\/pages"}],"about":[{"href":"https:\/\/www.fmsdocumentation.com\/lt\/wp-json\/wp\/v2\/types\/page"}],"author":[{"embeddable":true,"href":"https:\/\/www.fmsdocumentation.com\/lt\/wp-json\/wp\/v2\/users\/9"}],"replies":[{"embeddable":true,"href":"https:\/\/www.fmsdocumentation.com\/lt\/wp-json\/wp\/v2\/comments?post=17766"}],"version-history":[{"count":1,"href":"https:\/\/www.fmsdocumentation.com\/lt\/wp-json\/wp\/v2\/pages\/17766\/revisions"}],"predecessor-version":[{"id":17778,"href":"https:\/\/www.fmsdocumentation.com\/lt\/wp-json\/wp\/v2\/pages\/17766\/revisions\/17778"}],"wp:attachment":[{"href":"https:\/\/www.fmsdocumentation.com\/lt\/wp-json\/wp\/v2\/media?parent=17766"}],"curies":[{"name":"wp","href":"https:\/\/api.w.org\/{rel}","templated":true}]}}