{"id":4189,"date":"2017-12-19T10:28:49","date_gmt":"2017-12-19T10:28:49","guid":{"rendered":"http:\/\/www.fmsdocumentation.com\/?page_id=4189"},"modified":"2017-12-19T10:28:49","modified_gmt":"2017-12-19T10:28:49","slug":"naujo-uzsakymo-kurimas","status":"publish","type":"page","link":"https:\/\/www.fmsdocumentation.com\/lt\/uzsakymu-meniu\/naujo-uzsakymo-kurimas\/","title":{"rendered":"Naujo u\u017esakymo k\u016brimas"},"content":{"rendered":"<p>Nor\u0117damas sukurti nauj\u0105 u\u017esakym\u0105, vartotojas turi spustel\u0117ti mygtuk\u0105 \u201cKurti nauj\u0105 u\u017esakym\u0105\u201d, esant\u012f meniu vir\u0161uje.<a href=\"https:\/\/www.fmsdocumentation.com\/wp-content\/uploads\/2017\/12\/304LT.png\"><img loading=\"lazy\" decoding=\"async\" class=\"alignnone size-full wp-image-4190\" src=\"https:\/\/www.fmsdocumentation.com\/wp-content\/uploads\/2017\/12\/304LT.png\" alt=\"\" width=\"453\" height=\"495\" srcset=\"https:\/\/www.fmsdocumentation.com\/wp-content\/uploads\/2017\/12\/304LT.png 453w, https:\/\/www.fmsdocumentation.com\/wp-content\/uploads\/2017\/12\/304LT-275x300.png 275w\" sizes=\"auto, (max-width: 453px) 100vw, 453px\" \/><\/a><\/p>\n<p>Tuomet atsivers \u201cSukurti nauj\u0105 u\u017esakym\u0105\u201d langas. \u010cia vartotojas turi pateikti informacij\u0105 apie krovin\u012f. Did\u017eioji dalis laukeli\u0173 yra savaime ai\u0161k\u016bs. Visi \u0161ie laukeliai yra privalomi:<\/p>\n<ul>\n<li>Pavadinimas \u2013 u\u017esakymo pavadinimas, kuris bus rodomas vis\u0173 u\u017esakym\u0173 ap\u017evalgoje;<\/li>\n<li>Kliento vardas \u2013 kliento pavadinimas, naudojamas tik informaciniais tikslais;<\/li>\n<li>Nuo \u2013 adresas, i\u0161 kurio bus ve\u017eamas krovinys. \u0160is laukelis veikia kaip paie\u0161kos juosta, su kiekviena \u012fvesta raide si\u016blomi galimi adresai;<\/li>\n<li>Kam \u2013 adresas, \u012f kur\u012f bus pristatytas krovinys. \u0160is laukelis veikia kaip paie\u0161kos juosta, su kiekviena \u012fvesta raide si\u016blomi galimi adresai.<\/li>\n<\/ul>\n<p><a href=\"https:\/\/www.fmsdocumentation.com\/wp-content\/uploads\/2017\/12\/305LT.png\"><img loading=\"lazy\" decoding=\"async\" class=\"alignnone size-full wp-image-4191\" src=\"https:\/\/www.fmsdocumentation.com\/wp-content\/uploads\/2017\/12\/305LT.png\" alt=\"\" width=\"938\" height=\"754\" srcset=\"https:\/\/www.fmsdocumentation.com\/wp-content\/uploads\/2017\/12\/305LT.png 938w, https:\/\/www.fmsdocumentation.com\/wp-content\/uploads\/2017\/12\/305LT-300x241.png 300w, https:\/\/www.fmsdocumentation.com\/wp-content\/uploads\/2017\/12\/305LT-768x617.png 768w\" sizes=\"auto, (max-width: 938px) 100vw, 938px\" \/><\/a><\/p>\n<p>Toliau vartotojas turi \u012fvesti detali\u0105 informacij\u0105 apie krovin\u012f:<\/p>\n<ul>\n<li>Krovinio pavadinimas \u2013 krovinio pavadinimas, kuris bus rodomas per\u017evelgiant u\u017esakym\u0105;<\/li>\n<li>Vienetai \u2013 i\u0161 kiek vienet\u0173 (pale\u010di\u0173, d\u0117\u017ei\u0173, statini\u0173 ir t.t) sudarytas krovinys. Vartotojas \u0161iame laukelyje gali \u012fvesti tik sveik\u0105 skai\u010di\u0173;<\/li>\n<li>Vieneto svoris \u2013 vieno vieneto svoris. Matavimo vienetai priklauso nuo paskyros nustatym\u0173. \u0160i vert\u0117 yra naudojama bendro krovinio svorio apskai\u010diavimui, taip pat priskiriant u\u017esakym\u0105 transporto priemonei;<\/li>\n<li>Matmenys (plotis, ilgis,auk\u0161tis) \u2013 <strong>vieno vieneto matmenys<\/strong>, ne bendri krovinio matmenys. \u0160ios vert\u0117s yra naudojamos vieneto bei viso krovinio t\u016brio apskai\u010diavimui, taip pat priskiriant u\u017esakym\u0105 transporto priemonei.<\/li>\n<\/ul>\n<p>\u012evedus detali\u0105 informacij\u0105, sistema pateiks trump\u0105 krovinio apibendrinim\u0105.<\/p>\n<p><a href=\"https:\/\/www.fmsdocumentation.com\/wp-content\/uploads\/2017\/12\/306LT-1.png\"><img loading=\"lazy\" decoding=\"async\" class=\"alignnone size-full wp-image-4193\" src=\"https:\/\/www.fmsdocumentation.com\/wp-content\/uploads\/2017\/12\/306LT-1.png\" alt=\"\" width=\"936\" height=\"753\" srcset=\"https:\/\/www.fmsdocumentation.com\/wp-content\/uploads\/2017\/12\/306LT-1.png 936w, https:\/\/www.fmsdocumentation.com\/wp-content\/uploads\/2017\/12\/306LT-1-300x241.png 300w, https:\/\/www.fmsdocumentation.com\/wp-content\/uploads\/2017\/12\/306LT-1-768x618.png 768w\" sizes=\"auto, (max-width: 936px) 100vw, 936px\" \/><\/a><\/p>\n<p>Vartotojas gali prid\u0117ti kelet\u0105 krovini\u0173 prie vieno u\u017esakymo spustel\u0117damas plius\u0105, esant\u012f po krovinio apibendrinimu. Kroviniai gali b\u016bti pa\u0161alinami i\u0161 u\u017esakymo (jei j\u0173 yra daugiau negu vienas) spustelint ma\u017e\u0105 kry\u017eiuk\u0105, esant\u012f vir\u0161utiniame de\u0161iniame krovinio skilties kampe.<\/p>\n<p><a href=\"https:\/\/www.fmsdocumentation.com\/wp-content\/uploads\/2017\/12\/307LT.png\"><img loading=\"lazy\" decoding=\"async\" class=\"alignnone size-full wp-image-4194\" src=\"https:\/\/www.fmsdocumentation.com\/wp-content\/uploads\/2017\/12\/307LT.png\" alt=\"\" width=\"937\" height=\"753\" srcset=\"https:\/\/www.fmsdocumentation.com\/wp-content\/uploads\/2017\/12\/307LT.png 937w, https:\/\/www.fmsdocumentation.com\/wp-content\/uploads\/2017\/12\/307LT-300x241.png 300w, https:\/\/www.fmsdocumentation.com\/wp-content\/uploads\/2017\/12\/307LT-768x617.png 768w\" sizes=\"auto, (max-width: 937px) 100vw, 937px\" \/><\/a><\/p>\n<p>Nor\u0117damas sukurti u\u017esakym\u0105, vartotojas turi spustel\u0117ti mygtuk\u0105 \u201cSukurti\u201d, o nor\u0117damas j\u012f at\u0161aukti \u2013 \u201cU\u017edaryti\u201d.<\/p>\n<p>Suk\u016brus u\u017esakym\u0105, jis bus prid\u0117tas \u012f bendr\u0105 vis\u0173 u\u017esakym\u0173 s\u0105ra\u0161\u0105.<\/p>\n<hr \/>\n<p><div class=\"alignright\"><a href=\"https:\/\/www.fmsdocumentation.com\/lt\/nauju-uzduociu-kurimas\/\" title=\"Nauj\u0173 u\u017eduo\u010di\u0173 k\u016brimas\">Nauj\u0173 u\u017eduo\u010di\u0173 k\u016brimas <span class=\"arrow\"> &nbsp\u203a <\/span> <\/a><\/div><\/p>\n","protected":false},"excerpt":{"rendered":"<p>Nor\u0117damas sukurti nauj\u0105 u\u017esakym\u0105, vartotojas turi spustel\u0117ti mygtuk\u0105 \u201cKurti nauj\u0105 u\u017esakym\u0105\u201d, esant\u012f meniu vir\u0161uje. Tuomet atsivers \u201cSukurti nauj\u0105 u\u017esakym\u0105\u201d langas. \u010cia vartotojas turi pateikti informacij\u0105 apie krovin\u012f. Did\u017eioji dalis laukeli\u0173 yra savaime ai\u0161k\u016bs. Visi \u0161ie laukeliai yra privalomi: Pavadinimas \u2013 u\u017esakymo pavadinimas, kuris bus rodomas vis\u0173 u\u017esakym\u0173 ap\u017evalgoje; Kliento vardas \u2013 kliento pavadinimas, naudojamas tik &hellip; <a href=\"https:\/\/www.fmsdocumentation.com\/lt\/uzsakymu-meniu\/naujo-uzsakymo-kurimas\/\" class=\"more-link\">Skaityti toliau: <span class=\"screen-reader-text\">Naujo u\u017esakymo k\u016brimas<\/span><\/a><\/p>\n","protected":false},"author":5,"featured_media":0,"parent":4184,"menu_order":1,"comment_status":"closed","ping_status":"closed","template":"","meta":{"footnotes":""},"class_list":["post-4189","page","type-page","status-publish","hentry"],"_links":{"self":[{"href":"https:\/\/www.fmsdocumentation.com\/lt\/wp-json\/wp\/v2\/pages\/4189","targetHints":{"allow":["GET"]}}],"collection":[{"href":"https:\/\/www.fmsdocumentation.com\/lt\/wp-json\/wp\/v2\/pages"}],"about":[{"href":"https:\/\/www.fmsdocumentation.com\/lt\/wp-json\/wp\/v2\/types\/page"}],"author":[{"embeddable":true,"href":"https:\/\/www.fmsdocumentation.com\/lt\/wp-json\/wp\/v2\/users\/5"}],"replies":[{"embeddable":true,"href":"https:\/\/www.fmsdocumentation.com\/lt\/wp-json\/wp\/v2\/comments?post=4189"}],"version-history":[{"count":1,"href":"https:\/\/www.fmsdocumentation.com\/lt\/wp-json\/wp\/v2\/pages\/4189\/revisions"}],"predecessor-version":[{"id":4195,"href":"https:\/\/www.fmsdocumentation.com\/lt\/wp-json\/wp\/v2\/pages\/4189\/revisions\/4195"}],"up":[{"embeddable":true,"href":"https:\/\/www.fmsdocumentation.com\/lt\/wp-json\/wp\/v2\/pages\/4184"}],"wp:attachment":[{"href":"https:\/\/www.fmsdocumentation.com\/lt\/wp-json\/wp\/v2\/media?parent=4189"}],"curies":[{"name":"wp","href":"https:\/\/api.w.org\/{rel}","templated":true}]}}