{"id":4196,"date":"2017-12-19T10:43:42","date_gmt":"2017-12-19T10:43:42","guid":{"rendered":"http:\/\/www.fmsdocumentation.com\/?page_id=4196"},"modified":"2017-12-19T10:43:42","modified_gmt":"2017-12-19T10:43:42","slug":"uzsakymu-apzvalga-bei-priskyrimas","status":"publish","type":"page","link":"https:\/\/www.fmsdocumentation.com\/lt\/uzsakymu-meniu\/uzsakymu-apzvalga-bei-priskyrimas\/","title":{"rendered":"U\u017esakym\u0173 ap\u017evalga bei priskyrimas"},"content":{"rendered":"<p>\u017demiau \u201cKurti nauj\u0105 u\u017esakym\u0105\u201d mygtuko pateikiamas vis\u0173 anks\u010diau sukurt\u0173 u\u017esakym\u0173 s\u0105ra\u0161as. U\u017esakymai gali b\u016bti filtruojami spustel\u0117jus \u201eFiltruoti u\u017esakymus\u201c laukel\u012f ir pasirinkus filtr\u0105. Nepasirinkus jokio filtro, rodomi visi u\u017esakymai. Galima pasirinkti vien\u0105 i\u0161 \u0161i\u0173 filtr\u0173:<\/p>\n<ul>\n<li>Visi \u2013 rodomi visi u\u017esakymai;<\/li>\n<li>Nauji \u2013 rodomi visi nauij nepriskirti u\u017esakymai (priskyrimas apra\u0161ytas toliau \u0161iame skyrelyje);<\/li>\n<li>Rezervuoti \u2013 rodomi jau priskirti, bet dar nevykdomi u\u017esakymai;<\/li>\n<li>Vykdomi \u2013 rodomi jau vykdomi (pristatomi) u\u017esakymai;<\/li>\n<li>Nepristatyti \u2013 rodomi vairuotoj\u0173 atmesti u\u017esakymai;<\/li>\n<li>Pristatyti \u2013 rodomi \u012fvykdyti (pristatyti) u\u017esakymai.<\/li>\n<\/ul>\n<p>Kiekvieno u\u017esakymo b\u016bsen\u0105 atspindi piktograma. Nor\u0117damas pamatyti b\u016bsen\u0105, vartotojas gali vir\u0161 piktogramos u\u017evesti pel\u0117s rodykl\u0119.<\/p>\n<p><a href=\"https:\/\/www.fmsdocumentation.com\/wp-content\/uploads\/2017\/12\/308LT.png\"><img loading=\"lazy\" decoding=\"async\" class=\"alignnone size-full wp-image-4197\" src=\"https:\/\/www.fmsdocumentation.com\/wp-content\/uploads\/2017\/12\/308LT.png\" alt=\"\" width=\"491\" height=\"350\" srcset=\"https:\/\/www.fmsdocumentation.com\/wp-content\/uploads\/2017\/12\/308LT.png 491w, https:\/\/www.fmsdocumentation.com\/wp-content\/uploads\/2017\/12\/308LT-300x214.png 300w\" sizes=\"auto, (max-width: 491px) 100vw, 491px\" \/><\/a><\/p>\n<p>Nor\u0117damas ap\u017evelgti ir \/ ar priskirti u\u017esakym\u0105, vartotojas turi j\u012f pasirinkti s\u0105ra\u0161e. Norint priskirti u\u017esakym\u0105, jo b\u016bsena turi b\u016bti \u201cNaujas\u201d. Pasirinkus u\u017esakym\u0105, atsidarys papildomas ap\u017evalgos skydelis bei \u017eemelapis nusikels \u012f u\u017esakymo vietov\u0119.<\/p>\n<p><a href=\"https:\/\/www.fmsdocumentation.com\/wp-content\/uploads\/2017\/12\/309LT.png\"><img loading=\"lazy\" decoding=\"async\" class=\"alignnone size-large wp-image-4198\" src=\"https:\/\/www.fmsdocumentation.com\/wp-content\/uploads\/2017\/12\/309LT-1024x480.png\" alt=\"\" width=\"660\" height=\"309\" srcset=\"https:\/\/www.fmsdocumentation.com\/wp-content\/uploads\/2017\/12\/309LT-1024x480.png 1024w, https:\/\/www.fmsdocumentation.com\/wp-content\/uploads\/2017\/12\/309LT-300x141.png 300w, https:\/\/www.fmsdocumentation.com\/wp-content\/uploads\/2017\/12\/309LT-768x360.png 768w, https:\/\/www.fmsdocumentation.com\/wp-content\/uploads\/2017\/12\/309LT.png 1843w\" sizes=\"auto, (max-width: 660px) 100vw, 660px\" \/><\/a><\/p>\n<p>Ap\u017evalgos skydel\u012f sudaro du skirtukai, pirmasis i\u0161 j\u0173 yra skirtas bendrinei u\u017esakymo informacijai (numatytasis skirtukas), kaip krovinio svoris, t\u016bris, pristatymo adresas ir t.t., fakti\u0161kai rodoma ta pati informacij\u0105, kuri\u0105 vartotojas \u012fved\u0117 kurdamas u\u017esakym\u0105. U\u017esakymai gali b\u016bti redaguojami ir i\u0161trinami tol, kol jie yra b\u016bsenoje \u201cNaujas\u201d, spustel\u0117jus atitinkam\u0105 mygtuk\u0105 skydelio apa\u010dioje. Mygtukas \u201cRedaguoti\u201d atveria lang\u0105, identi\u0161k\u0105 naujo u\u017esakymo k\u016brimo langui. Atlikus pakeitimus b\u016btina spustel\u0117ti \u201cAtnaujinti\u201d mygtuk\u0105, kitu atveju visi pakeitimai bus atmesti. Spustel\u0117jus mygtuk\u0105 \u201cI\u0161trinti\u201d atsiveria patvirtinimo langas, kad u\u017esakymas neb\u016bt\u0173 i\u0161trintas nety\u010dia.<\/p>\n<p><a href=\"https:\/\/www.fmsdocumentation.com\/wp-content\/uploads\/2017\/12\/310LT.png\"><img loading=\"lazy\" decoding=\"async\" class=\"alignnone size-full wp-image-4199\" src=\"https:\/\/www.fmsdocumentation.com\/wp-content\/uploads\/2017\/12\/310LT.png\" alt=\"\" width=\"899\" height=\"864\" srcset=\"https:\/\/www.fmsdocumentation.com\/wp-content\/uploads\/2017\/12\/310LT.png 899w, https:\/\/www.fmsdocumentation.com\/wp-content\/uploads\/2017\/12\/310LT-300x288.png 300w, https:\/\/www.fmsdocumentation.com\/wp-content\/uploads\/2017\/12\/310LT-768x738.png 768w\" sizes=\"auto, (max-width: 899px) 100vw, 899px\" \/><\/a><\/p>\n<p>Antrajame skirtuke yra vis\u0173 u\u017esakymui priklausan\u010di\u0173 krovini\u0173 s\u0105ra\u0161as. Vartotojas gali per\u017ei\u016br\u0117ti konkretaus krovinio svor\u012f ir t\u016br\u012f (jei u\u017esakymui priklauso daugiau nei vienas krovinys).<\/p>\n<p><a href=\"https:\/\/www.fmsdocumentation.com\/wp-content\/uploads\/2017\/12\/313LT.png\"><img loading=\"lazy\" decoding=\"async\" class=\"alignnone size-full wp-image-4200\" src=\"https:\/\/www.fmsdocumentation.com\/wp-content\/uploads\/2017\/12\/313LT.png\" alt=\"\" width=\"446\" height=\"865\" srcset=\"https:\/\/www.fmsdocumentation.com\/wp-content\/uploads\/2017\/12\/313LT.png 446w, https:\/\/www.fmsdocumentation.com\/wp-content\/uploads\/2017\/12\/313LT-155x300.png 155w\" sizes=\"auto, (max-width: 446px) 100vw, 446px\" \/><\/a><\/p>\n<p>Bendrin\u0117s informacijos skirtuke vartotojas gali priskirti u\u017esakym\u0105 transporto priemonei spustel\u0117damas mygtuk\u0105 \u201cPrid\u0117ti prie mar\u0161ruto\u201d. Tuomet atsivers mar\u0161ruto ir u\u017eduo\u010di\u0173 meniu su pagal krovinio pakrovimo ir pristatymo ta\u0161kus sudarytu mar\u0161rutu. Mar\u0161ruto ir u\u017eduo\u010di\u0173 meniu yra pilnai apra\u0161ytas sekan\u010diame skyriuje ir \u010dia minimos tik pagrindin\u0117s su u\u017esakymais susijusios funkcijos. Suk\u016brus mar\u0161rut\u0105 per u\u017esakymo ap\u017evalg\u0105, mar\u0161rute <strong>bus svorio ir t\u016brio informacija<\/strong>, kaip parodyta apa\u010dioje.<\/p>\n<p><a href=\"https:\/\/www.fmsdocumentation.com\/wp-content\/uploads\/2017\/12\/312LT.png\"><img loading=\"lazy\" decoding=\"async\" class=\"alignnone size-full wp-image-4201\" src=\"https:\/\/www.fmsdocumentation.com\/wp-content\/uploads\/2017\/12\/312LT.png\" alt=\"\" width=\"902\" height=\"866\" srcset=\"https:\/\/www.fmsdocumentation.com\/wp-content\/uploads\/2017\/12\/312LT.png 902w, https:\/\/www.fmsdocumentation.com\/wp-content\/uploads\/2017\/12\/312LT-300x288.png 300w, https:\/\/www.fmsdocumentation.com\/wp-content\/uploads\/2017\/12\/312LT-768x737.png 768w\" sizes=\"auto, (max-width: 902px) 100vw, 902px\" \/><\/a><\/p>\n<p>\u010cia rodomi bendri krovinio svoris ir t\u016bris ir koki\u0105 dal\u012f jie sudaro, lyginant su visu laisvu transporto priemon\u0117s svoriu ir t\u016briu. Transporto priemon\u0117s svoris ir t\u016bris nustatomi rankiniu b\u016bdu suvestin\u0117s ap\u017evalgoje spustel\u0117jus \u201cDuomenys apie transporto priemon\u0119\u201d mygtuk\u0105, skiltyje \u201cI\u0161sami informacija apie krovinio talp\u0105\u201d. Tai apra\u0161yta <a href=\"https:\/\/www.fmsdocumentation.com\/lt\/parko-busenos-meniu\/suvestines-apzvalga\/?lang=lt\">suvestin\u0117s ap\u017evalgos<\/a> skyrelyje.<\/p>\n<p><a href=\"https:\/\/www.fmsdocumentation.com\/wp-content\/uploads\/2017\/12\/314LT.png\"><img loading=\"lazy\" decoding=\"async\" class=\"alignnone size-large wp-image-4202\" src=\"https:\/\/www.fmsdocumentation.com\/wp-content\/uploads\/2017\/12\/314LT-1024x255.png\" alt=\"\" width=\"660\" height=\"164\" srcset=\"https:\/\/www.fmsdocumentation.com\/wp-content\/uploads\/2017\/12\/314LT-1024x255.png 1024w, https:\/\/www.fmsdocumentation.com\/wp-content\/uploads\/2017\/12\/314LT-300x75.png 300w, https:\/\/www.fmsdocumentation.com\/wp-content\/uploads\/2017\/12\/314LT-768x191.png 768w, https:\/\/www.fmsdocumentation.com\/wp-content\/uploads\/2017\/12\/314LT.png 1373w\" sizes=\"auto, (max-width: 660px) 100vw, 660px\" \/><\/a><\/p>\n<p>Vartotojui spustel\u0117jus \u201cKurti u\u017eduot\u012f\u201d mygtuk\u0105, atsivers naujas langas, kuriame vartotojas turi \u012fvesti u\u017eduoties pavadinim\u0105, nustatyti pageidaujam\u0105 atvykimo laik\u0105 bei gali pateikti daugiau informacijos apie pakrovimo \/ pristatymo vietas.<\/p>\n<p><a href=\"https:\/\/www.fmsdocumentation.com\/wp-content\/uploads\/2017\/12\/311LT.png\"><img loading=\"lazy\" decoding=\"async\" class=\"alignnone size-full wp-image-4203\" src=\"https:\/\/www.fmsdocumentation.com\/wp-content\/uploads\/2017\/12\/311LT.png\" alt=\"\" width=\"937\" height=\"753\" srcset=\"https:\/\/www.fmsdocumentation.com\/wp-content\/uploads\/2017\/12\/311LT.png 937w, https:\/\/www.fmsdocumentation.com\/wp-content\/uploads\/2017\/12\/311LT-300x241.png 300w, https:\/\/www.fmsdocumentation.com\/wp-content\/uploads\/2017\/12\/311LT-768x617.png 768w\" sizes=\"auto, (max-width: 937px) 100vw, 937px\" \/><\/a><\/p>\n<p>Tuomet u\u017eduotis pridedama \u012f u\u017eduo\u010di\u0173 s\u0105ra\u0161\u0105, apra\u0161yt\u0105 skyrelyje <a href=\"https:\/\/www.fmsdocumentation.com\/lt\/marsruto-ir-uzduociu-meniu\/uzduociu-valdymas\/?lang=lt\">\u201cU\u017eduo\u010di\u0173 valdymas\u201d<\/a> ir vykdoma taip pat, kaip ir visos kitos u\u017eduotys. Vairuotojas program\u0117l\u0117je gaus prane\u0161im\u0105 apie nauj\u0105 u\u017eduot\u012f ir gal\u0117s j\u0105 vykdyti. B\u016bsenos atnaujinamos tiek u\u017eduo\u010diai, tiek u\u017esakymui. Vienu metu galima priskirti kelis u\u017esakymus (iki 5 u\u017esakym\u0173 vienam mar\u0161rutui). Visa informacija, susijusi su u\u017eduotimis bei papildom\u0173 u\u017esakym\u0173 priskyrimu pateikiama sekan\u010diame skyriuje.<\/p>\n<hr \/>\n<p><div class=\"alignright\"><a href=\"https:\/\/www.fmsdocumentation.com\/lt\/nauju-uzduociu-kurimas\/\" title=\"Nauj\u0173 u\u017eduo\u010di\u0173 k\u016brimas\">Nauj\u0173 u\u017eduo\u010di\u0173 k\u016brimas <span class=\"arrow\"> &nbsp\u203a <\/span> <\/a><\/div><\/p>\n","protected":false},"excerpt":{"rendered":"<p>\u017demiau \u201cKurti nauj\u0105 u\u017esakym\u0105\u201d mygtuko pateikiamas vis\u0173 anks\u010diau sukurt\u0173 u\u017esakym\u0173 s\u0105ra\u0161as. U\u017esakymai gali b\u016bti filtruojami spustel\u0117jus \u201eFiltruoti u\u017esakymus\u201c laukel\u012f ir pasirinkus filtr\u0105. Nepasirinkus jokio filtro, rodomi visi u\u017esakymai. Galima pasirinkti vien\u0105 i\u0161 \u0161i\u0173 filtr\u0173: Visi \u2013 rodomi visi u\u017esakymai; Nauji \u2013 rodomi visi nauij nepriskirti u\u017esakymai (priskyrimas apra\u0161ytas toliau \u0161iame skyrelyje); Rezervuoti \u2013 rodomi jau &hellip; <a href=\"https:\/\/www.fmsdocumentation.com\/lt\/uzsakymu-meniu\/uzsakymu-apzvalga-bei-priskyrimas\/\" class=\"more-link\">Skaityti toliau: <span class=\"screen-reader-text\">U\u017esakym\u0173 ap\u017evalga bei priskyrimas<\/span><\/a><\/p>\n","protected":false},"author":5,"featured_media":0,"parent":4184,"menu_order":2,"comment_status":"closed","ping_status":"closed","template":"","meta":{"footnotes":""},"class_list":["post-4196","page","type-page","status-publish","hentry"],"_links":{"self":[{"href":"https:\/\/www.fmsdocumentation.com\/lt\/wp-json\/wp\/v2\/pages\/4196","targetHints":{"allow":["GET"]}}],"collection":[{"href":"https:\/\/www.fmsdocumentation.com\/lt\/wp-json\/wp\/v2\/pages"}],"about":[{"href":"https:\/\/www.fmsdocumentation.com\/lt\/wp-json\/wp\/v2\/types\/page"}],"author":[{"embeddable":true,"href":"https:\/\/www.fmsdocumentation.com\/lt\/wp-json\/wp\/v2\/users\/5"}],"replies":[{"embeddable":true,"href":"https:\/\/www.fmsdocumentation.com\/lt\/wp-json\/wp\/v2\/comments?post=4196"}],"version-history":[{"count":1,"href":"https:\/\/www.fmsdocumentation.com\/lt\/wp-json\/wp\/v2\/pages\/4196\/revisions"}],"predecessor-version":[{"id":4204,"href":"https:\/\/www.fmsdocumentation.com\/lt\/wp-json\/wp\/v2\/pages\/4196\/revisions\/4204"}],"up":[{"embeddable":true,"href":"https:\/\/www.fmsdocumentation.com\/lt\/wp-json\/wp\/v2\/pages\/4184"}],"wp:attachment":[{"href":"https:\/\/www.fmsdocumentation.com\/lt\/wp-json\/wp\/v2\/media?parent=4196"}],"curies":[{"name":"wp","href":"https:\/\/api.w.org\/{rel}","templated":true}]}}