{"id":4654,"date":"2018-03-06T09:13:02","date_gmt":"2018-03-06T09:13:02","guid":{"rendered":"http:\/\/www.fmsdocumentation.com\/?page_id=4654"},"modified":"2018-05-08T08:53:39","modified_gmt":"2018-05-08T08:53:39","slug":"sugeneruotos-nuorodos","status":"publish","type":"page","link":"https:\/\/www.fmsdocumentation.com\/lt\/pagrindinis-tpvs-langas\/sugeneruotos-nuorodos\/","title":{"rendered":"Sugeneruotos nuorodos"},"content":{"rendered":"<p>\u010cia vartotojas gali sugeneruoti bendrinamas nuorodas su transporto priemoni\u0173 pad\u0117timis bei tvarkyti jau anks\u010diau sugeneruotas nuorodas. Kiekvienai nuorodai pateikiama \u0161i informacija:<\/p>\n<ul>\n<li>Pareng\u0117\u00a0\u2013 vartotojas, kuris sugeneravo nuorod\u0105;<\/li>\n<li>Statusas\u00a0\u2013 nuorodos statusas, gali b\u016bti <em>Baigiasi galiojimo laikas po (lik\u0119s laikas)<\/em> arba <em>Baig\u0117si galiojimo laikas<\/em>; U\u017evedus pel\u0117s rodykl\u0119 vir\u0161 statuso bus rodomas tikslus data ir laikas, iki kurio galioja nuoroda;<\/li>\n<li>Transporto priemon\u0117s\u00a0\u2013 transporto priemon\u0117s, kuri\u0173 pad\u0117tys \u012ftrauktos \u012f nuorod\u0105;<\/li>\n<li>El.pa\u0161tas\u00a0\u2013 el.pa\u0161to adresai, \u012f kuriuos i\u0161si\u0173sta nuoroda;<\/li>\n<li>Nuoroda\u00a0\u2013 pati nuoroda, spustel\u0117jus j\u0105, ji yra nukopijuojama.<\/li>\n<\/ul>\n<p><a href=\"https:\/\/www.fmsdocumentation.com\/wp-content\/uploads\/2018\/03\/336LT.png\"><img loading=\"lazy\" decoding=\"async\" class=\"alignnone size-large wp-image-4655\" src=\"https:\/\/www.fmsdocumentation.com\/wp-content\/uploads\/2018\/03\/336LT-1024x506.png\" alt=\"\" width=\"660\" height=\"326\" srcset=\"https:\/\/www.fmsdocumentation.com\/wp-content\/uploads\/2018\/03\/336LT-1024x506.png 1024w, https:\/\/www.fmsdocumentation.com\/wp-content\/uploads\/2018\/03\/336LT-300x148.png 300w, https:\/\/www.fmsdocumentation.com\/wp-content\/uploads\/2018\/03\/336LT-768x380.png 768w, https:\/\/www.fmsdocumentation.com\/wp-content\/uploads\/2018\/03\/336LT.png 1920w\" sizes=\"auto, (max-width: 660px) 100vw, 660px\" \/><\/a><\/p>\n<p>Naujas nuorodas galima generuoti spustel\u0117jant mygtuk\u0105 &#8220;Nauja nuoroda&#8221;. Nuorod\u0173 generavimas apra\u0161ytas skyriuje <a href=\"https:\/\/www.fmsdocumentation.com\/lt\/parko-busenos-meniu\/?lang=lt\">&#8220;Parko b\u016bsenos meniu&#8221;<\/a>. Nuorodas galima i\u0161trinti pa\u017eymint laukelius \u0161alia nenorim\u0173 nuorod\u0173 ir spustel\u0117jant mygtuk\u0105 &#8220;I\u0161trinti pasirinktas&#8221;. Pa\u017eym\u0117jus laukel\u012f \u0161alia &#8220;Pareng\u0117&#8221; pa\u017eymimi\/at\u017eymimis visi laukeliai.<\/p>\n<p><a href=\"https:\/\/www.fmsdocumentation.com\/wp-content\/uploads\/2018\/03\/337LT.png\"><img loading=\"lazy\" decoding=\"async\" class=\"alignnone size-large wp-image-4656\" src=\"https:\/\/www.fmsdocumentation.com\/wp-content\/uploads\/2018\/03\/337LT-1024x253.png\" alt=\"\" width=\"660\" height=\"163\" srcset=\"https:\/\/www.fmsdocumentation.com\/wp-content\/uploads\/2018\/03\/337LT-1024x253.png 1024w, https:\/\/www.fmsdocumentation.com\/wp-content\/uploads\/2018\/03\/337LT-300x74.png 300w, https:\/\/www.fmsdocumentation.com\/wp-content\/uploads\/2018\/03\/337LT-768x190.png 768w, https:\/\/www.fmsdocumentation.com\/wp-content\/uploads\/2018\/03\/337LT.png 1860w\" sizes=\"auto, (max-width: 660px) 100vw, 660px\" \/><\/a><\/p>\n<p>Galiojimo pabaigos data ir laikas gali b\u016bti kei\u010diamas spustel\u0117jant ant nuorodos statuso ir pasirenkant nauj\u0105 dat\u0105 ir laik\u0105. T\u0105 pat\u012f galima padaryti su jau baigusiomis galioti nuorodomis. Tai rei\u0161kia, jog baigusios galioti nuorodos gali v\u0117l b\u016bti suaktyvinamos.<\/p>\n<p><a href=\"https:\/\/www.fmsdocumentation.com\/wp-content\/uploads\/2018\/03\/338LT.png\"><img loading=\"lazy\" decoding=\"async\" class=\"alignnone size-full wp-image-4657\" src=\"https:\/\/www.fmsdocumentation.com\/wp-content\/uploads\/2018\/03\/338LT.png\" alt=\"\" width=\"369\" height=\"81\" srcset=\"https:\/\/www.fmsdocumentation.com\/wp-content\/uploads\/2018\/03\/338LT.png 369w, https:\/\/www.fmsdocumentation.com\/wp-content\/uploads\/2018\/03\/338LT-300x66.png 300w\" sizes=\"auto, (max-width: 369px) 100vw, 369px\" \/><\/a><\/p>\n<hr \/>\n<p><div class=\"alignleft\"><a href=\"https:\/\/www.fmsdocumentation.com\/lt\/pagrindinis-tpvs-langas\/paskyros-nustatymai\/\" title=\"Paskyros nustatymai\"><span class=\"arrow\">\u2039 &nbsp <\/span> Paskyros nustatymai <\/a><\/div> \u00a0<div class=\"alignright\"><a href=\"https:\/\/www.fmsdocumentation.com\/lt\/parko-busenos-meniu\/\" title=\"Parko b\u016bsenos meniu\">Parko b\u016bsenos meniu <span class=\"arrow\"> &nbsp\u203a <\/span> <\/a><\/div><\/p>\n","protected":false},"excerpt":{"rendered":"<p>\u010cia vartotojas gali sugeneruoti bendrinamas nuorodas su transporto priemoni\u0173 pad\u0117timis bei tvarkyti jau anks\u010diau sugeneruotas nuorodas. Kiekvienai nuorodai pateikiama \u0161i informacija: Pareng\u0117\u00a0\u2013 vartotojas, kuris sugeneravo nuorod\u0105; Statusas\u00a0\u2013 nuorodos statusas, gali b\u016bti Baigiasi galiojimo laikas po (lik\u0119s laikas) arba Baig\u0117si galiojimo laikas; U\u017evedus pel\u0117s rodykl\u0119 vir\u0161 statuso bus rodomas tikslus data ir laikas, iki kurio galioja &hellip; <a href=\"https:\/\/www.fmsdocumentation.com\/lt\/pagrindinis-tpvs-langas\/sugeneruotos-nuorodos\/\" class=\"more-link\">Skaityti toliau: <span class=\"screen-reader-text\">Sugeneruotos nuorodos<\/span><\/a><\/p>\n","protected":false},"author":5,"featured_media":0,"parent":1205,"menu_order":9,"comment_status":"closed","ping_status":"closed","template":"","meta":{"footnotes":""},"class_list":["post-4654","page","type-page","status-publish","hentry"],"_links":{"self":[{"href":"https:\/\/www.fmsdocumentation.com\/lt\/wp-json\/wp\/v2\/pages\/4654","targetHints":{"allow":["GET"]}}],"collection":[{"href":"https:\/\/www.fmsdocumentation.com\/lt\/wp-json\/wp\/v2\/pages"}],"about":[{"href":"https:\/\/www.fmsdocumentation.com\/lt\/wp-json\/wp\/v2\/types\/page"}],"author":[{"embeddable":true,"href":"https:\/\/www.fmsdocumentation.com\/lt\/wp-json\/wp\/v2\/users\/5"}],"replies":[{"embeddable":true,"href":"https:\/\/www.fmsdocumentation.com\/lt\/wp-json\/wp\/v2\/comments?post=4654"}],"version-history":[{"count":3,"href":"https:\/\/www.fmsdocumentation.com\/lt\/wp-json\/wp\/v2\/pages\/4654\/revisions"}],"predecessor-version":[{"id":5096,"href":"https:\/\/www.fmsdocumentation.com\/lt\/wp-json\/wp\/v2\/pages\/4654\/revisions\/5096"}],"up":[{"embeddable":true,"href":"https:\/\/www.fmsdocumentation.com\/lt\/wp-json\/wp\/v2\/pages\/1205"}],"wp:attachment":[{"href":"https:\/\/www.fmsdocumentation.com\/lt\/wp-json\/wp\/v2\/media?parent=4654"}],"curies":[{"name":"wp","href":"https:\/\/api.w.org\/{rel}","templated":true}]}}