{"id":4865,"date":"2018-04-10T12:45:34","date_gmt":"2018-04-10T12:45:34","guid":{"rendered":"http:\/\/www.fmsdocumentation.com\/?page_id=4865"},"modified":"2020-09-08T09:44:36","modified_gmt":"2020-09-08T06:44:36","slug":"saliu-ataskaita","status":"publish","type":"page","link":"https:\/\/www.fmsdocumentation.com\/lt\/ataskaitu-meniu\/saliu-ataskaita\/","title":{"rendered":"\u0160ali\u0173 ataskaita"},"content":{"rendered":"<p><strong>\u0160ali\u0173 ataskaita<\/strong>\u00a0\u2013 \u0161is ataskaitos tipas yra numatytasis. \u0160ioje ataskaitoje d\u0117mesys skiriamas veiklai konkre\u010diose \u0161alyse.\u00a0Vartotojas pirmiausia turi pasirinkti laikotarp\u012f, kuriam bus sukurta \u0161i ataskaita.<\/p>\n<p><strong>Ataskaitos potipis <\/strong>\u2013 pasirinkite ataskaitos potip\u012f tarp\u00a0<em>Numatytoji \u0161alies ataskaita <\/em>ir\u00a0<em>\u0160alies ataskaita, skirta 4trans.<\/em> Palikite numatyt\u0105j\u0105 vert\u0119 jei nenaudojate 4trans.<\/p>\n<p><strong>Parengti pagal\u00a0<\/strong>\u2013 \u0161iuo nustatymu apibr\u0117\u017eiamas pagrindinis ataskaitos tikslas. Yra du galimi variantai:<\/p>\n<ul>\n<li>Vairuotojai;<\/li>\n<li>Objektai.<\/li>\n<\/ul>\n<p>\u0160iuo atveju sukurtoje ataskaitoje bus rodoma informacija\u00a0<em>(parametrai: kelion\u0117s atstumas, darbo prad\u017eios vieta ir kt.),\u00a0<\/em>skirta pasirinktam ataskaitos \u0161altiniui<em>\u00a0(vairuotojams arba objektams).\u00a0<\/em>Taigi jei pasirenkami objektai, tuomet bus rodoma informacija apie konkre\u010dius pasirinktus objektus.<\/p>\n<p><strong>Objektai\/Vairuotojai<\/strong>\u00a0(<em>priklauso nuo to, kuo paremta ataskaita)<\/em><strong>\u00a0<\/strong>\u2013<strong>\u00a0<\/strong>vartotojas gali pasirinkti, kuriems objektams ar vairuotojams bus sukurta ataskaita.<\/p>\n<p>Jei pasirenkami <em>O<\/em><em>bjektai<\/em>, s\u0105ra\u0161e taip pat bus\u00a0<strong>grup\u0117s<\/strong>. Vartotojas gali pasirinkti vis\u0105 grup\u0119, pa\u017eym\u0117damas \u017eymim\u0105j\u012f langel\u012f \u0161alia grup\u0117s arba paspausdamas pliuso mygtuk\u0105, kad i\u0161pl\u0117st\u0173 grup\u0119 ir pamatyt\u0173, kokie objektai yra grup\u0117je. Nor\u0117damas suskleisti grup\u0119, vartotojas turi paspausti mygtuk\u0105 su minusu.\u00a0<strong>I\u0161 grup\u0117s galima pasirinkti individualius objektus<\/strong>. Svarbu pa\u017eym\u0117ti, kad jei yra pasirenkamas objektas, esantis keliose grup\u0117se, jis bus pa\u017eym\u0117tas visose grup\u0117se, kaip parodyta \u017eemiau esan\u010diame paveiksl\u0117lyje. Jei pasirenkama visa grup\u0117, \u017eymimasis langelis bus m\u0117lynas, o varnel\u0117 balta. Jei pasirenkama tik dalis grup\u0117s, \u017eymimajame langelyje bus m\u0117lynas kvadratas (pateikta \u017eemiau esan\u010diame paveiksl\u0117lyje). Vartotojas taip pat gali pasinaudoti paie\u0161ka, kad grei\u010diau rast\u0173 objektus ir grupes.<\/p>\n<p><a href=\"https:\/\/www.fmsdocumentation.com\/wp-content\/uploads\/2017\/10\/281LT-2.png\" data-featherlight=\"image\"><img loading=\"lazy\" decoding=\"async\" class=\"alignnone wp-image-1523 size-full\" src=\"https:\/\/www.fmsdocumentation.com\/wp-content\/uploads\/2017\/10\/281LT-2.png\" sizes=\"auto, (max-width: 573px) 100vw, 573px\" srcset=\"https:\/\/www.fmsdocumentation.com\/wp-content\/uploads\/2017\/10\/281LT-2.png 573w, https:\/\/www.fmsdocumentation.com\/wp-content\/uploads\/2017\/10\/281LT-2-300x214.png 300w\" alt=\"\" width=\"573\" height=\"408\" \/><\/a><\/p>\n<p>Pasirinkus <em>V<\/em><em>airuotojai<\/em>, vairuotojai bus pateikti i\u0161skleid\u017eiamajame s\u0105ra\u0161e. Norint pasirinkti vairuotoj\u0105, vartotojas turi pa\u017eym\u0117ti \u017eymim\u0105j\u012f langel\u012f esant\u012f \u0161alia vairuotojo. Spustel\u0117jus \u017eymim\u0105j\u012f langel\u012f esant\u012f \u0161alia\u00a0\u201ePasirinkti visus\u201c bus pa\u017eym\u0117ti\/at\u017eym\u0117ti visi vairuotojai. Paie\u0161kos laukelyje kaskart \u012fvedus simbol\u012f, s\u0105ra\u0161as yra atnaujinamas automati\u0161kai. Pasirinkt\u0173 ir vis\u0173 vairuotoj\u0173 skai\u010dius atvaizduojamas vir\u0161uje, de\u0161iniajame s\u0105ra\u0161o kampe.<\/p>\n<p><a href=\"https:\/\/www.fmsdocumentation.com\/wp-content\/uploads\/2018\/12\/138LT-1.png\"><img loading=\"lazy\" decoding=\"async\" class=\"alignnone wp-image-6810 size-full\" src=\"https:\/\/www.fmsdocumentation.com\/wp-content\/uploads\/2018\/12\/138LT-1.png\" alt=\"\" width=\"495\" height=\"268\" srcset=\"https:\/\/www.fmsdocumentation.com\/wp-content\/uploads\/2018\/12\/138LT-1.png 495w, https:\/\/www.fmsdocumentation.com\/wp-content\/uploads\/2018\/12\/138LT-1-300x162.png 300w\" sizes=\"auto, (max-width: 495px) 100vw, 495px\" \/><\/a><\/p>\n<p><strong>\u0160alys \u2013\u00a0<\/strong>pasirinkite, kurias \u0161alis \u012ftraukti \u012f ataskait\u0105. Numatytasis parametras nurodo visas (<em>Pasirinkta 235 i\u0161 235)<\/em> \u0161alis. Pasirinkimas yra identi\u0161kas vairuotoj\u0173 pasirinkimui.<\/p>\n<p><a href=\"https:\/\/www.fmsdocumentation.com\/wp-content\/uploads\/2020\/08\/445LT-1.png\"><img loading=\"lazy\" decoding=\"async\" class=\"alignnone wp-image-9481\" src=\"https:\/\/www.fmsdocumentation.com\/wp-content\/uploads\/2020\/08\/445LT-1.png\" alt=\"\" width=\"496\" height=\"269\" srcset=\"https:\/\/www.fmsdocumentation.com\/wp-content\/uploads\/2020\/08\/445LT-1.png 689w, https:\/\/www.fmsdocumentation.com\/wp-content\/uploads\/2020\/08\/445LT-1-300x163.png 300w\" sizes=\"auto, (max-width: 496px) 100vw, 496px\" \/><\/a><\/p>\n<p><strong>Laikotarpis\u00a0<\/strong>\u2013 nor\u0117damas pasirinkti laikotarp\u012f, vartotojas turi paspausti \u201ePasirinkite laiko interval\u0105\u201c, tuomet atidaromas kalendoriaus skydelis. Kalendorius identi\u0161kas visoje TPVS. Nor\u0117damas pasirinkti prad\u017eios \/ pabaigos dat\u0105, vartotojas turi pasirinkti vien\u0105 i\u0161 dat\u0173, o tuomet \u2013 kit\u0105. Pasirinktos dienos bus pa\u017eym\u0117tos m\u0117lyna spalva. Dabartin\u0117 diena pa\u017eym\u0117ta ma\u017eu m\u0117lynu trikampiu kair\u0117je dienos langelio pus\u0117je. Jei pasirenkama (pary\u0161kinama) dabartin\u0117 diena, trikampis tampa baltu. Pasirink\u0119s dienas, vartotojas gali nurodyti nuo kurios prad\u017eios datos valandos iki kurios pabaigos datos valandos rodyti duomenis. Norint i\u0161saugoti pakeitimus, vartotojas turi paspausti mygtuk\u0105 \u201eTaikyti\u201c, kitu atveju pakeitimai nebus i\u0161saugomi.<\/p>\n<p><a href=\"https:\/\/www.fmsdocumentation.com\/wp-content\/uploads\/2017\/10\/136LT-2.png\" data-featherlight=\"image\"><img loading=\"lazy\" decoding=\"async\" class=\"alignnone wp-image-1522 size-full\" src=\"https:\/\/www.fmsdocumentation.com\/wp-content\/uploads\/2017\/10\/136LT-2.png\" sizes=\"auto, (max-width: 587px) 100vw, 587px\" srcset=\"https:\/\/www.fmsdocumentation.com\/wp-content\/uploads\/2017\/10\/136LT-2.png 587w, https:\/\/www.fmsdocumentation.com\/wp-content\/uploads\/2017\/10\/136LT-2-300x284.png 300w\" alt=\"\" width=\"587\" height=\"556\" \/><\/a><\/p>\n<p>Trumpiausias laikotarpis yra viena diena. Norint pasirinkti vien\u0105 dien\u0105, reikia tiesiog kairiuoju pel\u0117s mygtuku dukart spustel\u0117ti pageidaujam\u0105 dien\u0105.<br \/>\nIlgiausias laikotarpis yra trys m\u0117nesiai (90 dien\u0173). Negalima pasirinkti ilgesnio laikotarpio.<\/p>\n<p>Tuomet vartotojas turi sukonfig\u016bruoti <strong>stulpeli\u0173 s\u0105ra\u0161\u0105<\/strong>. \u0160ioje ataskaitoje pateikiami \u0161ie numatytieji parametrai:<\/p>\n<ul>\n<li>Darbo prad\u017eios laikas \u2013 pirmojo degimo \u012fjungimo \u012fvykio arba pirmojo \u012fra\u0161o konkre\u010dioje \u0161alyje laikas. \u0160io parametro negalima at\u017eym\u0117ti.<\/li>\n<li>Darbo pabaigos laikas \u2013 paskutiniojo degimo i\u0161jungimo \u012fvykio arba paskutiniojo \u012fra\u0161o konkre\u010dioje \u0161alyje laikas. \u0160io parametro negalima at\u017eym\u0117ti.<\/li>\n<li>\u0160alies kodas \u2013 konkre\u010dios \u0161alies dviej\u0173 raid\u017ei\u0173 kodas<\/li>\n<li>Darbo trukm\u0117 \u2013 bendra darbo trukm\u0117 konkre\u010dioje \u0161alyje<\/li>\n<li>Sustojimo trukm\u0117 \u2013 bendra sustojim\u0173 trukm\u0117 konkre\u010dioje \u0161alyje<\/li>\n<li>Rida \u2013 bendra konkre\u010dioje \u0161alyje nuva\u017eiuota rida<\/li>\n<li>Vairuotojas nr.1 \u2013 pirmojo vairuotojo pavadinimas<\/li>\n<\/ul>\n<p>Kiti papildomi parametrai, kuriuos galima pasirinkti <strong>stulpeli\u0173 s\u0105ra\u0161e<\/strong>:<\/p>\n<ul>\n<li>Darbo pabaigos koordinat\u0117s \u2013 paskutiniojo degimo i\u0161jungimo \u012fvykio arba paskutiniojo \u012fra\u0161o konkre\u010dioje \u0161alyje koordinat\u0117s<\/li>\n<li>Darbo pabaigos vieta\u00a0\u2013 paskutiniojo degimo i\u0161jungimo \u012fvykio arba paskutiniojo \u012fra\u0161o konkre\u010dioje \u0161alyje vieta<\/li>\n<li>Darbo prad\u017eios vieta \u2013 pirmojo degimo \u012fjungimo \u012fvykio arba pirmojo \u012fra\u0161o konkre\u010dioje \u0161alyje vieta<\/li>\n<li>Darbo prad\u017eios koordinat\u0117s \u2013 pirmojo degimo \u012fjungimo \u012fvykio arba pirmojo \u012fra\u0161o konkre\u010dioje \u0161alyje koordinat\u0117s<\/li>\n<li>\u012eva\u017eiuota i\u0161 \u2013 \u0161alies, i\u0161 kurios \u012fva\u017eiavo transporto priemon\u0117, dviej\u0173 raid\u017ei\u0173 kodas<\/li>\n<li>I\u0161va\u017eiuota \u012f \u2013 \u0161alies, \u012f kuri\u0105 i\u0161va\u017eiavo transporto priemon\u0117, dviej\u0173 raid\u017ei\u0173 kodas<\/li>\n<li>Kuro s\u0105naudos \u2013 bendras konkre\u010dioje \u0161alyje suvartoto kuro kiekis<\/li>\n<li>Prastovos trukm\u0117 \u2013 bendra prastov\u0173 trukm\u0117 konkre\u010dioje \u0161alyje<\/li>\n<li>Rida (virtualiu odometru) \u2013 bendra konkre\u010dioje \u0161alyje nuva\u017eiuota rida (apskai\u010diuota remiantis virtualiu odometru)<\/li>\n<li>Vairuotojas nr.2 \u2013 antrojo vairuotojo pavadinimas<\/li>\n<li>Vairuotojo nr.1 ID \u2013 pirmojo vairuotojo ID<\/li>\n<li>Vairuotojo nr.2 ID \u2013 antrojo vairuotojo ID<\/li>\n<li>Vidutin\u0117s degal\u0173 s\u0105naudos \u2013 vidutin\u0117s kuro s\u0105naudos konkre\u010dioje \u0161alyje<\/li>\n<li>\u0160alies pavadinimas \u2013 konkre\u010dios \u0161alies pavadinimas<\/li>\n<\/ul>\n<p><strong>Rodyti ataskaitos santrauk\u0105 \u2013 <\/strong>pagal nutyl\u0117jim\u0105 \u012fgalinta. Santrauka \u012ftraukiama \u012f ataskait\u0105. Apibendrinama visa ataskaitos informacija ir \u012f santrauk\u0105 \u012fterpiamos pasirinktos skiltys.<\/p>\n<p>Sekan\u010diame \u017eingsnyje vartotojas gali pasirinkti parametrus, kurie bus rodomi <strong>santraukoje<\/strong>:<\/p>\n<ul>\n<li>Transporto priemon\u0117 \u2013 transporto priemon\u0117s pavadinimas. \u0160io parametro negalima at\u017eym\u0117ti.<\/li>\n<li>Darbo prad\u017eios laikas \u2013 pirmojo degimo \u012fjungimo \u012fvykio laikas. \u0160io parametro negalima at\u017eym\u0117ti.<\/li>\n<li>Darbo pabaigos laikas \u2013 paskutiniojo degimo i\u0161jungimo \u012fvykio laikas. \u0160io parametro negalima at\u017eym\u0117ti.<\/li>\n<li>\u0160alies kodas\u00a0\u2013 vis\u0173 \u0161ali\u0173, kuriose buvo transporto priemon\u0117, dviej\u0173 raid\u017ei\u0173 kodai;<\/li>\n<li>Darbo trukm\u0117 \u2013 bendra darbo trukm\u0117.<\/li>\n<li>Sustojimo trukm\u0117 \u2013 bendra sustojim\u0173 trukm\u0117<\/li>\n<li>Rida \u2013 bendra nuva\u017eiuota rida<\/li>\n<\/ul>\n<p>Kiti papildomi parametrai, kuriuos galima pasirinkti <strong>santraukos stulpeli\u0173 s\u0105ra\u0161e<\/strong>:<\/p>\n<ul>\n<li>Kuro s\u0105naudos \u2013 bendras suvartoto kuro kiekis<\/li>\n<li>Prastovos trukm\u0117 \u2013 bendra prastov\u0173 trukm\u0117<\/li>\n<li>Rida (virtualiu odometru) \u2013 bendra nuva\u017eiuota rida (apskai\u010diuota remiantis virtualiu odometru)<\/li>\n<\/ul>\n<p><a href=\"https:\/\/www.fmsdocumentation.com\/wp-content\/uploads\/2020\/08\/343LT.png\"><img loading=\"lazy\" decoding=\"async\" class=\"alignnone wp-image-9482 size-large\" src=\"https:\/\/www.fmsdocumentation.com\/wp-content\/uploads\/2020\/08\/343LT-1024x438.png\" alt=\"\" width=\"660\" height=\"282\" srcset=\"https:\/\/www.fmsdocumentation.com\/wp-content\/uploads\/2020\/08\/343LT-1024x438.png 1024w, https:\/\/www.fmsdocumentation.com\/wp-content\/uploads\/2020\/08\/343LT-300x128.png 300w, https:\/\/www.fmsdocumentation.com\/wp-content\/uploads\/2020\/08\/343LT-768x328.png 768w, https:\/\/www.fmsdocumentation.com\/wp-content\/uploads\/2020\/08\/343LT.png 1506w\" sizes=\"auto, (max-width: 660px) 100vw, 660px\" \/><\/a><\/p>\n<p>Nor\u0117damas u\u017ebaigti ir sukurti ataskait\u0105, vartotojas turi paspausti mygtuk\u0105 <strong>Generuoti<\/strong>. Nor\u0117damas at\u0161aukti ataskaitos k\u016brim\u0105, vartotojas turi paspausti mygtuk\u0105 <strong>At\u0161aukti<\/strong>.<\/p>\n<p><a href=\"https:\/\/www.fmsdocumentation.com\/wp-content\/uploads\/2017\/10\/202LT-6.png\" data-featherlight=\"image\"><img loading=\"lazy\" decoding=\"async\" class=\"alignnone wp-image-1560 size-full\" src=\"https:\/\/www.fmsdocumentation.com\/wp-content\/uploads\/2017\/10\/202LT-6.png\" sizes=\"auto, (max-width: 502px) 100vw, 502px\" srcset=\"https:\/\/www.fmsdocumentation.com\/wp-content\/uploads\/2017\/10\/202LT-6.png 502w, https:\/\/www.fmsdocumentation.com\/wp-content\/uploads\/2017\/10\/202LT-6-300x41.png 300w\" alt=\"\" width=\"502\" height=\"69\" \/><\/a><\/p>\n<hr \/>\n<p><div class=\"alignleft\"><a href=\"https:\/\/www.fmsdocumentation.com\/lt\/ataskaitu-meniu\/ataskaitu-sablonai\/\" title=\"Ataskait\u0173 \u0161ablonai\"><span class=\"arrow\">\u2039 &nbsp <\/span> Ataskait\u0173 \u0161ablonai <\/a><\/div> <div class=\"alignright\"><a href=\"https:\/\/www.fmsdocumentation.com\/lt\/ataskaitu-meniu\/darbo-laiko-apskaitos-ziniarastis\/\" title=\"Darbo laiko apskaitos \u017einiara\u0161tis\">Darbo laiko apskaitos \u017einiara\u0161tis <span class=\"arrow\"> &nbsp\u203a <\/span> <\/a><\/div><\/p>\n","protected":false},"excerpt":{"rendered":"<p>\u0160ali\u0173 ataskaita\u00a0\u2013 \u0161is ataskaitos tipas yra numatytasis. \u0160ioje ataskaitoje d\u0117mesys skiriamas veiklai konkre\u010diose \u0161alyse.\u00a0Vartotojas pirmiausia turi pasirinkti laikotarp\u012f, kuriam bus sukurta \u0161i ataskaita. Ataskaitos potipis \u2013 pasirinkite ataskaitos potip\u012f tarp\u00a0Numatytoji \u0161alies ataskaita ir\u00a0\u0160alies ataskaita, skirta 4trans. Palikite numatyt\u0105j\u0105 vert\u0119 jei nenaudojate 4trans. Parengti pagal\u00a0\u2013 \u0161iuo nustatymu apibr\u0117\u017eiamas pagrindinis ataskaitos tikslas. Yra du galimi variantai: Vairuotojai; &hellip; <a href=\"https:\/\/www.fmsdocumentation.com\/lt\/ataskaitu-meniu\/saliu-ataskaita\/\" class=\"more-link\">Skaityti toliau: <span class=\"screen-reader-text\">\u0160ali\u0173 ataskaita<\/span><\/a><\/p>\n","protected":false},"author":5,"featured_media":0,"parent":1492,"menu_order":4,"comment_status":"closed","ping_status":"closed","template":"","meta":{"footnotes":""},"class_list":["post-4865","page","type-page","status-publish","hentry"],"_links":{"self":[{"href":"https:\/\/www.fmsdocumentation.com\/lt\/wp-json\/wp\/v2\/pages\/4865","targetHints":{"allow":["GET"]}}],"collection":[{"href":"https:\/\/www.fmsdocumentation.com\/lt\/wp-json\/wp\/v2\/pages"}],"about":[{"href":"https:\/\/www.fmsdocumentation.com\/lt\/wp-json\/wp\/v2\/types\/page"}],"author":[{"embeddable":true,"href":"https:\/\/www.fmsdocumentation.com\/lt\/wp-json\/wp\/v2\/users\/5"}],"replies":[{"embeddable":true,"href":"https:\/\/www.fmsdocumentation.com\/lt\/wp-json\/wp\/v2\/comments?post=4865"}],"version-history":[{"count":16,"href":"https:\/\/www.fmsdocumentation.com\/lt\/wp-json\/wp\/v2\/pages\/4865\/revisions"}],"predecessor-version":[{"id":9932,"href":"https:\/\/www.fmsdocumentation.com\/lt\/wp-json\/wp\/v2\/pages\/4865\/revisions\/9932"}],"up":[{"embeddable":true,"href":"https:\/\/www.fmsdocumentation.com\/lt\/wp-json\/wp\/v2\/pages\/1492"}],"wp:attachment":[{"href":"https:\/\/www.fmsdocumentation.com\/lt\/wp-json\/wp\/v2\/media?parent=4865"}],"curies":[{"name":"wp","href":"https:\/\/api.w.org\/{rel}","templated":true}]}}