{"id":4871,"date":"2018-04-10T13:55:10","date_gmt":"2018-04-10T13:55:10","guid":{"rendered":"http:\/\/www.fmsdocumentation.com\/?page_id=4871"},"modified":"2019-03-18T11:04:34","modified_gmt":"2019-03-18T09:04:34","slug":"vairuotojo-darbo-laiko-ataskaita","status":"publish","type":"page","link":"https:\/\/www.fmsdocumentation.com\/lt\/ataskaitu-meniu\/vairuotojo-darbo-laiko-ataskaita\/","title":{"rendered":"Vairuotojo darbo laiko ataskaita"},"content":{"rendered":"<p><strong>Vairuotojo darbo laiko ataskaita<\/strong>\u00a0\u2013 \u0161io tipo ataskaitose d\u0117mesys skiriamas i\u0161 tachografo gautai informacijai apie vairuotojo darbo laik\u0105, tokiai kaip darbo ar poilsio trukm\u0117s, darbo prad\u017eios ir pabaigos laikai ir t.t.<\/p>\n<p><p class=\"note\">Pastaba<br \/>\n\u0160io tipo ataskaitos yra skirtos vairuotojams, kuriems teikiami tachografo duomenys. Jei pasirenkami vairuotojai, pasirinktu laikotarpiu neturintys tachografo b\u016bsenos duomen\u0173, jiems nebus rodomi jokie duomenys. <\/p><\/p>\n<p>Vartotojas pirmiausia turi pasirinkti laikotarp\u012f, kuriam bus sukurta \u0161i ataskaita.<\/p>\n<p><strong>Laikotarpis\u00a0<\/strong>\u2013 nor\u0117damas pasirinkti laikotarp\u012f, vartotojas turi paspausti \u201ePasirinkite laiko interval\u0105\u201c, tuomet atidaromas kalendoriaus skydelis. Kalendorius identi\u0161kas visoje TPVS. Nor\u0117damas pasirinkti prad\u017eios \/ pabaigos dat\u0105, vartotojas turi pasirinkti vien\u0105 i\u0161 dat\u0173, o tuomet \u2013 kit\u0105. Pasirinktos dienos bus pa\u017eym\u0117tos m\u0117lyna spalva. Dabartin\u0117 diena pa\u017eym\u0117ta ma\u017eu m\u0117lynu trikampiu kair\u0117je dienos langelio pus\u0117je. Jei pasirenkama (pary\u0161kinama) dabartin\u0117 diena, trikampis tampa baltu. Pasirink\u0119s dienas, vartotojas gali nurodyti nuo kurios prad\u017eios datos valandos iki kurios pabaigos datos valandos rodyti duomenis. Norint i\u0161saugoti pakeitimus, vartotojas turi paspausti mygtuk\u0105 \u201eTaikyti\u201c, kitu atveju pakeitimai nebus i\u0161saugomi.<\/p>\n<p><a href=\"https:\/\/www.fmsdocumentation.com\/wp-content\/uploads\/2017\/10\/136LT-2.png\" data-featherlight=\"image\"><img loading=\"lazy\" decoding=\"async\" class=\"alignnone wp-image-1522 size-full\" src=\"https:\/\/www.fmsdocumentation.com\/wp-content\/uploads\/2017\/10\/136LT-2.png\" sizes=\"auto, (max-width: 587px) 100vw, 587px\" srcset=\"https:\/\/www.fmsdocumentation.com\/wp-content\/uploads\/2017\/10\/136LT-2.png 587w, https:\/\/www.fmsdocumentation.com\/wp-content\/uploads\/2017\/10\/136LT-2-300x284.png 300w\" alt=\"\" width=\"587\" height=\"556\" \/><\/a><\/p>\n<p>Trumpiausias laikotarpis yra viena diena. Norint pasirinkti vien\u0105 dien\u0105, reikia tiesiog kairiuoju pel\u0117s mygtuku dukart spustel\u0117ti pageidaujam\u0105 dien\u0105. Ilgiausias laikotarpis yra 3 m\u0117nesiai.<\/p>\n<p><strong>Vairuotojai<\/strong>\u00a0\u2013 leid\u017eia vartotojui pasirinkti, kuriems vairuotojams bus sugeneruota ataskaita.\u00a0Vairuotojai bus pateikti i\u0161skleid\u017eiamajame s\u0105ra\u0161e. Norint pasirinkti vairuotoj\u0105, vartotojas turi pa\u017eym\u0117ti \u017eymim\u0105j\u012f langel\u012f esant\u012f \u0161alia vairuotojo. Spustel\u0117jus \u017eymim\u0105j\u012f langel\u012f esant\u012f \u0161alia\u00a0\u201ePasirinkti visus\u201c bus pa\u017eym\u0117ti\/at\u017eym\u0117ti visi vairuotojai. Paie\u0161kos laukelyje kaskart \u012fvedus simbol\u012f, s\u0105ra\u0161as yra atnaujinamas automati\u0161kai. Pasirinkt\u0173 ir vis\u0173 vairuotoj\u0173 skai\u010dius atvaizduojamas vir\u0161uje, de\u0161iniajame s\u0105ra\u0161o kampe.<\/p>\n<p><a href=\"https:\/\/www.fmsdocumentation.com\/wp-content\/uploads\/2018\/12\/138LT-3.png\"><img loading=\"lazy\" decoding=\"async\" class=\"alignnone wp-image-6820 size-full\" src=\"https:\/\/www.fmsdocumentation.com\/wp-content\/uploads\/2018\/12\/138LT-3.png\" alt=\"\" width=\"495\" height=\"268\" srcset=\"https:\/\/www.fmsdocumentation.com\/wp-content\/uploads\/2018\/12\/138LT-3.png 495w, https:\/\/www.fmsdocumentation.com\/wp-content\/uploads\/2018\/12\/138LT-3-300x162.png 300w\" sizes=\"auto, (max-width: 495px) 100vw, 495px\" \/><\/a><\/p>\n<p>Ataskaitoje pateikiama \u0161i informacija:<\/p>\n<ul>\n<li>Data\u00a0\u2013 data, kuriai pateikiami duomenys;<\/li>\n<li>Darbo prad\u017eios laikas\u00a0\u2013 pirmosios vairavimo\/darbo\/galimos b\u016bsenos laikas t\u0105 dien\u0105;<\/li>\n<li>Darbo pabaigos laikas\u00a0\u2013 laikas, kai vairuotojas baig\u0117 savo darbo dien\u0105;<\/li>\n<li>I\u0161 viso\u00a0\u2013 bendra vairavimo\/darbo\/galimos b\u016bsen\u0173 trukm\u0117;<\/li>\n<li>Vairavimo trukm\u0117\u00a0\u2013 vairavimo trukm\u0117 pagal tachografo duomenis;<\/li>\n<li>Darbo trukm\u0117\u00a0\u2013 darbo trukm\u0117 pagal tachografo duomenis;<\/li>\n<li>Galima trukm\u0117\u00a0\u2013 galima trukm\u0117 pagal tachografo duomenis;<\/li>\n<li>Poilsio trukm\u0117\u00a0\u2013 poilsio trukm\u0117 pagal tachografo duomenis;<\/li>\n<li>Rida\u00a0\u2013 bendra nuva\u017eiuota rida.<\/li>\n<\/ul>\n<p><a href=\"https:\/\/www.fmsdocumentation.com\/wp-content\/uploads\/2018\/04\/342LT.png\"><img loading=\"lazy\" decoding=\"async\" class=\"alignnone size-full wp-image-4872\" src=\"https:\/\/www.fmsdocumentation.com\/wp-content\/uploads\/2018\/04\/342LT.png\" alt=\"\" width=\"1207\" height=\"183\" srcset=\"https:\/\/www.fmsdocumentation.com\/wp-content\/uploads\/2018\/04\/342LT.png 1207w, https:\/\/www.fmsdocumentation.com\/wp-content\/uploads\/2018\/04\/342LT-300x45.png 300w, https:\/\/www.fmsdocumentation.com\/wp-content\/uploads\/2018\/04\/342LT-768x116.png 768w, https:\/\/www.fmsdocumentation.com\/wp-content\/uploads\/2018\/04\/342LT-1024x155.png 1024w\" sizes=\"auto, (max-width: 1207px) 100vw, 1207px\" \/><\/a><\/p>\n<p>Nor\u0117damas u\u017ebaigti ir sukurti ataskait\u0105, vartotojas turi paspausti mygtuk\u0105 \u201eGeneruoti\u201c. Nor\u0117damas at\u0161aukti ataskaitos k\u016brim\u0105, vartotojas turi paspausti mygtuk\u0105 \u201eAt\u0161aukti\u201c, arba kur nors u\u017e ataskait\u0173 k\u016brimo lango rib\u0173.<\/p>\n<p><a href=\"https:\/\/www.fmsdocumentation.com\/wp-content\/uploads\/2017\/10\/202LT-6.png\" data-featherlight=\"image\"><img loading=\"lazy\" decoding=\"async\" class=\"alignnone wp-image-1560 size-full\" src=\"https:\/\/www.fmsdocumentation.com\/wp-content\/uploads\/2017\/10\/202LT-6.png\" sizes=\"auto, (max-width: 502px) 100vw, 502px\" srcset=\"https:\/\/www.fmsdocumentation.com\/wp-content\/uploads\/2017\/10\/202LT-6.png 502w, https:\/\/www.fmsdocumentation.com\/wp-content\/uploads\/2017\/10\/202LT-6-300x41.png 300w\" alt=\"\" width=\"502\" height=\"69\" \/><\/a><\/p>\n<hr \/>\n<p><div class=\"alignleft\"><a href=\"https:\/\/www.fmsdocumentation.com\/lt\/ataskaitu-meniu\/darbo-laiko-apskaitos-ziniarastis\/\" title=\"Darbo laiko apskaitos \u017einiara\u0161tis\"><span class=\"arrow\">\u2039 &nbsp <\/span> Darbo laiko apskaitos \u017einiara\u0161tis <\/a><\/div> <div class=\"alignright\"><a href=\"https:\/\/www.fmsdocumentation.com\/lt\/ataskaitu-meniu\/eco-drive-ataskaita\/\" title=\"&#8220;Eco-Drive&#8221; ataskaita\">&#8220;Eco-Drive&#8221; ataskaita <span class=\"arrow\"> &nbsp\u203a <\/span> <\/a><\/div><\/p>\n","protected":false},"excerpt":{"rendered":"<p>Vairuotojo darbo laiko ataskaita\u00a0\u2013 \u0161io tipo ataskaitose d\u0117mesys skiriamas i\u0161 tachografo gautai informacijai apie vairuotojo darbo laik\u0105, tokiai kaip darbo ar poilsio trukm\u0117s, darbo prad\u017eios ir pabaigos laikai ir t.t. Pastaba \u0160io tipo ataskaitos yra skirtos vairuotojams, kuriems teikiami tachografo duomenys. Jei pasirenkami vairuotojai, pasirinktu laikotarpiu neturintys tachografo b\u016bsenos duomen\u0173, jiems nebus rodomi jokie duomenys. &hellip; <a href=\"https:\/\/www.fmsdocumentation.com\/lt\/ataskaitu-meniu\/vairuotojo-darbo-laiko-ataskaita\/\" class=\"more-link\">Skaityti toliau: <span class=\"screen-reader-text\">Vairuotojo darbo laiko ataskaita<\/span><\/a><\/p>\n","protected":false},"author":5,"featured_media":0,"parent":1492,"menu_order":5,"comment_status":"closed","ping_status":"closed","template":"","meta":{"footnotes":""},"class_list":["post-4871","page","type-page","status-publish","hentry"],"_links":{"self":[{"href":"https:\/\/www.fmsdocumentation.com\/lt\/wp-json\/wp\/v2\/pages\/4871","targetHints":{"allow":["GET"]}}],"collection":[{"href":"https:\/\/www.fmsdocumentation.com\/lt\/wp-json\/wp\/v2\/pages"}],"about":[{"href":"https:\/\/www.fmsdocumentation.com\/lt\/wp-json\/wp\/v2\/types\/page"}],"author":[{"embeddable":true,"href":"https:\/\/www.fmsdocumentation.com\/lt\/wp-json\/wp\/v2\/users\/5"}],"replies":[{"embeddable":true,"href":"https:\/\/www.fmsdocumentation.com\/lt\/wp-json\/wp\/v2\/comments?post=4871"}],"version-history":[{"count":6,"href":"https:\/\/www.fmsdocumentation.com\/lt\/wp-json\/wp\/v2\/pages\/4871\/revisions"}],"predecessor-version":[{"id":7408,"href":"https:\/\/www.fmsdocumentation.com\/lt\/wp-json\/wp\/v2\/pages\/4871\/revisions\/7408"}],"up":[{"embeddable":true,"href":"https:\/\/www.fmsdocumentation.com\/lt\/wp-json\/wp\/v2\/pages\/1492"}],"wp:attachment":[{"href":"https:\/\/www.fmsdocumentation.com\/lt\/wp-json\/wp\/v2\/media?parent=4871"}],"curies":[{"name":"wp","href":"https:\/\/api.w.org\/{rel}","templated":true}]}}