{"id":5061,"date":"2018-05-07T12:25:05","date_gmt":"2018-05-07T12:25:05","guid":{"rendered":"http:\/\/www.fmsdocumentation.com\/?page_id=5061"},"modified":"2018-12-20T13:52:30","modified_gmt":"2018-12-20T11:52:30","slug":"darbo-laiko-apskaitos-ziniarastis","status":"publish","type":"page","link":"https:\/\/www.fmsdocumentation.com\/lt\/ataskaitu-meniu\/darbo-laiko-apskaitos-ziniarastis\/","title":{"rendered":"Darbo laiko apskaitos \u017einiara\u0161tis"},"content":{"rendered":"<p><strong>Darbo laiko apskaitos \u017einiara\u0161tis<\/strong>\u00a0\u2013 \u0161ioje ataskaitoje d\u0117mesys skiriamas vairuotoj\u0173 darbo laiko apskaitai pagal Lietuvos Respublikos Darbo Kodekso reikalavimus. Vartotojas pirmiausia turi pasirinkti m\u0117nes\u012f, kuriam bus sukurtas \u0161is \u017einiara\u0161tis.<\/p>\n<p><strong>M\u0117nuo<\/strong>\u00a0\u2013\u00a0nor\u0117damas pasirinkti m\u0117nes\u012f, vartotojas turi paspausti \u201ePasirinkite laiko interval\u0105\u201c, tuomet atidaromas kalendoriaus skydelis. Laiko intervalas yra skirstomas \u012f m\u0117nesius, \u017einiara\u0161tis yra sudaromas vienam m\u0117nesiui. Pasirinktas m\u0117nuo pa\u017eymimas m\u0117lyna spalva. Dabartinis m\u0117nuo pa\u017eym\u0117tas ma\u017eu m\u0117lynu trikampiu.<\/p>\n<p><a href=\"https:\/\/www.fmsdocumentation.com\/wp-content\/uploads\/2018\/05\/350LT-1.png\"><img loading=\"lazy\" decoding=\"async\" class=\"alignnone size-full wp-image-5086\" src=\"https:\/\/www.fmsdocumentation.com\/wp-content\/uploads\/2018\/05\/350LT-1.png\" alt=\"\" width=\"573\" height=\"295\" srcset=\"https:\/\/www.fmsdocumentation.com\/wp-content\/uploads\/2018\/05\/350LT-1.png 573w, https:\/\/www.fmsdocumentation.com\/wp-content\/uploads\/2018\/05\/350LT-1-300x154.png 300w\" sizes=\"auto, (max-width: 573px) 100vw, 573px\" \/><\/a><\/p>\n<p><strong>Vairuotojai<\/strong>\u00a0\u2013 leid\u017eia vartotojui pasirinkti, kuriems vairuotojams bus sugeneruotas \u017einiara\u0161tis. Vairuotojai bus pateikti i\u0161skleid\u017eiamajame s\u0105ra\u0161e. Norint pasirinkti vairuotoj\u0105, vartotojas turi pa\u017eym\u0117ti \u017eymim\u0105j\u012f langel\u012f esant\u012f \u0161alia vairuotojo. Spustel\u0117jus \u017eymim\u0105j\u012f langel\u012f esant\u012f \u0161alia\u00a0\u201ePasirinkti visus\u201c bus pa\u017eym\u0117ti\/at\u017eym\u0117ti visi vairuotojai. Paie\u0161kos laukelyje kaskart \u012fvedus simbol\u012f, s\u0105ra\u0161as yra atnaujinamas automati\u0161kai. Pasirinkt\u0173 ir vis\u0173 vairuotoj\u0173 skai\u010dius atvaizduojamas vir\u0161uje, de\u0161iniajame s\u0105ra\u0161o kampe.<\/p>\n<p><a href=\"https:\/\/www.fmsdocumentation.com\/wp-content\/uploads\/2018\/12\/138LT-2.png\"><img loading=\"lazy\" decoding=\"async\" class=\"alignnone wp-image-6814 size-full\" src=\"https:\/\/www.fmsdocumentation.com\/wp-content\/uploads\/2018\/12\/138LT-2.png\" alt=\"\" width=\"495\" height=\"268\" srcset=\"https:\/\/www.fmsdocumentation.com\/wp-content\/uploads\/2018\/12\/138LT-2.png 495w, https:\/\/www.fmsdocumentation.com\/wp-content\/uploads\/2018\/12\/138LT-2-300x162.png 300w\" sizes=\"auto, (max-width: 495px) 100vw, 495px\" \/><\/a><\/p>\n<p>Tuomet vartotojas turi nurodyti darbo valandas.\u00a0Galimas valand\u0173 intervalas yra nuo 0 iki 23, galimas minu\u010di\u0173 intervalas yra nuo 0 iki 59 ir \u201cnuo\u201d laikas negali b\u016bti v\u0117lesnis u\u017e \u201ciki\u201d laik\u0105.<\/p>\n<p><a href=\"https:\/\/www.fmsdocumentation.com\/wp-content\/uploads\/2018\/05\/351LT.png\"><img loading=\"lazy\" decoding=\"async\" class=\"alignnone size-full wp-image-5064\" src=\"https:\/\/www.fmsdocumentation.com\/wp-content\/uploads\/2018\/05\/351LT.png\" alt=\"\" width=\"263\" height=\"82\" \/><\/a><\/p>\n<p>\u017diniara\u0161tyje pateikiama detali informacija apie vairuotoj\u0173 darbo laik\u0105 darbo ir nedarbo valandomis kiekvien\u0105 m\u0117nesio dien\u0105, poilsio dienas, neatvykim\u0105 \u012f darb\u0105 ir ne tik. \u017diniara\u0161tis pateikiamas tik Excel bylos (.xls) pavidalu.<\/p>\n<p><a href=\"https:\/\/www.fmsdocumentation.com\/wp-content\/uploads\/2018\/05\/352LT-1.png\"><img loading=\"lazy\" decoding=\"async\" class=\"alignnone size-full wp-image-5087\" src=\"https:\/\/www.fmsdocumentation.com\/wp-content\/uploads\/2018\/05\/352LT-1.png\" alt=\"\" width=\"1220\" height=\"366\" srcset=\"https:\/\/www.fmsdocumentation.com\/wp-content\/uploads\/2018\/05\/352LT-1.png 1220w, https:\/\/www.fmsdocumentation.com\/wp-content\/uploads\/2018\/05\/352LT-1-300x90.png 300w, https:\/\/www.fmsdocumentation.com\/wp-content\/uploads\/2018\/05\/352LT-1-768x230.png 768w, https:\/\/www.fmsdocumentation.com\/wp-content\/uploads\/2018\/05\/352LT-1-1024x307.png 1024w\" sizes=\"auto, (max-width: 1220px) 100vw, 1220px\" \/><\/a><\/p>\n<p>Nor\u0117damas u\u017ebaigti ir sukurti \u017einiara\u0161t\u012f, vartotojas turi paspausti mygtuk\u0105 \u201eGeneruoti\u201c. Nor\u0117damas at\u0161aukti \u017einiara\u0161\u010dio k\u016brim\u0105, vartotojas turi paspausti mygtuk\u0105 \u201eAt\u0161aukti\u201c, arba kur nors u\u017e \u017einiara\u0161\u010dio k\u016brimo lango rib\u0173.<\/p>\n<p><a href=\"https:\/\/www.fmsdocumentation.com\/wp-content\/uploads\/2017\/10\/202LT-6.png\" data-featherlight=\"image\"><img loading=\"lazy\" decoding=\"async\" class=\"alignnone wp-image-1560 size-full\" src=\"https:\/\/www.fmsdocumentation.com\/wp-content\/uploads\/2017\/10\/202LT-6.png\" sizes=\"auto, (max-width: 502px) 100vw, 502px\" srcset=\"https:\/\/www.fmsdocumentation.com\/wp-content\/uploads\/2017\/10\/202LT-6.png 502w, https:\/\/www.fmsdocumentation.com\/wp-content\/uploads\/2017\/10\/202LT-6-300x41.png 300w\" alt=\"\" width=\"502\" height=\"69\" \/><\/a><\/p>\n<hr \/>\n<p><div class=\"alignleft\"><a href=\"https:\/\/www.fmsdocumentation.com\/lt\/ataskaitu-meniu\/saliu-ataskaita\/\" title=\"\u0160ali\u0173 ataskaita\"><span class=\"arrow\">\u2039 &nbsp <\/span> \u0160ali\u0173 ataskaita <\/a><\/div> <div class=\"alignright\"><a href=\"https:\/\/www.fmsdocumentation.com\/lt\/ataskaitu-meniu\/vairuotojo-darbo-laiko-ataskaita\/\" title=\"Vairuotojo darbo laiko ataskaita\">Vairuotojo darbo laiko ataskaita <span class=\"arrow\"> &nbsp\u203a <\/span> <\/a><\/div><\/p>\n","protected":false},"excerpt":{"rendered":"<p>Darbo laiko apskaitos \u017einiara\u0161tis\u00a0\u2013 \u0161ioje ataskaitoje d\u0117mesys skiriamas vairuotoj\u0173 darbo laiko apskaitai pagal Lietuvos Respublikos Darbo Kodekso reikalavimus. Vartotojas pirmiausia turi pasirinkti m\u0117nes\u012f, kuriam bus sukurtas \u0161is \u017einiara\u0161tis. M\u0117nuo\u00a0\u2013\u00a0nor\u0117damas pasirinkti m\u0117nes\u012f, vartotojas turi paspausti \u201ePasirinkite laiko interval\u0105\u201c, tuomet atidaromas kalendoriaus skydelis. Laiko intervalas yra skirstomas \u012f m\u0117nesius, \u017einiara\u0161tis yra sudaromas vienam m\u0117nesiui. Pasirinktas m\u0117nuo pa\u017eymimas &hellip; <a href=\"https:\/\/www.fmsdocumentation.com\/lt\/ataskaitu-meniu\/darbo-laiko-apskaitos-ziniarastis\/\" class=\"more-link\">Skaityti toliau: <span class=\"screen-reader-text\">Darbo laiko apskaitos \u017einiara\u0161tis<\/span><\/a><\/p>\n","protected":false},"author":5,"featured_media":0,"parent":1492,"menu_order":4,"comment_status":"closed","ping_status":"closed","template":"","meta":{"footnotes":""},"class_list":["post-5061","page","type-page","status-publish","hentry"],"_links":{"self":[{"href":"https:\/\/www.fmsdocumentation.com\/lt\/wp-json\/wp\/v2\/pages\/5061","targetHints":{"allow":["GET"]}}],"collection":[{"href":"https:\/\/www.fmsdocumentation.com\/lt\/wp-json\/wp\/v2\/pages"}],"about":[{"href":"https:\/\/www.fmsdocumentation.com\/lt\/wp-json\/wp\/v2\/types\/page"}],"author":[{"embeddable":true,"href":"https:\/\/www.fmsdocumentation.com\/lt\/wp-json\/wp\/v2\/users\/5"}],"replies":[{"embeddable":true,"href":"https:\/\/www.fmsdocumentation.com\/lt\/wp-json\/wp\/v2\/comments?post=5061"}],"version-history":[{"count":6,"href":"https:\/\/www.fmsdocumentation.com\/lt\/wp-json\/wp\/v2\/pages\/5061\/revisions"}],"predecessor-version":[{"id":9725,"href":"https:\/\/www.fmsdocumentation.com\/lt\/wp-json\/wp\/v2\/pages\/5061\/revisions\/9725"}],"up":[{"embeddable":true,"href":"https:\/\/www.fmsdocumentation.com\/lt\/wp-json\/wp\/v2\/pages\/1492"}],"wp:attachment":[{"href":"https:\/\/www.fmsdocumentation.com\/lt\/wp-json\/wp\/v2\/media?parent=5061"}],"curies":[{"name":"wp","href":"https:\/\/api.w.org\/{rel}","templated":true}]}}