{"id":5383,"date":"2018-07-24T12:11:35","date_gmt":"2018-07-24T09:11:35","guid":{"rendered":"http:\/\/www.fmsdocumentation.com\/?page_id=5383"},"modified":"2020-08-26T16:40:13","modified_gmt":"2020-08-26T13:40:13","slug":"vairuotoju-laiko-analizes-api","status":"publish","type":"page","link":"https:\/\/www.fmsdocumentation.com\/lt\/api\/vairuotoju-laiko-analizes-api\/","title":{"rendered":"Vairuotoj\u0173 laiko analiz\u0117s API"},"content":{"rendered":"\n<p>Pagrindinis Vairuotoj\u0173 laiko analiz\u0117s API tikslas yra pateikti konkretaus vairuotojo vairavimo ir poilsio laiko duomenis. Pateikti duomenys yra paremti <a href=\"https:\/\/www.fmsdocumentation.com\/lt\/parko-busenos-meniu\/laiko-analizes-apzvalga\/?lang=lt\">laiko analiz\u0117s<\/a> funkcionalumu.<\/p>\n\n\n\n<p>Konkretaus vairuotojo u\u017eklausos pavyzdys:<\/p>\n\n\n\n<p>GET \/drivers\/{driverId}\/current-time-analysis?version=1&amp;api_key=&lt;&#8230;&gt;<br>HOST:api.fm-track.com<br>Content-Type:application\/json;charset=UTF-8<\/p>\n\n\n\n<p>Kad \u0161is API veikt\u0173, privaloma pateikti \u0161iuos parametrus:<\/p>\n\n\n\n<table id=\"tablepress-74\" class=\"tablepress tablepress-id-74\">\n<thead>\n<tr class=\"row-1\">\n\t<th class=\"column-1\">Parametras<\/th><th class=\"column-2\">Tipas<\/th><th class=\"column-3\">Apra\u0161ymas<\/th>\n<\/tr>\n<\/thead>\n<tbody>\n<tr class=\"row-2\">\n\t<td class=\"column-1\">driverId<\/td><td class=\"column-2\">Tekstas<\/td><td class=\"column-3\">Vairuotojo identifikatorius (\u0161\u012f ID galima gauti nusiuntus u\u017eklaus\u0105 \u012f Vairuotoj\u0173 API)<\/td>\n<\/tr>\n<tr class=\"row-3\">\n\t<td class=\"column-1\">version<\/td><td class=\"column-2\">Tekstas<\/td><td class=\"column-3\">API versija, \u0161iuo metu galima tik version=1<\/td>\n<\/tr>\n<tr class=\"row-4\">\n\t<td class=\"column-1\">api_key<\/td><td class=\"column-2\">Tekstas<\/td><td class=\"column-3\">Vartotojo identifikacinis raktas<\/td>\n<\/tr>\n<\/tbody>\n<\/table>\n<!-- #tablepress-74 from cache -->\n\n\n\n<p>Serverio atsako pavyzdys:<\/p>\n\n\n\n<div class=\"wp-block-codemirror-blocks-code-block code-block\"><pre class=\"CodeMirror cm-s-dracula\" data-setting=\"{&quot;mode&quot;:&quot;javascript&quot;,&quot;mime&quot;:&quot;application\/json&quot;,&quot;theme&quot;:&quot;dracula&quot;,&quot;lineNumbers&quot;:true,&quot;styleActiveLine&quot;:false,&quot;lineWrapping&quot;:false,&quot;readOnly&quot;:true,&quot;language&quot;:&quot;JSON&quot;,&quot;modeName&quot;:&quot;json&quot;}\">{\n  &quot;type&quot;: &quot;PRIMARY&quot;,\n  &quot;calculated_until&quot;: &quot;2018-05-31T14:47:47.000Z&quot;,\n  &quot;state&quot;: {\n    &quot;activity&quot;: &quot;UNKNOWN&quot;,\n    &quot;started_at&quot;: &quot;2018-05-24T11:10:00.000Z&quot;,\n    &quot;duration&quot;: 617820\n  }, \n  &quot;current_day&quot;: {\n    &quot;driving_status&quot;: &quot;SINGLE&quot;,\n    &quot;driving&quot;: {\n      &quot;regular&quot;: {\n        &quot;duration&quot;: 0,\n        &quot;duration_limit&quot;: 32400\n\t\t},\n      &quot;extra&quot;: {\n        &quot;duration&quot;: 0,\n        &quot;duration_limit&quot;: 3600\n\t\t}\n    },\n    &quot;working&quot;: {\n      &quot;duration&quot;: 0\n    },\n    &quot;resting&quot;: {\n      &quot;rest_in_progress&quot;: false,\n      &quot;next_rest&quot;: null\n    }\n  },\n  &quot;current_week&quot;: {\n    &quot;driving&quot;: {\n      &quot;duration&quot;: 0,\n      &quot;duration_limit&quot;: 201600,\n      &quot;extended_daily_driving_periods&quot;: {\n        &quot;used&quot;: 0,\n        &quot;usage_limit&quot;: 2\n      }\n    },\n    &quot;working&quot;: {\n      &quot;duration&quot;: 0\n    },\n    &quot;resting&quot;: {\n      &quot;rest_in_progress&quot;: false,\n      &quot;next_rest&quot;: null,\n      &quot;reduced_daily_rests&quot;: {\n        &quot;used&quot;:0,\n        &quot;usage_limit&quot;: 3\n      }\n    }\n  },\n  &quot;previous_week&quot;: {\n    &quot;driving&quot;: {\n      &quot;duration&quot;: 0,\n      &quot;duration_limit&quot;: 201600\n    },\n    &quot;resting&quot;: {\n      &quot;duration&quot;: 0\n      }\n  },\n  &quot;infringements&quot;: {\n  &quot;daily_driving_limit_exceeded&quot;: {\n    &quot;duration&quot;: 0\n  },\n  \t&quot;weekly_driving_limit_exceeded&quot;: {\n  \t\t&quot;duration&quot;: 0\n    }\n  },\n  &quot;data_gap_duration&quot;: {\n\t&quot;duration&quot;: 0\n  }\n }<\/pre><\/div>\n\n\n<p>Jei parametrai arba API raktas \u012fvesti neteisingai, sistema pateiks klaidos kod\u0105, visi klaid\u0173 kodai apra\u0161yti <a href=\"https:\/\/www.fmsdocumentation.com\/lt\/api\/?lang=lt\">API<\/a> skyriuje.<\/p>\n<p>Visi atsakym\u0173, kuriuos galima gauti su kiekvienu parametro tipu, laukeliai apra\u0161yti sekan\u010dioje lentel\u0117je:<\/p>\n\n<table id=\"tablepress-75\" class=\"tablepress tablepress-id-75\">\n<thead>\n<tr class=\"row-1\">\n\t<th class=\"column-1\">Pavadinimas<\/th><th class=\"column-2\">Tipas<\/th><th class=\"column-3\">Apra\u0161ymas<\/th><th class=\"column-4\">Matavimo vienetai<\/th>\n<\/tr>\n<\/thead>\n<tbody>\n<tr class=\"row-2\">\n\t<td class=\"column-1\">type<\/td><td class=\"column-2\">Tekstas<\/td><td class=\"column-3\">Nurodo, ar vairuotojas yra pirmasis ar antrasis, tai yra, ar vairuotojo kortel\u0117 \u012fd\u0117ta \u012f pirm\u0105j\u012f ar antr\u0105j\u012f tachografo kortel\u0117s lizd\u0105<\/td><td class=\"column-4\">Tekstas<\/td>\n<\/tr>\n<tr class=\"row-3\">\n\t<td class=\"column-1\">calculated_until<\/td><td class=\"column-2\">Data<\/td><td class=\"column-3\">U\u017eklausos i\u0161siuntimo data ir laikas<br \/>\nFormatas: \"yyyy-mm-ddThh:mm:ss.sssZ\"<br \/>\n<\/td><td class=\"column-4\">Pagal ISO8601<\/td>\n<\/tr>\n<tr class=\"row-4\">\n\t<td class=\"column-1\">state<\/td><td class=\"column-2\">Masyvas<\/td><td class=\"column-3\">Talpina visus vairuotojo b\u016bsenos parametrus<\/td><td class=\"column-4\"><\/td>\n<\/tr>\n<tr class=\"row-5\">\n\t<td class=\"column-1\">activity<\/td><td class=\"column-2\">Tekstas<\/td><td class=\"column-3\">Vairuotojo b\u016bsena u\u017eklausos i\u0161siuntimo metu<\/td><td class=\"column-4\">Tekstas<\/td>\n<\/tr>\n<tr class=\"row-6\">\n\t<td class=\"column-1\">started_at<\/td><td class=\"column-2\">Data<\/td><td class=\"column-3\">Vairuotojo b\u016bsenos prad\u017eios data ir laikas<br \/>\nFormatas: \"yyyy-mm-ddThh:mm:ss.sssZ\"<br \/>\n<\/td><td class=\"column-4\">Pagal ISO8601<\/td>\n<\/tr>\n<tr class=\"row-7\">\n\t<td class=\"column-1\">duration<\/td><td class=\"column-2\">Sveikasis skai\u010dius<\/td><td class=\"column-3\">Bendra vairuotojo b\u016bsenos trukm\u0117<\/td><td class=\"column-4\">Sekund\u0117s<\/td>\n<\/tr>\n<tr class=\"row-8\">\n\t<td class=\"column-1\">current_day<\/td><td class=\"column-2\">Masyvas<\/td><td class=\"column-3\">Talpina visus esamosios dienos parametrus<\/td><td class=\"column-4\"><\/td>\n<\/tr>\n<tr class=\"row-9\">\n\t<td class=\"column-1\">driving_status<\/td><td class=\"column-2\">Tekstas<\/td><td class=\"column-3\">Nurodo, ar vairuoja vienas vairuotojas, ar ekipa\u017eas <\/td><td class=\"column-4\">Tekstas<\/td>\n<\/tr>\n<tr class=\"row-10\">\n\t<td class=\"column-1\">driving<\/td><td class=\"column-2\">Masyvas<\/td><td class=\"column-3\">Talpina visus vairavimo parametrus<\/td><td class=\"column-4\"><\/td>\n<\/tr>\n<tr class=\"row-11\">\n\t<td class=\"column-1\">regular<\/td><td class=\"column-2\">Masyvas<\/td><td class=\"column-3\">Talpina visus \u012fprasto vairavimo parametrus <\/td><td class=\"column-4\"><\/td>\n<\/tr>\n<tr class=\"row-12\">\n\t<td class=\"column-1\">duration<\/td><td class=\"column-2\">Sveikasis skai\u010dius<\/td><td class=\"column-3\">Bendra \u012fprasto vairavimo trukm\u0117<\/td><td class=\"column-4\">Sekund\u0117s<\/td>\n<\/tr>\n<tr class=\"row-13\">\n\t<td class=\"column-1\">duration_limit<\/td><td class=\"column-2\">Sveikasis skai\u010dius<\/td><td class=\"column-3\">Maksimali leid\u017eiama \u012fprasto vairavimo trukm\u0117<\/td><td class=\"column-4\">Sekund\u0117s<\/td>\n<\/tr>\n<tr class=\"row-14\">\n\t<td class=\"column-1\">extra<\/td><td class=\"column-2\">Masyvas<\/td><td class=\"column-3\">Talpina papildomo vairavimo parametrus<\/td><td class=\"column-4\"><\/td>\n<\/tr>\n<tr class=\"row-15\">\n\t<td class=\"column-1\">duration<\/td><td class=\"column-2\">Sveikasis skai\u010dius<\/td><td class=\"column-3\">Bendra papildomo vairavimo trukm\u0117<\/td><td class=\"column-4\">Sekund\u0117s<\/td>\n<\/tr>\n<tr class=\"row-16\">\n\t<td class=\"column-1\">duration_limit<\/td><td class=\"column-2\">Sveikasis skai\u010dius<\/td><td class=\"column-3\">Maksimali leid\u017eiama papildomo vairavimo trukm\u0117<\/td><td class=\"column-4\">Sekund\u0117s<\/td>\n<\/tr>\n<tr class=\"row-17\">\n\t<td class=\"column-1\">working<\/td><td class=\"column-2\">Masyvas<\/td><td class=\"column-3\">Talpina visus kasdienio darbo parametrus<\/td><td class=\"column-4\"><\/td>\n<\/tr>\n<tr class=\"row-18\">\n\t<td class=\"column-1\">duration<\/td><td class=\"column-2\">Sveikasis skai\u010dius<\/td><td class=\"column-3\">Bendra kasdienio darbo trukm\u0117<\/td><td class=\"column-4\">Sekund\u0117s<\/td>\n<\/tr>\n<tr class=\"row-19\">\n\t<td class=\"column-1\">resting<\/td><td class=\"column-2\">Masyvas<\/td><td class=\"column-3\">Talpina visus kasdienio poilsio parametrus<\/td><td class=\"column-4\"><\/td>\n<\/tr>\n<tr class=\"row-20\">\n\t<td class=\"column-1\">rest_in_progress<\/td><td class=\"column-2\">Login\u0117 reik\u0161m\u0117<\/td><td class=\"column-3\">Nurodo, ar vairuotojas ils\u0117josi u\u017eklausos i\u0161siuntimo metu <\/td><td class=\"column-4\">True (Tiesa) - False (Netiesa)<\/td>\n<\/tr>\n<tr class=\"row-21\">\n\t<td class=\"column-1\">next_rest<\/td><td class=\"column-2\">Data<\/td><td class=\"column-3\">Kito kasdienio poilsio data ir laikas<br \/>\nFormatas: \"yyyy-mm-ddThh:mm:ss.sssZ\"<br \/>\n<\/td><td class=\"column-4\">Pagal ISO8601<\/td>\n<\/tr>\n<tr class=\"row-22\">\n\t<td class=\"column-1\">current_week<\/td><td class=\"column-2\">Masyvas<\/td><td class=\"column-3\">Talpina visus esamosios savait\u0117s parametrus<\/td><td class=\"column-4\"><\/td>\n<\/tr>\n<tr class=\"row-23\">\n\t<td class=\"column-1\">driving<\/td><td class=\"column-2\">Masyvas<\/td><td class=\"column-3\">Talpina visus vairavimo parametrus<\/td><td class=\"column-4\"><\/td>\n<\/tr>\n<tr class=\"row-24\">\n\t<td class=\"column-1\">duration<\/td><td class=\"column-2\">Sveikasis skai\u010dius<\/td><td class=\"column-3\">Bendra savaitinio vairavimo trukm\u0117<\/td><td class=\"column-4\">Sekund\u0117s<\/td>\n<\/tr>\n<tr class=\"row-25\">\n\t<td class=\"column-1\">duration_limit<\/td><td class=\"column-2\">Sveikasis skai\u010dius<\/td><td class=\"column-3\">Maksimali leid\u017eiama savaitinio vairavimo trukm\u0117<\/td><td class=\"column-4\">Sekund\u0117s<\/td>\n<\/tr>\n<tr class=\"row-26\">\n\t<td class=\"column-1\">extended_daily_driving_periods<\/td><td class=\"column-2\">Masyvas<\/td><td class=\"column-3\">Talpina visus prat\u0119sto kasdienio vairavimo parametrus<\/td><td class=\"column-4\"><\/td>\n<\/tr>\n<tr class=\"row-27\">\n\t<td class=\"column-1\">used<\/td><td class=\"column-2\">Sveikasis skai\u010dius<\/td><td class=\"column-3\">Panaudot\u0173 prat\u0119sto vairavimo laikotarpi\u0173 kiekis<\/td><td class=\"column-4\">Skai\u010dius<\/td>\n<\/tr>\n<tr class=\"row-28\">\n\t<td class=\"column-1\">usage_limit<\/td><td class=\"column-2\">Sveikasis skai\u010dius<\/td><td class=\"column-3\">Maksimalus prat\u0119sto vairavimo laikotarpi\u0173 kiekis <\/td><td class=\"column-4\">Skai\u010dius<\/td>\n<\/tr>\n<tr class=\"row-29\">\n\t<td class=\"column-1\">working<\/td><td class=\"column-2\">Masyvas<\/td><td class=\"column-3\">Talpina visus savaitinio darbo parametrus<\/td><td class=\"column-4\"><\/td>\n<\/tr>\n<tr class=\"row-30\">\n\t<td class=\"column-1\">duration<\/td><td class=\"column-2\">Sveikasis skai\u010dius<\/td><td class=\"column-3\">Bendra savaitinio darbo trukm\u0117<\/td><td class=\"column-4\">Sekund\u0117s<\/td>\n<\/tr>\n<tr class=\"row-31\">\n\t<td class=\"column-1\">resting<\/td><td class=\"column-2\">Masyvas<\/td><td class=\"column-3\">Talpina visus savaitinio poilsio parametrus<\/td><td class=\"column-4\"><\/td>\n<\/tr>\n<tr class=\"row-32\">\n\t<td class=\"column-1\">rest_in_progress<\/td><td class=\"column-2\">Login\u0117 reik\u0161m\u0117<\/td><td class=\"column-3\">Nurodo, ar vairuotojas ils\u0117josi u\u017eklausos i\u0161siuntimo metu<\/td><td class=\"column-4\">True (Tiesa) - False (Netiesa)<\/td>\n<\/tr>\n<tr class=\"row-33\">\n\t<td class=\"column-1\">next_rest<\/td><td class=\"column-2\">Data<\/td><td class=\"column-3\">Kito savaitinio poilsio data ir laikas<br \/>\nFormatas: \"yyyy-mm-ddThh:mm:ss.sssZ\"<\/td><td class=\"column-4\">Pagal ISO8601<\/td>\n<\/tr>\n<tr class=\"row-34\">\n\t<td class=\"column-1\">reduced_daily_rests<\/td><td class=\"column-2\">Masyvas<\/td><td class=\"column-3\">Talpina visus sutrumpinto poilsio parametrus<\/td><td class=\"column-4\"><\/td>\n<\/tr>\n<tr class=\"row-35\">\n\t<td class=\"column-1\">used<\/td><td class=\"column-2\">Sveikasis skai\u010dius<\/td><td class=\"column-3\">Panaudot\u0173 sutrumpinto poilsio laikotarpi\u0173 kiekis<\/td><td class=\"column-4\">Skai\u010dius<\/td>\n<\/tr>\n<tr class=\"row-36\">\n\t<td class=\"column-1\">usage_limit<\/td><td class=\"column-2\">Sveikasis skai\u010dius<\/td><td class=\"column-3\">Maksimalus sutrumpinto poilsio laikotarpi\u0173 kiekis<\/td><td class=\"column-4\">Skai\u010dius<\/td>\n<\/tr>\n<tr class=\"row-37\">\n\t<td class=\"column-1\">previous_week<\/td><td class=\"column-2\">Masyvas<\/td><td class=\"column-3\">Talpina visus praeitos savait\u0117s parametrus<\/td><td class=\"column-4\"><\/td>\n<\/tr>\n<tr class=\"row-38\">\n\t<td class=\"column-1\">driving<\/td><td class=\"column-2\">Masyvas<\/td><td class=\"column-3\">Talpina visus vairavimo parametrus<\/td><td class=\"column-4\"><\/td>\n<\/tr>\n<tr class=\"row-39\">\n\t<td class=\"column-1\">duration<\/td><td class=\"column-2\">Sveikasis skai\u010dius<\/td><td class=\"column-3\">Bendra vairavimo trukm\u0117 praeit\u0105 savait\u0119<\/td><td class=\"column-4\">Sekund\u0117s<\/td>\n<\/tr>\n<tr class=\"row-40\">\n\t<td class=\"column-1\">duration_limit<\/td><td class=\"column-2\">Sveikasis skai\u010dius<\/td><td class=\"column-3\">Maksimali leid\u017eiama savaitinio vairavimo trukm\u0117<\/td><td class=\"column-4\">Sekund\u0117s<\/td>\n<\/tr>\n<tr class=\"row-41\">\n\t<td class=\"column-1\">resting<\/td><td class=\"column-2\">Masyvas<\/td><td class=\"column-3\">Talpina visus praeitos savait\u0117s poilsio parametrus<\/td><td class=\"column-4\"><\/td>\n<\/tr>\n<tr class=\"row-42\">\n\t<td class=\"column-1\">duration<\/td><td class=\"column-2\">Sveikasis skai\u010dius<\/td><td class=\"column-3\">Bendra praeitos savait\u0117s poilsio trukm\u0117<\/td><td class=\"column-4\">Sekund\u0117s<\/td>\n<\/tr>\n<tr class=\"row-43\">\n\t<td class=\"column-1\">infringements<\/td><td class=\"column-2\">Masyvas<\/td><td class=\"column-3\">Talpina visus pa\u017eeidim\u0173 parametrus<\/td><td class=\"column-4\"><\/td>\n<\/tr>\n<tr class=\"row-44\">\n\t<td class=\"column-1\">daily_driving_limit_exceeded<\/td><td class=\"column-2\">Masyvas<\/td><td class=\"column-3\">Talpina visus vir\u0161yto kasdienio vairavimo parametrus<\/td><td class=\"column-4\"><\/td>\n<\/tr>\n<tr class=\"row-45\">\n\t<td class=\"column-1\">duration<\/td><td class=\"column-2\">Sveikasis skai\u010dius<\/td><td class=\"column-3\">Bendra vairavimo vir\u0161 kasdienio limito trukm\u0117<\/td><td class=\"column-4\">Sekund\u0117s<\/td>\n<\/tr>\n<tr class=\"row-46\">\n\t<td class=\"column-1\">weekly_driving_limit_exceeded<\/td><td class=\"column-2\">Masyvas<\/td><td class=\"column-3\">Talpina visus vir\u0161yto savaitinio vairavimo parametrus<\/td><td class=\"column-4\"><\/td>\n<\/tr>\n<tr class=\"row-47\">\n\t<td class=\"column-1\">duration<\/td><td class=\"column-2\">Sveikasis skai\u010dius<\/td><td class=\"column-3\">Bendra vairavimo vir\u0161 savaitinio limito trukm\u0117<\/td><td class=\"column-4\">Sekund\u0117s<\/td>\n<\/tr>\n<tr class=\"row-48\">\n\t<td class=\"column-1\">data_gap_duration<\/td><td class=\"column-2\">Masyvas<\/td><td class=\"column-3\">Talpina visus duomen\u0173 negavimo laikotarpio parametrus<\/td><td class=\"column-4\"><\/td>\n<\/tr>\n<tr class=\"row-49\">\n\t<td class=\"column-1\">duration<\/td><td class=\"column-2\">Sveikasis skai\u010dius<\/td><td class=\"column-3\">Bendra duomen\u0173 negavimo trukm\u0117<\/td><td class=\"column-4\">Sekund\u0117s<\/td>\n<\/tr>\n<\/tbody>\n<\/table>\n<!-- #tablepress-75 from cache -->\n<p>API rezultatus, u\u017eklaus\u0173 parametrus ir atsakymus galima per\u017ei\u016br\u0117ti \u201eSwagger\u201c programoje, naudojantis \u0161ia nuoroda: <a href=\"https:\/\/api.fm-track.com\/\">https:\/\/api.fm-track.com<\/a><\/p>\n<hr \/>\n<p><div class=\"alignleft\"><a href=\"https:\/\/www.fmsdocumentation.com\/lt\/api\/kelioniu-api\/\" title=\"Kelioni\u0173 API\"><span class=\"arrow\">\u2039 &nbsp <\/span> Kelioni\u0173 API <\/a><\/div> <div class=\"alignright\"><a href=\"https:\/\/www.fmsdocumentation.com\/lt\/api\/vairuotoju-api\/\" title=\"Vairuotoj\u0173 API\">Vairuotoj\u0173 API <span class=\"arrow\"> &nbsp\u203a <\/span> <\/a><\/div><\/p>","protected":false},"excerpt":{"rendered":"<p>Pagrindinis Vairuotoj\u0173 laiko analiz\u0117s API tikslas yra pateikti konkretaus vairuotojo vairavimo ir poilsio laiko duomenis. Pateikti duomenys yra paremti laiko analiz\u0117s funkcionalumu. Konkretaus vairuotojo u\u017eklausos pavyzdys: GET \/drivers\/{driverId}\/current-time-analysis?version=1&amp;api_key=&lt;&#8230;&gt;HOST:api.fm-track.comContent-Type:application\/json;charset=UTF-8 Kad \u0161is API veikt\u0173, privaloma pateikti \u0161iuos parametrus: Serverio atsako pavyzdys: Jei parametrai arba API raktas \u012fvesti neteisingai, sistema pateiks klaidos kod\u0105, visi klaid\u0173 kodai apra\u0161yti API &hellip; <a href=\"https:\/\/www.fmsdocumentation.com\/lt\/api\/vairuotoju-laiko-analizes-api\/\" class=\"more-link\">Skaityti toliau: <span class=\"screen-reader-text\">Vairuotoj\u0173 laiko analiz\u0117s API<\/span><\/a><\/p>\n","protected":false},"author":5,"featured_media":0,"parent":1582,"menu_order":7,"comment_status":"closed","ping_status":"closed","template":"","meta":{"footnotes":""},"class_list":["post-5383","page","type-page","status-publish","hentry"],"_links":{"self":[{"href":"https:\/\/www.fmsdocumentation.com\/lt\/wp-json\/wp\/v2\/pages\/5383","targetHints":{"allow":["GET"]}}],"collection":[{"href":"https:\/\/www.fmsdocumentation.com\/lt\/wp-json\/wp\/v2\/pages"}],"about":[{"href":"https:\/\/www.fmsdocumentation.com\/lt\/wp-json\/wp\/v2\/types\/page"}],"author":[{"embeddable":true,"href":"https:\/\/www.fmsdocumentation.com\/lt\/wp-json\/wp\/v2\/users\/5"}],"replies":[{"embeddable":true,"href":"https:\/\/www.fmsdocumentation.com\/lt\/wp-json\/wp\/v2\/comments?post=5383"}],"version-history":[{"count":3,"href":"https:\/\/www.fmsdocumentation.com\/lt\/wp-json\/wp\/v2\/pages\/5383\/revisions"}],"predecessor-version":[{"id":8085,"href":"https:\/\/www.fmsdocumentation.com\/lt\/wp-json\/wp\/v2\/pages\/5383\/revisions\/8085"}],"up":[{"embeddable":true,"href":"https:\/\/www.fmsdocumentation.com\/lt\/wp-json\/wp\/v2\/pages\/1582"}],"wp:attachment":[{"href":"https:\/\/www.fmsdocumentation.com\/lt\/wp-json\/wp\/v2\/media?parent=5383"}],"curies":[{"name":"wp","href":"https:\/\/api.w.org\/{rel}","templated":true}]}}