{"id":5906,"date":"2018-10-08T09:24:39","date_gmt":"2018-10-08T09:24:39","guid":{"rendered":"http:\/\/www.fmsdocumentation.com\/?page_id=5906"},"modified":"2020-08-28T16:29:38","modified_gmt":"2020-08-28T13:29:38","slug":"eco-drive-ataskaita","status":"publish","type":"page","link":"https:\/\/www.fmsdocumentation.com\/lt\/ataskaitu-meniu\/eco-drive-ataskaita\/","title":{"rendered":"&#8220;Eco-Drive&#8221; ataskaita"},"content":{"rendered":"<p><strong><i>\u201e<\/i>Eco-Drive<i>\u201c<\/i> ataskaita<\/strong> \u2013 \u0161is ataskaitos tipas yra skirtas <i>\u201e<\/i>Eco-Drive<i>\u201c\u00a0<\/i>funkcionalumo ir jo parametr\u0173 duomen\u0173 pateikimui. Vartotojas pirmiausia turi pasirinkti laikotarp\u012f, kuriam bus sukurta \u0161i ataskaita.<\/p>\n<p><strong>Laikotarpis\u00a0<\/strong>\u2013 nor\u0117damas pasirinkti laikotarp\u012f, vartotojas turi paspausti \u201ePasirinkite laiko interval\u0105\u201c, tuomet atidaromas kalendoriaus skydelis. Nor\u0117damas pasirinkti prad\u017eios \/ pabaigos dat\u0105, vartotojas turi pasirinkti vien\u0105 i\u0161 dat\u0173, o tuomet \u2013 kit\u0105. Pasirinktos dienos bus pa\u017eym\u0117tos m\u0117lyna spalva. Dabartin\u0117 diena pa\u017eym\u0117ta ma\u017eu m\u0117lynu trikampiu kair\u0117je dienos langelio pus\u0117je. Jei pasirenkama (pary\u0161kinama) dabartin\u0117 diena, trikampis tampa baltu. Pasirink\u0119s dienas, vartotojas gali nurodyti tiksl\u0173 laik\u0105, kuriam rodyti duomenis. Laik\u0105 galima keisti ir valandos intervalais, naudojantis rodykl\u0117mis. Norint i\u0161saugoti pakeitimus, vartotojas turi paspausti mygtuk\u0105 \u201eTaikyti\u201c, kitu atveju pakeitimai nebus i\u0161saugomi.<\/p>\n<p><a href=\"https:\/\/www.fmsdocumentation.com\/wp-content\/uploads\/2018\/10\/374LT.png\"><img loading=\"lazy\" decoding=\"async\" class=\"alignnone size-full wp-image-5907\" src=\"https:\/\/www.fmsdocumentation.com\/wp-content\/uploads\/2018\/10\/374LT.png\" alt=\"\" width=\"589\" height=\"562\" srcset=\"https:\/\/www.fmsdocumentation.com\/wp-content\/uploads\/2018\/10\/374LT.png 589w, https:\/\/www.fmsdocumentation.com\/wp-content\/uploads\/2018\/10\/374LT-300x286.png 300w\" sizes=\"auto, (max-width: 589px) 100vw, 589px\" \/><\/a><\/p>\n<p>Trumpiausias laikotarpis yra viena diena. Norint pasirinkti vien\u0105 dien\u0105, reikia tiesiog kairiuoju pel\u0117s mygtuku dukart spustel\u0117ti pageidaujam\u0105 dien\u0105.<br \/>\nIlgiausias laikotarpis yra trys m\u0117nesiai (90 dien\u0173). Negalima pasirinkti ilgesnio laikotarpio.<\/p>\n<p><strong>Parengti pagal\u00a0<\/strong>\u2013 \u0161iuo nustatymu apibr\u0117\u017eiamas pagrindinis ataskaitos tikslas. Yra du galimi variantai:<\/p>\n<ul>\n<li>Vairuotojai;<\/li>\n<li>Objektai.<\/li>\n<\/ul>\n<p>\u0160iuo atveju sukurtoje ataskaitoje bus rodoma informacija\u00a0<em>(parametrai: kelion\u0117s atstumas, darbo prad\u017eios vieta ir kt.),\u00a0<\/em>skirta pasirinktam ataskaitos \u0161altiniui<em>\u00a0(vairuotojams arba objektams).\u00a0<\/em>Taigi jei pasirenkami objektai, tuomet bus rodoma informacija apie konkre\u010dius pasirinktus objektus.<\/p>\n<p><strong>Objektai\/Vairuotojai<\/strong>\u00a0(<em>priklauso nuo to, kuo paremta ataskaita)<\/em><strong>\u00a0<\/strong>\u2013<strong>\u00a0<\/strong>vartotojas gali pasirinkti, kuriems objektams ar vairuotojams bus sukurta ataskaita.<\/p>\n<p>Jei pasirenkami <em>O<\/em><em>bjektai<\/em>, s\u0105ra\u0161e taip pat bus\u00a0<strong>grup\u0117s<\/strong>. Vartotojas gali pasirinkti vis\u0105 grup\u0119, pa\u017eym\u0117damas \u017eymim\u0105j\u012f langel\u012f \u0161alia grup\u0117s arba paspausdamas pliuso mygtuk\u0105, kad i\u0161pl\u0117st\u0173 grup\u0119 ir pamatyt\u0173, kokie objektai yra grup\u0117je. Nor\u0117damas suskleisti grup\u0119, vartotojas turi paspausti mygtuk\u0105 su minusu.\u00a0<strong>I\u0161 grup\u0117s galima pasirinkti individualius objektus<\/strong>. Svarbu pa\u017eym\u0117ti, kad jei yra pasirenkamas objektas, esantis keliose grup\u0117se, jis bus pa\u017eym\u0117tas visose grup\u0117se, kaip parodyta \u017eemiau esan\u010diame paveiksl\u0117lyje. Jei pasirenkama visa grup\u0117, \u017eymimasis langelis bus m\u0117lynas, o varnel\u0117 balta. Jei pasirenkama tik dalis grup\u0117s, \u017eymimajame langelyje bus m\u0117lynas kvadratas (pateikta \u017eemiau esan\u010diame paveiksl\u0117lyje). Vartotojas taip pat gali pasinaudoti paie\u0161ka, kad grei\u010diau rast\u0173 objektus ir grupes.<\/p>\n<p><a href=\"https:\/\/www.fmsdocumentation.com\/wp-content\/uploads\/2017\/10\/281LT-2.png\" data-featherlight=\"image\"><img loading=\"lazy\" decoding=\"async\" class=\"alignnone wp-image-1523 size-full\" src=\"https:\/\/www.fmsdocumentation.com\/wp-content\/uploads\/2017\/10\/281LT-2.png\" sizes=\"auto, (max-width: 573px) 100vw, 573px\" srcset=\"https:\/\/www.fmsdocumentation.com\/wp-content\/uploads\/2017\/10\/281LT-2.png 573w, https:\/\/www.fmsdocumentation.com\/wp-content\/uploads\/2017\/10\/281LT-2-300x214.png 300w\" alt=\"\" width=\"573\" height=\"408\" \/><\/a><\/p>\n<p>Pasirinkus\u00a0<em>Vairuotojai<\/em>, vairuotojai bus pateikti i\u0161skleid\u017eiamajame s\u0105ra\u0161e. Norint pasirinkti vairuotoj\u0105, vartotojas turi pa\u017eym\u0117ti \u017eymim\u0105j\u012f langel\u012f esant\u012f \u0161alia vairuotojo. Spustel\u0117jus \u017eymim\u0105j\u012f langel\u012f esant\u012f \u0161alia\u00a0\u201ePasirinkti visus\u201c bus pa\u017eym\u0117ti\/at\u017eym\u0117ti visi vairuotojai. Paie\u0161kos laukelyje kaskart \u012fvedus simbol\u012f, s\u0105ra\u0161as yra atnaujinamas automati\u0161kai. Pasirinkt\u0173 ir vis\u0173 vairuotoj\u0173 skai\u010dius atvaizduojamas vir\u0161uje, de\u0161iniajame s\u0105ra\u0161o kampe.<\/p>\n<p><a href=\"https:\/\/www.fmsdocumentation.com\/wp-content\/uploads\/2018\/12\/138LT-4.png\"><img loading=\"lazy\" decoding=\"async\" class=\"alignnone wp-image-6837 size-full\" src=\"https:\/\/www.fmsdocumentation.com\/wp-content\/uploads\/2018\/12\/138LT-4.png\" alt=\"\" width=\"495\" height=\"268\" srcset=\"https:\/\/www.fmsdocumentation.com\/wp-content\/uploads\/2018\/12\/138LT-4.png 495w, https:\/\/www.fmsdocumentation.com\/wp-content\/uploads\/2018\/12\/138LT-4-300x162.png 300w\" sizes=\"auto, (max-width: 495px) 100vw, 495px\" \/><\/a><\/p>\n<p>Tuomet vartotojas turi sukonfig\u016bruoti <strong>stulpeli\u0173 s\u0105ra\u0161\u0105<\/strong>. \u0160ioje ataskaitoje pateikiami \u0161ie numatytieji parametrai:<\/p>\n<ul>\n<li>Pavojingo vairavimo ta\u0161k\u0173 koeficientas;<\/li>\n<li>Degal\u0173 eikvojimo koeficientas;<\/li>\n<li>Nuva\u017eiuotas atstumas;<\/li>\n<li>Vairavimo trukm\u0117;<\/li>\n<li>Kuro s\u0105naudos;<\/li>\n<li>Grei\u010dio vir\u0161ijimas % nuo vairavimo trukm\u0117s;<\/li>\n<li>Aps.\/min raudonojoje bendrojo vairavimo laiko juostoje;<\/li>\n<li>Ekstremalaus stabdymo \u012fvyki\u0173 koeficientas;<\/li>\n<li>Stipraus stabdymo \u012fvyki\u0173 koeficientas;<\/li>\n<li>Stiprios akceleracijos \u012fvyki\u0173 koeficientas;<\/li>\n<li>Perteklin\u0117 prastova %;<\/li>\n<li>Autopiloto funkcijos naudojimo % dydis.<\/li>\n<\/ul>\n<p>Kiti papildomi parametrai, kuriuos galima pasirinkti <strong>stulpeli\u0173 s\u0105ra\u0161e<\/strong>:<\/p>\n<ul>\n<li>Did\u017eiausias aps.min;<\/li>\n<li>Did\u017eiausias greitis;<\/li>\n<li>Ekstremalaus stabdymo kartai;<\/li>\n<li>Grei\u010dio vir\u0161ijimo trukm\u0117;<\/li>\n<li>I\u0161\u0161vaistyta kuro;<\/li>\n<li>I\u0161\u0161svaistyta kuro % i\u0161 bendrojo sunaudoto kiekio;<\/li>\n<li>Pavojingo vairavimo ta\u0161kai;<\/li>\n<li>Prastovos trukm\u0117;<\/li>\n<li>Staigaus greit\u0117jimo kartai;<\/li>\n<li>Staigaus stabdymo kartai;<\/li>\n<li>Sunaudotas kuras;<\/li>\n<li>Vidutinis greitis;<\/li>\n<li>\u012eprasto stabdymo \u012fvykiai;<\/li>\n<li>\u012eprasto stabdymo \u012fvyki\u0173 koeficientas.<\/li>\n<\/ul>\n<p>Pasirink\u0119s parametrus, vartotojas gali \u012fgalinti arba i\u0161jungti \u0161ias parinktis:<\/p>\n<ul>\n<li><strong>Rodyti duomenis<\/strong> \u2013 pagal nutyl\u0117jim\u0105 \u012fgalinta, \u0161i parinktis pateiks kiekvienos transporto priemon\u0117s duomenis atskiroje lentel\u0117je, taip pat i\u0161skirs duomenis kiekvienam vairuotojui, vairavusiam t\u0105 transporto priemon\u0119 pasirinktu laikotarpiu.<\/li>\n<\/ul>\n<p><a href=\"https:\/\/www.fmsdocumentation.com\/wp-content\/uploads\/2018\/10\/375LT.png\"><img loading=\"lazy\" decoding=\"async\" class=\"alignnone wp-image-5908\" src=\"https:\/\/www.fmsdocumentation.com\/wp-content\/uploads\/2018\/10\/375LT-1024x538.png\" alt=\"\" width=\"1000\" height=\"526\" srcset=\"https:\/\/www.fmsdocumentation.com\/wp-content\/uploads\/2018\/10\/375LT-1024x538.png 1024w, https:\/\/www.fmsdocumentation.com\/wp-content\/uploads\/2018\/10\/375LT-300x158.png 300w, https:\/\/www.fmsdocumentation.com\/wp-content\/uploads\/2018\/10\/375LT-768x404.png 768w, https:\/\/www.fmsdocumentation.com\/wp-content\/uploads\/2018\/10\/375LT.png 1223w\" sizes=\"auto, (max-width: 1000px) 100vw, 1000px\" \/><\/a><\/p>\n<p>Nor\u0117damas u\u017ebaigti ir sukurti ataskait\u0105, vartotojas turi paspausti mygtuk\u0105 \u201eGeneruoti\u201c. Nor\u0117damas at\u0161aukti ataskaitos k\u016brim\u0105, vartotojas turi paspausti mygtuk\u0105 \u201eAt\u0161aukti\u201c, arba kur nors u\u017e ataskait\u0173 k\u016brimo lango rib\u0173.<\/p>\n<p><a href=\"https:\/\/www.fmsdocumentation.com\/wp-content\/uploads\/2017\/10\/202LT-6.png\" data-featherlight=\"image\"><img loading=\"lazy\" decoding=\"async\" class=\"alignnone wp-image-1560 size-full\" src=\"https:\/\/www.fmsdocumentation.com\/wp-content\/uploads\/2017\/10\/202LT-6.png\" sizes=\"auto, (max-width: 502px) 100vw, 502px\" srcset=\"https:\/\/www.fmsdocumentation.com\/wp-content\/uploads\/2017\/10\/202LT-6.png 502w, https:\/\/www.fmsdocumentation.com\/wp-content\/uploads\/2017\/10\/202LT-6-300x41.png 300w\" alt=\"\" width=\"502\" height=\"69\" \/><\/a><\/p>\n<hr \/>\n<p><div class=\"alignleft\"><a href=\"https:\/\/www.fmsdocumentation.com\/lt\/ataskaitu-meniu\/vairuotojo-darbo-laiko-ataskaita\/\" title=\"Vairuotojo darbo laiko ataskaita\"><span class=\"arrow\">\u2039 &nbsp <\/span> Vairuotojo darbo laiko ataskaita <\/a><\/div><div class=\"alignright\"><a href=\"https:\/\/www.fmsdocumentation.com\/lt\/ataskaitu-meniu\/ivykiu-ataskaita\/\" title=\"\u012evyki\u0173 ataskaita\">\u012evyki\u0173 ataskaita <span class=\"arrow\"> &nbsp\u203a <\/span> <\/a><\/div><\/p>\n","protected":false},"excerpt":{"rendered":"<p>\u201eEco-Drive\u201c ataskaita \u2013 \u0161is ataskaitos tipas yra skirtas \u201eEco-Drive\u201c\u00a0funkcionalumo ir jo parametr\u0173 duomen\u0173 pateikimui. Vartotojas pirmiausia turi pasirinkti laikotarp\u012f, kuriam bus sukurta \u0161i ataskaita. Laikotarpis\u00a0\u2013 nor\u0117damas pasirinkti laikotarp\u012f, vartotojas turi paspausti \u201ePasirinkite laiko interval\u0105\u201c, tuomet atidaromas kalendoriaus skydelis. Nor\u0117damas pasirinkti prad\u017eios \/ pabaigos dat\u0105, vartotojas turi pasirinkti vien\u0105 i\u0161 dat\u0173, o tuomet \u2013 kit\u0105. Pasirinktos &hellip; <a href=\"https:\/\/www.fmsdocumentation.com\/lt\/ataskaitu-meniu\/eco-drive-ataskaita\/\" class=\"more-link\">Skaityti toliau: <span class=\"screen-reader-text\">&#8220;Eco-Drive&#8221; ataskaita<\/span><\/a><\/p>\n","protected":false},"author":5,"featured_media":0,"parent":1492,"menu_order":6,"comment_status":"closed","ping_status":"closed","template":"","meta":{"footnotes":""},"class_list":["post-5906","page","type-page","status-publish","hentry"],"_links":{"self":[{"href":"https:\/\/www.fmsdocumentation.com\/lt\/wp-json\/wp\/v2\/pages\/5906","targetHints":{"allow":["GET"]}}],"collection":[{"href":"https:\/\/www.fmsdocumentation.com\/lt\/wp-json\/wp\/v2\/pages"}],"about":[{"href":"https:\/\/www.fmsdocumentation.com\/lt\/wp-json\/wp\/v2\/types\/page"}],"author":[{"embeddable":true,"href":"https:\/\/www.fmsdocumentation.com\/lt\/wp-json\/wp\/v2\/users\/5"}],"replies":[{"embeddable":true,"href":"https:\/\/www.fmsdocumentation.com\/lt\/wp-json\/wp\/v2\/comments?post=5906"}],"version-history":[{"count":10,"href":"https:\/\/www.fmsdocumentation.com\/lt\/wp-json\/wp\/v2\/pages\/5906\/revisions"}],"predecessor-version":[{"id":9709,"href":"https:\/\/www.fmsdocumentation.com\/lt\/wp-json\/wp\/v2\/pages\/5906\/revisions\/9709"}],"up":[{"embeddable":true,"href":"https:\/\/www.fmsdocumentation.com\/lt\/wp-json\/wp\/v2\/pages\/1492"}],"wp:attachment":[{"href":"https:\/\/www.fmsdocumentation.com\/lt\/wp-json\/wp\/v2\/media?parent=5906"}],"curies":[{"name":"wp","href":"https:\/\/api.w.org\/{rel}","templated":true}]}}