{"id":6367,"date":"2018-12-03T17:56:26","date_gmt":"2018-12-03T15:56:26","guid":{"rendered":"http:\/\/www.fmsdocumentation.com\/?page_id=6367"},"modified":"2018-12-21T09:24:21","modified_gmt":"2018-12-21T07:24:21","slug":"ataskaitu-sablonai","status":"publish","type":"page","link":"https:\/\/www.fmsdocumentation.com\/lt\/ataskaitu-meniu\/ataskaitu-sablonai\/","title":{"rendered":"Ataskait\u0173 \u0161ablonai"},"content":{"rendered":"<p>Ataskait\u0173 \u0161ablonai yra skirti greitai sukurti naujas ataskaitas, naudojant esamas ataskaitas kaip \u0161ablonus.<\/p>\n<hr \/>\n<h3>\u0160ablon\u0173 k\u016brimas<\/h3>\n<p>Galimi du metodai sukurti ataskaitos \u0161ablon\u0105.<\/p>\n<p><strong>Metodas 1:<\/strong>\u00a0norint sukurti nauj\u0105 ataskaitos \u0161ablon\u0105, vartotojas turi sukurti nauj\u0105 ataskait\u0105 ir spustel\u0117ti \u201e\u012era\u0161yti kaip \u0161ablon\u0105\u201c mygtuk\u0105.<\/p>\n<p><a href=\"https:\/\/www.fmsdocumentation.com\/wp-content\/uploads\/2018\/12\/381LT-1.png\"><img loading=\"lazy\" decoding=\"async\" class=\"alignnone wp-image-6369 size-large\" src=\"https:\/\/www.fmsdocumentation.com\/wp-content\/uploads\/2018\/12\/381LT-1-1024x164.png\" alt=\"\" width=\"660\" height=\"106\" srcset=\"https:\/\/www.fmsdocumentation.com\/wp-content\/uploads\/2018\/12\/381LT-1-1024x164.png 1024w, https:\/\/www.fmsdocumentation.com\/wp-content\/uploads\/2018\/12\/381LT-1-300x48.png 300w, https:\/\/www.fmsdocumentation.com\/wp-content\/uploads\/2018\/12\/381LT-1-768x123.png 768w, https:\/\/www.fmsdocumentation.com\/wp-content\/uploads\/2018\/12\/381LT-1.png 1865w\" sizes=\"auto, (max-width: 660px) 100vw, 660px\" \/><\/a><\/p>\n<p>Atsivers naujas \u201e\u012era\u0161yti kaip \u0161ablon\u0105\u201c langas, kuriame vartotojas tur\u0117s nurodyti naujo \u0161ablono pavadinim\u0105. Norint i\u0161saugoti \u0161ablon\u0105, vartotojas turi spustel\u0117ti mygtuk\u0105 \u201e\u012era\u0161yti\u201c. Ira\u0161ius \u0161ablon\u0105, bus rodomas prane\u0161imas, kad \u0161ablonas s\u0117kmingai \u012fra\u0161ytas.<\/p>\n<p><a href=\"https:\/\/www.fmsdocumentation.com\/wp-content\/uploads\/2018\/12\/382LT.png\"><img loading=\"lazy\" decoding=\"async\" class=\"alignnone wp-image-6370 size-full\" src=\"https:\/\/www.fmsdocumentation.com\/wp-content\/uploads\/2018\/12\/382LT.png\" alt=\"\" width=\"675\" height=\"272\" srcset=\"https:\/\/www.fmsdocumentation.com\/wp-content\/uploads\/2018\/12\/382LT.png 675w, https:\/\/www.fmsdocumentation.com\/wp-content\/uploads\/2018\/12\/382LT-300x121.png 300w\" sizes=\"auto, (max-width: 675px) 100vw, 675px\" \/><\/a><\/p>\n<p><strong>Metodas 2:<\/strong>\u00a0norint sukurti nauj\u0105 ataskaitos \u0161ablon\u0105, vartotojas turi paspausti\u00a0\u201eNaujas \u0161ablonas\u201c mygtuk\u0105 esant\u012f\u00a0<strong>\u201e<\/strong>\u0160ablonai<strong>\u201c\u00a0<\/strong>skirtuke.<\/p>\n<p><a href=\"https:\/\/www.fmsdocumentation.com\/wp-content\/uploads\/2018\/12\/385LT.png\"><img loading=\"lazy\" decoding=\"async\" class=\"alignnone wp-image-6773 size-large\" src=\"https:\/\/www.fmsdocumentation.com\/wp-content\/uploads\/2018\/12\/385LT-1024x94.png\" alt=\"\" width=\"660\" height=\"61\" srcset=\"https:\/\/www.fmsdocumentation.com\/wp-content\/uploads\/2018\/12\/385LT-1024x94.png 1024w, https:\/\/www.fmsdocumentation.com\/wp-content\/uploads\/2018\/12\/385LT-300x28.png 300w, https:\/\/www.fmsdocumentation.com\/wp-content\/uploads\/2018\/12\/385LT-768x71.png 768w, https:\/\/www.fmsdocumentation.com\/wp-content\/uploads\/2018\/12\/385LT.png 1664w\" sizes=\"auto, (max-width: 660px) 100vw, 660px\" \/><\/a><\/p>\n<p>Atsidarys naujas \u0161ablono k\u016brimo langas, kuriame vartotojas gali sukurti \u0161ablon\u0105 pagal ataskaitos k\u016brimo format\u0105, ta\u010diau yra du skirtumai:\u00a0vartotojas turi \u012fvesti \u0161ablono pavadinim\u0105 ir vietoje konkre\u010dios datos turi nurodyti periodo trukm\u0119.\u00a0Norint i\u0161saugoti \u0161ablon\u0105, vartotojas turi spustel\u0117ti mygtuk\u0105 \u201e\u012era\u0161yti\u201c.<\/p>\n<p><a href=\"https:\/\/www.fmsdocumentation.com\/wp-content\/uploads\/2018\/12\/386LT.png\"><img loading=\"lazy\" decoding=\"async\" class=\"alignnone wp-image-6780 size-full\" src=\"https:\/\/www.fmsdocumentation.com\/wp-content\/uploads\/2018\/12\/386LT.png\" alt=\"\" width=\"975\" height=\"788\" srcset=\"https:\/\/www.fmsdocumentation.com\/wp-content\/uploads\/2018\/12\/386LT.png 975w, https:\/\/www.fmsdocumentation.com\/wp-content\/uploads\/2018\/12\/386LT-300x242.png 300w, https:\/\/www.fmsdocumentation.com\/wp-content\/uploads\/2018\/12\/386LT-768x621.png 768w\" sizes=\"auto, (max-width: 975px) 100vw, 975px\" \/><\/a><\/p>\n<hr \/>\n<h3>\u0160ablon\u0173 tvarkymas<\/h3>\n<p>Esami \u0161ablonai gali b\u016bti tvarkomi skirtuke\u00a0\u201e\u0160ablonai\u201c. \u0160ablonai gali b\u016bti filtruojami pagal pavadinim\u0105, tip\u0105 ar pagal tai kuo ataskaita yra pagr\u012fsta. Paspaudus mygtuk\u0105 \u201eSukurti ataskait\u0105\u201c atsidarys naujas ataskaitos k\u016brimo langas, \u012f kur\u012f bus perkelti visi nustatymai i\u0161 \u0161ablono, i\u0161skyrus laiko interval\u0105. Paspaudus\u00a0\u201ePrenumeruoti\u201c mygtuk\u0105 atsidarys naujas prenumeratos k\u016brimo langas, \u012f kur\u012f bus perkelti visi nustatymai i\u0161 \u0161ablono, i\u0161skyrus prenumeratos pavadinim\u0105 ir el. pa\u0161to adresus.<\/p>\n<p>\u0160ablonai gali b\u016bti redaguojami spustel\u0117jus pie\u0161tuko piktogram\u0105. \u0160ablonai gali b\u016bti dubliuojami spustel\u0117jus trij\u0173 ta\u0161k\u0173 piktogram\u0105 de\u0161in\u0117je\u00a0 ir paspaudus\u00a0\u201eDublikuoti \u0161ablon\u0105\u201c . \u0160ablonai gali b\u016bti i\u0161trinti pa\u017eym\u0117jus \u0161alia esan\u010dius langelius ir spustel\u0117jus \u201eI\u0161trinti pa\u017eym\u0117tus\u201c arba, spustel\u0117jus trij\u0173 ta\u0161k\u0173 piktogram\u0105 esan\u010di\u0105 de\u0161in\u0117je ir paspaudus \u201eI\u0161trinti \u0161ablon\u0105\u201c.<\/p>\n<p><a href=\"https:\/\/www.fmsdocumentation.com\/wp-content\/uploads\/2018\/12\/383LT-2.png\"><img loading=\"lazy\" decoding=\"async\" class=\"alignnone wp-image-6783 size-large\" src=\"https:\/\/www.fmsdocumentation.com\/wp-content\/uploads\/2018\/12\/383LT-2-1024x278.png\" alt=\"\" width=\"660\" height=\"179\" srcset=\"https:\/\/www.fmsdocumentation.com\/wp-content\/uploads\/2018\/12\/383LT-2-1024x278.png 1024w, https:\/\/www.fmsdocumentation.com\/wp-content\/uploads\/2018\/12\/383LT-2-300x82.png 300w, https:\/\/www.fmsdocumentation.com\/wp-content\/uploads\/2018\/12\/383LT-2-768x209.png 768w, https:\/\/www.fmsdocumentation.com\/wp-content\/uploads\/2018\/12\/383LT-2.png 1442w\" sizes=\"auto, (max-width: 660px) 100vw, 660px\" \/><\/a><\/p>\n<hr \/>\n<p><div class=\"alignleft\"><a href=\"https:\/\/www.fmsdocumentation.com\/lt\/ataskaitu-meniu\/naujos-ataskaitos-prenumeratos-kurimas\/\" title=\"Ataskait\u0173 prenumeratos\"><span class=\"arrow\">\u2039 &nbsp <\/span> Ataskait\u0173 prenumeratos <\/a><\/div> <div class=\"alignright\"><a href=\"https:\/\/www.fmsdocumentation.com\/lt\/ataskaitu-meniu\/saliu-ataskaita\/\" title=\"\u0160ali\u0173 ataskaita\">\u0160ali\u0173 ataskaita <span class=\"arrow\"> &nbsp\u203a <\/span> <\/a><\/div><\/p>\n","protected":false},"excerpt":{"rendered":"<p>Ataskait\u0173 \u0161ablonai yra skirti greitai sukurti naujas ataskaitas, naudojant esamas ataskaitas kaip \u0161ablonus. \u0160ablon\u0173 k\u016brimas Galimi du metodai sukurti ataskaitos \u0161ablon\u0105. Metodas 1:\u00a0norint sukurti nauj\u0105 ataskaitos \u0161ablon\u0105, vartotojas turi sukurti nauj\u0105 ataskait\u0105 ir spustel\u0117ti \u201e\u012era\u0161yti kaip \u0161ablon\u0105\u201c mygtuk\u0105. Atsivers naujas \u201e\u012era\u0161yti kaip \u0161ablon\u0105\u201c langas, kuriame vartotojas tur\u0117s nurodyti naujo \u0161ablono pavadinim\u0105. Norint i\u0161saugoti \u0161ablon\u0105, vartotojas &hellip; <a href=\"https:\/\/www.fmsdocumentation.com\/lt\/ataskaitu-meniu\/ataskaitu-sablonai\/\" class=\"more-link\">Skaityti toliau: <span class=\"screen-reader-text\">Ataskait\u0173 \u0161ablonai<\/span><\/a><\/p>\n","protected":false},"author":5,"featured_media":0,"parent":1492,"menu_order":3,"comment_status":"closed","ping_status":"closed","template":"","meta":{"footnotes":""},"class_list":["post-6367","page","type-page","status-publish","hentry"],"_links":{"self":[{"href":"https:\/\/www.fmsdocumentation.com\/lt\/wp-json\/wp\/v2\/pages\/6367","targetHints":{"allow":["GET"]}}],"collection":[{"href":"https:\/\/www.fmsdocumentation.com\/lt\/wp-json\/wp\/v2\/pages"}],"about":[{"href":"https:\/\/www.fmsdocumentation.com\/lt\/wp-json\/wp\/v2\/types\/page"}],"author":[{"embeddable":true,"href":"https:\/\/www.fmsdocumentation.com\/lt\/wp-json\/wp\/v2\/users\/5"}],"replies":[{"embeddable":true,"href":"https:\/\/www.fmsdocumentation.com\/lt\/wp-json\/wp\/v2\/comments?post=6367"}],"version-history":[{"count":6,"href":"https:\/\/www.fmsdocumentation.com\/lt\/wp-json\/wp\/v2\/pages\/6367\/revisions"}],"predecessor-version":[{"id":6890,"href":"https:\/\/www.fmsdocumentation.com\/lt\/wp-json\/wp\/v2\/pages\/6367\/revisions\/6890"}],"up":[{"embeddable":true,"href":"https:\/\/www.fmsdocumentation.com\/lt\/wp-json\/wp\/v2\/pages\/1492"}],"wp:attachment":[{"href":"https:\/\/www.fmsdocumentation.com\/lt\/wp-json\/wp\/v2\/media?parent=6367"}],"curies":[{"name":"wp","href":"https:\/\/api.w.org\/{rel}","templated":true}]}}