{"id":6373,"date":"2018-12-06T10:45:42","date_gmt":"2018-12-06T08:45:42","guid":{"rendered":"http:\/\/www.fmsdocumentation.com\/?page_id=6373"},"modified":"2019-03-18T11:03:21","modified_gmt":"2019-03-18T09:03:21","slug":"virsytu-parametru-ataskaita","status":"publish","type":"page","link":"https:\/\/www.fmsdocumentation.com\/lt\/ataskaitu-meniu\/virsytu-parametru-ataskaita\/","title":{"rendered":"Vir\u0161yt\u0173 parametr\u0173 ataskaita"},"content":{"rendered":"<p><strong>Vir\u0161yt\u0173 parametr\u0173 ataskait\u0105 <\/strong>\u2013\u00a0\u0161ios ataskaitos tipas yra skirtas suteikti informacij\u0105 apie vairuotojo greit\u012f, siekiant su\u017einoti ar vairuotojas vir\u0161ijo ribojam\u0105 transporto priemon\u0117s greit\u012f. Pirmiausiai, pasirenkamas laikotarpis, kuriam bus sukurta \u0161i ataskaita.<\/p>\n<p><strong>Laikotarpis <\/strong>\u2013 nor\u0117damas pasirinkti laikotarp\u012f, vartotojas turi paspausti \u201ePasirinkite laiko interval\u0105\u201c, tuomet atidaromas kalendoriaus skydelis. Kalendorius identi\u0161kas visoje TPVS. Nor\u0117damas pasirinkti prad\u017eios \/ pabaigos dat\u0105, vartotojas turi pasirinkti vien\u0105 i\u0161 dat\u0173, o tuomet \u2013 kit\u0105. Pasirinktos dienos bus pa\u017eym\u0117tos m\u0117lyna spalva. Dabartin\u0117 diena pa\u017eym\u0117ta ma\u017eu m\u0117lynu trikampiu kair\u0117je dienos langelio pus\u0117je. Jei pasirenkama (pary\u0161kinama) dabartin\u0117 diena, trikampis tampa baltu. Pasirink\u0119s dienas, vartotojas gali nurodyti nuo kurios prad\u017eios datos valandos iki kurios pabaigos datos valandos rodyti duomenis. Norint i\u0161saugoti pakeitimus, vartotojas turi paspausti mygtuk\u0105 \u201eTaikyti\u201c, kitu atveju pakeitimai nebus i\u0161saugomi.<\/p>\n<p><a href=\"https:\/\/www.fmsdocumentation.com\/wp-content\/uploads\/2018\/12\/136LT-1.png\"><img loading=\"lazy\" decoding=\"async\" class=\"alignnone wp-image-6375 size-full\" src=\"https:\/\/www.fmsdocumentation.com\/wp-content\/uploads\/2018\/12\/136LT-1.png\" alt=\"\" width=\"587\" height=\"556\" srcset=\"https:\/\/www.fmsdocumentation.com\/wp-content\/uploads\/2018\/12\/136LT-1.png 587w, https:\/\/www.fmsdocumentation.com\/wp-content\/uploads\/2018\/12\/136LT-1-300x284.png 300w\" sizes=\"auto, (max-width: 587px) 100vw, 587px\" \/><\/a><\/p>\n<p>Trumpiausias laikotarpis yra viena diena. Norint pasirinkti vien\u0105 dien\u0105, tiesiog reikia kairiuoju pel\u0117s mygtuku dukart spustel\u0117ti pageidaujam\u0105 dien\u0105. Ilgiausias laikotarpis yra 1 m\u0117nesis.<\/p>\n<p><strong>Parengti pagal <\/strong>\u2013\u00a0\u0161iuo nustatymu apibr\u0117\u017eiamas pagrindinis ataskaitos tikslas. Galimi du pasirinkimai:<\/p>\n<ul>\n<li>Objektai;<\/li>\n<li>Vairuotojai.<\/li>\n<\/ul>\n<p>\u0160iuo atveju sukurtoje ataskaitoje bus rodoma informacija\u00a0<em>(parametrai: kelion\u0117s atstumas, darbo prad\u017eios vieta ir kt.),\u00a0<\/em>skirta pasirinktam ataskaitos \u0161altiniui<em>\u00a0(vairuotojams arba objektams).\u00a0<\/em>Taigi, jei pasirenkami objektai, tuomet bus rodoma informacija apie konkre\u010dius pasirinktus objektus.<\/p>\n<p><strong>Objektai\/Vairuotojai<\/strong>\u00a0(<em>priklauso nuo to, kuo paremta ataskaita)<\/em><strong>\u00a0<\/strong>\u2013<strong>\u00a0<\/strong>vartotojas gali pasirinkti, kuriems objektams ar vairuotojams bus sukurta ataskaita.<\/p>\n<p>Jei pasirenkami\u00a0<em>Objektai<\/em>, s\u0105ra\u0161e taip pat bus\u00a0<strong>grup\u0117s<\/strong>. Vartotojas gali pasirinkti vis\u0105 grup\u0119, pa\u017eym\u0117damas \u017eymim\u0105j\u012f langel\u012f \u0161alia grup\u0117s arba paspausdamas pliuso mygtuk\u0105, kad i\u0161pl\u0117st\u0173 grup\u0119 ir pamatyt\u0173, kokie objektai yra grup\u0117je. Nor\u0117damas suskleisti grup\u0119, vartotojas turi paspausti mygtuk\u0105 su minusu.\u00a0<strong>I\u0161 grup\u0117s galima pasirinkti individualius objektus<\/strong>. Svarbu pa\u017eym\u0117ti, kad jei yra pasirenkamas objektas, esantis keliose grup\u0117se, jis bus pa\u017eym\u0117tas visose grup\u0117se, kaip parodyta \u017eemiau esan\u010diame paveiksl\u0117lyje. Jei pasirenkama visa grup\u0117, \u017eymimasis langelis bus m\u0117lynas, o varnel\u0117 balta. Jei pasirenkama tik dalis grup\u0117s, \u017eymimajame langelyje bus m\u0117lynas kvadratas (pateikta \u017eemiau esan\u010diame paveiksl\u0117lyje). Vartotojas taip pat gali pasinaudoti paie\u0161ka, kad grei\u010diau rast\u0173 objektus ir grupes.<\/p>\n<p><a href=\"https:\/\/www.fmsdocumentation.com\/wp-content\/uploads\/2018\/12\/281LT.png\"><img loading=\"lazy\" decoding=\"async\" class=\"alignnone wp-image-6376 size-full\" src=\"https:\/\/www.fmsdocumentation.com\/wp-content\/uploads\/2018\/12\/281LT.png\" alt=\"\" width=\"573\" height=\"408\" srcset=\"https:\/\/www.fmsdocumentation.com\/wp-content\/uploads\/2018\/12\/281LT.png 573w, https:\/\/www.fmsdocumentation.com\/wp-content\/uploads\/2018\/12\/281LT-300x214.png 300w\" sizes=\"auto, (max-width: 573px) 100vw, 573px\" \/><\/a><\/p>\n<p>Pasirinkus\u00a0<em>Vairuotojai<\/em>, vairuotojai bus pateikti i\u0161skleid\u017eiamajame s\u0105ra\u0161e. Norint pasirinkti vairuotoj\u0105, vartotojas turi pa\u017eym\u0117ti \u017eymim\u0105j\u012f langel\u012f esant\u012f \u0161alia vairuotojo. Spustel\u0117jus \u017eymim\u0105j\u012f langel\u012f esant\u012f \u0161alia\u00a0\u201ePasirinkti visus\u201c bus pa\u017eym\u0117ti\/at\u017eym\u0117ti visi vairuotojai. Paie\u0161kos laukelyje kaskart \u012fvedus simbol\u012f, s\u0105ra\u0161as yra atnaujinamas automati\u0161kai. Pasirinkt\u0173 ir vis\u0173 vairuotoj\u0173 skai\u010dius atvaizduojamas vir\u0161uje, de\u0161iniajame s\u0105ra\u0161o kampe.<\/p>\n<p><a href=\"https:\/\/www.fmsdocumentation.com\/wp-content\/uploads\/2018\/12\/138LT-7.png\"><img loading=\"lazy\" decoding=\"async\" class=\"alignnone wp-image-6857 size-full\" src=\"https:\/\/www.fmsdocumentation.com\/wp-content\/uploads\/2018\/12\/138LT-7.png\" alt=\"\" width=\"495\" height=\"268\" srcset=\"https:\/\/www.fmsdocumentation.com\/wp-content\/uploads\/2018\/12\/138LT-7.png 495w, https:\/\/www.fmsdocumentation.com\/wp-content\/uploads\/2018\/12\/138LT-7-300x162.png 300w\" sizes=\"auto, (max-width: 495px) 100vw, 495px\" \/><\/a><\/p>\n<p><strong>Vir\u0161yta vert\u0117 <\/strong>\u2013\u00a0\u0161is nustatymas nurodo, koks parametras bus atvaizduotas. Galimi parametrai:<\/p>\n<ul>\n<li>Tu\u0161\u010diosios eigos vert\u0117;<\/li>\n<li>Grei\u010dio vir\u0161ijimo vert\u0117.<\/li>\n<\/ul>\n<p><strong><span translate=\"\">Minimali tu\u0161\u010diosios eigos trukm\u0117 (sekund\u0117s)<\/span> \u2013<\/strong>\u00a0nustatymas galimas, jeigu pasirinktas\u00a0<em>Tu\u0161\u010diosios veikos vert\u0117<\/em> parametras. Nustatymas nurodo ma\u017eiausi\u0105 tu\u0161\u010diosios eigos trukm\u0119 sekund\u0117mis, kuri bus naudojama kaip atskaitos ta\u0161kas. Gali b\u016bti \u012fvesti tik sveikieji skai\u010diai.<\/p>\n<p><strong>Grei\u010dio vir\u0161ijimo vert\u0117 <\/strong>\u2013 nustatymas galimas, jeigu pasirinktas <em>Grei\u010dio vir\u0161ijimo vert\u0117s parametras. N<\/em>ustatymas nurodo grei\u010dio rib\u0105, kuri bus naudojama kaip atskaita. Gali b\u016bti \u012fvesti tik sveikieji skai\u010diai.<\/p>\n<p>Toliau, vartotojas turi sukonfig\u016bruoti <strong>stulpeli\u0173 s\u0105ra\u0161\u0105<\/strong>. Pasirinkus <em>tu\u0161\u010diosios eigos vert\u0119<\/em>\u00a0pateikiami \u0161ie numatytieji parametrai:<\/p>\n<ul>\n<li>Tu\u0161\u010diosios eigos prad\u017eios laikas \u2013 laikas, kai buvo suaktyvintas tu\u0161\u010diosios veikos \u012fvykis;<\/li>\n<li>Tu\u0161\u010diosios eigos trukm\u0117 \u2013 laikas, nurodantis tu\u0161\u010diosios eigos trukm\u0119.<\/li>\n<\/ul>\n<p>Pasirinkus\u00a0<em>grei\u010dio vir\u0161ijimo vert\u0119\u00a0<\/em>pateikiami \u0161ie numatytieji parametrai:<\/p>\n<ul>\n<li>Grei\u010dio vir\u0161ijimo laikas \u2013 laikas, kai buvo suaktyvintas grei\u010dio vir\u0161ijimo \u012fvykis;<\/li>\n<li>Grei\u010dio vir\u0161ijimo trukm\u0117 \u2013\u00a0laikas, nurodantis grei\u010dio vir\u0161ijimo trukm\u0119;<\/li>\n<li>Did\u017eiausias greitis\u00a0\u2013 pasiektas did\u017eiausias greitis, grei\u010dio vir\u0161ijimo \u012fvykio metu.<\/li>\n<\/ul>\n<p>\u012e stulpeli\u0173 s\u0105ra\u0161\u0105 taip pat bus \u012ftraukti \u0161ie numatytieji parametrai nepriklausomai nuo pasirinkimo:<\/p>\n<ul>\n<li>Prad\u017eios koordinat\u0117s \u2013 koordinat\u0117s, kai buvo suaktyvintas \u012fvykis;<\/li>\n<li>Prad\u017eios vieta\u00a0\u2013 adresas,\u00a0kai buvo suaktyvintas \u012fvykis;<\/li>\n<li><i>\u201e<\/i>Google<i>\u201c\u00a0<\/i>prad\u017eios vieta\u00a0\u2013 hipersaitas \u012f \u012fvykio prad\u017eios viet\u0105 Google Maps aplinkoje;<\/li>\n<li>Vairuotojas\u00a0\u2013 transporto priemonei priskirtas vairuotojas.<\/li>\n<\/ul>\n<p>Kiti papildomi parametrai, kuriuos galima pasirinkti <strong>stulpeli\u0173 s\u0105ra\u0161e<\/strong>:<\/p>\n<ul>\n<li>Pabaigos koordinat\u0117s\u00a0\u2013\u00a0koordinat\u0117s, kai \u012fvykis pasibaig\u0117;<\/li>\n<li>Pabaigos vieta\u00a0\u2013 adresas, kai \u012fvykis pasibaig\u0117;<\/li>\n<li><i>\u201e<\/i>Google<i>\u201c\u00a0<\/i>pabaigos vieta\u00a0\u2013\u00a0hipersaitas \u012f \u012fvykio ppabaigos viet\u0105 Google Maps aplinkoje;<\/li>\n<li>Tu\u0161\u010diosios eigos pabaigos laikas\u00a0\u2013\u00a0 laikas, kai pasibaig\u0117 tu\u0161\u010diosios veikos \u012fvykis;<\/li>\n<li>Grei\u010dio vir\u0161ijimo pabaigos laikas\u00a0\u2013\u00a0laikas, kai pasibaig\u0117 grei\u010dio vir\u0161ijimo \u012fvykis;<\/li>\n<\/ul>\n<p>Pasirink\u0119s parametrus, vartotojas gali \u012fgalinti arba i\u0161jungti \u0161ias parinktis:<\/p>\n<ul>\n<li><strong>Ataskaitos santrauka<\/strong> \u2013 pagal nutyl\u0117jim\u0105 \u012fgalinta. Santrauka \u012ftraukiama \u012f ataskait\u0105. Apibendrinama visa ataskaitos informacija ir \u012f santrauk\u0105 \u012fterpiamos anks\u010diau pasirinkti stulpeliai.<\/li>\n<\/ul>\n<p><a href=\"https:\/\/www.fmsdocumentation.com\/wp-content\/uploads\/2018\/12\/384LT.png\"><img loading=\"lazy\" decoding=\"async\" class=\"alignnone wp-image-6381 size-large\" src=\"https:\/\/www.fmsdocumentation.com\/wp-content\/uploads\/2018\/12\/384LT-1024x617.png\" alt=\"\" width=\"660\" height=\"398\" srcset=\"https:\/\/www.fmsdocumentation.com\/wp-content\/uploads\/2018\/12\/384LT-1024x617.png 1024w, https:\/\/www.fmsdocumentation.com\/wp-content\/uploads\/2018\/12\/384LT-300x181.png 300w, https:\/\/www.fmsdocumentation.com\/wp-content\/uploads\/2018\/12\/384LT-768x463.png 768w, https:\/\/www.fmsdocumentation.com\/wp-content\/uploads\/2018\/12\/384LT.png 1095w\" sizes=\"auto, (max-width: 660px) 100vw, 660px\" \/><\/a><\/p>\n<p>Nor\u0117damas u\u017ebaigti ir sukurti ataskait\u0105, vartotojas turi paspausti mygtuk\u0105 \u201eGeneruoti\u201c. Nor\u0117damas at\u0161aukti ataskaitos k\u016brim\u0105, vartotojas turi paspausti mygtuk\u0105 \u201eAt\u0161aukti\u201c, arba kur nors u\u017e ataskait\u0173 k\u016brimo lango rib\u0173.<\/p>\n<p><a href=\"https:\/\/www.fmsdocumentation.com\/wp-content\/uploads\/2018\/12\/202LT.png\"><img loading=\"lazy\" decoding=\"async\" class=\"alignnone wp-image-6382 size-full\" src=\"https:\/\/www.fmsdocumentation.com\/wp-content\/uploads\/2018\/12\/202LT.png\" alt=\"\" width=\"502\" height=\"69\" srcset=\"https:\/\/www.fmsdocumentation.com\/wp-content\/uploads\/2018\/12\/202LT.png 502w, https:\/\/www.fmsdocumentation.com\/wp-content\/uploads\/2018\/12\/202LT-300x41.png 300w\" sizes=\"auto, (max-width: 502px) 100vw, 502px\" \/><\/a><\/p>\n<hr \/>\n<p><div class=\"alignleft\"><a href=\"https:\/\/www.fmsdocumentation.com\/lt\/ataskaitu-meniu\/geozonu-ataskaita\/\" title=\"Geozon\u0173 ataskaita\"><span class=\"arrow\">\u2039 &nbsp <\/span> Geozon\u0173 ataskaita <\/a><\/div> <div class=\"alignright\"><a href=\"https:\/\/www.fmsdocumentation.com\/lt\/ataskaitu-meniu\/temperaturu-ataskaita\/\" title=\"Temperat\u016br\u0173 ataskaita\">Temperat\u016br\u0173 ataskaita <span class=\"arrow\"> &nbsp\u203a <\/span> <\/a><\/div><\/p>\n","protected":false},"excerpt":{"rendered":"<p>Vir\u0161yt\u0173 parametr\u0173 ataskait\u0105 \u2013\u00a0\u0161ios ataskaitos tipas yra skirtas suteikti informacij\u0105 apie vairuotojo greit\u012f, siekiant su\u017einoti ar vairuotojas vir\u0161ijo ribojam\u0105 transporto priemon\u0117s greit\u012f. Pirmiausiai, pasirenkamas laikotarpis, kuriam bus sukurta \u0161i ataskaita. Laikotarpis \u2013 nor\u0117damas pasirinkti laikotarp\u012f, vartotojas turi paspausti \u201ePasirinkite laiko interval\u0105\u201c, tuomet atidaromas kalendoriaus skydelis. Kalendorius identi\u0161kas visoje TPVS. Nor\u0117damas pasirinkti prad\u017eios \/ pabaigos dat\u0105, &hellip; <a href=\"https:\/\/www.fmsdocumentation.com\/lt\/ataskaitu-meniu\/virsytu-parametru-ataskaita\/\" class=\"more-link\">Skaityti toliau: <span class=\"screen-reader-text\">Vir\u0161yt\u0173 parametr\u0173 ataskaita<\/span><\/a><\/p>\n","protected":false},"author":5,"featured_media":0,"parent":1492,"menu_order":10,"comment_status":"closed","ping_status":"closed","template":"","meta":{"footnotes":""},"class_list":["post-6373","page","type-page","status-publish","hentry"],"_links":{"self":[{"href":"https:\/\/www.fmsdocumentation.com\/lt\/wp-json\/wp\/v2\/pages\/6373","targetHints":{"allow":["GET"]}}],"collection":[{"href":"https:\/\/www.fmsdocumentation.com\/lt\/wp-json\/wp\/v2\/pages"}],"about":[{"href":"https:\/\/www.fmsdocumentation.com\/lt\/wp-json\/wp\/v2\/types\/page"}],"author":[{"embeddable":true,"href":"https:\/\/www.fmsdocumentation.com\/lt\/wp-json\/wp\/v2\/users\/5"}],"replies":[{"embeddable":true,"href":"https:\/\/www.fmsdocumentation.com\/lt\/wp-json\/wp\/v2\/comments?post=6373"}],"version-history":[{"count":7,"href":"https:\/\/www.fmsdocumentation.com\/lt\/wp-json\/wp\/v2\/pages\/6373\/revisions"}],"predecessor-version":[{"id":7405,"href":"https:\/\/www.fmsdocumentation.com\/lt\/wp-json\/wp\/v2\/pages\/6373\/revisions\/7405"}],"up":[{"embeddable":true,"href":"https:\/\/www.fmsdocumentation.com\/lt\/wp-json\/wp\/v2\/pages\/1492"}],"wp:attachment":[{"href":"https:\/\/www.fmsdocumentation.com\/lt\/wp-json\/wp\/v2\/media?parent=6373"}],"curies":[{"name":"wp","href":"https:\/\/api.w.org\/{rel}","templated":true}]}}