{"id":8152,"date":"2019-07-17T09:02:56","date_gmt":"2019-07-17T07:02:56","guid":{"rendered":"http:\/\/www.fmsdocumentation.com\/api\/kelioniu-api\/"},"modified":"2020-08-26T16:40:13","modified_gmt":"2020-08-26T13:40:13","slug":"kelioniu-api","status":"publish","type":"page","link":"https:\/\/www.fmsdocumentation.com\/lt\/api\/kelioniu-api\/","title":{"rendered":"Kelioni\u0173 API"},"content":{"rendered":"\n<p>Kelioni\u0173 API yra skirtas gauti objekt\u0173 kelioni\u0173 istorijas u\u017eduotam laiko periodui.<\/p>\n\n\n\n<p>U\u017eklausos strukt\u016bra:<\/p>\n\n\n\n<p style=\"background-color: #000000; color: #bbbdc0; font-family: Consolas; padding-left: 10px; padding-right: 10px;\">GET \/objects\/{objectId}\/trips?version=1&#038;from_datetime=<..>&#038;to_datetime=<..>&#038;continuation_token=<..>&#038;limit=<..>&#038;api_key=<..> HTTP\/1.1\r\n<br>HOST:api.fm-track.com\r\n<br>Content-Type:application\/json;charset=UTF-8<\/p>\n\n\n\n<p>U\u017eklausos parametrai:<\/p>\n\n\n\n\n<table id=\"tablepress-138\" class=\"tablepress tablepress-id-138\">\n<thead>\n<tr class=\"row-1\">\n\t<th class=\"column-1\">Parameter<\/th><th class=\"column-2\">Tipas<\/th><th class=\"column-3\">Apra\u0161ymas<\/th><th class=\"column-4\">Ar b\u016btinas?<\/th>\n<\/tr>\n<\/thead>\n<tbody>\n<tr class=\"row-2\">\n\t<td class=\"column-1\">objectId<\/td><td class=\"column-2\">Tekstas<\/td><td class=\"column-3\">I\u0161orinio objekto identifikacinis numeris (ID)<\/td><td class=\"column-4\">Taip<\/td>\n<\/tr>\n<tr class=\"row-3\">\n\t<td class=\"column-1\">from_datetime<\/td><td class=\"column-2\">Data ir laikas<\/td><td class=\"column-3\">Suranda \u012fra\u0161us nuo nurodytos datos ir laiko. Datos ir laiko pavyzdys pagal ISO-8601 standart\u0105: \u201c2019-04-13T06:58:48.090Z\u201d<\/td><td class=\"column-4\">Taip<\/td>\n<\/tr>\n<tr class=\"row-4\">\n\t<td class=\"column-1\">to_datetime<\/td><td class=\"column-2\">Data ir laikas<\/td><td class=\"column-3\">Suranda \u012fra\u0161us iki nurodytos datos ir laiko. Jei konkre\u010diai nenurodyta, sistema ie\u0161ko \u012fra\u0161\u0173 iki dabartin\u0117s datos, kol nepasiektas \u012fra\u0161\u0173 limitas. Datos ir laiko pavyzdys pagal ISO-8601 standart\u0105: \u201c2019-04-13T06:58:48.090Z\u201d<\/td><td class=\"column-4\">Ne<\/td>\n<\/tr>\n<tr class=\"row-5\">\n\t<td class=\"column-1\">continuation_token<\/td><td class=\"column-2\">Data ir laikas<\/td><td class=\"column-3\">\u012eterpia t\u0119stinumo simbol\u012f bei rodo sekant\u012f duomen\u0173 komplekt\u0105, pasiekus praeit\u0105 \u012fra\u0161\u0173 limit\u0105<\/td><td class=\"column-4\">Ne<\/td>\n<\/tr>\n<tr class=\"row-6\">\n\t<td class=\"column-1\">limit<\/td><td class=\"column-2\">Sveikasis skai\u010dius<\/td><td class=\"column-3\">Nustato \u012fra\u0161\u0173 limit\u0105 sistemos atsakyme (numatytoji vert\u0117 - 100 \u012fra\u0161\u0173, maksimali vert\u0117 - 1000)<\/td><td class=\"column-4\">Ne<\/td>\n<\/tr>\n<tr class=\"row-7\">\n\t<td class=\"column-1\">version<\/td><td class=\"column-2\">Tekstas<\/td><td class=\"column-3\">API versija<\/td><td class=\"column-4\">Taip<\/td>\n<\/tr>\n<tr class=\"row-8\">\n\t<td class=\"column-1\">api_key<\/td><td class=\"column-2\">Tekstas<\/td><td class=\"column-3\">Vartotojo identifikacinis raktas<\/td><td class=\"column-4\">Taip<\/td>\n<\/tr>\n<\/tbody>\n<\/table>\n<!-- #tablepress-138 from cache -->\n\n\n\n<p>Atsakymo pavyzdys:<\/p>\n\n\n\n<div class=\"wp-block-codemirror-blocks-code-block code-block\"><pre class=\"CodeMirror cm-s-dracula\" data-setting=\"{&quot;mode&quot;:&quot;javascript&quot;,&quot;mime&quot;:&quot;application\/json&quot;,&quot;theme&quot;:&quot;dracula&quot;,&quot;lineNumbers&quot;:true,&quot;styleActiveLine&quot;:false,&quot;lineWrapping&quot;:false,&quot;readOnly&quot;:true,&quot;language&quot;:&quot;JSON&quot;,&quot;modeName&quot;:&quot;json&quot;}\">{\n\t&quot;continuation_token&quot;: &quot;2019-05-24T06:58:48.121Z&quot;,\n\t&quot;trips&quot;: [\n      {\n        &quot;object_id&quot;: &quot;ID0000&quot;,\n        &quot;trip_type&quot;:&quot;BUSINESS&quot;,\n        &quot;trip_duration&quot;: 4781,\n        &quot;mileage&quot;: 10.56,\n        &quot;driver_ids&quot;: [&quot;asdf321&quot;,&quot;123asdf&quot;,&quot;fdsa123&quot;],\n        &quot;trip_start&quot;: {\n          &quot;datetime&quot;: &quot;2019-05-24T06:58:48.121Z&quot;,\n          &quot;longitude&quot;: 11.2222,,\n          &quot;latitude&quot;: 33.444,\n          &quot;address&quot;: {\n            &quot;country&quot;: &quot;Denmark&quot;,\n            &quot;country_code&quot;: &quot;DK&quot;,\n            &quot;county&quot;: &quot;&quot;,\n            &quot;region&quot;: &quot;&quot;,\n            &quot;locality&quot;: &quot;Herlev&quot;,\n            &quot;street&quot;: &quot;Unnamed Road&quot;,\n            &quot;house_number&quot;: &quot;&quot;,\n            &quot;zip&quot;: &quot;2730&quot;\n          },\n          &quot;trip_end&quot;: {\n            &quot;datetime&quot;: &quot;2019-05-24T06:58:48.121Z&quot;,\n            &quot;longitude&quot;: 0,\n            &quot;latitude&quot;: 0,\n            &quot;address&quot;: {\n              &quot;country&quot;: &quot;Denmark&quot;,\n              &quot;country_code&quot;: &quot;DK&quot;,\n              &quot;county&quot;: &quot;&quot;,\n              &quot;region&quot;: &quot;&quot;,\n              &quot;locality&quot;: &quot;Herlev&quot;,\n              &quot;street&quot;: &quot;Unnamed Road&quot;,\n              &quot;house_number&quot;: &quot;&quot;,\n              &quot;zip&quot;: &quot;2730&quot;\n            },\n          },\n\t...\n\t]\n}<\/pre><\/div>\n\n\n\n<p>Jei parametras arba&nbsp;<a href=\"https:\/\/www.fmsdocumentation.com\/lt\/api\/?lang=lt\">API<\/a>&nbsp;raktas \u012fvestas neteisingai, sistema pateiks klaidos kod\u0105, visi klaid\u0173 kodai apra\u0161yti API skyriuje. Parametrai, kuriems duomenys n\u0117ra pateikti, n\u0117ra \u012ftraukiami \u012f atsakym\u0105. Parametrai apra\u0161yti \u0161io skyriaus pabaigoje.<\/p>\n\n\n\n<p>Atsakymo pavyzdys:<\/p>\n\n\n\n\n<table id=\"tablepress-141\" class=\"tablepress tablepress-id-141\">\n<thead>\n<tr class=\"row-1\">\n\t<th class=\"column-1\">Parametras<\/th><th class=\"column-2\">Tipas<\/th><th class=\"column-3\">Apra\u0161ymas<\/th><th class=\"column-4\">Matavimo vienetai<\/th>\n<\/tr>\n<\/thead>\n<tbody>\n<tr class=\"row-2\">\n\t<td class=\"column-1\">continuation_token<\/td><td class=\"column-2\"><\/td><td class=\"column-3\">T\u0119stinumo simbolis gaunamas, kai u\u017eklausiamas didelis \u012fra\u0161\u0173 kiekis ilgam laikotarpiui, kai vir\u0161ijamas nustatytas \u012fra\u0161\u0173 limitas. Tada atsakymo gale rodomas t\u0119stinumo simbolis, kuris naudojamas norint atvaizduoti sekant\u012f duomen\u0173 komplekt\u0105 pasirinktam laikotarpiui. Jei po simbolio neb\u0117ra daugiau duomen\u0173, atsakymas bus tu\u0161\u010dias<\/td><td class=\"column-4\"><\/td>\n<\/tr>\n<tr class=\"row-3\">\n\t<td class=\"column-1\">trips<\/td><td class=\"column-2\">Masyvas<\/td><td class=\"column-3\">Talpina visus parametrus priklausomai nuo u\u017eklausos<\/td><td class=\"column-4\"><\/td>\n<\/tr>\n<tr class=\"row-4\">\n\t<td class=\"column-1\">object_id<\/td><td class=\"column-2\">Tekstas<\/td><td class=\"column-3\">Objekto identifikatorius<\/td><td class=\"column-4\"><\/td>\n<\/tr>\n<tr class=\"row-5\">\n\t<td class=\"column-1\">trip_type<\/td><td class=\"column-2\">Enum<\/td><td class=\"column-3\">Kelion\u0117s tipas<br \/>\nGalimos vert\u0117s:<br \/>\nUNKNOWN<br \/>\nNONE<br \/>\nPRIVATE<br \/>\nBUSINESS<br \/>\nWORK<\/td><td class=\"column-4\"><\/td>\n<\/tr>\n<tr class=\"row-6\">\n\t<td class=\"column-1\">trip_duration<\/td><td class=\"column-2\">Data<\/td><td class=\"column-3\">Kelion\u0117s trukm\u0117<\/td><td class=\"column-4\">s<\/td>\n<\/tr>\n<tr class=\"row-7\">\n\t<td class=\"column-1\">mileage<\/td><td class=\"column-2\">Skai\u010dius<\/td><td class=\"column-3\">Nuva\u017eiuotas atstumas kelion\u0117s metu<br \/>\n<\/td><td class=\"column-4\">m<\/td>\n<\/tr>\n<tr class=\"row-8\">\n\t<td class=\"column-1\">driver_ids<\/td><td class=\"column-2\">Masyvas<\/td><td class=\"column-3\">Talpykla, skirta visiems vairuotoj\u0173 ID, kurie buvo priskirti transporto priemonei kelion\u0117s metu<\/td><td class=\"column-4\"><\/td>\n<\/tr>\n<tr class=\"row-9\">\n\t<td class=\"column-1\">trip_start<\/td><td class=\"column-2\">Masyvas<\/td><td class=\"column-3\">Talpykla, skirta kelion\u0117s prad\u017eios parametrams<\/td><td class=\"column-4\"><\/td>\n<\/tr>\n<tr class=\"row-10\">\n\t<td class=\"column-1\">datetime<\/td><td class=\"column-2\">Data<\/td><td class=\"column-3\">Aparatin\u0117s \u012frangos sugeneruota koordina\u010di\u0173 data ir laikas<br \/>\nFormatas: \"yyyy-mm-ddThh:mm:ss.sssZ\"<\/td><td class=\"column-4\">Data<\/td>\n<\/tr>\n<tr class=\"row-11\">\n\t<td class=\"column-1\">longitude<\/td><td class=\"column-2\">Skai\u010dius<\/td><td class=\"column-3\">GPS koordinat\u0117 \u2013 ilguma<\/td><td class=\"column-4\">Laipsniai<\/td>\n<\/tr>\n<tr class=\"row-12\">\n\t<td class=\"column-1\">latitude<\/td><td class=\"column-2\">Skai\u010dius<\/td><td class=\"column-3\">GPS koordinat\u0117 \u2013 platuma<\/td><td class=\"column-4\">Laipsniai<\/td>\n<\/tr>\n<tr class=\"row-13\">\n\t<td class=\"column-1\">address<\/td><td class=\"column-2\">Array<\/td><td class=\"column-3\">Talpykla, skirta adreso parametrams<\/td><td class=\"column-4\"><\/td>\n<\/tr>\n<tr class=\"row-14\">\n\t<td class=\"column-1\">country<\/td><td class=\"column-2\">Tekstas<\/td><td class=\"column-3\">\u0160alies pavadinimas<\/td><td class=\"column-4\"><\/td>\n<\/tr>\n<tr class=\"row-15\">\n\t<td class=\"column-1\">country_code<\/td><td class=\"column-2\">Tekstas<\/td><td class=\"column-3\">\u0160alies kodas<\/td><td class=\"column-4\"><\/td>\n<\/tr>\n<tr class=\"row-16\">\n\t<td class=\"column-1\">county<\/td><td class=\"column-2\">Tekstas<\/td><td class=\"column-3\">Valstijos pavadinimas<\/td><td class=\"column-4\"><\/td>\n<\/tr>\n<tr class=\"row-17\">\n\t<td class=\"column-1\">region<\/td><td class=\"column-2\">Tekstas<\/td><td class=\"column-3\">Regiono pavadinimas<\/td><td class=\"column-4\"><\/td>\n<\/tr>\n<tr class=\"row-18\">\n\t<td class=\"column-1\">locality<\/td><td class=\"column-2\">Tekstas<\/td><td class=\"column-3\">Vietov\u0117s pavadinimas<\/td><td class=\"column-4\"><\/td>\n<\/tr>\n<tr class=\"row-19\">\n\t<td class=\"column-1\">street<\/td><td class=\"column-2\">Tekstas<\/td><td class=\"column-3\">Gatv\u0117s pavadinimas<\/td><td class=\"column-4\"><\/td>\n<\/tr>\n<tr class=\"row-20\">\n\t<td class=\"column-1\">house_number<\/td><td class=\"column-2\">Tekstas<\/td><td class=\"column-3\">Namo numeris<\/td><td class=\"column-4\"><\/td>\n<\/tr>\n<tr class=\"row-21\">\n\t<td class=\"column-1\">zip<\/td><td class=\"column-2\">Tekstas<\/td><td class=\"column-3\">ZIP kodas<\/td><td class=\"column-4\"><\/td>\n<\/tr>\n<tr class=\"row-22\">\n\t<td class=\"column-1\">trip_end<\/td><td class=\"column-2\">Masyvas<\/td><td class=\"column-3\">Talpykla, skirta kelion\u0117s pabaigos parametrams<\/td><td class=\"column-4\"><\/td>\n<\/tr>\n<\/tbody>\n<\/table>\n<!-- #tablepress-141 from cache -->\n\n\n\n<p>\n<div class=\"alignleft\"><a href=\"https:\/\/www.fmsdocumentation.com\/lt\/api\/objektu-koordinaciu-pateikimo-api-v3\/\" title=\"Objekt\u0173 koordina\u010di\u0173 pateikimo API v3\"><span class=\"arrow\">\u2039 &nbsp <\/span> Objekt\u0173 koordina\u010di\u0173 pateikimo API v3 <\/a><\/div> <div class=\"alignright\"><a href=\"https:\/\/www.fmsdocumentation.com\/lt\/api\/vairuotoju-laiko-analizes-api\/\" title=\"Vairuotoj\u0173 laiko analiz\u0117s API\">Vairuotoj\u0173 laiko analiz\u0117s API <span class=\"arrow\"> &nbsp\u203a <\/span> <\/a><\/div>\n\n<\/p>\n","protected":false},"excerpt":{"rendered":"<p>Kelioni\u0173 API yra skirtas gauti objekt\u0173 kelioni\u0173 istorijas u\u017eduotam laiko periodui. U\u017eklausos strukt\u016bra: GET \/objects\/{objectId}\/trips?version=1&#038;from_datetime=&#038;to_datetime=&#038;continuation_token=&#038;limit=&#038;api_key= HTTP\/1.1 HOST:api.fm-track.com Content-Type:application\/json;charset=UTF-8 U\u017eklausos parametrai: Atsakymo pavyzdys: Jei parametras arba&nbsp;API&nbsp;raktas \u012fvestas neteisingai, sistema pateiks klaidos kod\u0105, visi klaid\u0173 kodai apra\u0161yti API skyriuje. Parametrai, kuriems duomenys n\u0117ra pateikti, n\u0117ra \u012ftraukiami \u012f atsakym\u0105. Parametrai apra\u0161yti \u0161io skyriaus pabaigoje. Atsakymo pavyzdys:<\/p>\n","protected":false},"author":5,"featured_media":0,"parent":1582,"menu_order":6,"comment_status":"closed","ping_status":"closed","template":"","meta":{"footnotes":""},"class_list":["post-8152","page","type-page","status-publish","hentry"],"_links":{"self":[{"href":"https:\/\/www.fmsdocumentation.com\/lt\/wp-json\/wp\/v2\/pages\/8152","targetHints":{"allow":["GET"]}}],"collection":[{"href":"https:\/\/www.fmsdocumentation.com\/lt\/wp-json\/wp\/v2\/pages"}],"about":[{"href":"https:\/\/www.fmsdocumentation.com\/lt\/wp-json\/wp\/v2\/types\/page"}],"author":[{"embeddable":true,"href":"https:\/\/www.fmsdocumentation.com\/lt\/wp-json\/wp\/v2\/users\/5"}],"replies":[{"embeddable":true,"href":"https:\/\/www.fmsdocumentation.com\/lt\/wp-json\/wp\/v2\/comments?post=8152"}],"version-history":[{"count":4,"href":"https:\/\/www.fmsdocumentation.com\/lt\/wp-json\/wp\/v2\/pages\/8152\/revisions"}],"predecessor-version":[{"id":8223,"href":"https:\/\/www.fmsdocumentation.com\/lt\/wp-json\/wp\/v2\/pages\/8152\/revisions\/8223"}],"up":[{"embeddable":true,"href":"https:\/\/www.fmsdocumentation.com\/lt\/wp-json\/wp\/v2\/pages\/1582"}],"wp:attachment":[{"href":"https:\/\/www.fmsdocumentation.com\/lt\/wp-json\/wp\/v2\/media?parent=8152"}],"curies":[{"name":"wp","href":"https:\/\/api.w.org\/{rel}","templated":true}]}}