{"id":9353,"date":"2020-08-24T14:43:24","date_gmt":"2020-08-24T11:43:24","guid":{"rendered":"https:\/\/www.fmsdocumentation.com\/marsrutai-ir-uzduotys\/uzduociu-kurimas\/"},"modified":"2021-12-13T15:52:11","modified_gmt":"2021-12-13T12:52:11","slug":"kelioniu-kurimas","status":"publish","type":"page","link":"https:\/\/www.fmsdocumentation.com\/lt\/marsrutai-ir-uzduotys\/kelioniu-kurimas\/","title":{"rendered":"Kelioni\u0173 k\u016brimas"},"content":{"rendered":"\r\n<p>Pradedant naudotis <strong>Mar\u0161rut\u0173 ir u\u017eduo\u010di\u0173 <\/strong>moduliu, reikia sukurti kelion\u0119. De\u0161iniajame vir\u0161utiniame kampe paspauskite <strong>Kurti kelion\u0119, <\/strong>bus sukuriama nauja kelion\u0117. B\u016bsite nukreipti \u012f kelion\u0117s k\u016brimo lang\u0105.<\/p>\r\n\r\n\r\n\r\n<figure class=\"wp-block-image is-resized\"><a href=\"https:\/\/www.fmsdocumentation.com\/wp-content\/uploads\/2021\/12\/397LT.png\"><img loading=\"lazy\" decoding=\"async\" class=\"alignnone wp-image-10883 size-full\" src=\"https:\/\/www.fmsdocumentation.com\/wp-content\/uploads\/2021\/12\/397LT.png\" alt=\"\" width=\"426\" height=\"246\" srcset=\"https:\/\/www.fmsdocumentation.com\/wp-content\/uploads\/2021\/12\/397LT.png 426w, https:\/\/www.fmsdocumentation.com\/wp-content\/uploads\/2021\/12\/397LT-300x173.png 300w\" sizes=\"auto, (max-width: 426px) 100vw, 426px\" \/><\/a><\/figure>\r\n\r\n\r\n\r\n<h4 class=\"wp-block-heading\">Mar\u0161rut\u0173 tipai ir nustatymai<\/h4>\r\n\r\n\r\n\r\n<p><strong>Kurti kelion\u0119<\/strong> lango vir\u0161uje pasirinkite transporto priemon\u0117s tip\u0105. Pasirinkti galima tarp lengvosios komercin\u0117s transporto priemon\u0117s ir sunkiosios komercin\u0117s transporto priemon\u0117s tip\u0173, paspaud\u017eiant ant atitinkam\u0173 piktogram\u0173. \u0160is pasirinkimas nustato kokio tipo parametrai gali b\u016bti pritaikyti mar\u0161rutui. <strong>Nustatym\u0173\u00a0<\/strong>piktograma atidaro mar\u0161ruto nustatymus.<\/p>\r\n\r\n\r\n\r\n<figure class=\"wp-block-image is-resized\"><a href=\"https:\/\/www.fmsdocumentation.com\/wp-content\/uploads\/2021\/12\/435LT-1.png\"><img loading=\"lazy\" decoding=\"async\" class=\"alignnone wp-image-10908 size-large\" src=\"https:\/\/www.fmsdocumentation.com\/wp-content\/uploads\/2021\/12\/435LT-1-1024x504.png\" alt=\"\" width=\"660\" height=\"325\" srcset=\"https:\/\/www.fmsdocumentation.com\/wp-content\/uploads\/2021\/12\/435LT-1-1024x504.png 1024w, https:\/\/www.fmsdocumentation.com\/wp-content\/uploads\/2021\/12\/435LT-1-300x148.png 300w, https:\/\/www.fmsdocumentation.com\/wp-content\/uploads\/2021\/12\/435LT-1-768x378.png 768w, https:\/\/www.fmsdocumentation.com\/wp-content\/uploads\/2021\/12\/435LT-1-1536x756.png 1536w, https:\/\/www.fmsdocumentation.com\/wp-content\/uploads\/2021\/12\/435LT-1-2048x1008.png 2048w\" sizes=\"auto, (max-width: 660px) 100vw, 660px\" \/><\/a><\/figure>\r\n\r\n\r\n\r\n<p>Lengvosioms komercin\u0117ms transporto priemon\u0117ms pasirinkite, ar norite vengti kelt\u0173, greitkeli\u0173 ar prava\u017eiavimo mokes\u010di\u0173. Taip pat galima pasirinkti ar \u017eem\u0117lapyje bus rodomi poilsio ta\u0161kai. Mar\u0161rutai yra perskai\u010diuojami po kiekvieno i\u0161saugoto pakeitimo.<\/p>\r\n\r\n\r\n\r\n<figure class=\"wp-block-image is-resized\"><a href=\"https:\/\/www.fmsdocumentation.com\/wp-content\/uploads\/2020\/08\/436LT.png\"><img loading=\"lazy\" decoding=\"async\" class=\"wp-image-9368\" src=\"https:\/\/www.fmsdocumentation.com\/wp-content\/uploads\/2020\/08\/436LT.png\" alt=\"\" width=\"580\" height=\"331\" srcset=\"https:\/\/www.fmsdocumentation.com\/wp-content\/uploads\/2020\/08\/436LT.png 826w, https:\/\/www.fmsdocumentation.com\/wp-content\/uploads\/2020\/08\/436LT-300x171.png 300w, https:\/\/www.fmsdocumentation.com\/wp-content\/uploads\/2020\/08\/436LT-768x439.png 768w\" sizes=\"auto, (max-width: 580px) 100vw, 580px\" \/><\/a><\/figure>\r\n\r\n\r\n\r\n<p>Sunkiosioms komercin\u0117ms transporto priemon\u0117ms galima pasirinkti \u0161iuos parametrus:<\/p>\r\n\r\n\r\n\r\n<p><strong>Pagrindinis<\/strong><\/p>\r\n\r\n\r\n\r\n<ul class=\"wp-block-list\">\r\n<li>Transporto priemon\u0117s parametrai:<br \/>&#8211; Ilgis metrais<br \/>&#8211; Plotis metrais<br \/>&#8211; Auk\u0161tis metrais<br \/>&#8211; Svoris tonomis<br \/>&#8211; A\u0161ies svoris tonomis<br \/>&#8211; Priekab\u0173 skai\u010dius<br \/>&#8211; Emisijos tipas<\/li>\r\n<li>Mar\u0161ruto parametrai:<br \/>&#8211; Vengti &#8211; mokes\u010di\u0173, tuneli\u0173, kelt\u0173, sud\u0117ting\u0173 pos\u016bki\u0173<\/li>\r\n<\/ul>\r\n\r\n\r\n\r\n<p><strong>Laikytis mar\u0161ruto\u00a0<\/strong>parametras apriboja mar\u0161rut\u0105, kad vairuotojas vadovaut\u0173si tiksliai nurodytu mar\u0161rutu.\u00a0<strong>\u012etraukti eism\u0105<\/strong> pritaiko atitinkam\u0105, su eismu susijusi\u0105 informacij\u0105.<\/p>\r\n\r\n\r\n\r\n<figure class=\"wp-block-image is-resized\"><a href=\"https:\/\/www.fmsdocumentation.com\/wp-content\/uploads\/2021\/12\/437LT.png\"><img loading=\"lazy\" decoding=\"async\" class=\"alignnone wp-image-10909 \" src=\"https:\/\/www.fmsdocumentation.com\/wp-content\/uploads\/2021\/12\/437LT.png\" alt=\"\" width=\"576\" height=\"669\" srcset=\"https:\/\/www.fmsdocumentation.com\/wp-content\/uploads\/2021\/12\/437LT.png 673w, https:\/\/www.fmsdocumentation.com\/wp-content\/uploads\/2021\/12\/437LT-259x300.png 259w\" sizes=\"auto, (max-width: 576px) 100vw, 576px\" \/><\/a><\/figure>\r\n\r\n\r\n\r\n<p><strong>ADR (pavojingi kroviniai)<\/strong><\/p>\r\n\r\n\r\n\r\n<ul class=\"wp-block-list\">\r\n<li>Pavojingos med\u017eiagos &#8211; varnele pa\u017eym\u0117kite kiekvien\u0105 krovinyje esan\u010di\u0105 pavojing\u0105 med\u017eiag\u0105. Pritaikius \u0161iuos ribojimus, ne\u012ftraukiami keliai kuriuose \u0161i\u0173 med\u017eiag\u0173 perve\u017eimas yra neleid\u017eiamas.<\/li>\r\n<li>Tuneli\u0173 kategorijos &#8211; pa\u017eym\u0117kite, kurios tuneli\u0173 kategorijos turi b\u016bti vengiamos. <a href=\"https:\/\/ltsa.lrv.lt\/uploads\/ltsa\/documents\/files\/ADR%202019%20I%20TOMAS(1).pdf\" target=\"_blank\" rel=\"noopener noreferrer\">Tuneli\u0173 kategorijos<\/a> apra\u0161o kokios pavojingos med\u017eiagos yra neleid\u017eiamos perve\u017eimui pro j\u012f.<\/li>\r\n<\/ul>\r\n\r\n\r\n\r\n<figure class=\"wp-block-image is-resized\"><a href=\"https:\/\/www.fmsdocumentation.com\/wp-content\/uploads\/2020\/08\/438LT.png\"><img loading=\"lazy\" decoding=\"async\" class=\"wp-image-9370\" src=\"https:\/\/www.fmsdocumentation.com\/wp-content\/uploads\/2020\/08\/438LT.png\" alt=\"\" width=\"580\" height=\"609\" srcset=\"https:\/\/www.fmsdocumentation.com\/wp-content\/uploads\/2020\/08\/438LT.png 818w, https:\/\/www.fmsdocumentation.com\/wp-content\/uploads\/2020\/08\/438LT-286x300.png 286w, https:\/\/www.fmsdocumentation.com\/wp-content\/uploads\/2020\/08\/438LT-768x806.png 768w\" sizes=\"auto, (max-width: 580px) 100vw, 580px\" \/><\/a><\/figure>\r\n\r\n\r\n\r\n<p>Mar\u0161rutai yra perskai\u010diuojami po kiekvieno i\u0161saugoto pakeitimo.<\/p>\r\n\r\n\r\n\r\n<h4 class=\"wp-block-heading\">Mar\u0161rut\u0173 apibr\u0117\u017eimas ir pasirinkimas<\/h4>\r\n\r\n\r\n\r\n<p>Kelion\u0117 turi tur\u0117ti pavadinim\u0105 ir mar\u0161rut\u0105. Pradedant, \u012fveskite kelion\u0117s pavadinim\u0105 ir mar\u0161rutui nustatykite prad\u017eios (1) ir pabaigos (2) ta\u0161kus. Juos galima nustatyti \u012fvedant tekst\u0105 \u012f laukus arba paspaud\u017eiant \u017eem\u0117lapyje. Galima naudoti adres\u0105, koordinates, geozon\u0105 arba objekto viet\u0105 kaip ta\u0161k\u0105. Sistema tuomet apskai\u010diuoja kelet\u0105 galim\u0173 mar\u0161rut\u0173 tarp dviej\u0173 ta\u0161k\u0173. Mar\u0161rutai rodomi kelion\u0117s k\u016brimo lange ir \u017eem\u0117lapyje.<\/p>\r\n\r\n\r\n\r\n<p>Mar\u0161rut\u0105 galima pasirinkti paspaud\u017eiant ant jo kelion\u0117s k\u016brimo lange arba \u017eem\u0117lapyje. Visa mar\u0161ruto trukm\u0117 ir ilgis yra rodomi tarp dviej\u0173 ta\u0161k\u0173 kelion\u0117s k\u016brimo lange arba \u017eem\u0117lapyje.<\/p>\r\n\r\n\r\n\r\n<p><p class=\"note\">Pastaba<br \/>Pel\u0117s \u017eymekliu u\u017evedus ant mar\u0161ruto suvestin\u0117s \u017eem\u0117lapyje, bus rodoma papildoma informacija apie \u0161\u012f mar\u0161rut\u0105. Paspauskite ir tempkite ta\u0161k\u0105 mar\u0161rute norint pakeisti jo pozicij\u0105. \u00a0<\/p>\r\n\r\n\r\n\r\n\r\n\r\n<figure class=\"wp-block-image is-resized size-large\"><a href=\"https:\/\/www.fmsdocumentation.com\/wp-content\/uploads\/2021\/12\/398LT.png\"><img loading=\"lazy\" decoding=\"async\" class=\"alignnone wp-image-10910 size-large\" src=\"https:\/\/www.fmsdocumentation.com\/wp-content\/uploads\/2021\/12\/398LT-1024x502.png\" alt=\"\" width=\"660\" height=\"324\" srcset=\"https:\/\/www.fmsdocumentation.com\/wp-content\/uploads\/2021\/12\/398LT-1024x502.png 1024w, https:\/\/www.fmsdocumentation.com\/wp-content\/uploads\/2021\/12\/398LT-300x147.png 300w, https:\/\/www.fmsdocumentation.com\/wp-content\/uploads\/2021\/12\/398LT-768x377.png 768w, https:\/\/www.fmsdocumentation.com\/wp-content\/uploads\/2021\/12\/398LT-1536x754.png 1536w, https:\/\/www.fmsdocumentation.com\/wp-content\/uploads\/2021\/12\/398LT-2048x1005.png 2048w\" sizes=\"auto, (max-width: 660px) 100vw, 660px\" \/><\/a><\/figure>\r\n<p>Taip pat galima prid\u0117ti pastabas kiekvienam mar\u0161ruto ta\u0161kui. Paspaudus nuo \u012fvedimo laiko de\u0161in\u0117je esan\u010di\u0105 piktogram\u0105, atsidarys langas. \u010cia galite \u012fvesti numatyt\u0105j\u012f atvykimo laik\u0105 ir prid\u0117ti norimas pastabas \u0161iam ta\u0161kui. Paspauskite <strong>I\u0161saugoti<\/strong> nor\u0117dami prid\u0117ti \u0161i\u0105 pastab\u0105 prie ta\u0161ko.<\/p>\r\n<p><a href=\"https:\/\/www.fmsdocumentation.com\/wp-content\/uploads\/2021\/12\/455LT.png\"><img loading=\"lazy\" decoding=\"async\" class=\"alignnone wp-image-10911 \" src=\"https:\/\/www.fmsdocumentation.com\/wp-content\/uploads\/2021\/12\/455LT.png\" alt=\"\" width=\"629\" height=\"220\" srcset=\"https:\/\/www.fmsdocumentation.com\/wp-content\/uploads\/2021\/12\/455LT.png 930w, https:\/\/www.fmsdocumentation.com\/wp-content\/uploads\/2021\/12\/455LT-300x105.png 300w, https:\/\/www.fmsdocumentation.com\/wp-content\/uploads\/2021\/12\/455LT-768x269.png 768w\" sizes=\"auto, (max-width: 629px) 100vw, 629px\" \/><\/a><\/p>\r\n\r\n\r\n\r\n<h4 class=\"wp-block-heading\">Papildom\u0173 ta\u0161k\u0173 prid\u0117jimas<\/h4>\r\n\r\n\r\n\r\n<p>Mar\u0161rutas gali tur\u0117ti iki 20 ta\u0161k\u0173. Papildomus ta\u0161kus galima prid\u0117ti \u0161iais b\u016bdais:<\/p>\r\n\r\n\r\n\r\n<ul class=\"wp-block-list\">\r\n<li>Spaud\u017eiant\u00a0<strong>Prid\u0117ti daugiau ta\u0161k\u0173\u00a0<\/strong>kelion\u0117s k\u016brimo lange ir apra\u0161ant nauj\u0105 ta\u0161k\u0105<\/li>\r\n<li>Kairiuoju ar de\u0161iniuoju pel\u0117s klavi\u0161u \u017eem\u0117lapyje nuspaud\u017eiant mar\u0161rut\u0105 ir neatleidus tempiant pel\u0117s \u017eymekl\u012f \u012f viet\u0105 kurioje norima prid\u0117ti ta\u0161k\u0105<\/li>\r\n<li>De\u0161iniuoju pel\u0117s klavi\u0161u paspaud\u017eiant \u017eem\u0117lapyje ir pasirenkant <strong>Prid\u0117ti ta\u0161k\u0105 prie mar\u0161ruto<\/strong><\/li>\r\n<\/ul>\r\n\r\n\r\n\r\n<p>Ta\u0161k\u0173 eili\u0161kum\u0105 galima pakeisti kelion\u0117s k\u016brimo lange juos tempiant ir paleid\u017eiant. Ta\u0161k\u0105 pa\u0161alinti galima spaud\u017eiant <strong>X<\/strong>.<\/p>\r\n\r\n\r\n\r\n<figure class=\"wp-block-image is-resized size-large\"><a href=\"https:\/\/www.fmsdocumentation.com\/wp-content\/uploads\/2021\/12\/400LT.png\"><img loading=\"lazy\" decoding=\"async\" class=\"alignnone wp-image-10912 size-large\" src=\"https:\/\/www.fmsdocumentation.com\/wp-content\/uploads\/2021\/12\/400LT-1024x505.png\" alt=\"\" width=\"660\" height=\"325\" srcset=\"https:\/\/www.fmsdocumentation.com\/wp-content\/uploads\/2021\/12\/400LT-1024x505.png 1024w, https:\/\/www.fmsdocumentation.com\/wp-content\/uploads\/2021\/12\/400LT-300x148.png 300w, https:\/\/www.fmsdocumentation.com\/wp-content\/uploads\/2021\/12\/400LT-768x379.png 768w, https:\/\/www.fmsdocumentation.com\/wp-content\/uploads\/2021\/12\/400LT-1536x757.png 1536w, https:\/\/www.fmsdocumentation.com\/wp-content\/uploads\/2021\/12\/400LT-2048x1010.png 2048w\" sizes=\"auto, (max-width: 660px) 100vw, 660px\" \/><\/a><\/figure>\r\n\r\n\r\n\r\n<figure class=\"wp-block-image is-resized size-large\"><\/figure>\r\n\r\n\r\n\r\n<figure><\/figure>\r\n\r\n\r\n\r\n<figure class=\"wp-block-image size-large\"><p class=\"note\">Pastaba<br \/>Pilka linija nurodo mar\u0161rut\u0105 kur\u012f transporto priemon\u0117 turi nukeliauti iki pradinio ta\u0161ko. \u0160is mar\u0161rutas n\u0117ra galutinio mar\u0161ruto dalis.<\/figure>\r\n\r\n\r\n\r\n<p>Paspaudus\u00a0<strong>I\u0161saugoti,<\/strong> kelion\u0117 bus i\u0161saugoma ir gr\u012f\u017etama prie kelioni\u0173 s\u0105ra\u0161o. Paspaudus <strong>U\u017edaryti, <\/strong>kelion\u0117 bus atmesta ir gr\u012f\u017etama prie kelioni\u0173 s\u0105ra\u0161o.<\/p>\r\n\r\n\r\n\r\n<p><div class=\"alignleft\"><a href=\"https:\/\/www.fmsdocumentation.com\/lt\/marsrutai-ir-uzduotys\/\" title=\"Mar\u0161rut\u0173 ir u\u017eduo\u010di\u0173 meniu\"><span class=\"arrow\">\u2039 &nbsp <\/span> Mar\u0161rut\u0173 ir u\u017eduo\u010di\u0173 meniu <\/a><\/div><div class=\"alignright\"><a href=\"https:\/\/www.fmsdocumentation.com\/lt\/marsrutai-ir-uzduotys\/kelioniu-valdymas\/\" title=\"Kelioni\u0173 valdymas\">Kelioni\u0173 valdymas <span class=\"arrow\"> &nbsp\u203a <\/span> <\/a><\/div><\/p>\r\n\r\n<p>&nbsp;<\/p>","protected":false},"excerpt":{"rendered":"<p>Pradedant naudotis Mar\u0161rut\u0173 ir u\u017eduo\u010di\u0173 moduliu, reikia sukurti kelion\u0119. De\u0161iniajame vir\u0161utiniame kampe paspauskite Kurti kelion\u0119, bus sukuriama nauja kelion\u0117. B\u016bsite nukreipti \u012f kelion\u0117s k\u016brimo lang\u0105. Mar\u0161rut\u0173 tipai ir nustatymai Kurti kelion\u0119 lango vir\u0161uje pasirinkite transporto priemon\u0117s tip\u0105. Pasirinkti galima tarp lengvosios komercin\u0117s transporto priemon\u0117s ir sunkiosios komercin\u0117s transporto priemon\u0117s tip\u0173, paspaud\u017eiant ant atitinkam\u0173 piktogram\u0173. \u0160is &hellip; <a href=\"https:\/\/www.fmsdocumentation.com\/lt\/marsrutai-ir-uzduotys\/kelioniu-kurimas\/\" class=\"more-link\">Skaityti toliau: <span class=\"screen-reader-text\">Kelioni\u0173 k\u016brimas<\/span><\/a><\/p>\n","protected":false},"author":5,"featured_media":0,"parent":9327,"menu_order":0,"comment_status":"closed","ping_status":"closed","template":"","meta":{"footnotes":""},"class_list":["post-9353","page","type-page","status-publish","hentry"],"_links":{"self":[{"href":"https:\/\/www.fmsdocumentation.com\/lt\/wp-json\/wp\/v2\/pages\/9353","targetHints":{"allow":["GET"]}}],"collection":[{"href":"https:\/\/www.fmsdocumentation.com\/lt\/wp-json\/wp\/v2\/pages"}],"about":[{"href":"https:\/\/www.fmsdocumentation.com\/lt\/wp-json\/wp\/v2\/types\/page"}],"author":[{"embeddable":true,"href":"https:\/\/www.fmsdocumentation.com\/lt\/wp-json\/wp\/v2\/users\/5"}],"replies":[{"embeddable":true,"href":"https:\/\/www.fmsdocumentation.com\/lt\/wp-json\/wp\/v2\/comments?post=9353"}],"version-history":[{"count":21,"href":"https:\/\/www.fmsdocumentation.com\/lt\/wp-json\/wp\/v2\/pages\/9353\/revisions"}],"predecessor-version":[{"id":10913,"href":"https:\/\/www.fmsdocumentation.com\/lt\/wp-json\/wp\/v2\/pages\/9353\/revisions\/10913"}],"up":[{"embeddable":true,"href":"https:\/\/www.fmsdocumentation.com\/lt\/wp-json\/wp\/v2\/pages\/9327"}],"wp:attachment":[{"href":"https:\/\/www.fmsdocumentation.com\/lt\/wp-json\/wp\/v2\/media?parent=9353"}],"curies":[{"name":"wp","href":"https:\/\/api.w.org\/{rel}","templated":true}]}}