{"id":9378,"date":"2020-08-24T16:55:45","date_gmt":"2020-08-24T13:55:45","guid":{"rendered":"https:\/\/www.fmsdocumentation.com\/marsrutai-ir-uzduotys\/uzduociu-valdymas\/"},"modified":"2021-12-15T12:54:00","modified_gmt":"2021-12-15T09:54:00","slug":"kelioniu-valdymas","status":"publish","type":"page","link":"https:\/\/www.fmsdocumentation.com\/lt\/marsrutai-ir-uzduotys\/kelioniu-valdymas\/","title":{"rendered":"Kelioni\u0173 valdymas"},"content":{"rendered":"\r\n<p>Paspauskite kelion\u0119 esan\u010di\u0105 kelioni\u0173 s\u0105ra\u0161e ir bus rodomas jos mar\u0161rutas \u017eem\u0117lapyje. S\u0105ra\u0161e matysite tik savo sukurtas keliones.<\/p>\r\n\r\n\r\n\r\n<p>\u017dem\u0117lapyje mar\u0161rutai yra \u017eymimi:<\/p>\r\n\r\n\r\n\r\n<ul class=\"wp-block-list\">\r\n<li>M\u0117lyna punktyrine linija \u2013 planuotas kelion\u0117s mar\u0161rutas<\/li>\r\n<li>M\u0117lyna i\u0161tisine linija \u2013 tikrasis mar\u0161rutas<\/li>\r\n<li>Raudona i\u0161tisine linija \u2013 tikrasis mar\u0161rutas, kur buvo vir\u0161ytas leistinas nuokrypis<\/li>\r\n<\/ul>\r\n\r\n\r\n\r\n<p>Kelioni\u0173 s\u0105ra\u0161as pateikia \u0161i\u0105 informacij\u0105 apie keliones:<\/p>\r\n\r\n\r\n\r\n<ul class=\"wp-block-list\">\r\n<li>Transporto priemon\u0117 &#8211; kokiai kelionei priskirta transporto priemon\u0117<\/li>\r\n<li>Vairuotojas &#8211; transporto priemonei priskirto vairuotojo vardas<\/li>\r\n<li>Kelion\u0117 &#8211; kaip pavadinta kelion\u0117<\/li>\r\n<li>Kelion\u0117s b\u016bsena &#8211; bendra kelion\u0117s b\u016bsena<\/li>\r\n<li>Dabartin\u0117 vieta &#8211; dabartinis transporto priemon\u0117s adresas<\/li>\r\n<li>\u00a0<\/li>\r\n<li>Mar\u0161ruto laiko planavimo juosta &#8211; u\u017ebaigti ir neu\u017ebaigti ta\u0161kai mar\u0161rute<\/li>\r\n<li>Atvykimo laikas &#8211; numatytas atvykimo laikas \u012f sekant\u012f ta\u0161k\u0105 ir dabartinis mar\u0161ruto statusas (per anksti, laiku, v\u0117luoja)<\/li>\r\n<li>Vairuotojo b\u016bsena &#8211; kokia yra vairuotojo b\u016bsena (reikalingi tachografo duomenys)<\/li>\r\n<\/ul>\r\n\r\n\r\n\r\n<p><p class=\"note\">Pastaba<br \/>Kelioni\u0173 s\u0105ra\u0161e gali b\u016bti matomi ne daugiau nei 7 stulpeliai. Stulpeli\u0173 prid\u0117jimas\/pa\u0161alinimas apra\u0161ytas stulpeli\u0173 nustatym\u0173 skiltyje.<\/p>\r\n\r\n\r\n\r\n<p>Kelion\u0117s gali tur\u0117ti \u0161ias b\u016bsenas:<\/p>\r\n\r\n\r\n\r\n<ul class=\"wp-block-list\">\r\n<li>Nauja <img loading=\"lazy\" decoding=\"async\" src=\"https:\/\/www.fmsdocumentation.com\/wp-content\/uploads\/2017\/04\/84.png\" alt=\"\" width=\"19\" height=\"20\" \/><\/li>\r\n<li>Vykdoma <img loading=\"lazy\" decoding=\"async\" class=\"alignnone wp-image-9302 \" src=\"https:\/\/www.fmsdocumentation.com\/wp-content\/uploads\/2020\/08\/arrow_right-2.png\" alt=\"\" width=\"18\" height=\"12\" \/><\/li>\r\n<li>U\u017ebaigta <img loading=\"lazy\" decoding=\"async\" src=\"https:\/\/www.fmsdocumentation.com\/wp-content\/uploads\/2017\/04\/85.png\" alt=\"\" width=\"19\" height=\"18\" \/><\/li>\r\n<li>At\u0161aukta <img loading=\"lazy\" decoding=\"async\" class=\"alignnone wp-image-9303\" src=\"https:\/\/www.fmsdocumentation.com\/wp-content\/uploads\/2020\/08\/canceled.png\" alt=\"\" width=\"17\" height=\"16\" \/><\/li>\r\n<\/ul>\r\n\r\n\r\n\r\n<figure class=\"wp-block-image is-resized size-large\"><a href=\"https:\/\/www.fmsdocumentation.com\/wp-content\/uploads\/2021\/12\/402LT-1.png\"><img loading=\"lazy\" decoding=\"async\" class=\"alignnone wp-image-10931 size-large\" src=\"https:\/\/www.fmsdocumentation.com\/wp-content\/uploads\/2021\/12\/402LT-1-1024x426.png\" alt=\"\" width=\"660\" height=\"275\" srcset=\"https:\/\/www.fmsdocumentation.com\/wp-content\/uploads\/2021\/12\/402LT-1-1024x426.png 1024w, https:\/\/www.fmsdocumentation.com\/wp-content\/uploads\/2021\/12\/402LT-1-300x125.png 300w, https:\/\/www.fmsdocumentation.com\/wp-content\/uploads\/2021\/12\/402LT-1-768x320.png 768w, https:\/\/www.fmsdocumentation.com\/wp-content\/uploads\/2021\/12\/402LT-1-1536x639.png 1536w, https:\/\/www.fmsdocumentation.com\/wp-content\/uploads\/2021\/12\/402LT-1-2048x853.png 2048w\" sizes=\"auto, (max-width: 660px) 100vw, 660px\" \/><\/a><\/figure>\r\n\r\n\r\n\r\n<p>Kelion\u0117s s\u0105ra\u0161o dyd\u012f galite keisti u\u017evedus pel\u0117s \u017eymekl\u012f prie s\u0105ra\u0161o kra\u0161to ir naudojantis rodykl\u0117mis:<\/p>\r\n\r\n\r\n\r\n<ul class=\"wp-block-list\">\r\n<li>Rodykl\u0117 \u012f vir\u0161\u0173 &#8211; i\u0161skleid\u017eia kelioni\u0173 s\u0105ra\u0161\u0105 per vis\u0105 ekran\u0105<\/li>\r\n<li>Rodykl\u0117 \u017eemyn &#8211; pasl\u0117pia kelioni\u0173 s\u0105ra\u0161\u0105<\/li>\r\n<\/ul>\r\n\r\n\r\n\r\n<p>Kai kelioni\u0173 s\u0105ra\u0161as i\u0161skleistas\/pasl\u0117ptas, prie\u0161ingos rodykl\u0117s paspaudimas sugr\u0105\u017eins s\u0105ra\u0161\u0105 \u012f pradin\u0119 pozicij\u0105. Galima nuspausti ir tempti s\u0105ra\u0161o kra\u0161t\u0105, jei norima pozicij\u0105 nustatyti pagal savo pasirinkim\u0105.<\/p>\r\n\r\n\r\n\r\n<figure class=\"wp-block-image is-resized size-large\"><a href=\"https:\/\/www.fmsdocumentation.com\/wp-content\/uploads\/2021\/12\/408LT.png\"><img loading=\"lazy\" decoding=\"async\" class=\"alignnone wp-image-10933 \" src=\"https:\/\/www.fmsdocumentation.com\/wp-content\/uploads\/2021\/12\/408LT.png\" alt=\"\" width=\"622\" height=\"282\" srcset=\"https:\/\/www.fmsdocumentation.com\/wp-content\/uploads\/2021\/12\/408LT.png 845w, https:\/\/www.fmsdocumentation.com\/wp-content\/uploads\/2021\/12\/408LT-300x136.png 300w, https:\/\/www.fmsdocumentation.com\/wp-content\/uploads\/2021\/12\/408LT-768x348.png 768w\" sizes=\"auto, (max-width: 622px) 100vw, 622px\" \/><\/a><\/figure>\r\n\r\n\r\n\r\n<p>Paspaudus kelion\u0117s de\u0161in\u0117je esan\u010dius tris ta\u0161kus, atidaroma kelion\u0117s santrauka, redagavimas ir trynimas.<\/p>\r\n\r\n\r\n\r\n<figure class=\"wp-block-image is-resized size-large\"><a href=\"https:\/\/www.fmsdocumentation.com\/wp-content\/uploads\/2021\/12\/403LT.png\"><img loading=\"lazy\" decoding=\"async\" class=\"alignnone wp-image-10934 \" src=\"https:\/\/www.fmsdocumentation.com\/wp-content\/uploads\/2021\/12\/403LT.png\" alt=\"\" width=\"575\" height=\"219\" srcset=\"https:\/\/www.fmsdocumentation.com\/wp-content\/uploads\/2021\/12\/403LT.png 627w, https:\/\/www.fmsdocumentation.com\/wp-content\/uploads\/2021\/12\/403LT-300x114.png 300w\" sizes=\"auto, (max-width: 575px) 100vw, 575px\" \/><\/a><\/figure>\r\n\r\n\r\n\r\n<h4 class=\"wp-block-heading\">Kelion\u0117s santrauka<\/h4>\r\n\r\n\r\n\r\n<p>Kelion\u0117s santrauka pateikia bendr\u0105 kelion\u0117s ir mar\u0161ruto ap\u017evalg\u0105. \u010cia apra\u0161oma \u0161i informacija:<\/p>\r\n\r\n\r\n\r\n<ul class=\"wp-block-list\">\r\n<li>Bendra b\u016bsena<\/li>\r\n<li>B\u016bsenos pakeitimo mygtukas<\/li>\r\n<li>Kelion\u0117s pavadinimas<\/li>\r\n<li>Transporto priemon\u0117<\/li>\r\n<li>Vairuotojas<\/li>\r\n<li>Suplanuotas kelion\u0117s atstumas<\/li>\r\n<li>Nukryptas atstumas<\/li>\r\n<li>Faktinis kelion\u0117s atstumas<\/li>\r\n<li>Suplanuotas kelion\u0117s laikas<\/li>\r\n<li>Pastabos<\/li>\r\n<\/ul>\r\n\r\n\r\n\r\n\r\n\r\n<figure class=\"wp-block-image size-large\"><a href=\"https:\/\/www.fmsdocumentation.com\/wp-content\/uploads\/2021\/12\/404LT.png\"><img loading=\"lazy\" decoding=\"async\" class=\"alignnone wp-image-10936 \" src=\"https:\/\/www.fmsdocumentation.com\/wp-content\/uploads\/2021\/12\/404LT-1024x508.png\" alt=\"\" width=\"656\" height=\"325\" srcset=\"https:\/\/www.fmsdocumentation.com\/wp-content\/uploads\/2021\/12\/404LT-1024x508.png 1024w, https:\/\/www.fmsdocumentation.com\/wp-content\/uploads\/2021\/12\/404LT-300x149.png 300w, https:\/\/www.fmsdocumentation.com\/wp-content\/uploads\/2021\/12\/404LT-768x381.png 768w, https:\/\/www.fmsdocumentation.com\/wp-content\/uploads\/2021\/12\/404LT-1536x762.png 1536w, https:\/\/www.fmsdocumentation.com\/wp-content\/uploads\/2021\/12\/404LT-2048x1016.png 2048w\" sizes=\"auto, (max-width: 656px) 100vw, 656px\" \/><\/a><\/figure>\r\n\r\n\r\n\r\n<p>Sustabdymo ta\u0161k\u0173 informacija parodo vietos adres\u0105 ir kiekvieno ta\u0161ko u\u017ebaigtum\u0105, bei numatyt\u0105 pristatymo laik\u0105. Apskai\u010diuotas kelias ir kiek liko va\u017eiuoti nurodoma po kiekvienu ta\u0161ku. Paspaudus ant sustabdymo ta\u0161ko adreso, bus matomos prid\u0117tos pastabos. U\u017evedus pel\u0117s \u017eymekl\u012f vir\u0161 ta\u0161ko, parodomas <strong>Atlikta<\/strong> mygtukas su kuriuo ta\u0161k\u0105 galima pa\u017eym\u0117ti kaip pabaigt\u0105.<\/p>\r\n\r\n\r\n\r\n<figure class=\"wp-block-image is-resized\"><a href=\"https:\/\/www.fmsdocumentation.com\/wp-content\/uploads\/2021\/03\/439LT.png\"><img loading=\"lazy\" decoding=\"async\" class=\"alignnone wp-image-10687 \" src=\"https:\/\/www.fmsdocumentation.com\/wp-content\/uploads\/2021\/03\/439LT.png\" alt=\"\" width=\"643\" height=\"298\" srcset=\"https:\/\/www.fmsdocumentation.com\/wp-content\/uploads\/2021\/03\/439LT.png 797w, https:\/\/www.fmsdocumentation.com\/wp-content\/uploads\/2021\/03\/439LT-300x139.png 300w, https:\/\/www.fmsdocumentation.com\/wp-content\/uploads\/2021\/03\/439LT-768x357.png 768w\" sizes=\"auto, (max-width: 643px) 100vw, 643px\" \/><\/a><\/figure>\r\n\r\n\r\n\r\n<h4 class=\"wp-block-heading\">Kelion\u0117s redagavimas<\/h4>\r\n\r\n\r\n\r\n<p>Keliones galima redaguoti \u0161iais b\u016bdais:<\/p>\r\n\r\n\r\n\r\n<ul class=\"wp-block-list\">\r\n<li>Paspauskite kelion\u0117s de\u0161in\u0117je esan\u010dius tris ta\u0161kus ir pasirinkite <strong>Redaguoti kelion\u0119<\/strong><\/li>\r\n<li>Paspauskite <strong>Redaguoti<\/strong> kelion\u0117s santraukoje<\/li>\r\n<\/ul>\r\n\r\n\r\n\r\n<p>Kelion\u0117s redaguojamos taip pat kaip jos kuriamos. Jei reikia, galite prid\u0117ti papildom\u0173 ta\u0161k\u0173 ar pakeisti mar\u0161rut\u0105. Atlikus pakeitimus, paspauskite <strong>I\u0161saugoti,<\/strong> norint i\u0161saugoti pakeitimus. Paspaudus <strong>U\u017edaryti,<\/strong> nebus i\u0161saugoma ir gr\u012f\u017etama \u012f kelioni\u0173 s\u0105ra\u0161\u0105.<\/p>\r\n\r\n\r\n\r\n<p><p class=\"note\">Pastaba<br \/>Negalima redaguoti u\u017ebaigt\u0173\/at\u0161aukt\u0173 kelioni\u0173.<\/p>\r\n\r\n\r\n\r\n<h4 class=\"wp-block-heading\">Kelioni\u0173 trynimas<\/h4>\r\n\r\n\r\n\r\n<p>Keliones galima trinti \u0161iais b\u016bdais:<\/p>\r\n\r\n\r\n\r\n<ul class=\"wp-block-list\">\r\n<li>Pa\u017eym\u0117kite \u017eymim\u0105j\u012f langel\u012f prie kelion\u0117s ir paspauskite trynimo piktogram\u0105 vir\u0161utiniame de\u0161iniajame lango kampe.<\/li>\r\n<li>Paspauskite kelion\u0117s de\u0161in\u0117je esan\u010dius tris ta\u0161kus ir pasirenkite <strong>Naikinti kelion\u0119.<\/strong><\/li>\r\n<\/ul>\r\n\r\n\r\n\r\n<p><p class=\"note\">Pastaba<br \/>Vykdomos kelion\u0117s negali b\u016bti i\u0161trintos.\u00a0\u00a0<\/p>\r\n\r\n\r\n\r\n<figure class=\"wp-block-image is-resized size-large\"><a href=\"https:\/\/www.fmsdocumentation.com\/wp-content\/uploads\/2021\/12\/407LT.png\"><img loading=\"lazy\" decoding=\"async\" class=\"alignnone wp-image-10937 size-large\" src=\"https:\/\/www.fmsdocumentation.com\/wp-content\/uploads\/2021\/12\/407LT-1024x428.png\" alt=\"\" width=\"660\" height=\"276\" srcset=\"https:\/\/www.fmsdocumentation.com\/wp-content\/uploads\/2021\/12\/407LT-1024x428.png 1024w, https:\/\/www.fmsdocumentation.com\/wp-content\/uploads\/2021\/12\/407LT-300x125.png 300w, https:\/\/www.fmsdocumentation.com\/wp-content\/uploads\/2021\/12\/407LT-768x321.png 768w, https:\/\/www.fmsdocumentation.com\/wp-content\/uploads\/2021\/12\/407LT-1536x642.png 1536w, https:\/\/www.fmsdocumentation.com\/wp-content\/uploads\/2021\/12\/407LT-2048x856.png 2048w\" sizes=\"auto, (max-width: 660px) 100vw, 660px\" \/><\/a><\/figure>\r\n\r\n\r\n\r\n<h4 class=\"wp-block-heading\">Stulpelio nustatymai<\/h4>\r\n\r\n\r\n\r\n<p>Kelioni\u0173 s\u0105ra\u0161e gali b\u016bti matomi ne daugiau nei 7 stulpeliai. Norint prid\u0117ti\/pa\u0161alinti stulpelius, spauskite s\u0105ra\u0161o de\u0161iniajame vir\u0161utiniame kampe esan\u010dius tris ta\u0161kus.<\/p>\r\n\r\n\r\n\r\n<figure class=\"wp-block-image is-resized\"><a href=\"https:\/\/www.fmsdocumentation.com\/wp-content\/uploads\/2021\/12\/407LT-1.png\"><img loading=\"lazy\" decoding=\"async\" class=\"alignnone wp-image-10938 \" src=\"https:\/\/www.fmsdocumentation.com\/wp-content\/uploads\/2021\/12\/407LT-1.png\" alt=\"\" width=\"652\" height=\"253\" srcset=\"https:\/\/www.fmsdocumentation.com\/wp-content\/uploads\/2021\/12\/407LT-1.png 811w, https:\/\/www.fmsdocumentation.com\/wp-content\/uploads\/2021\/12\/407LT-1-300x117.png 300w, https:\/\/www.fmsdocumentation.com\/wp-content\/uploads\/2021\/12\/407LT-1-768x298.png 768w\" sizes=\"auto, (max-width: 652px) 100vw, 652px\" \/><\/a><\/figure>\r\n\r\n\r\n\r\n<p>Stulpeliai pasirenkami juos paspaud\u017eiant kair\u0117je esan\u010diame s\u0105ra\u0161e. Prid\u0117jus element\u0105, jis atsiras de\u0161in\u0117je esan\u010diame s\u0105ra\u0161e. \u010cia jie gali b\u016bti pertvarkyti juos tempiant auk\u0161tyn ar \u017eemyn, trinami paspaudus <strong>X<\/strong>. Pakeitimai i\u0161saugokite paspaudus <strong>Patvirtinti<\/strong>.<\/p>\r\n\r\n\r\n\r\n<figure class=\"wp-block-image is-resized\"><a href=\"https:\/\/www.fmsdocumentation.com\/wp-content\/uploads\/2021\/12\/441LT.png\"><img loading=\"lazy\" decoding=\"async\" class=\"alignnone wp-image-10939 \" src=\"https:\/\/www.fmsdocumentation.com\/wp-content\/uploads\/2021\/12\/441LT.png\" alt=\"\" width=\"607\" height=\"522\" srcset=\"https:\/\/www.fmsdocumentation.com\/wp-content\/uploads\/2021\/12\/441LT.png 863w, https:\/\/www.fmsdocumentation.com\/wp-content\/uploads\/2021\/12\/441LT-300x258.png 300w, https:\/\/www.fmsdocumentation.com\/wp-content\/uploads\/2021\/12\/441LT-768x661.png 768w\" sizes=\"auto, (max-width: 607px) 100vw, 607px\" \/><\/a><\/figure>\r\n\r\n\r\n\r\n<h4 class=\"wp-block-heading\">Kelioni\u0173 paie\u0161ka<\/h4>\r\n\r\n\r\n\r\n<p>Paie\u0161kos juosta naudojama i\u0161filtruoti keliones pagal raktinius \u017eod\u017eius. \u0160is funkcionalumas ie\u0161kos tik kelioni\u0173 kurios taip pat atitinka pritaikytus filtrus, bei tik kelion\u0117s pavadinimo stulpelyje.<\/p>\r\n\r\n\r\n\r\n<figure class=\"wp-block-image is-resized\"><a href=\"https:\/\/www.fmsdocumentation.com\/wp-content\/uploads\/2021\/12\/444LT.png\"><img loading=\"lazy\" decoding=\"async\" class=\"alignnone wp-image-10940 \" src=\"https:\/\/www.fmsdocumentation.com\/wp-content\/uploads\/2021\/12\/444LT.png\" alt=\"\" width=\"660\" height=\"131\" srcset=\"https:\/\/www.fmsdocumentation.com\/wp-content\/uploads\/2021\/12\/444LT.png 1020w, https:\/\/www.fmsdocumentation.com\/wp-content\/uploads\/2021\/12\/444LT-300x60.png 300w, https:\/\/www.fmsdocumentation.com\/wp-content\/uploads\/2021\/12\/444LT-768x153.png 768w\" sizes=\"auto, (max-width: 660px) 100vw, 660px\" \/><\/a><\/figure>\r\n<h4>Aktyv\u016bs nuokrypiai<\/h4>\r\n<p>Vairuotoj\u0173, nukrypusi\u0173 nuo \u012fprastinio mar\u0161ruto skai\u010dius rodomas \u0161alia paie\u0161kos juostos ir raudoname apskritime pagrindiniame meniu.<\/p>\r\n<p><a href=\"https:\/\/www.fmsdocumentation.com\/wp-content\/uploads\/2021\/08\/462LT.png\"><img loading=\"lazy\" decoding=\"async\" class=\"alignnone  wp-image-10730\" src=\"https:\/\/www.fmsdocumentation.com\/wp-content\/uploads\/2021\/08\/462LT.png\" alt=\"\" width=\"564\" height=\"189\" srcset=\"https:\/\/www.fmsdocumentation.com\/wp-content\/uploads\/2021\/08\/462LT.png 812w, https:\/\/www.fmsdocumentation.com\/wp-content\/uploads\/2021\/08\/462LT-300x100.png 300w, https:\/\/www.fmsdocumentation.com\/wp-content\/uploads\/2021\/08\/462LT-768x257.png 768w\" sizes=\"auto, (max-width: 564px) 100vw, 564px\" \/><\/a><\/p>\r\n\r\n\r\n\r\n<h4 class=\"wp-block-heading\">Kelioni\u0173 filtravimas<\/h4>\r\n\r\n\r\n\r\n<p>\u0160iems kelioni\u0173 s\u0105ra\u0161o stulpeliams galima pritaikyti filtrus:<\/p>\r\n\r\n\r\n\r\n<figure class=\"wp-block-table\"><\/figure>\r\n\r\n\r\n\r\n<figure class=\"wp-block-table\">\r\n<table style=\"height: 131px;\" width=\"5\">\r\n<tbody>\r\n<tr>\r\n<td><strong>Stulpelis<\/strong><\/td>\r\n<td><strong>Filtro tipas(-ai)<\/strong><\/td>\r\n<\/tr>\r\n<tr>\r\n<td>Kelion\u0117<\/td>\r\n<td>R\u016b\u0161iuoti did\u0117jan\u010dia\/ma\u017e\u0117jan\u010dia tvarka<\/td>\r\n<\/tr>\r\n<tr>\r\n<td>Vairuotojas<\/td>\r\n<td>R\u016b\u0161iuoti did\u0117jan\u010dia\/ma\u017e\u0117jan\u010dia tvarka<br \/>Rodyti tik keliones priskirtas pasirinktiems vairuotojams<\/td>\r\n<\/tr>\r\n<tr>\r\n<td>Vairuotojo b\u016bsena<\/td>\r\n<td>Rodyti tik keliones su pasirinktomis vairuotojo b\u016bsenomis<\/td>\r\n<\/tr>\r\n<tr>\r\n<td>Transporto priemon\u0117<\/td>\r\n<td>R\u016b\u0161iuoti did\u0117jan\u010dia\/ma\u017e\u0117jan\u010dia tvarka<br \/>Rodyti tik keliones priskirtas pasirinktoms transporto priemon\u0117ms<\/td>\r\n<\/tr>\r\n<tr>\r\n<td>Atvykimo laikas<\/td>\r\n<td>R\u016b\u0161iuoti did\u0117jan\u010dia\/ma\u017e\u0117jan\u010dia tvarka<br \/>Rodyti tik keliones su pasirinktu atvykimo laiku<\/td>\r\n<\/tr>\r\n<tr>\r\n<td>Kelion\u0117s b\u016bsena<\/td>\r\n<td>R\u016b\u0161iuoti did\u0117jan\u010dia\/ma\u017e\u0117jan\u010dia tvarka<br \/>Rodyti tik keliones su pasirinkta kelion\u0117s b\u016bsena<\/td>\r\n<\/tr>\r\n<\/tbody>\r\n<\/table>\r\n<\/figure>\r\n\r\n\r\n\r\n<p>Stulpeliai r\u016b\u0161iuojami paspaudus ant stulpelio pavadinimo. Vienu metu galima pasirinkti tik vien\u0105 stulpel\u012f. Atlikus r\u016b\u0161iavim\u0105, piktograma parodo pritaikyt\u0105 r\u016b\u0161iavimo tvark\u0105.<\/p>\r\n\r\n\r\n\r\n<figure class=\"wp-block-image is-resized size-large\"><a href=\"https:\/\/www.fmsdocumentation.com\/wp-content\/uploads\/2021\/12\/405LT.png\"><img loading=\"lazy\" decoding=\"async\" class=\"alignnone wp-image-10941 \" src=\"https:\/\/www.fmsdocumentation.com\/wp-content\/uploads\/2021\/12\/405LT.png\" alt=\"\" width=\"628\" height=\"214\" srcset=\"https:\/\/www.fmsdocumentation.com\/wp-content\/uploads\/2021\/12\/405LT.png 776w, https:\/\/www.fmsdocumentation.com\/wp-content\/uploads\/2021\/12\/405LT-300x102.png 300w, https:\/\/www.fmsdocumentation.com\/wp-content\/uploads\/2021\/12\/405LT-768x262.png 768w\" sizes=\"auto, (max-width: 628px) 100vw, 628px\" \/><\/a><\/figure>\r\n\r\n\r\n\r\n<p>Kelion\u0117s filtruojamos paspaudus filtro piktogram\u0105, kuri atsiranda u\u017evedus pel\u0117s \u017eymekl\u012f ant stulpelio pavadinimo. R\u016b\u0161iavimas ir filtravimas tam pa\u010diam stulpeliui gali b\u016bti pritaikyti kartu.<\/p>\r\n\r\n\r\n\r\n<figure class=\"wp-block-image is-resized size-large\"><a href=\"https:\/\/www.fmsdocumentation.com\/wp-content\/uploads\/2021\/12\/406LT.png\"><img loading=\"lazy\" decoding=\"async\" class=\"alignnone wp-image-10942 \" src=\"https:\/\/www.fmsdocumentation.com\/wp-content\/uploads\/2021\/12\/406LT.png\" alt=\"\" width=\"618\" height=\"298\" srcset=\"https:\/\/www.fmsdocumentation.com\/wp-content\/uploads\/2021\/12\/406LT.png 635w, https:\/\/www.fmsdocumentation.com\/wp-content\/uploads\/2021\/12\/406LT-300x145.png 300w\" sizes=\"auto, (max-width: 618px) 100vw, 618px\" \/><\/a><\/figure>\r\n\r\n\r\n\r\n<p>Pritaikyti filtrai yra rodomi kelioni\u0173 s\u0105ra\u0161o prad\u017eioje. Norint i\u0161trinti vien\u0105 filtr\u0105, prie jo spauskite <strong>X<\/strong>. Norint i\u0161trinti visus filtrus, spauskite <strong>Valyti visus filtrus<\/strong>.<\/p>\r\n\r\n\r\n\r\n<figure class=\"wp-block-image is-resized size-large\"><a href=\"https:\/\/www.fmsdocumentation.com\/wp-content\/uploads\/2021\/12\/409LT.png\"><img loading=\"lazy\" decoding=\"async\" class=\"alignnone wp-image-10943 \" src=\"https:\/\/www.fmsdocumentation.com\/wp-content\/uploads\/2021\/12\/409LT-1024x188.png\" alt=\"\" width=\"660\" height=\"121\" srcset=\"https:\/\/www.fmsdocumentation.com\/wp-content\/uploads\/2021\/12\/409LT-1024x188.png 1024w, https:\/\/www.fmsdocumentation.com\/wp-content\/uploads\/2021\/12\/409LT-300x55.png 300w, https:\/\/www.fmsdocumentation.com\/wp-content\/uploads\/2021\/12\/409LT-768x141.png 768w, https:\/\/www.fmsdocumentation.com\/wp-content\/uploads\/2021\/12\/409LT.png 1132w\" sizes=\"auto, (max-width: 660px) 100vw, 660px\" \/><\/a><\/figure>\r\n\r\n\r\n\r\n<figure class=\"wp-block-image is-resized\"><\/figure>\r\n\r\n\r\n\r\n<p><div class=\"alignleft\"><a href=\"https:\/\/www.fmsdocumentation.com\/lt\/marsrutai-ir-uzduotys\/kelioniu-kurimas\/\" title=\"Kelioni\u0173 k\u016brimas\"><span class=\"arrow\">\u2039 &nbsp <\/span> Kelioni\u0173 k\u016brimas <\/a><\/div> <div class=\"alignright\"><a href=\"https:\/\/www.fmsdocumentation.com\/lt\/aptarnavimo-uzduociu-meniu\/\" title=\"Aptarnavimo u\u017eduo\u010di\u0173 meniu\">Aptarnavimo u\u017eduo\u010di\u0173 meniu <span class=\"arrow\"> &nbsp\u203a <\/span> <\/a><\/div><\/p>\r\n\r\n<p>&nbsp;<\/p>","protected":false},"excerpt":{"rendered":"<p>Paspauskite kelion\u0119 esan\u010di\u0105 kelioni\u0173 s\u0105ra\u0161e ir bus rodomas jos mar\u0161rutas \u017eem\u0117lapyje. S\u0105ra\u0161e matysite tik savo sukurtas keliones. \u017dem\u0117lapyje mar\u0161rutai yra \u017eymimi: M\u0117lyna punktyrine linija \u2013 planuotas kelion\u0117s mar\u0161rutas M\u0117lyna i\u0161tisine linija \u2013 tikrasis mar\u0161rutas Raudona i\u0161tisine linija \u2013 tikrasis mar\u0161rutas, kur buvo vir\u0161ytas leistinas nuokrypis Kelioni\u0173 s\u0105ra\u0161as pateikia \u0161i\u0105 informacij\u0105 apie keliones: Transporto priemon\u0117 &#8211; &hellip; <a href=\"https:\/\/www.fmsdocumentation.com\/lt\/marsrutai-ir-uzduotys\/kelioniu-valdymas\/\" class=\"more-link\">Skaityti toliau: <span class=\"screen-reader-text\">Kelioni\u0173 valdymas<\/span><\/a><\/p>\n","protected":false},"author":5,"featured_media":0,"parent":9327,"menu_order":2,"comment_status":"closed","ping_status":"closed","template":"","meta":{"footnotes":""},"class_list":["post-9378","page","type-page","status-publish","hentry"],"_links":{"self":[{"href":"https:\/\/www.fmsdocumentation.com\/lt\/wp-json\/wp\/v2\/pages\/9378","targetHints":{"allow":["GET"]}}],"collection":[{"href":"https:\/\/www.fmsdocumentation.com\/lt\/wp-json\/wp\/v2\/pages"}],"about":[{"href":"https:\/\/www.fmsdocumentation.com\/lt\/wp-json\/wp\/v2\/types\/page"}],"author":[{"embeddable":true,"href":"https:\/\/www.fmsdocumentation.com\/lt\/wp-json\/wp\/v2\/users\/5"}],"replies":[{"embeddable":true,"href":"https:\/\/www.fmsdocumentation.com\/lt\/wp-json\/wp\/v2\/comments?post=9378"}],"version-history":[{"count":24,"href":"https:\/\/www.fmsdocumentation.com\/lt\/wp-json\/wp\/v2\/pages\/9378\/revisions"}],"predecessor-version":[{"id":10944,"href":"https:\/\/www.fmsdocumentation.com\/lt\/wp-json\/wp\/v2\/pages\/9378\/revisions\/10944"}],"up":[{"embeddable":true,"href":"https:\/\/www.fmsdocumentation.com\/lt\/wp-json\/wp\/v2\/pages\/9327"}],"wp:attachment":[{"href":"https:\/\/www.fmsdocumentation.com\/lt\/wp-json\/wp\/v2\/media?parent=9378"}],"curies":[{"name":"wp","href":"https:\/\/api.w.org\/{rel}","templated":true}]}}