{"id":9424,"date":"2020-08-25T10:38:28","date_gmt":"2020-08-25T07:38:28","guid":{"rendered":"https:\/\/www.fmsdocumentation.com\/ontrack-programa\/"},"modified":"2021-10-13T14:32:18","modified_gmt":"2021-10-13T11:32:18","slug":"ontrack-programa","status":"publish","type":"page","link":"https:\/\/www.fmsdocumentation.com\/lt\/ontrack-programa\/","title":{"rendered":"OnTrack programa"},"content":{"rendered":"\n<figure class=\"wp-block-image size-large is-resized\"><img loading=\"lazy\" decoding=\"async\" src=\"https:\/\/www.fmsdocumentation.com\/wp-content\/uploads\/2020\/05\/Main-image-1.png\" alt=\"\" class=\"wp-image-9144\" width=\"512\" height=\"250\" srcset=\"https:\/\/www.fmsdocumentation.com\/wp-content\/uploads\/2020\/05\/Main-image-1.png 1024w, https:\/\/www.fmsdocumentation.com\/wp-content\/uploads\/2020\/05\/Main-image-1-300x146.png 300w, https:\/\/www.fmsdocumentation.com\/wp-content\/uploads\/2020\/05\/Main-image-1-768x375.png 768w\" sizes=\"auto, (max-width: 512px) 100vw, 512px\" \/><\/figure>\n\n\n\n<p>OnTrack yra programa mobiliesiems, leid\u017eianti vairuotojui susisiekti su vadybininku, keistis informacija ir valdyti priskirtas u\u017eduotis.<\/p>\n\n\n\n<p><strong>Sistemos reikalavimai<\/strong><\/p>\n\n\n\n<ul class=\"wp-block-list\"><li>Android 5.0 ar naujesn\u0117 versija<\/li><li>Interneto ry\u0161ys<\/li><\/ul>\n\n\n\n<p>OnTrack program\u0105 galite atsi\u0173sti i\u0161 <a href=\"https:\/\/play.google.com\/store\/apps\/details?id=apk.drivers&amp;hl=lt\" target=\"_blank\" rel=\"noreferrer noopener\">Google Play parduotuv\u0117s.<\/a><\/p>\n\n\n\n<h4 class=\"wp-block-heading\">Pradinis paleidimas<\/h4>\n\n\n\n<p>Pirm\u0105 kart\u0105 paleidus program\u0105, reik\u0117s prisijungti ir \u012fvesti \u0161iuos duomenis:<\/p>\n\n\n\n<ul class=\"wp-block-list\"><li>Kliento ID<\/li><li>Prisijungimo vardas<\/li><li>Slapta\u017eodis<\/li><\/ul>\n\n\n\n<p>Prisijungimo duomenys vairuotojui yra priskiriami per <a href=\"https:\/\/www.fmsdocumentation.com\/lt\/vairuotoju-meniu\/?lang=lt\" target=\"_blank\" rel=\"noreferrer noopener\">Vairuotoj\u0173 meniu<\/a>. \u012evedus duomenis, spauskite&nbsp;<strong>Prisijungti<\/strong>.<\/p>\n\n\n\n<p>Programos kalb\u0105 galite pakeisti paspaudus kalbos pavadinim\u0105, esant\u012f po <strong>Prisijungti<\/strong> mygtuku.<\/p>\n\n\n\n<figure class=\"wp-block-image size-large is-resized\"><a href=\"https:\/\/www.fmsdocumentation.com\/wp-content\/uploads\/2020\/05\/410.png\"><img loading=\"lazy\" decoding=\"async\" src=\"https:\/\/www.fmsdocumentation.com\/wp-content\/uploads\/2020\/05\/410.png\" alt=\"\" class=\"wp-image-9061\" width=\"357\" height=\"512\" srcset=\"https:\/\/www.fmsdocumentation.com\/wp-content\/uploads\/2020\/05\/410.png 1080w, https:\/\/www.fmsdocumentation.com\/wp-content\/uploads\/2020\/05\/410-209x300.png 209w, https:\/\/www.fmsdocumentation.com\/wp-content\/uploads\/2020\/05\/410-714x1024.png 714w, https:\/\/www.fmsdocumentation.com\/wp-content\/uploads\/2020\/05\/410-768x1101.png 768w, https:\/\/www.fmsdocumentation.com\/wp-content\/uploads\/2020\/05\/410-1072x1536.png 1072w\" sizes=\"auto, (max-width: 357px) 100vw, 357px\" \/><\/a><\/figure>\n\n\n\n<h4 class=\"wp-block-heading\">Programos strukt\u016bra<\/h4>\n\n\n\n<p>Programa turi \u0161iuos skirtukus:<\/p>\n\n\n\n<ul class=\"wp-block-list\"><li><strong>U\u017eduotys<\/strong> &#8211; u\u017eduotys priskirtos vairuotojui per Mar\u0161rut\u0173 ir u\u017eduo\u010di\u0173 meniu (numatytasis)<\/li><li><strong>Kamera<\/strong> &#8211; leid\u017eia vairuotojui daryti nuotraukas ir si\u0173sti jas vadybininkui<\/li><li><strong>Pokalbiai<\/strong> &#8211; leid\u017eia vairuotojui susira\u0161yti su vadybininku tekstin\u0117mis \u017einut\u0117mis<\/li><\/ul>\n\n\n\n<p>Paspaudus de\u0161iniajame vir\u0161utiniame kampe esan\u010dius tris ta\u0161kus atidaromas\u00a0<strong>Ekonomi\u0161ko vairavimo<\/strong> meniu. \u010cia galite per\u017ei\u016br\u0117ti savo ekonomi\u0161ko vairavimo ataskait\u0105 nustatytam laikotarpiui.<\/p>\n\n\n\n<figure class=\"wp-block-image size-large is-resized\"><a href=\"https:\/\/www.fmsdocumentation.com\/wp-content\/uploads\/2021\/10\/411LT.png\"><img loading=\"lazy\" decoding=\"async\" src=\"https:\/\/www.fmsdocumentation.com\/wp-content\/uploads\/2021\/10\/411LT-556x1024.png\" alt=\"\" class=\"wp-image-10759\" width=\"377\" height=\"696\"\/><\/a><\/figure>\n\n\n\n<h4 class=\"wp-block-heading\">Nustatymai<\/h4>\n\n\n\n<p><strong>Nustatym\u0173&nbsp;<\/strong>meniu galima:<\/p>\n\n\n\n<ul class=\"wp-block-list\"><li>Tvarkyti \u017eem\u0117lapius \u2013 \u010dia galite atsisi\u0173sti \u0161ali\u0173 \u017eem\u0117lapius ir juos naudoti neprisijungus prie interneto. Tai taip pat padidins navigacijos kokyb\u0119 vietov\u0117se su prastu ry\u0161iu ir suma\u017eins duomen\u0173 naudojim\u0105.<\/li><li>\u012ejungti nakties r\u0117\u017eim\u0105 (Night mode)<\/li><li>Atsisi\u0173sti ir nustatyti nurodym\u0173 balsu kalb\u0105<\/li><li>Nustatyti programos kalb\u0105<\/li><li>Atsijungti<\/li><\/ul>\n\n\n\n<figure class=\"wp-block-image size-large is-resized\"><a href=\"https:\/\/www.fmsdocumentation.com\/wp-content\/uploads\/2021\/10\/412LT.png\"><img loading=\"lazy\" decoding=\"async\" src=\"https:\/\/www.fmsdocumentation.com\/wp-content\/uploads\/2021\/10\/412LT-557x1024.png\" alt=\"\" class=\"wp-image-10761\" width=\"405\" height=\"745\" srcset=\"https:\/\/www.fmsdocumentation.com\/wp-content\/uploads\/2021\/10\/412LT-557x1024.png 557w, https:\/\/www.fmsdocumentation.com\/wp-content\/uploads\/2021\/10\/412LT-163x300.png 163w, https:\/\/www.fmsdocumentation.com\/wp-content\/uploads\/2021\/10\/412LT-768x1411.png 768w, https:\/\/www.fmsdocumentation.com\/wp-content\/uploads\/2021\/10\/412LT-836x1536.png 836w, https:\/\/www.fmsdocumentation.com\/wp-content\/uploads\/2021\/10\/412LT.png 1080w\" sizes=\"auto, (max-width: 405px) 100vw, 405px\" \/><\/a><\/figure>\n\n\n\n<p><div class=\"alignleft\"><a href=\"https:\/\/www.fmsdocumentation.com\/lt\/ataskaitu-meniu\/ataskaitu-apzvalga\/\" title=\"Ataskait\u0173 ap\u017evalga\"><span class=\"arrow\">\u2039 &nbsp <\/span> Ataskait\u0173 ap\u017evalga <\/a><\/div><div class=\"alignright\"><a href=\"https:\/\/www.fmsdocumentation.com\/lt\/ontrack-programa\/uzduotys\/\" title=\"U\u017eduotys\">U\u017eduotys <span class=\"arrow\"> &nbsp\u203a <\/span> <\/a><\/div><\/p>\n","protected":false},"excerpt":{"rendered":"<p>OnTrack yra programa mobiliesiems, leid\u017eianti vairuotojui susisiekti su vadybininku, keistis informacija ir valdyti priskirtas u\u017eduotis. Sistemos reikalavimai Android 5.0 ar naujesn\u0117 versija Interneto ry\u0161ys OnTrack program\u0105 galite atsi\u0173sti i\u0161 Google Play parduotuv\u0117s. Pradinis paleidimas Pirm\u0105 kart\u0105 paleidus program\u0105, reik\u0117s prisijungti ir \u012fvesti \u0161iuos duomenis: Kliento ID Prisijungimo vardas Slapta\u017eodis Prisijungimo duomenys vairuotojui yra priskiriami per &hellip; <a href=\"https:\/\/www.fmsdocumentation.com\/lt\/ontrack-programa\/\" class=\"more-link\">Skaityti toliau: <span class=\"screen-reader-text\">OnTrack programa<\/span><\/a><\/p>\n","protected":false},"author":5,"featured_media":0,"parent":0,"menu_order":135,"comment_status":"closed","ping_status":"closed","template":"","meta":{"footnotes":""},"class_list":["post-9424","page","type-page","status-publish","hentry"],"_links":{"self":[{"href":"https:\/\/www.fmsdocumentation.com\/lt\/wp-json\/wp\/v2\/pages\/9424","targetHints":{"allow":["GET"]}}],"collection":[{"href":"https:\/\/www.fmsdocumentation.com\/lt\/wp-json\/wp\/v2\/pages"}],"about":[{"href":"https:\/\/www.fmsdocumentation.com\/lt\/wp-json\/wp\/v2\/types\/page"}],"author":[{"embeddable":true,"href":"https:\/\/www.fmsdocumentation.com\/lt\/wp-json\/wp\/v2\/users\/5"}],"replies":[{"embeddable":true,"href":"https:\/\/www.fmsdocumentation.com\/lt\/wp-json\/wp\/v2\/comments?post=9424"}],"version-history":[{"count":6,"href":"https:\/\/www.fmsdocumentation.com\/lt\/wp-json\/wp\/v2\/pages\/9424\/revisions"}],"predecessor-version":[{"id":10763,"href":"https:\/\/www.fmsdocumentation.com\/lt\/wp-json\/wp\/v2\/pages\/9424\/revisions\/10763"}],"wp:attachment":[{"href":"https:\/\/www.fmsdocumentation.com\/lt\/wp-json\/wp\/v2\/media?parent=9424"}],"curies":[{"name":"wp","href":"https:\/\/api.w.org\/{rel}","templated":true}]}}