{"id":9462,"date":"2020-08-25T12:44:12","date_gmt":"2020-08-25T09:44:12","guid":{"rendered":"https:\/\/www.fmsdocumentation.com\/ontrack-programa\/bendravimas-su-vadybininku\/"},"modified":"2021-01-20T18:48:28","modified_gmt":"2021-01-20T15:48:28","slug":"bendravimas-su-vadybininku","status":"publish","type":"page","link":"https:\/\/www.fmsdocumentation.com\/lt\/ontrack-programa\/bendravimas-su-vadybininku\/","title":{"rendered":"Bendravimas su vadybininku"},"content":{"rendered":"\r\n<p>Nor\u0117dami susisiekti su vadybininku, spauskite <strong>Pokalbiai<\/strong> skirtuk\u0105 ir pasirinkite su kuriuo vadybininku atidaryti pokalbi\u0173 lang\u0105.<\/p>\r\n\r\n\r\n\r\n<figure class=\"wp-block-image size-large is-resized\"><a href=\"https:\/\/www.fmsdocumentation.com\/wp-content\/uploads\/2020\/08\/413LT-1.png\"><img loading=\"lazy\" decoding=\"async\" class=\"alignnone wp-image-9469 \" src=\"https:\/\/www.fmsdocumentation.com\/wp-content\/uploads\/2020\/08\/413LT-1-580x1024.png\" alt=\"\" width=\"265\" height=\"468\" srcset=\"https:\/\/www.fmsdocumentation.com\/wp-content\/uploads\/2020\/08\/413LT-1-580x1024.png 580w, https:\/\/www.fmsdocumentation.com\/wp-content\/uploads\/2020\/08\/413LT-1-170x300.png 170w, https:\/\/www.fmsdocumentation.com\/wp-content\/uploads\/2020\/08\/413LT-1.png 620w\" sizes=\"auto, (max-width: 265px) 100vw, 265px\" \/><\/a><\/figure>\r\n\r\n\r\n\r\n<p>Ra\u0161yti ir si\u0173sti \u017einutes galite kaip ir \u012fprastoje susira\u0161in\u0117jimo programoje. Vadybininkai gautas \u017einutes gali matyti <a href=\"https:\/\/www.fmsdocumentation.com\/komunikacijos-meniu\/?lang=lt\">Komunikacijos meniu<\/a>.<\/p>\r\n\r\n\r\n\r\n<h4 class=\"wp-block-heading\">Pried\u0173 prid\u0117jimas<\/h4>\r\n\r\n\r\n\r\n<p>Nor\u0117dami prid\u0117ti pried\u0173, spauskite failo piktogram\u0105 apatiniame kairiajame ekrano kampe. Suraskite ir pasirinkite norim\u0105 prid\u0117ti fail\u0105 (naudojantis numatyt\u0105ja fail\u0173 valdymo programa).<\/p>\r\n\r\n\r\n\r\n<p><p class=\"note\">Pastaba<br \/>Pried\u0173 dydis negali b\u016bti didesnis nei 3 MB.<\/p>\r\n\r\n\r\n\r\n<figure class=\"wp-block-image size-large is-resized\"><a href=\"https:\/\/www.fmsdocumentation.com\/wp-content\/uploads\/2021\/01\/414LT.png\"><img loading=\"lazy\" decoding=\"async\" class=\"alignnone wp-image-10586 \" src=\"https:\/\/www.fmsdocumentation.com\/wp-content\/uploads\/2021\/01\/414LT-555x1024.png\" alt=\"\" width=\"324\" height=\"598\" srcset=\"https:\/\/www.fmsdocumentation.com\/wp-content\/uploads\/2021\/01\/414LT-555x1024.png 555w, https:\/\/www.fmsdocumentation.com\/wp-content\/uploads\/2021\/01\/414LT-163x300.png 163w, https:\/\/www.fmsdocumentation.com\/wp-content\/uploads\/2021\/01\/414LT-768x1417.png 768w, https:\/\/www.fmsdocumentation.com\/wp-content\/uploads\/2021\/01\/414LT-833x1536.png 833w, https:\/\/www.fmsdocumentation.com\/wp-content\/uploads\/2021\/01\/414LT.png 1080w\" sizes=\"auto, (max-width: 324px) 100vw, 324px\" \/><\/a><\/figure>\r\n\r\n\r\n\r\n<h4 class=\"wp-block-heading\">Pried\u0173 atsisiuntimas<\/h4>\r\n\r\n\r\n\r\n<p>Nor\u0117dami atsisi\u0173sti priedus, paspauskite pried\u0105. Jis automati\u0161kai bus atsi\u0173stas \u012f Atsisiuntim\u0173 aplank\u0105.<\/p>\r\n\r\n\r\n\r\n<p><p class=\"note\">Pastaba<br \/>\u0160iuo metu nieko nerodoma atsisiun\u010diant failus. Patikrinkite savo Atsisiuntim\u0173 aplank\u0105 po reikiamo failo paspaudimo.<\/p>\r\n\r\n\r\n\r\n<h4 class=\"wp-block-heading\">Nuotrauk\u0173 darymas<\/h4>\r\n\r\n\r\n\r\n<p>Yra du b\u016bdai padaryti nuotrauk\u0105:<\/p>\r\n\r\n\r\n\r\n<ul class=\"wp-block-list\">\r\n<li>Paspauskite <strong>Kameros\u00a0<\/strong>skirtuk\u0105. Padar\u0119 nuotrauk\u0105, j\u0105 galite si\u0173sti tiesiogiai vadybininkui. B\u016bsite nukreipti \u012f <strong>U\u017eduo\u010di\u0173<\/strong> skirtuk\u0105.<\/li>\r\n<li>Paspauskite kameros piktogram\u0105 pokalbio lange. Padar\u0119 nuotrauk\u0105, j\u0105 galite si\u0173sti tiesiogiai vadybininkui. Liksite pokalbio lange.<\/li>\r\n<\/ul>\r\n\r\n\r\n\r\n<p>Nuotrauka padaroma paspaudus mygtuk\u0105 ekrano apa\u010dioje. Paspaudus vir\u0161utiniame de\u0161iniajame kampe esan\u010di\u0105 \u017eaibo piktogram\u0105 pakei\u010diami blykst\u0117s nustatymai (blykst\u0117 \u012fjungta automati\u0161kai).<\/p>\r\n\r\n\r\n\r\n<figure class=\"wp-block-image is-resized\"><a href=\"https:\/\/www.fmsdocumentation.com\/wp-content\/uploads\/2020\/08\/445LT.png\"><img loading=\"lazy\" decoding=\"async\" class=\"alignnone  wp-image-9472\" src=\"https:\/\/www.fmsdocumentation.com\/wp-content\/uploads\/2020\/08\/445LT.png\" alt=\"\" width=\"265\" height=\"510\" srcset=\"https:\/\/www.fmsdocumentation.com\/wp-content\/uploads\/2020\/08\/445LT.png 533w, https:\/\/www.fmsdocumentation.com\/wp-content\/uploads\/2020\/08\/445LT-156x300.png 156w\" sizes=\"auto, (max-width: 265px) 100vw, 265px\" \/><\/a><\/figure>\r\n\r\n\r\n\r\n<p><div class=\"alignleft\"><a href=\"https:\/\/www.fmsdocumentation.com\/lt\/ontrack-programa\/uzduotys\/\" title=\"U\u017eduotys\"><span class=\"arrow\">\u2039 &nbsp <\/span> U\u017eduotys <\/a><\/div><div class=\"alignright\"><a href=\"https:\/\/www.fmsdocumentation.com\/lt\/ontrack-programa\/privatumo-politika\/\" title=\"Privatumo politika\">Privatumo politika <span class=\"arrow\"> &nbsp\u203a <\/span> <\/a><\/div><\/p>\r\n","protected":false},"excerpt":{"rendered":"<p>Nor\u0117dami susisiekti su vadybininku, spauskite Pokalbiai skirtuk\u0105 ir pasirinkite su kuriuo vadybininku atidaryti pokalbi\u0173 lang\u0105. Ra\u0161yti ir si\u0173sti \u017einutes galite kaip ir \u012fprastoje susira\u0161in\u0117jimo programoje. Vadybininkai gautas \u017einutes gali matyti Komunikacijos meniu. Pried\u0173 prid\u0117jimas Nor\u0117dami prid\u0117ti pried\u0173, spauskite failo piktogram\u0105 apatiniame kairiajame ekrano kampe. Suraskite ir pasirinkite norim\u0105 prid\u0117ti fail\u0105 (naudojantis numatyt\u0105ja fail\u0173 valdymo programa). &hellip; <a href=\"https:\/\/www.fmsdocumentation.com\/lt\/ontrack-programa\/bendravimas-su-vadybininku\/\" class=\"more-link\">Skaityti toliau: <span class=\"screen-reader-text\">Bendravimas su vadybininku<\/span><\/a><\/p>\n","protected":false},"author":5,"featured_media":0,"parent":9424,"menu_order":2,"comment_status":"closed","ping_status":"closed","template":"","meta":{"footnotes":""},"class_list":["post-9462","page","type-page","status-publish","hentry"],"_links":{"self":[{"href":"https:\/\/www.fmsdocumentation.com\/lt\/wp-json\/wp\/v2\/pages\/9462","targetHints":{"allow":["GET"]}}],"collection":[{"href":"https:\/\/www.fmsdocumentation.com\/lt\/wp-json\/wp\/v2\/pages"}],"about":[{"href":"https:\/\/www.fmsdocumentation.com\/lt\/wp-json\/wp\/v2\/types\/page"}],"author":[{"embeddable":true,"href":"https:\/\/www.fmsdocumentation.com\/lt\/wp-json\/wp\/v2\/users\/5"}],"replies":[{"embeddable":true,"href":"https:\/\/www.fmsdocumentation.com\/lt\/wp-json\/wp\/v2\/comments?post=9462"}],"version-history":[{"count":9,"href":"https:\/\/www.fmsdocumentation.com\/lt\/wp-json\/wp\/v2\/pages\/9462\/revisions"}],"predecessor-version":[{"id":10587,"href":"https:\/\/www.fmsdocumentation.com\/lt\/wp-json\/wp\/v2\/pages\/9462\/revisions\/10587"}],"up":[{"embeddable":true,"href":"https:\/\/www.fmsdocumentation.com\/lt\/wp-json\/wp\/v2\/pages\/9424"}],"wp:attachment":[{"href":"https:\/\/www.fmsdocumentation.com\/lt\/wp-json\/wp\/v2\/media?parent=9462"}],"curies":[{"name":"wp","href":"https:\/\/api.w.org\/{rel}","templated":true}]}}