{"id":9795,"date":"2020-09-03T10:49:35","date_gmt":"2020-09-03T07:49:35","guid":{"rendered":"https:\/\/www.fmsdocumentation.com\/ivykiu-istorijos-api\/"},"modified":"2020-09-03T11:20:11","modified_gmt":"2020-09-03T08:20:11","slug":"ivykiu-istorijos-api","status":"publish","type":"page","link":"https:\/\/www.fmsdocumentation.com\/lt\/api\/ivykiu-istorijos-api\/","title":{"rendered":"\u012evyki\u0173 istorijos API"},"content":{"rendered":"\n<p>\u012evyki\u0173 istorijos API yra skirtas gauti objekt\u0173 \u012fvyki\u0173 istorij\u0105 pasirinktam laikotarpiui.<\/p>\n\n\n\n<p>U\u017eklausos strukt\u016bra:<\/p>\n\n\n\n<p style=\"background-color: #000000; color: #bbbdc0; font-family: Consolas; padding-left: 10px; padding-right: 10px;\">GET \/detected-events?object_id=<...>&amp;from_datetime=<...>&amp;to_datetime=<...>&amp;continuation_token=<..>&amp;limit=<..>&amp;version=1&amp;api_key=<..> HTTP\/1.1&#13;\n<br\/>Host: api.fm-track.com&#13;\n<br\/>Content-Type: application\/json;charset=UTF-8<\/..><\/..><\/..><\/...><\/...><\/...><\/p>&#13;\n\n\n\n<p>U\u017eklausos parametrai:<\/p>\n\n\n\n\n<table id=\"tablepress-186\" class=\"tablepress tablepress-id-186\">\n<thead>\n<tr class=\"row-1\">\n\t<th class=\"column-1\">Parametras<\/th><th class=\"column-2\">Tipas<\/th><th class=\"column-3\">Apra\u0161ymas<\/th><th class=\"column-4\">Privalomas<\/th>\n<\/tr>\n<\/thead>\n<tbody>\n<tr class=\"row-2\">\n\t<td class=\"column-1\">object_id<\/td><td class=\"column-2\">Tekstas<\/td><td class=\"column-3\">I\u0161orinio objekto ID<\/td><td class=\"column-4\">Taip<\/td>\n<\/tr>\n<tr class=\"row-3\">\n\t<td class=\"column-1\">from_datetime<\/td><td class=\"column-2\">Data ir laikas<\/td><td class=\"column-3\">Rasti \u012fvykius prasidedan\u010dius nuo nurodytos datos<\/td><td class=\"column-4\">Taip<\/td>\n<\/tr>\n<tr class=\"row-4\">\n\t<td class=\"column-1\">to_datetime<\/td><td class=\"column-2\">Data ir laikas<\/td><td class=\"column-3\">Rasti \u012fvykius iki nurodytos datos<\/td><td class=\"column-4\">Taip<\/td>\n<\/tr>\n<tr class=\"row-5\">\n\t<td class=\"column-1\">continuation_token<\/td><td class=\"column-2\">Sveikasis skai\u010dius<\/td><td class=\"column-3\">\u012eterpia t\u0119stinumo simbol\u012f, bei rodo sekant\u012f duomen\u0173 komplekt\u0105, pasiekus praeit\u0105 \u012fra\u0161\u0173 limit\u0105<\/td><td class=\"column-4\">Ne<\/td>\n<\/tr>\n<tr class=\"row-6\">\n\t<td class=\"column-1\">limit<\/td><td class=\"column-2\">Sveikasis skai\u010dius<\/td><td class=\"column-3\">Nustato \u012fvyki\u0173 skai\u010di\u0173 atsakyme<\/td><td class=\"column-4\">Ne<\/td>\n<\/tr>\n<tr class=\"row-7\">\n\t<td class=\"column-1\">version<\/td><td class=\"column-2\">Tekstas<\/td><td class=\"column-3\">API versija<\/td><td class=\"column-4\">Taip<\/td>\n<\/tr>\n<tr class=\"row-8\">\n\t<td class=\"column-1\">api_key<\/td><td class=\"column-2\">Tekstas<\/td><td class=\"column-3\">Vartotojo identifikacijos raktas<\/td><td class=\"column-4\">Taip<\/td>\n<\/tr>\n<\/tbody>\n<\/table>\n<!-- #tablepress-186 from cache -->\n\n\n\n<p>Atsakymo pavyzdys:<\/p>\n\n\n\n<div class=\"wp-block-codemirror-blocks-code-block code-block\"><pre class=\"CodeMirror\" data-setting=\"{&quot;mode&quot;:&quot;javascript&quot;,&quot;mime&quot;:&quot;application\/json&quot;,&quot;theme&quot;:&quot;dracula&quot;,&quot;lineNumbers&quot;:true,&quot;styleActiveLine&quot;:false,&quot;lineWrapping&quot;:false,&quot;readOnly&quot;:true,&quot;language&quot;:&quot;JSON&quot;,&quot;modeName&quot;:&quot;json&quot;}\">{\n  &quot;continuation_token&quot;: 1,\n  &quot;events&quot;: [\n    {\n      &quot;name&quot;: &quot;ToyotaIgnition&quot;,\n      &quot;description&quot;: &quot;TestIgnition&quot;,\n      &quot;driver_id&quot;: null,\n      &quot;trip_type&quot;: &quot;NONE&quot;,\n      &quot;duration&quot;: 31,\n      &quot;start&quot;: {\n        &quot;datetime&quot;: &quot;2020-02-10T09:13:23.000Z&quot;,\n        &quot;location&quot;: {\n          &quot;latitude&quot;: 54.924457,\n          &quot;longitude&quot;: 23.872841\n        },\n        &quot;mileage&quot;: 6000.0,\n        &quot;speed&quot;: 40\n      },\n      &quot;end&quot;: {\n        &quot;datetime&quot;: &quot;2020-02-10T09:13:54.000Z&quot;,\n        &quot;location&quot;: {\n          &quot;latitude&quot;: 54.924457,\n          &quot;longitude&quot;: 23.872841\n        },\n        &quot;mileage&quot;: 6000.0\n      }\n    },\n    ...\n  ]\n}<\/pre><\/div>\n\n\n\n<p>Jei parametras arba&nbsp;<a href=\"https:\/\/www.fmsdocumentation.com\/lt\/api\/?lang=lt\">API<\/a>&nbsp;raktas \u012fvestas neteisingai, sistema pateiks klaidos kod\u0105, visi klaid\u0173 kodai apra\u0161yti API skyriuje. Parametrai, kuriems duomenys n\u0117ra pateikti, n\u0117ra \u012ftraukiami \u012f atsakym\u0105. Parametrai apra\u0161yti \u0161io skyriaus pabaigoje.<\/p>\n\n\n\n<p>Atsakymo parametrai:<\/p>\n\n\n\n\n<table id=\"tablepress-187\" class=\"tablepress tablepress-id-187\">\n<thead>\n<tr class=\"row-1\">\n\t<th class=\"column-1\">Parametras<\/th><th class=\"column-2\">Tipas<\/th><th class=\"column-3\">Apra\u0161ymas<\/th>\n<\/tr>\n<\/thead>\n<tbody>\n<tr class=\"row-2\">\n\t<td class=\"column-1\">continuation_token<\/td><td class=\"column-2\">Sveikasis skai\u010dius<\/td><td class=\"column-3\">T\u0119stinumo simbolis gaunamas, kai u\u017eklausiamas didelis \u012fra\u0161\u0173 kiekis ilgam laikotarpiui, kai vir\u0161ijamas nustatytas \u012fra\u0161\u0173 limitas<\/td>\n<\/tr>\n<tr class=\"row-3\">\n\t<td class=\"column-1\">events<\/td><td class=\"column-2\">Masyvas<\/td><td class=\"column-3\">Talpina visus objekto \u012fvykius pasirinktam laikotarpiui<\/td>\n<\/tr>\n<tr class=\"row-4\">\n\t<td class=\"column-1\">name<\/td><td class=\"column-2\">Tekstas<\/td><td class=\"column-3\">\u012evykio pavadinimas<\/td>\n<\/tr>\n<tr class=\"row-5\">\n\t<td class=\"column-1\">description<\/td><td class=\"column-2\">Tekstas<\/td><td class=\"column-3\">\u012evykio apra\u0161ymas<\/td>\n<\/tr>\n<tr class=\"row-6\">\n\t<td class=\"column-1\">driver_id<\/td><td class=\"column-2\">Tekstas<\/td><td class=\"column-3\">I\u0161orinio vairuotojo ID<\/td>\n<\/tr>\n<tr class=\"row-7\">\n\t<td class=\"column-1\">trip_type<\/td><td class=\"column-2\">Enum<\/td><td class=\"column-3\">Kelion\u0117s tipas<\/td>\n<\/tr>\n<tr class=\"row-8\">\n\t<td class=\"column-1\">duration<\/td><td class=\"column-2\">Ilgas sveikasis skai\u010dius<\/td><td class=\"column-3\">\u012evykio trukm\u0117 sekund\u0117mis<\/td>\n<\/tr>\n<tr class=\"row-9\">\n\t<td class=\"column-1\">start<\/td><td class=\"column-2\">Masyvas<\/td><td class=\"column-3\">Talpina vis\u0105 \u012fvykio prad\u017eios informacij\u0105<\/td>\n<\/tr>\n<tr class=\"row-10\">\n\t<td class=\"column-1\">end<\/td><td class=\"column-2\">Masyvas<\/td><td class=\"column-3\">Talpina vis\u0105 \u012fvykio pabaigos informacij\u0105<\/td>\n<\/tr>\n<tr class=\"row-11\">\n\t<td class=\"column-1\">datetime<\/td><td class=\"column-2\">Data ir laikas<\/td><td class=\"column-3\">Data ir laikas<\/td>\n<\/tr>\n<tr class=\"row-12\">\n\t<td class=\"column-1\">location<\/td><td class=\"column-2\">Masyvas<\/td><td class=\"column-3\">Talpina koordinates<\/td>\n<\/tr>\n<tr class=\"row-13\">\n\t<td class=\"column-1\">latitude<\/td><td class=\"column-2\">Skai\u010dius<\/td><td class=\"column-3\">Platuma<\/td>\n<\/tr>\n<tr class=\"row-14\">\n\t<td class=\"column-1\">longitude<\/td><td class=\"column-2\">Skai\u010dius<\/td><td class=\"column-3\">Ilguma<\/td>\n<\/tr>\n<tr class=\"row-15\">\n\t<td class=\"column-1\">mileage<\/td><td class=\"column-2\">Skai\u010dius<\/td><td class=\"column-3\">Rida kilometrais<\/td>\n<\/tr>\n<tr class=\"row-16\">\n\t<td class=\"column-1\">speed<\/td><td class=\"column-2\">Sveikasis skai\u010dius<\/td><td class=\"column-3\">Greitis km\/h<\/td>\n<\/tr>\n<\/tbody>\n<\/table>\n<!-- #tablepress-187 from cache -->\n\n\n\n<p>\n<div class=\"alignleft\"><a href=\"https:\/\/www.fmsdocumentation.com\/lt\/api\/vairuotoju-api\/\" title=\"Vairuotoj\u0173 API\"><span class=\"arrow\">\u2039 &nbsp <\/span> Vairuotoj\u0173 API <\/a><\/div> <div class=\"alignright\"><a href=\"https:\/\/www.fmsdocumentation.com\/lt\/api\/geozonu-saraso-api\/\" title=\"Geozon\u0173 s\u0105ra\u0161o API\">Geozon\u0173 s\u0105ra\u0161o API <span class=\"arrow\"> &nbsp\u203a <\/span> <\/a><\/div>\n\n<\/p>\n","protected":false},"excerpt":{"rendered":"<p>\u012evyki\u0173 istorijos API yra skirtas gauti objekt\u0173 \u012fvyki\u0173 istorij\u0105 pasirinktam laikotarpiui. U\u017eklausos strukt\u016bra: GET \/detected-events?object_id=&amp;from_datetime=&amp;to_datetime=&amp;continuation_token=&amp;limit=&amp;version=1&amp;api_key= HTTP\/1.1&#13; Host: api.fm-track.com&#13; Content-Type: application\/json;charset=UTF-8 &#13; U\u017eklausos parametrai: Atsakymo pavyzdys: Jei parametras arba&nbsp;API&nbsp;raktas \u012fvestas neteisingai, sistema pateiks klaidos kod\u0105, visi klaid\u0173 kodai apra\u0161yti API skyriuje. Parametrai, kuriems duomenys n\u0117ra pateikti, n\u0117ra \u012ftraukiami \u012f atsakym\u0105. Parametrai apra\u0161yti \u0161io skyriaus pabaigoje. Atsakymo &hellip; <a href=\"https:\/\/www.fmsdocumentation.com\/lt\/api\/ivykiu-istorijos-api\/\" class=\"more-link\">Skaityti toliau: <span class=\"screen-reader-text\">\u012evyki\u0173 istorijos API<\/span><\/a><\/p>\n","protected":false},"author":13,"featured_media":0,"parent":1582,"menu_order":12,"comment_status":"closed","ping_status":"closed","template":"","meta":{"footnotes":""},"class_list":["post-9795","page","type-page","status-publish","hentry"],"_links":{"self":[{"href":"https:\/\/www.fmsdocumentation.com\/lt\/wp-json\/wp\/v2\/pages\/9795","targetHints":{"allow":["GET"]}}],"collection":[{"href":"https:\/\/www.fmsdocumentation.com\/lt\/wp-json\/wp\/v2\/pages"}],"about":[{"href":"https:\/\/www.fmsdocumentation.com\/lt\/wp-json\/wp\/v2\/types\/page"}],"author":[{"embeddable":true,"href":"https:\/\/www.fmsdocumentation.com\/lt\/wp-json\/wp\/v2\/users\/13"}],"replies":[{"embeddable":true,"href":"https:\/\/www.fmsdocumentation.com\/lt\/wp-json\/wp\/v2\/comments?post=9795"}],"version-history":[{"count":4,"href":"https:\/\/www.fmsdocumentation.com\/lt\/wp-json\/wp\/v2\/pages\/9795\/revisions"}],"predecessor-version":[{"id":9815,"href":"https:\/\/www.fmsdocumentation.com\/lt\/wp-json\/wp\/v2\/pages\/9795\/revisions\/9815"}],"up":[{"embeddable":true,"href":"https:\/\/www.fmsdocumentation.com\/lt\/wp-json\/wp\/v2\/pages\/1582"}],"wp:attachment":[{"href":"https:\/\/www.fmsdocumentation.com\/lt\/wp-json\/wp\/v2\/media?parent=9795"}],"curies":[{"name":"wp","href":"https:\/\/api.w.org\/{rel}","templated":true}]}}