{"id":9806,"date":"2020-09-03T10:59:54","date_gmt":"2020-09-03T07:59:54","guid":{"rendered":"https:\/\/www.fmsdocumentation.com\/geozonu-saraso-api\/"},"modified":"2020-09-03T12:11:41","modified_gmt":"2020-09-03T09:11:41","slug":"geozonu-saraso-api","status":"publish","type":"page","link":"https:\/\/www.fmsdocumentation.com\/lt\/api\/geozonu-saraso-api\/","title":{"rendered":"Geozon\u0173 s\u0105ra\u0161o API"},"content":{"rendered":"\n<p>Geozon\u0173 s\u0105ra\u0161o API yra skirtas pateikti informacij\u0105 apie vartotojo geozonas (visos matomos geozonos: sukurtos ir pasidalintos su vartotoju).<\/p>\n\n\n\n<p>U\u017eklausos strukt\u016bra:<\/p>\n\n\n\n<p style=\"background-color: #000000; color: #bbbdc0; font-family: Consolas; padding-left: 10px; padding-right: 10px;\">GET \/geozones?api_key=<...>&amp;version=1&amp;limit=<...>&amp;continuation_token=<...> HTTP\/1.1&#13;\n<br\/>Host: api.fm-track.com&#13;\n<br\/>Content-Type: application\/json;charset=UTF-8<\/...><\/...><\/...><\/p>&#13;\n\n\n\n<p>U\u017eklausos parametrai:<\/p>\n\n\n\n\n<table id=\"tablepress-190\" class=\"tablepress tablepress-id-190\">\n<thead>\n<tr class=\"row-1\">\n\t<th class=\"column-1\">Parametras<\/th><th class=\"column-2\">Tipas<\/th><th class=\"column-3\">Apra\u0161ymas<\/th><th class=\"column-4\">Privalomas<\/th>\n<\/tr>\n<\/thead>\n<tbody>\n<tr class=\"row-2\">\n\t<td class=\"column-1\">api_key<\/td><td class=\"column-2\">Tekstas<\/td><td class=\"column-3\">Vartotojo identifikacijos raktas<\/td><td class=\"column-4\">Taip<\/td>\n<\/tr>\n<tr class=\"row-3\">\n\t<td class=\"column-1\">version<\/td><td class=\"column-2\">Sveikasis skai\u010dius<\/td><td class=\"column-3\">API versija<\/td><td class=\"column-4\">Taip<\/td>\n<\/tr>\n<tr class=\"row-4\">\n\t<td class=\"column-1\">limit<\/td><td class=\"column-2\">Sveikasis skai\u010dius<\/td><td class=\"column-3\">Apriboja geozon\u0173 skai\u010di\u0173 atsakyme<\/td><td class=\"column-4\">Ne<\/td>\n<\/tr>\n<tr class=\"row-5\">\n\t<td class=\"column-1\">continuation_token<\/td><td class=\"column-2\">Sveikasis skai\u010dius<\/td><td class=\"column-3\">\u012eterpia t\u0119stinumo simbol\u012f bei rodo sekant\u012f duomen\u0173 komplekt\u0105, pasiekus praeit\u0105 \u012fra\u0161\u0173 limit\u0105<\/td><td class=\"column-4\">Ne<\/td>\n<\/tr>\n<\/tbody>\n<\/table>\n<!-- #tablepress-190 from cache -->\n\n\n\n<p>Atsakymo pavyzdys<\/p>\n\n\n\n<div class=\"wp-block-codemirror-blocks-code-block code-block\"><pre class=\"CodeMirror\" data-setting=\"{&quot;mode&quot;:&quot;javascript&quot;,&quot;mime&quot;:&quot;application\/json&quot;,&quot;theme&quot;:&quot;dracula&quot;,&quot;lineNumbers&quot;:true,&quot;styleActiveLine&quot;:false,&quot;lineWrapping&quot;:false,&quot;readOnly&quot;:true,&quot;language&quot;:&quot;JSON&quot;,&quot;modeName&quot;:&quot;json&quot;}\">{\n    &quot;continuation_token&quot;: 1,\n    &quot;items&quot;: [\n        {\n            &quot;id&quot;: &quot;d4e18901&quot;,\n            &quot;name&quot;: &quot;asdada&quot;,\n            &quot;notes&quot;: &quot;aaa fff&quot;,\n            &quot;type&quot;: &quot;POINT&quot;,\n            &quot;circle&quot;: {\n                &quot;latitude&quot;: 54.689538538142585,\n                &quot;longitude&quot;: 25.270938071441606,\n                &quot;radius&quot;: 250.0\n            }\n        },\n        ...\n    ]\n}<\/pre><\/div>\n\n\n\n<p>Jei parametras arba&nbsp;<a href=\"https:\/\/www.fmsdocumentation.com\/lt\/api\/?lang=lt\">API<\/a>&nbsp;raktas \u012fvestas neteisingai, sistema pateiks klaidos kod\u0105, visi klaid\u0173 kodai apra\u0161yti API skyriuje. Parametrai, kuriems duomenys n\u0117ra pateikti, n\u0117ra \u012ftraukiami \u012f atsakym\u0105. Parametrai apra\u0161yti \u0161io skyriaus pabaigoje.<\/p>\n\n\n\n<p>Atsakymo pavyzdys<\/p>\n\n\n\n\n<table id=\"tablepress-191\" class=\"tablepress tablepress-id-191\">\n<thead>\n<tr class=\"row-1\">\n\t<th class=\"column-1\">Parametras<\/th><th class=\"column-2\">Tipas<\/th><th class=\"column-3\">Apra\u0161ymas<\/th>\n<\/tr>\n<\/thead>\n<tbody>\n<tr class=\"row-2\">\n\t<td class=\"column-1\">continuation_token<\/td><td class=\"column-2\">Sveikasis skai\u010dius<\/td><td class=\"column-3\">T\u0119stinumo simbolis gaunamas, kai u\u017eklausiamas didelis \u012fra\u0161\u0173 kiekis ilgam laikotarpiui, kai vir\u0161ijamas nustatytas \u012fra\u0161\u0173 limitas<\/td>\n<\/tr>\n<tr class=\"row-3\">\n\t<td class=\"column-1\">items<\/td><td class=\"column-2\">Masyvas<\/td><td class=\"column-3\">Talpina visas vartotojo geozonas<\/td>\n<\/tr>\n<tr class=\"row-4\">\n\t<td class=\"column-1\">id<\/td><td class=\"column-2\">Tekstas<\/td><td class=\"column-3\">I\u0161orin\u0117s geozonos ID<\/td>\n<\/tr>\n<tr class=\"row-5\">\n\t<td class=\"column-1\">name<\/td><td class=\"column-2\">Tekstas<\/td><td class=\"column-3\">Geozonos pavadinimas<\/td>\n<\/tr>\n<tr class=\"row-6\">\n\t<td class=\"column-1\">notes<\/td><td class=\"column-2\">Tekstas<\/td><td class=\"column-3\">Geozonos pastabos<\/td>\n<\/tr>\n<tr class=\"row-7\">\n\t<td class=\"column-1\">type<\/td><td class=\"column-2\">Enum<\/td><td class=\"column-3\">Geozonos tipas. Yra du tipai: ta\u0161kinis ir poligonas<\/td>\n<\/tr>\n<tr class=\"row-8\">\n\t<td class=\"column-1\">circle<\/td><td class=\"column-2\">Masyvas<\/td><td class=\"column-3\">Talpina ta\u0161kinio tipo informacij\u0105. Jei pasirinktas poligono tipas, \u0161is parametras bus NULL<\/td>\n<\/tr>\n<tr class=\"row-9\">\n\t<td class=\"column-1\">latitude<\/td><td class=\"column-2\">Skai\u010dius<\/td><td class=\"column-3\">ta\u0161kinio centro platuma<\/td>\n<\/tr>\n<tr class=\"row-10\">\n\t<td class=\"column-1\">longitude<\/td><td class=\"column-2\">Skai\u010dius<\/td><td class=\"column-3\">ta\u0161kinio centro ilguma<\/td>\n<\/tr>\n<tr class=\"row-11\">\n\t<td class=\"column-1\">radius<\/td><td class=\"column-2\">Skai\u010dius<\/td><td class=\"column-3\">Skersmuo metrais<\/td>\n<\/tr>\n<\/tbody>\n<\/table>\n<!-- #tablepress-191 from cache -->\n\n\n\n<p>\r\n<div class=\"alignleft\"><a href=\"https:\/\/www.fmsdocumentation.com\/lt\/api\/ivykiu-istorijos-api\/\" title=\"\u012evyki\u0173 istorijos API\"><span class=\"arrow\">\u2039 &nbsp <\/span> \u012evyki\u0173 istorijos API <\/a><\/div> <div class=\"alignright\"><a href=\"https:\/\/www.fmsdocumentation.com\/lt\/vaziavimo-laiko-meniu\/\" title=\"Va\u017eiavimo laiko meniu\">Va\u017eiavimo laiko meniu <span class=\"arrow\"> &nbsp\u203a <\/span> <\/a><\/div>\r\n\r\n<\/p>\n","protected":false},"excerpt":{"rendered":"<p>Geozon\u0173 s\u0105ra\u0161o API yra skirtas pateikti informacij\u0105 apie vartotojo geozonas (visos matomos geozonos: sukurtos ir pasidalintos su vartotoju). U\u017eklausos strukt\u016bra: GET \/geozones?api_key=&amp;version=1&amp;limit=&amp;continuation_token= HTTP\/1.1&#13; Host: api.fm-track.com&#13; Content-Type: application\/json;charset=UTF-8 &#13; U\u017eklausos parametrai: Atsakymo pavyzdys Jei parametras arba&nbsp;API&nbsp;raktas \u012fvestas neteisingai, sistema pateiks klaidos kod\u0105, visi klaid\u0173 kodai apra\u0161yti API skyriuje. Parametrai, kuriems duomenys n\u0117ra pateikti, n\u0117ra \u012ftraukiami \u012f &hellip; <a href=\"https:\/\/www.fmsdocumentation.com\/lt\/api\/geozonu-saraso-api\/\" class=\"more-link\">Skaityti toliau: <span class=\"screen-reader-text\">Geozon\u0173 s\u0105ra\u0161o API<\/span><\/a><\/p>\n","protected":false},"author":13,"featured_media":0,"parent":1582,"menu_order":13,"comment_status":"closed","ping_status":"closed","template":"","meta":{"footnotes":""},"class_list":["post-9806","page","type-page","status-publish","hentry"],"_links":{"self":[{"href":"https:\/\/www.fmsdocumentation.com\/lt\/wp-json\/wp\/v2\/pages\/9806","targetHints":{"allow":["GET"]}}],"collection":[{"href":"https:\/\/www.fmsdocumentation.com\/lt\/wp-json\/wp\/v2\/pages"}],"about":[{"href":"https:\/\/www.fmsdocumentation.com\/lt\/wp-json\/wp\/v2\/types\/page"}],"author":[{"embeddable":true,"href":"https:\/\/www.fmsdocumentation.com\/lt\/wp-json\/wp\/v2\/users\/13"}],"replies":[{"embeddable":true,"href":"https:\/\/www.fmsdocumentation.com\/lt\/wp-json\/wp\/v2\/comments?post=9806"}],"version-history":[{"count":3,"href":"https:\/\/www.fmsdocumentation.com\/lt\/wp-json\/wp\/v2\/pages\/9806\/revisions"}],"predecessor-version":[{"id":9832,"href":"https:\/\/www.fmsdocumentation.com\/lt\/wp-json\/wp\/v2\/pages\/9806\/revisions\/9832"}],"up":[{"embeddable":true,"href":"https:\/\/www.fmsdocumentation.com\/lt\/wp-json\/wp\/v2\/pages\/1582"}],"wp:attachment":[{"href":"https:\/\/www.fmsdocumentation.com\/lt\/wp-json\/wp\/v2\/media?parent=9806"}],"curies":[{"name":"wp","href":"https:\/\/api.w.org\/{rel}","templated":true}]}}