{"id":12023,"date":"2022-06-17T13:09:17","date_gmt":"2022-06-17T10:09:17","guid":{"rendered":"https:\/\/www.fmsdocumentation.com\/basis\/bijzondere-voorwaarden\/"},"modified":"2022-06-17T13:09:17","modified_gmt":"2022-06-17T10:09:17","slug":"bijzondere-voorwaarden","status":"publish","type":"page","link":"https:\/\/www.fmsdocumentation.com\/nl\/basis\/bijzondere-voorwaarden\/","title":{"rendered":"Bijzondere voorwaarden"},"content":{"rendered":"<p>Voor sommige functies of objecten kunnen bijzondere voorwaarden of gebruiksbeperkingen in het vlootbeheersysteem gelden. Deze bijzondere voorwaarden worden op deze bladzijde beschreven. Let wel dat alleen algemene voorwaarden, die een groot deel van de FMS betreffen, worden beschreven, kleinere problemen zullen in de desbetreffende rubrieken worden weergegeven.<\/p>\n<hr>\n<h3>Aanhangwagens<\/h3>\n<p>Onlangs zijn aanhangwagens toegevoegd aan het vlootbeheersysteem. Zij worden in het systeem weergegeven als objecten. Maar niet alle functionaliteiten zijn beschikbaar voor aanhangwagens. Er wordt een lijst van beperkingen verstrekt:<\/p>\n<ul>\n<li>Chauffeurs kunnen niet aan een aanhangwagen worden toegewezen;<\/li>\n<li>Taken kunnen niet worden toegewezen aan een aanhangwagen en aanhangwagens zullen niet worden weergegeven in de &#8220;dichtstbijzijnde voertuig&#8221; selecteur;<\/li>\n<li>Aanhangwagens kunnen niet in de tachograafmodule worden geselecteerd;<\/li>\n<li>Communicatie met een aanhanger is onmogelijk;<\/li>\n<li>Aanhangwagens kunnen niet worden geselecteerd in de sectie Eco rijden;<\/li>\n<\/ul>\n<p>Andere bijzondere voorwaarden:<\/p>\n<ul>\n<li>Aanhangwagens worden automatisch aan een voertuig toegewezen zodra het volgsysteem in het voertuig de ID van de aanhanger begint door te geven. Het systeem controleert voortdurend of er een aanhangwagen-ID in de registers aanwezig is.<\/li>\n<li>Er kan slechts \u00e9\u00e9n aanhangwagen tegelijk aan \u00e9\u00e9n voertuig worden toegewezen. Indien een nieuwe toewijzing wordt herkend, zal de vorige toewijzing worden verwijderd;<\/li>\n<li>Een aanhangwagen wordt losgekoppeld van een voertuig, zodra een gegevenspakket is ontvangen met een nieuw co\u00f6rdinaat en zonder de aanhangwagen-ID.<\/li>\n<\/ul>\n<hr>\n<h3>Groepen<\/h3>\n<p>Er gelden speciale voorwaarden wanneer een aanhangwagen en een voertuig van verschillende groepen worden gekoppeld. Indien de gebruiker slechts weergave van \u00e9\u00e9n groep selecteert, waarbij slechts \u00e9\u00e9n van de objecten zichtbaar is, maar die naderhand aan de andere is gehecht, zullen beide groepen automatisch voor weergave worden geselecteerd. Dezelfde logica is van toepassing bij het selecteren van een groep met een object waaraan een ander object uit een andere groep is gekoppeld. In dat geval worden beide groepen automatisch geselecteerd.<\/p>\n<hr>\n<p><div class=\"alignleft\"><a href=\"https:\/\/www.fmsdocumentation.com\/nl\/basis\/factureringsplannen\/\" title=\"Factureringsplannen\"><span class=\"arrow\">\u2039 &nbsp <\/span> Factureringsplannen <\/a><\/div> <div class=\"alignright\"><a href=\"https:\/\/www.fmsdocumentation.com\/nl\/hoofdvenster-fms\/\" title=\"Hoofdvenster FMS\">Hoofdvenster FMS <span class=\"arrow\"> &nbsp\u203a <\/span> <\/a><\/div><\/p>\n","protected":false},"excerpt":{"rendered":"<p>Voor sommige functies of objecten kunnen bijzondere voorwaarden of gebruiksbeperkingen in het vlootbeheersysteem gelden. Deze bijzondere voorwaarden worden op deze bladzijde beschreven. Let wel dat alleen algemene voorwaarden, die een groot deel van de FMS betreffen, worden beschreven, kleinere problemen zullen in de desbetreffende rubrieken worden weergegeven. Aanhangwagens Onlangs zijn aanhangwagens toegevoegd aan het vlootbeheersysteem. &hellip; <a href=\"https:\/\/www.fmsdocumentation.com\/nl\/basis\/bijzondere-voorwaarden\/\" class=\"more-link\">Lees verder <span class=\"screen-reader-text\">Bijzondere voorwaarden<\/span><\/a><\/p>\n","protected":false},"author":1,"featured_media":0,"parent":11996,"menu_order":7,"comment_status":"closed","ping_status":"closed","template":"","meta":{"footnotes":""},"class_list":["post-12023","page","type-page","status-publish","hentry"],"_links":{"self":[{"href":"https:\/\/www.fmsdocumentation.com\/nl\/wp-json\/wp\/v2\/pages\/12023","targetHints":{"allow":["GET"]}}],"collection":[{"href":"https:\/\/www.fmsdocumentation.com\/nl\/wp-json\/wp\/v2\/pages"}],"about":[{"href":"https:\/\/www.fmsdocumentation.com\/nl\/wp-json\/wp\/v2\/types\/page"}],"author":[{"embeddable":true,"href":"https:\/\/www.fmsdocumentation.com\/nl\/wp-json\/wp\/v2\/users\/1"}],"replies":[{"embeddable":true,"href":"https:\/\/www.fmsdocumentation.com\/nl\/wp-json\/wp\/v2\/comments?post=12023"}],"version-history":[{"count":1,"href":"https:\/\/www.fmsdocumentation.com\/nl\/wp-json\/wp\/v2\/pages\/12023\/revisions"}],"predecessor-version":[{"id":12024,"href":"https:\/\/www.fmsdocumentation.com\/nl\/wp-json\/wp\/v2\/pages\/12023\/revisions\/12024"}],"up":[{"embeddable":true,"href":"https:\/\/www.fmsdocumentation.com\/nl\/wp-json\/wp\/v2\/pages\/11996"}],"wp:attachment":[{"href":"https:\/\/www.fmsdocumentation.com\/nl\/wp-json\/wp\/v2\/media?parent=12023"}],"curies":[{"name":"wp","href":"https:\/\/api.w.org\/{rel}","templated":true}]}}