{"id":12065,"date":"2022-06-19T08:54:10","date_gmt":"2022-06-19T05:54:10","guid":{"rendered":"https:\/\/www.fmsdocumentation.com\/hoofdvenster-fms\/kaartkenmerken-en-hulpmiddelen\/"},"modified":"2022-06-19T08:54:11","modified_gmt":"2022-06-19T05:54:11","slug":"kaartkenmerken-en-hulpmiddelen","status":"publish","type":"page","link":"https:\/\/www.fmsdocumentation.com\/nl\/hoofdvenster-fms\/kaartkenmerken-en-hulpmiddelen\/","title":{"rendered":"Kaartkenmerken en -hulpmiddelen"},"content":{"rendered":"<p>Momenteel is een selectie van twee kaartbronnen beschikbaar. Dit kan een &#8220;OSM&#8221; (<em>standaardopti<\/em>) kaart van de wereld zijn, of een Google wereldkaart. Omschakelen tussen de kaarten is eenvoudig, klik gewoon op de gestapelde kaarten rechtsonder op de kaart. De momenteel getoonde kaart wordt bovenaan getoond. De gebruiker kan kiezen uit vier kaarttypes:<\/p>\n<ul>\n<li>OSM &#8211; Open stratenplan;<\/li>\n<li>Satelliet &#8211; Geeft Google-satellietbeeldkaart weer zonder straten te markeren;<\/li>\n<li>Hybride &#8211; Geeft Google-satellietbeeldkaart weer met toegevoegde straatmarkeringen van street mapping;<\/li>\n<li>Straat &#8211; Google straatkaarten weergeven zonder satellietbeelden.<\/li>\n<\/ul>\n\n<table id=\"tablepress-3\" class=\"tablepress tablepress-id-3\">\n<thead>\n<tr class=\"row-1\">\n\t<th class=\"column-1\">Icon<\/th><th class=\"column-2\">Description<\/th>\n<\/tr>\n<\/thead>\n<tbody>\n<tr class=\"row-2\">\n\t<td class=\"column-1\"><img loading=\"lazy\" decoding=\"async\" src=\"http:\/\/www.fmsdocumentation.com\/wp-content\/uploads\/2017\/04\/18.png\" alt=\"\" width=\"36\" height=\"63\" class=\"aligncenter size-full wp-image-252\" \/><\/td><td class=\"column-2\">Buttons to \"zoom in\" or \"zoom out\" of the map.<\/td>\n<\/tr>\n<tr class=\"row-3\">\n\t<td class=\"column-1\"><img loading=\"lazy\" decoding=\"async\" src=\"http:\/\/www.fmsdocumentation.com\/wp-content\/uploads\/2017\/04\/19.png\" alt=\"\" width=\"34\" height=\"33\" class=\"aligncenter size-full wp-image-253\" \/><\/td><td class=\"column-2\">Google \u201eStreet View\u201c. (Works on all maps, except OSM). To use Google Street View, click and hold this icon and then frag the icon to the street you want to observe. To exit Google Street View, the user must click the grey arrow located at the top right side of the screen.<\/td>\n<\/tr>\n<tr class=\"row-4\">\n\t<td class=\"column-1\"><img loading=\"lazy\" decoding=\"async\" src=\"http:\/\/www.fmsdocumentation.com\/wp-content\/uploads\/2017\/04\/20.png\" alt=\"\" width=\"32\" height=\"31\" class=\"aligncenter size-full wp-image-254\" \/><\/td><td class=\"column-2\">Traffic information. To activate this function, simply click the icon (This function works only on the Hybrid or the Street map). This function display traffic intensity  (in places where this information is available) by displaying colored lines on the map. Green and similar colors indicate low traffic intensity, while Red and darker colors indicate high traffic intensity. <\/td>\n<\/tr>\n<tr class=\"row-5\">\n\t<td class=\"column-1\"><img loading=\"lazy\" decoding=\"async\" src=\"http:\/\/www.fmsdocumentation.com\/wp-content\/uploads\/2017\/04\/21.png\" alt=\"\" width=\"32\" height=\"32\" class=\"aligncenter size-full wp-image-24\" \/><\/td><td class=\"column-2\">Routing &amp; Tasks. Clicking this icon will open the routing &amp; tasks menu on the left side of the screen. Routing &amp; Tasks menu is described in a <a href=\"https:\/\/www.fmsdocumentation.com\/routing-tasks-menu\/\">separate section<\/a>. <\/td>\n<\/tr>\n<tr class=\"row-6\">\n\t<td class=\"column-1\"><img loading=\"lazy\" decoding=\"async\" src=\"http:\/\/www.fmsdocumentation.com\/wp-content\/uploads\/2017\/04\/188.png\" alt=\"\" width=\"32\" height=\"32\" class=\"aligncenter size-full wp-image-24\" \/><\/td><td class=\"column-2\">Measure area. Clicking this icon activates the measuring tool. While it is activated, the user can mark a territory on the map (similar to how geozones are marked), by connecting several dots. Once the dots are connected, the covered territory is highlighted and additional perimeter dots appear. The user can move these dots (click &amp; drag) to change the measuring area (After moving a dot, a \"Undo\" button appears, clicking which allows to return the dot to the previous position). Moving the mouse over the highlighted area will display its size. An example is shown below.<\/td>\n<\/tr>\n<tr class=\"row-7\">\n\t<td class=\"column-1\"><img loading=\"lazy\" decoding=\"async\" src=\"http:\/\/www.fmsdocumentation.com\/wp-content\/uploads\/2017\/07\/267.png\" alt=\"\" width=\"32\" height=\"32\" class=\"aligncenter size-full wp-image-24\" \/><\/td><td class=\"column-2\">Geozones. Clicking this icon will expand the right side of the screen, where a list of all existing geozones for the current user is located. An example with a description is provided further below.<\/td>\n<\/tr>\n<\/tbody>\n<\/table>\n<!-- #tablepress-3 from cache -->\n<p><a href=\"https:\/\/www.fmsdocumentation.com\/wp-content\/uploads\/2017\/04\/189.png\"><img loading=\"lazy\" decoding=\"async\" class=\"alignnone wp-image-339 size-full\" src=\"https:\/\/www.fmsdocumentation.com\/wp-content\/uploads\/2017\/04\/189.png\" alt=\"\" width=\"765\" height=\"536\" srcset=\"https:\/\/www.fmsdocumentation.com\/wp-content\/uploads\/2017\/04\/189.png 765w, https:\/\/www.fmsdocumentation.com\/wp-content\/uploads\/2017\/04\/189-300x210.png 300w\" sizes=\"auto, (max-width: 765px) 100vw, 765px\" \/><\/a><\/p>\n<p>Zoals vermeld in de vorige tabel, zal een klik op de knop &#8220;Geozones&#8221; een zijvenster openen zoals hieronder afgebeeld.<\/p>\n<p><a href=\"https:\/\/www.fmsdocumentation.com\/wp-content\/uploads\/2017\/04\/268-2.png\"><img loading=\"lazy\" decoding=\"async\" class=\"alignnone wp-image-1133 size-large\" src=\"https:\/\/www.fmsdocumentation.com\/wp-content\/uploads\/2017\/04\/268-2-1024x506.png\" alt=\"\" width=\"660\" height=\"326\" srcset=\"https:\/\/www.fmsdocumentation.com\/wp-content\/uploads\/2017\/04\/268-2-1024x506.png 1024w, https:\/\/www.fmsdocumentation.com\/wp-content\/uploads\/2017\/04\/268-2-300x148.png 300w, https:\/\/www.fmsdocumentation.com\/wp-content\/uploads\/2017\/04\/268-2-768x380.png 768w, https:\/\/www.fmsdocumentation.com\/wp-content\/uploads\/2017\/04\/268-2.png 1920w\" sizes=\"auto, (max-width: 660px) 100vw, 660px\" \/><\/a><\/p>\n<p>Hier kan de gebruiker kiezen om een van de beschikbare Geozones op de kaart te tonen of te verbergen. Eenmaal geselecteerd, zullen de geozones nu op de kaart worden weergegeven, ongeacht of het geozones-paneel geopend is of niet. Geo-zones worden aangeduid met blauwe markers, ballonvormige geo-zones zijn POI, terwijl zeshoeken polygonale geo-zones zijn.<\/p>\n<p><a href=\"https:\/\/www.fmsdocumentation.com\/wp-content\/uploads\/2017\/12\/301RU.png\"><img loading=\"lazy\" decoding=\"async\" class=\"alignnone size-full wp-image-4063\" src=\"https:\/\/www.fmsdocumentation.com\/wp-content\/uploads\/2017\/12\/301RU.png\" alt=\"\" width=\"483\" height=\"420\" srcset=\"https:\/\/www.fmsdocumentation.com\/wp-content\/uploads\/2017\/12\/301RU.png 483w, https:\/\/www.fmsdocumentation.com\/wp-content\/uploads\/2017\/12\/301RU-300x261.png 300w\" sizes=\"auto, (max-width: 483px) 100vw, 483px\" \/><\/a><\/p>\n<p>Wanneer de gebruiker een geozone selecteert in het zijpaneel, zal de kaart automatisch zoomen, zodat alle geselecteerde geozones op het scherm passen. Door te klikken op een geozonemarker verschijnt een informatieve tooltip over de geozone. De tooltip bevat de volgende informatie:<\/p>\n<ul>\n<li>Naam;<\/li>\n<li>Locatie;<\/li>\n<li>Co\u00f6rdinaten &#8211; kunnen worden gekopieerd door er op te klikken;<\/li>\n<li>Straal of oppervlakte;<\/li>\n<li>Opmerkingen (indien toegevoegd).<\/li>\n<\/ul>\n<p>Door te klikken op &#8220;Geozonedetails&#8221; wordt het Geozones paneel geopend met gedetailleerde informatie over de geozone.<\/p>\n<p><a href=\"https:\/\/www.fmsdocumentation.com\/wp-content\/uploads\/2019\/06\/319.png\"><img loading=\"lazy\" decoding=\"async\" class=\"alignnone size-full wp-image-8033\" src=\"https:\/\/www.fmsdocumentation.com\/wp-content\/uploads\/2019\/06\/319.png\" alt=\"\" width=\"473\" height=\"358\" srcset=\"https:\/\/www.fmsdocumentation.com\/wp-content\/uploads\/2019\/06\/319.png 473w, https:\/\/www.fmsdocumentation.com\/wp-content\/uploads\/2019\/06\/319-300x227.png 300w\" sizes=\"auto, (max-width: 473px) 100vw, 473px\" \/><\/a><\/p>\n<p>Door met de rechtermuisknop te klikken op een willekeurig punt op de kaart, verschijnt een pop-up met de exacte co\u00f6rdinaten van dat punt. De gebruiker kan de co\u00f6rdinaten kopi\u00ebren door erop te klikken of ze toevoegen aan een <a href=\"https:\/\/www.fmsdocumentation.com\/?page_id=204\">route<\/a>door te klikken op &#8220;Punt toevoegen aan route&#8221;.<\/p>\n<p><a href=\"https:\/\/www.fmsdocumentation.com\/wp-content\/uploads\/2018\/11\/379.png\"><img loading=\"lazy\" decoding=\"async\" class=\"alignnone wp-image-6236 size-full\" src=\"https:\/\/www.fmsdocumentation.com\/wp-content\/uploads\/2018\/11\/379.png\" alt=\"\" width=\"264\" height=\"124\"><\/a><\/p>\n<hr>\n<p><div class=\"alignleft\"><a href=\"https:\/\/www.fmsdocumentation.com\/nl\/hoofdvenster-fms\/waarschuwingen-van-objecten\/\" title=\"Waarschuwingen van objecten\"><span class=\"arrow\">\u2039 &nbsp <\/span> Waarschuwingen van objecten <\/a><\/div> <div class=\"alignright\"><a href=\"https:\/\/www.fmsdocumentation.com\/nl\/hoofdvenster-fms\/webgebruikers-beheerderspaneel\/\" title=\"Webgebruikers beheerderspaneel\">Webgebruikers beheerderspaneel <span class=\"arrow\"> &nbsp\u203a <\/span> <\/a><\/div><\/p>\n","protected":false},"excerpt":{"rendered":"<p>Momenteel is een selectie van twee kaartbronnen beschikbaar. Dit kan een &#8220;OSM&#8221; (standaardopti) kaart van de wereld zijn, of een Google wereldkaart. Omschakelen tussen de kaarten is eenvoudig, klik gewoon op de gestapelde kaarten rechtsonder op de kaart. De momenteel getoonde kaart wordt bovenaan getoond. De gebruiker kan kiezen uit vier kaarttypes: OSM &#8211; Open &hellip; <a href=\"https:\/\/www.fmsdocumentation.com\/nl\/hoofdvenster-fms\/kaartkenmerken-en-hulpmiddelen\/\" class=\"more-link\">Lees verder <span class=\"screen-reader-text\">Kaartkenmerken en -hulpmiddelen<\/span><\/a><\/p>\n","protected":false},"author":1,"featured_media":0,"parent":12025,"menu_order":6,"comment_status":"closed","ping_status":"closed","template":"","meta":{"footnotes":""},"class_list":["post-12065","page","type-page","status-publish","hentry"],"_links":{"self":[{"href":"https:\/\/www.fmsdocumentation.com\/nl\/wp-json\/wp\/v2\/pages\/12065","targetHints":{"allow":["GET"]}}],"collection":[{"href":"https:\/\/www.fmsdocumentation.com\/nl\/wp-json\/wp\/v2\/pages"}],"about":[{"href":"https:\/\/www.fmsdocumentation.com\/nl\/wp-json\/wp\/v2\/types\/page"}],"author":[{"embeddable":true,"href":"https:\/\/www.fmsdocumentation.com\/nl\/wp-json\/wp\/v2\/users\/1"}],"replies":[{"embeddable":true,"href":"https:\/\/www.fmsdocumentation.com\/nl\/wp-json\/wp\/v2\/comments?post=12065"}],"version-history":[{"count":1,"href":"https:\/\/www.fmsdocumentation.com\/nl\/wp-json\/wp\/v2\/pages\/12065\/revisions"}],"predecessor-version":[{"id":12076,"href":"https:\/\/www.fmsdocumentation.com\/nl\/wp-json\/wp\/v2\/pages\/12065\/revisions\/12076"}],"up":[{"embeddable":true,"href":"https:\/\/www.fmsdocumentation.com\/nl\/wp-json\/wp\/v2\/pages\/12025"}],"wp:attachment":[{"href":"https:\/\/www.fmsdocumentation.com\/nl\/wp-json\/wp\/v2\/media?parent=12065"}],"curies":[{"name":"wp","href":"https:\/\/api.w.org\/{rel}","templated":true}]}}