{"id":12315,"date":"2022-06-19T20:58:50","date_gmt":"2022-06-19T17:58:50","guid":{"rendered":"https:\/\/www.fmsdocumentation.com\/vlootstatusmenu\/overzicht-onderhoud\/"},"modified":"2022-06-19T20:58:50","modified_gmt":"2022-06-19T17:58:50","slug":"overzicht-onderhoud","status":"publish","type":"page","link":"https:\/\/www.fmsdocumentation.com\/nl\/vlootstatusmenu\/overzicht-onderhoud\/","title":{"rendered":"Overzicht onderhoud"},"content":{"rendered":"<p>Op het tabblad onderhoud kan de gebruiker een overzicht krijgen van de onderhoudstaken die aan een voertuig zijn toegewezen, nieuwe onderhoudstaken toewijzen, oude onderhoudstaken wijzigen en voltooide onderhoudstaken markeren. Nadat de gebruiker op het tabblad onderhoudsoverzicht heeft geklikt, krijgt hij twee hoofdgedeelten van de onderhoudsmodule te zien:<\/p>\n<ul>\n<li>Onderhoudstaak toevoegen;<\/li>\n<li>Toegewezen takenlijst.<\/li>\n<\/ul>\n<p><a href=\"https:\/\/www.fmsdocumentation.com\/wp-content\/uploads\/2017\/04\/48.png\"><img loading=\"lazy\" decoding=\"async\" class=\"alignnone wp-image-105 size-full\" src=\"https:\/\/www.fmsdocumentation.com\/wp-content\/uploads\/2017\/04\/48.png\" alt=\"\" width=\"361\" height=\"425\" srcset=\"https:\/\/www.fmsdocumentation.com\/wp-content\/uploads\/2017\/04\/48.png 361w, https:\/\/www.fmsdocumentation.com\/wp-content\/uploads\/2017\/04\/48-255x300.png 255w\" sizes=\"auto, (max-width: 361px) 100vw, 361px\" \/><\/a><\/p>\n<p>Als u op de knop \u201c<strong>Onderhoudstaak toevoegen<\/strong>\u201d klikt, wordt een nieuw venster geopend met de naam &lt;&#8220;onderhoudstaak maken voor &gt;<\/p>\n<p><a href=\"https:\/\/www.fmsdocumentation.com\/wp-content\/uploads\/2017\/04\/49.png\"><img loading=\"lazy\" decoding=\"async\" class=\"alignnone wp-image-106 size-full\" src=\"https:\/\/www.fmsdocumentation.com\/wp-content\/uploads\/2017\/04\/49.png\" alt=\"\" width=\"550\" height=\"760\" srcset=\"https:\/\/www.fmsdocumentation.com\/wp-content\/uploads\/2017\/04\/49.png 550w, https:\/\/www.fmsdocumentation.com\/wp-content\/uploads\/2017\/04\/49-217x300.png 217w\" sizes=\"auto, (max-width: 550px) 100vw, 550px\" \/><\/a><\/p>\n<p>In dit venster kunnen ook reeds bestaande onderhoudstaken aan het object worden toegewezen.<\/p>\n<p>Aan <strong>een nieuwe onderhoudstaak aanmaken<\/strong>, moet de gebruiker eerst deze optie kiezen in de selector. De huidig geselecteerde optie is gemarkeerd met een blauwe cirkel (standaard is de &#8220;bestaande taak toewijzen&#8221; geselecteerd).<\/p>\n<p><a href=\"https:\/\/www.fmsdocumentation.com\/wp-content\/uploads\/2017\/04\/50.png\"><img loading=\"lazy\" decoding=\"async\" class=\"alignnone wp-image-107 size-full\" src=\"https:\/\/www.fmsdocumentation.com\/wp-content\/uploads\/2017\/04\/50.png\" alt=\"\" width=\"430\" height=\"81\" srcset=\"https:\/\/www.fmsdocumentation.com\/wp-content\/uploads\/2017\/04\/50.png 430w, https:\/\/www.fmsdocumentation.com\/wp-content\/uploads\/2017\/04\/50-300x57.png 300w\" sizes=\"auto, (max-width: 430px) 100vw, 430px\" \/><\/a><\/p>\n<p>Daarna kan de gebruiker de vereiste informatie invoeren om een nieuwe onderhoudstaak aan te maken. De volgende informatie moet worden ingevoerd:<\/p>\n<ol>\n<li><strong>Title<\/strong> \u2013 weergavenaam voor de onderhoudstaak;<\/li>\n<li><strong>Parameter type<\/strong>\u2013 bepaalt welke parameter zal worden gebruikt om een periode voor onderhoud in te stellen. Door op de kleine pijl te klikken wordt een keuzelijst geopend met alle beschikbare selecties:\n<ul>\n<li><strong>Kilometerstand<\/strong> \u2013 deze parameter is standaard ingesteld en stelt de onderhoudsperiode in kilometers in (bijvoorbeeld: Olie verversen elke 7000 km).<\/li>\n<li><strong>Datum<\/strong> \u2013 deze parameter stelt de periode in de tijd in, de gebruiker kan een numerieke waarde invoeren en daarvoor een groepering selecteren (Dagen, weken, motten, jaren) (Bijvoorbeeld: Olie verversen elke 3 Maanden of 90 dagen).<\/li>\n<li><strong>Werktijden \u2013 <\/strong>deze parameter stelt de periode in op werkuren, deze parameter kan alleen geselecteerd worden voor voertuigen die geconfigureerd zijn (DIN1, DIN2, DIN3 of DIN4) om werkuren gegevens naar het fleet management systeem te sturen (een invoerselector verschijnt onder de &#8220;Parametertype&#8221; waar de gebruiker de DIN kan selecteren die de gegevens zal sturen).Indien het voertuig niet geconfigureerd is om werkuren gegevens te sturen, zal deze parameter niet in de lijst aanwezig zijn. De periode wordt berekend in uren. (Bijvoorbeeld: Olie verversen elke 450 werkuren).<\/li>\n<\/ul>\n<\/li>\n<li><strong>Beschrijving toevoegen<\/strong> \u2013 Als u op deze knop klikt, wordt een tekstvak met een beschrijving geopend, waarin de gebruiker een beschrijving van de onderhoudstaak kan toevoegen. Deze beschrijving is te zien wanneer op een onderhoudstaak in de lijst wordt geklikt. Deze beschrijving wordt ook getoond bij het bewerken van een taak.<\/li>\n<li><strong>Ingang<\/strong>\u2013 alleen beschikbaar als parametertype op &#8220;Werkuren&#8221; is ingesteld. Hiermee kan worden geselecteerd van welke ingang de werktijdgegevens worden ontvangen; dit moet worden geselecteerd op basis van de configuratie van het FM-apparaat op elk voertuig afzonderlijk.<\/li>\n<li><strong>Laatste service kilometerstand\/datum\/werkuren invoeren<\/strong> \u2013 Door dit selectievakje aan te vinken wordt een tekstveld gecre\u00eberd waarin de gebruiker de kilometerstand\/datum\/werkuren van het laatste onderhoud kan invoeren (de periode begint te tellen vanaf deze kilometerstand\/datum\/werkuren)<\/li>\n<li><strong>Herhaal taak na<\/strong>\u2013 hiermee kan de gewenste periode (elke XX dagen, XXXX kilometer, XX werkuren) voor het onderhoud worden ingevoerd op basis van de parameterkeuze (werkuren\/datum\/kilometrage).<\/li>\n<li><strong>Huidig aantal kilometers\/datum\/werkuren<\/strong> \u2013 toont de huidige waarde van de objectparameters op basis van de geselecteerde invoer.<\/li>\n<li><strong>Task confirmation<\/strong> \u2013 Taakbevestiging &#8211; \ufffc\ufffc Hiermee kan de gebruiker een van de twee opties kiezen voor de taakbevestiging, die bepaalt wanneer een nieuwe onderhoudsperiode begint. Slechts \u00e9\u00e9n van de twee kan worden gekozen:\n<ul>\n<li><strong>Bevestig deze taak elke keer handmatig om een nieuwe taakcyclus te beginnen<\/strong> \u2013 dit betekent dat een nieuwe onderhoudsperiode pas begint nadat de gebruiker heeft bevestigd dat het vorige onderhoud voltooid is <strong>;<\/strong><\/li>\n<li><strong>Automatisch bevestigen van deze taak om een nieuwe taakcyclus te starten<\/strong> \u2013 Dit betekent dat een nieuwe onderhoudsperiode direct begint nadat de vorige is afgelopen zonder dat een bevestiging van de gebruiker nodig is dat het onderhoud is voltooid<strong>;<\/strong> <\/li>\n<\/ul>\n<\/li>\n<li><strong>Email meldingen checkbox<\/strong> \u2013 Als u deze checkbox inschakelt, kunt u meldingen via e-mail ontvangen over komende onderhoudstaken. Meer dan \u00e9\u00e9n e-mail kan worden ingevoerd, door na elke e-mail een komma &#8220;,&#8221; in te voeren. Een e-mail kan worden verwijderd door op de kleine x naast het adres te klikken.<\/li>\n<li><strong>Alarm for<\/strong> \u2013 dit veld wordt alleen weergegeven als het selectievakje e-mailwaarschuwing is ingeschakeld en bepaalt wanneer de waarschuwingsmails moeten worden verzonden. (bijvoorbeeld: v\u00f3\u00f3r 500 km totdat onderhoud nodig is) (de eenheden v\u00f3\u00f3r (km\/tijd) hangen af van het geselecteerde parametertype);<\/li>\n<li><strong>Opslaan<\/strong> \u2013 Deze toets moet worden aangeklikt om een nieuwe onderhoudstaak te cre\u00ebren\/bestaande taak toe te wijzen;<\/li>\n<li><strong>Sluiten<\/strong> \u2013 Deze knop moet worden aangeklikt om het aanmaken van een nieuwe onderhoudstaak\/taaktoewijzing te annuleren, of de gebruiker kan gewoon ergens buiten het instellingenscherm klikken om het te sluiten.<\/li>\n<\/ol>\n<p><a href=\"https:\/\/www.fmsdocumentation.com\/wp-content\/uploads\/2017\/04\/51.png\"><img loading=\"lazy\" decoding=\"async\" class=\"alignnone wp-image-108 size-large\" src=\"https:\/\/www.fmsdocumentation.com\/wp-content\/uploads\/2017\/04\/51-438x1024.png\" alt=\"\" width=\"438\" height=\"1024\" srcset=\"https:\/\/www.fmsdocumentation.com\/wp-content\/uploads\/2017\/04\/51-438x1024.png 438w, https:\/\/www.fmsdocumentation.com\/wp-content\/uploads\/2017\/04\/51-128x300.png 128w, https:\/\/www.fmsdocumentation.com\/wp-content\/uploads\/2017\/04\/51.png 550w\" sizes=\"auto, (max-width: 438px) 100vw, 438px\" \/><\/a><\/p>\n<p>Aan <strong>een bestaande onderhoudstaak toewijzen,<\/strong> moet de gebruiker deze optie eerst kiezen in de kiezer. De huidig geselecteerde optie is gemarkeerd met een blauwe cirkel (standaard is de &#8220;bestaande taak toewijzen&#8221; geselecteerd). Daarna is het proces vergelijkbaar met het cre\u00ebren van een nieuwe taak, met uitzondering van een aantal onderdelen.<\/p>\n<p>In dit geval werkt het veld &#8220;Titel&#8221; als een vervolgkeuzelijst met alle bestaande onderhoudstaken, de gebruiker hoeft alleen maar de gewenste taak te kiezen.<\/p>\n<p><a href=\"https:\/\/www.fmsdocumentation.com\/wp-content\/uploads\/2017\/04\/52.png\"><img loading=\"lazy\" decoding=\"async\" class=\"alignnone wp-image-109 size-full\" src=\"https:\/\/www.fmsdocumentation.com\/wp-content\/uploads\/2017\/04\/52.png\" alt=\"\" width=\"536\" height=\"293\" srcset=\"https:\/\/www.fmsdocumentation.com\/wp-content\/uploads\/2017\/04\/52.png 536w, https:\/\/www.fmsdocumentation.com\/wp-content\/uploads\/2017\/04\/52-300x164.png 300w\" sizes=\"auto, (max-width: 536px) 100vw, 536px\" \/><\/a><\/p>\n<p>Nadat de gebruiker de onderhoudstaak heeft geselecteerd, moet hij de volgende velden op identieke wijze invullen als bij het aanmaken van een nieuwe taak:<\/p>\n<ul>\n<li><strong>Beschrijving;<\/strong><\/li>\n<li><strong>Voer de laatste servicekilometers in;<\/strong><\/li>\n<li><strong>Herhaal na;<\/strong><\/li>\n<li><strong>Taakbevestiging;<\/strong><\/li>\n<li><strong>Email notifications.<\/strong><\/li>\n<\/ul>\n<p>Alle andere velden zijn aanwezig en kunnen niet worden gewijzigd.<\/p>\n<p><strong>Lijst van toegewezen taken<\/strong> \u2013 toont alle taken die aan een voertuig zijn toegewezen. De gebruiker kan op een taak klikken om extra informatie over de onderhoudstaak te tonen.<\/p>\n<p><a href=\"https:\/\/www.fmsdocumentation.com\/wp-content\/uploads\/2017\/04\/53.png\"><img loading=\"lazy\" decoding=\"async\" class=\"alignnone wp-image-110 size-full\" src=\"https:\/\/www.fmsdocumentation.com\/wp-content\/uploads\/2017\/04\/53.png\" alt=\"\" width=\"360\" height=\"250\" srcset=\"https:\/\/www.fmsdocumentation.com\/wp-content\/uploads\/2017\/04\/53.png 360w, https:\/\/www.fmsdocumentation.com\/wp-content\/uploads\/2017\/04\/53-300x208.png 300w\" sizes=\"auto, (max-width: 360px) 100vw, 360px\" \/><\/a><\/p>\n<p>De volgende informatie is bij elke taak aanwezig:<\/p>\n<ul>\n<li><strong>Naam onderhoudstaak;<\/strong><\/li>\n<li><strong>Frequentie van onderhoud;<\/strong><\/li>\n<li><strong>Resterende tijd\/afstand tot onderhoud + Indicatiecirkel<\/strong>\u2013 vult zich naarmate de tijd voor onderhoud nadert, meer details zijn beschikbaar in de beschrijving van het paneel Onderhoudstaken.<\/li>\n<li><strong>Huidige datum\/kilometrage<\/strong> en <strong>volgende onderhoudsdatum\/kilometrage<\/strong>;<\/li>\n<\/ul>\n<p>Onderaan de taak zijn er drie knoppen:<\/p>\n<ul>\n<li>Toegewezen taak bewerken &#8211; vergelijkbaar met het maken van een nieuwe taak;<\/li>\n<li>Taak Niet-toewijzing;<\/li>\n<li>Onderhoud voltooien &#8211; stelt de onderhoudsperiode opnieuw in (kan alleen worden aangeklikt als de resterende periode minder dan 20% van de beginwaarde bedraagt).<\/li>\n<\/ul>\n<p>Meer informatie vindt u in de <a href=\"https:\/\/www.fmsdocumentation.com\/maintenance-tasks-menu\/\">beschrijving Onderhoudstakenpaneel<\/a>.<\/p>\n<hr>\n<p><div class=\"alignleft\"><a href=\"https:\/\/www.fmsdocumentation.com\/nl\/vlootstatusmenu\/overzicht-brandstoffen\/\" title=\"Overzicht brandstoffen\"><span class=\"arrow\">\u2039 &nbsp <\/span> Overzicht brandstoffen <\/a><\/div> <div class=\"alignright\"><a href=\"https:\/\/www.fmsdocumentation.com\/nl\/vlootstatusmenu\/overzicht-tijdsanalyse\/\" title=\"Overzicht tijdsanalyse\">Overzicht tijdsanalyse <span class=\"arrow\"> &nbsp\u203a <\/span> <\/a><\/div><\/p>\n","protected":false},"excerpt":{"rendered":"<p>Op het tabblad onderhoud kan de gebruiker een overzicht krijgen van de onderhoudstaken die aan een voertuig zijn toegewezen, nieuwe onderhoudstaken toewijzen, oude onderhoudstaken wijzigen en voltooide onderhoudstaken markeren. Nadat de gebruiker op het tabblad onderhoudsoverzicht heeft geklikt, krijgt hij twee hoofdgedeelten van de onderhoudsmodule te zien: Onderhoudstaak toevoegen; Toegewezen takenlijst. Als u op de &hellip; <a href=\"https:\/\/www.fmsdocumentation.com\/nl\/vlootstatusmenu\/overzicht-onderhoud\/\" class=\"more-link\">Lees verder <span class=\"screen-reader-text\">Overzicht onderhoud<\/span><\/a><\/p>\n","protected":false},"author":1,"featured_media":0,"parent":12145,"menu_order":6,"comment_status":"closed","ping_status":"closed","template":"","meta":{"footnotes":""},"class_list":["post-12315","page","type-page","status-publish","hentry"],"_links":{"self":[{"href":"https:\/\/www.fmsdocumentation.com\/nl\/wp-json\/wp\/v2\/pages\/12315","targetHints":{"allow":["GET"]}}],"collection":[{"href":"https:\/\/www.fmsdocumentation.com\/nl\/wp-json\/wp\/v2\/pages"}],"about":[{"href":"https:\/\/www.fmsdocumentation.com\/nl\/wp-json\/wp\/v2\/types\/page"}],"author":[{"embeddable":true,"href":"https:\/\/www.fmsdocumentation.com\/nl\/wp-json\/wp\/v2\/users\/1"}],"replies":[{"embeddable":true,"href":"https:\/\/www.fmsdocumentation.com\/nl\/wp-json\/wp\/v2\/comments?post=12315"}],"version-history":[{"count":0,"href":"https:\/\/www.fmsdocumentation.com\/nl\/wp-json\/wp\/v2\/pages\/12315\/revisions"}],"up":[{"embeddable":true,"href":"https:\/\/www.fmsdocumentation.com\/nl\/wp-json\/wp\/v2\/pages\/12145"}],"wp:attachment":[{"href":"https:\/\/www.fmsdocumentation.com\/nl\/wp-json\/wp\/v2\/media?parent=12315"}],"curies":[{"name":"wp","href":"https:\/\/api.w.org\/{rel}","templated":true}]}}