{"id":12347,"date":"2022-06-19T21:25:55","date_gmt":"2022-06-19T18:25:55","guid":{"rendered":"https:\/\/www.fmsdocumentation.com\/bestuurders-menu\/bestuurders-lijst\/"},"modified":"2022-06-19T21:25:57","modified_gmt":"2022-06-19T18:25:57","slug":"bestuurders-lijst","status":"publish","type":"page","link":"https:\/\/www.fmsdocumentation.com\/nl\/bestuurders-menu\/bestuurders-lijst\/","title":{"rendered":"Bestuurders lijst"},"content":{"rendered":"<p>Door op het betreffende pictogram in het navigatiepaneel te klikken, wordt het paneel met stuurprogramma&#8217;s geopend, met een lijst van alle bestaande stuurprogramma&#8217;s voor de huidige webgebruiker. Er is een zoekbalk aanwezig om snel naar chauffeurs te zoeken, de lijst wordt automatisch bijgewerkt met elke ingevoerde letter.<br \/>\n<p class=\"note\">Het vlootbeheersysteem maakt gebruik van een ingebouwd geautomatiseerd instrument voor het aanmaken en toewijzen van bestuurders. Deze tool maakt automatisch nieuwe chauffeurs van geregistreerde chauffeurskaarten of iButton ID&#8217;s. Voor \u00e9\u00e9n ontvangen ID wordt slechts \u00e9\u00e9n driver aangemaakt (de tool zal geen nieuwe driver aanmaken als dezelfde kaart of iButton steeds opnieuw wordt gebruikt). De tool gebruikt de drivernaam van de kaart of de iButton ID als de drivernaam. Bovendien wijst het systeem de bestuurder automatisch toe aan het object waarvan de meting werd ontvangen. Deze functie wordt in de volgende paragraaf\u201c<a href=\"https:\/\/www.fmsdocumentation.com\/drivers-menu\/drivers-management\/\">Drivers Management<\/a>&#8220;\u201cbeschreven.<\/p><\/p>\n<p>Chauffeurs zijn alfabetisch gesorteerd. Links van de naam van de bestuurder staat een grijze cirkel met de initialen van de bestuurder erin, dit is gemaakt om te helpen navigeren door de bestuurderslijst. Als een bestuurder een voertuig toegewezen heeft gekregen, zal dit in het grijs onder de naam van de bestuurder worden weergegeven, als er geen voertuig is toegewezen, zal het worden gemarkeerd als &#8220;Voertuig niet toegewezen&#8221;.<\/p>\n<p><a href=\"https:\/\/www.fmsdocumentation.com\/wp-content\/uploads\/2017\/04\/55.png\"><img loading=\"lazy\" decoding=\"async\" class=\"alignnone wp-image-116 size-full\" src=\"https:\/\/www.fmsdocumentation.com\/wp-content\/uploads\/2017\/04\/55.png\" alt=\"\" width=\"343\" height=\"142\" srcset=\"https:\/\/www.fmsdocumentation.com\/wp-content\/uploads\/2017\/04\/55.png 343w, https:\/\/www.fmsdocumentation.com\/wp-content\/uploads\/2017\/04\/55-300x124.png 300w\" sizes=\"auto, (max-width: 343px) 100vw, 343px\" \/><\/a><\/p>\n<p>De lijst van chauffeurs kan op drie criteria worden gefilterd, zijn ze:<\/p>\n<ul>\n<li>Toon alle;<\/li>\n<li>Met toewijzing;<\/li>\n<li>Zonder toewijzing;<\/li>\n<li>Automatisch gemaakt.<\/li>\n<\/ul>\n<p>Om het filter te wijzigen moet de gebruiker klikken op het veld &#8220;Show drivers&#8221;, dat een vervolgkeuzelijst met filters zal openen. Selecteer in deze lijst het gewenste filter. Het momenteel geselecteerde filter wordt gemarkeerd met een lichte donkere grijstint en een blauwe balk rechts van de filternaam.<\/p>\n<p><a href=\"https:\/\/www.fmsdocumentation.com\/wp-content\/uploads\/2017\/04\/56-1.png\"><img loading=\"lazy\" decoding=\"async\" class=\"alignnone wp-image-738 size-full\" src=\"https:\/\/www.fmsdocumentation.com\/wp-content\/uploads\/2017\/04\/56-1.png\" alt=\"\" width=\"397\" height=\"223\" srcset=\"https:\/\/www.fmsdocumentation.com\/wp-content\/uploads\/2017\/04\/56-1.png 397w, https:\/\/www.fmsdocumentation.com\/wp-content\/uploads\/2017\/04\/56-1-300x169.png 300w\" sizes=\"auto, (max-width: 397px) 100vw, 397px\" \/><\/a><\/p>\n<p><p class=\"note\">Notitie!<br \/>\nBovendien kan de gebruiker, naast de standaard toegewezen\/niet toegewezen statussen voor bestuurders, soms de status &#8220;Bezet&#8221; tegenkomen. Deze status bestaat voor gevallen waarin de bestuurder is toegewezen aan een voertuig dat niet wordt weergegeven (beperkt) voor de huidige gebruiker. Wanneer deze status actief is, kan de gebruiker de bestuurder aan geen enkel voertuig toewijzen. Hieronder wordt een voorbeeld gegeven.<\/p><\/p>\n<p><a href=\"https:\/\/www.fmsdocumentation.com\/wp-content\/uploads\/2017\/04\/266.png\"><img loading=\"lazy\" decoding=\"async\" class=\"alignnone wp-image-814 size-full\" src=\"https:\/\/www.fmsdocumentation.com\/wp-content\/uploads\/2017\/04\/266.png\" alt=\"\" width=\"344\" height=\"351\" srcset=\"https:\/\/www.fmsdocumentation.com\/wp-content\/uploads\/2017\/04\/266.png 344w, https:\/\/www.fmsdocumentation.com\/wp-content\/uploads\/2017\/04\/266-294x300.png 294w\" sizes=\"auto, (max-width: 344px) 100vw, 344px\" \/><\/a><\/p>\n<p>Om nieuwe chauffeurs aan de lijst toe te voegen, moet de gebruiker op het veld &#8220;+ Nieuwe drivers&#8221; klikken.<\/p>\n<p><a href=\"https:\/\/www.fmsdocumentation.com\/wp-content\/uploads\/2018\/07\/57.png\"><img loading=\"lazy\" decoding=\"async\" class=\"alignnone size-full wp-image-5338\" src=\"https:\/\/www.fmsdocumentation.com\/wp-content\/uploads\/2018\/07\/57.png\" alt=\"\" width=\"360\" height=\"380\" srcset=\"https:\/\/www.fmsdocumentation.com\/wp-content\/uploads\/2018\/07\/57.png 360w, https:\/\/www.fmsdocumentation.com\/wp-content\/uploads\/2018\/07\/57-284x300.png 284w\" sizes=\"auto, (max-width: 360px) 100vw, 360px\" \/><\/a><\/p>\n<p>Dit zal een nieuw venster openen met de naam &#8220;Nieuwe driver toevoegen&#8221;. In dit venster moet de gebruiker de gegevens van de bestuurder invullen. Slechts \u00e9\u00e9n veld is verplicht:<\/p>\n<ul>\n<li>Voornaam.<\/li>\n<\/ul>\n<p>Andere velden zijn facultatief en worden alleen ingevuld als de gebruiker daartoe besluit. Na het invullen van de verplichte velden (<em>en optioneel<\/em>) moet de gebruiker op de knop &#8220;Opslaan&#8221; klikken om de nieuwe bestuurder aan de bestuurderslijst toe te voegen. Indien de gebruiker beslist om deze driver niet in de lijst op te slaan, moet hij gewoon op de &#8220;Sluiten&#8221; knop klikken of ergens buiten het &#8220;Nieuwe bestuurder toevoegen&#8221; venster klikken.<\/p>\n<p><a href=\"https:\/\/www.fmsdocumentation.com\/wp-content\/uploads\/2018\/07\/58.png\"><img loading=\"lazy\" decoding=\"async\" class=\"alignnone size-full wp-image-5339\" src=\"https:\/\/www.fmsdocumentation.com\/wp-content\/uploads\/2018\/07\/58.png\" alt=\"\" width=\"750\" height=\"757\" srcset=\"https:\/\/www.fmsdocumentation.com\/wp-content\/uploads\/2018\/07\/58.png 750w, https:\/\/www.fmsdocumentation.com\/wp-content\/uploads\/2018\/07\/58-150x150.png 150w, https:\/\/www.fmsdocumentation.com\/wp-content\/uploads\/2018\/07\/58-297x300.png 297w\" sizes=\"auto, (max-width: 750px) 100vw, 750px\" \/><\/a><\/p>\n<p>Nadat u op de knop &#8220;Opslaan&#8221; hebt geklikt, wordt de lijst automatisch in alfabetische volgorde bijgewerkt en wordt de nieuwe bestuurder aan de lijst toegevoegd met &#8220;Voertuig niet toegewezen&#8221;.<\/p>\n<hr>\n<p><div class=\"alignleft\"><a href=\"https:\/\/www.fmsdocumentation.com\/nl\/bestuurders-menu\/\" title=\"Bestuurders menu\"><span class=\"arrow\">\u2039 &nbsp <\/span> Bestuurders menu <\/a><\/div> <div class=\"alignright\"><a href=\"https:\/\/www.fmsdocumentation.com\/nl\/bestuurders-menu\/chauffeurs-beheer\/\" title=\"Chauffeurs beheer\">Chauffeurs beheer <span class=\"arrow\"> &nbsp\u203a <\/span> <\/a><\/div><\/p>\n<p>&nbsp;<\/p>\n","protected":false},"excerpt":{"rendered":"<p>Door op het betreffende pictogram in het navigatiepaneel te klikken, wordt het paneel met stuurprogramma&#8217;s geopend, met een lijst van alle bestaande stuurprogramma&#8217;s voor de huidige webgebruiker. Er is een zoekbalk aanwezig om snel naar chauffeurs te zoeken, de lijst wordt automatisch bijgewerkt met elke ingevoerde letter. Het vlootbeheersysteem maakt gebruik van een ingebouwd geautomatiseerd &hellip; <a href=\"https:\/\/www.fmsdocumentation.com\/nl\/bestuurders-menu\/bestuurders-lijst\/\" class=\"more-link\">Lees verder <span class=\"screen-reader-text\">Bestuurders lijst<\/span><\/a><\/p>\n","protected":false},"author":1,"featured_media":0,"parent":12341,"menu_order":1,"comment_status":"closed","ping_status":"closed","template":"","meta":{"footnotes":""},"class_list":["post-12347","page","type-page","status-publish","hentry"],"_links":{"self":[{"href":"https:\/\/www.fmsdocumentation.com\/nl\/wp-json\/wp\/v2\/pages\/12347","targetHints":{"allow":["GET"]}}],"collection":[{"href":"https:\/\/www.fmsdocumentation.com\/nl\/wp-json\/wp\/v2\/pages"}],"about":[{"href":"https:\/\/www.fmsdocumentation.com\/nl\/wp-json\/wp\/v2\/types\/page"}],"author":[{"embeddable":true,"href":"https:\/\/www.fmsdocumentation.com\/nl\/wp-json\/wp\/v2\/users\/1"}],"replies":[{"embeddable":true,"href":"https:\/\/www.fmsdocumentation.com\/nl\/wp-json\/wp\/v2\/comments?post=12347"}],"version-history":[{"count":1,"href":"https:\/\/www.fmsdocumentation.com\/nl\/wp-json\/wp\/v2\/pages\/12347\/revisions"}],"predecessor-version":[{"id":12357,"href":"https:\/\/www.fmsdocumentation.com\/nl\/wp-json\/wp\/v2\/pages\/12347\/revisions\/12357"}],"up":[{"embeddable":true,"href":"https:\/\/www.fmsdocumentation.com\/nl\/wp-json\/wp\/v2\/pages\/12341"}],"wp:attachment":[{"href":"https:\/\/www.fmsdocumentation.com\/nl\/wp-json\/wp\/v2\/media?parent=12347"}],"curies":[{"name":"wp","href":"https:\/\/api.w.org\/{rel}","templated":true}]}}