{"id":12377,"date":"2022-06-19T21:48:14","date_gmt":"2022-06-19T18:48:14","guid":{"rendered":"https:\/\/www.fmsdocumentation.com\/menu-communicatie\/"},"modified":"2022-06-19T21:48:16","modified_gmt":"2022-06-19T18:48:16","slug":"menu-communicatie","status":"publish","type":"page","link":"https:\/\/www.fmsdocumentation.com\/nl\/menu-communicatie\/","title":{"rendered":"Menu Communicatie"},"content":{"rendered":"<p>Le panneau de communication vous permet de communiquer avec les pilotes qui utilisent l&#8217;option <a href=\"https:\/\/www.fmsdocumentation.com\/ontrack-app\/\">OnTrack app.<\/a> Pour acc\u00e9der au panneau de communication, cliquez sur l&#8217;ic\u00f4ne correspondante dans le panneau de navigation.<\/p>\n<p><a href=\"https:\/\/www.fmsdocumentation.com\/wp-content\/uploads\/2017\/04\/67-2.png\"><img loading=\"lazy\" decoding=\"async\" class=\"alignnone wp-image-1140 size-large\" src=\"https:\/\/www.fmsdocumentation.com\/wp-content\/uploads\/2017\/04\/67-2-1024x506.png\" alt=\"\" width=\"660\" height=\"326\" srcset=\"https:\/\/www.fmsdocumentation.com\/wp-content\/uploads\/2017\/04\/67-2-1024x506.png 1024w, https:\/\/www.fmsdocumentation.com\/wp-content\/uploads\/2017\/04\/67-2-300x148.png 300w, https:\/\/www.fmsdocumentation.com\/wp-content\/uploads\/2017\/04\/67-2-768x380.png 768w, https:\/\/www.fmsdocumentation.com\/wp-content\/uploads\/2017\/04\/67-2.png 1920w\" sizes=\"auto, (max-width: 660px) 100vw, 660px\" \/><\/a><\/p>\n<p>En cliquant sur l&#8217;ic\u00f4ne, vous ouvrez le panneau de communication. Vous ne pouvez communiquer qu&#8217;avec les conducteurs ayant un compte existant et uniquement ceux de votre flotte. Dans ce panneau, vous pouvez faire deux choses:<\/p>\n<ul>\n<li>Envoyez un message \u00e0 tous ou \u00e0 plusieurs conducteurs \u00e0 la fois;<\/li>\n<li>Communiquer avec les conducteurs individuels.<\/li>\n<\/ul>\n<p>Pour envoyer un message \u00e0 plusieurs pilotes, cliquez sur le champ <strong>+ Nieuw bericht<\/strong>situ\u00e9 en haut du panneau.<\/p>\n<p><a href=\"https:\/\/www.fmsdocumentation.com\/wp-content\/uploads\/2017\/04\/68.png\"><img loading=\"lazy\" decoding=\"async\" class=\"alignnone wp-image-133 size-full\" src=\"https:\/\/www.fmsdocumentation.com\/wp-content\/uploads\/2017\/04\/68.png\" alt=\"\" width=\"360\" height=\"286\" srcset=\"https:\/\/www.fmsdocumentation.com\/wp-content\/uploads\/2017\/04\/68.png 360w, https:\/\/www.fmsdocumentation.com\/wp-content\/uploads\/2017\/04\/68-300x238.png 300w\" sizes=\"auto, (max-width: 360px) 100vw, 360px\" \/><\/a><\/p>\n<p>En cliquant sur le champ, la fen\u00eatre du nouveau message s&#8217;ouvre. Ici, vous pouvez s\u00e9lectionner les conducteurs auxquels envoyer ce message en cliquant sur le champ de recherche. En cliquant sur le champ de recherche, vous pouvez rechercher les conducteurs par leur nom ou simplement les s\u00e9lectionner dans une liste d\u00e9roulante. Si vous d\u00e9cidez d&#8217;envoyer ce message \u00e0 tous les conducteurs, il suffit de cliquer sur le bouton <strong>+ Alles toevoegen<\/strong>situ\u00e9 \u00e0 droite du champ de recherche.<\/p>\n<p>Sous la s\u00e9lection du conducteur se trouve le champ de message, o\u00f9 vous pouvez saisir le message souhait\u00e9. Le nombre maximum de caract\u00e8res pour un message est de 500. Un seul fichier peut \u00eatre ajout\u00e9 au message, la taille maximale du fichier est de 10 Mo. pr\u00e8s avoir termin\u00e9 le message, cliquez sur <strong>Stuur<\/strong> pour envoyer le message. Pour abandonner le message, cliquez sur <strong>Annuleren<\/strong>ou n&#8217;importe o\u00f9 en dehors de la fen\u00eatre <strong>Nieuw bericht<\/strong>.<\/p>\n<p><a href=\"https:\/\/www.fmsdocumentation.com\/wp-content\/uploads\/2017\/04\/69.png\"><img loading=\"lazy\" decoding=\"async\" class=\"alignnone wp-image-134 size-full\" src=\"https:\/\/www.fmsdocumentation.com\/wp-content\/uploads\/2017\/04\/69.png\" alt=\"\" width=\"750\" height=\"540\" srcset=\"https:\/\/www.fmsdocumentation.com\/wp-content\/uploads\/2017\/04\/69.png 750w, https:\/\/www.fmsdocumentation.com\/wp-content\/uploads\/2017\/04\/69-300x216.png 300w\" sizes=\"auto, (max-width: 750px) 100vw, 750px\" \/><\/a><\/p>\n<p>Apr\u00e8s avoir envoy\u00e9 un message, vous serez redirig\u00e9 vers le panneau pr\u00e9c\u00e9dent. La liste des pilotes est situ\u00e9e sous le champ <strong>+ Nieuw bericht<\/strong>. Utilisez la barre de recherche pour filtrer les conducteurs. En cliquant sur un pilote dans la liste, vous ouvrez un panneau de conversation avec ce pilote.<\/p>\n<p><a href=\"https:\/\/www.fmsdocumentation.com\/wp-content\/uploads\/2017\/04\/70.png\"><img loading=\"lazy\" decoding=\"async\" class=\"alignnone wp-image-135 size-full\" src=\"https:\/\/www.fmsdocumentation.com\/wp-content\/uploads\/2017\/04\/70.png\" alt=\"\" width=\"396\" height=\"314\" srcset=\"https:\/\/www.fmsdocumentation.com\/wp-content\/uploads\/2017\/04\/70.png 396w, https:\/\/www.fmsdocumentation.com\/wp-content\/uploads\/2017\/04\/70-300x238.png 300w\" sizes=\"auto, (max-width: 396px) 100vw, 396px\" \/><\/a><\/p>\n<p>Le panneau de conversation est plut\u00f4t explicite et est tr\u00e8s identique \u00e0 celui de nombreuses applications de messagerie populaires. Le champ de saisie de texte est situ\u00e9 en bas, \u00e0 gauche de celui-ci se trouve une ic\u00f4ne de pi\u00e8ce jointe, utilis\u00e9e pour envoyer des pi\u00e8ces jointes.<\/p>\n<p><a href=\"https:\/\/www.fmsdocumentation.com\/wp-content\/uploads\/2020\/05\/72.png\"><img loading=\"lazy\" decoding=\"async\" class=\"alignnone size-full wp-image-9157\" src=\"https:\/\/www.fmsdocumentation.com\/wp-content\/uploads\/2020\/05\/72.png\" alt=\"\" width=\"720\" height=\"877\" srcset=\"https:\/\/www.fmsdocumentation.com\/wp-content\/uploads\/2020\/05\/72.png 720w, https:\/\/www.fmsdocumentation.com\/wp-content\/uploads\/2020\/05\/72-246x300.png 246w\" sizes=\"auto, (max-width: 720px) 100vw, 720px\" \/><\/a><\/p>\n<p>De berichten van de bestuurder worden vanaf de linkerkant weergegeven, terwijl de berichten van de gebruiker vanaf de rechterkant worden weergegeven. De eerste bellen worden ontleend aan de initialen van de bestuurdersnaam en de gebruikersloginnaam.<\/p>\n<hr>\n<p><div class=\"alignleft\"><a href=\"https:\/\/www.fmsdocumentation.com\/nl\/bestuurders-menu\/chauffeurs-beheer\/\" title=\"Chauffeurs beheer\"><span class=\"arrow\">\u2039 &nbsp <\/span> Chauffeurs beheer <\/a><\/div> <div class=\"alignright\"><a href=\"https:\/\/www.fmsdocumentation.com\/nl\/geozones-menu\/\" title=\"Geozones menu\">Geozones menu <span class=\"arrow\"> &nbsp\u203a <\/span> <\/a><\/div><\/p>\n<p>&nbsp;<\/p>\n<p>&nbsp;<\/p>\n","protected":false},"excerpt":{"rendered":"<p>Le panneau de communication vous permet de communiquer avec les pilotes qui utilisent l&#8217;option OnTrack app. Pour acc\u00e9der au panneau de communication, cliquez sur l&#8217;ic\u00f4ne correspondante dans le panneau de navigation. En cliquant sur l&#8217;ic\u00f4ne, vous ouvrez le panneau de communication. Vous ne pouvez communiquer qu&#8217;avec les conducteurs ayant un compte existant et uniquement ceux &hellip; <a href=\"https:\/\/www.fmsdocumentation.com\/nl\/menu-communicatie\/\" class=\"more-link\">Lees verder <span class=\"screen-reader-text\">Menu Communicatie<\/span><\/a><\/p>\n","protected":false},"author":1,"featured_media":0,"parent":0,"menu_order":45,"comment_status":"closed","ping_status":"closed","template":"","meta":{"footnotes":""},"class_list":["post-12377","page","type-page","status-publish","hentry"],"_links":{"self":[{"href":"https:\/\/www.fmsdocumentation.com\/nl\/wp-json\/wp\/v2\/pages\/12377","targetHints":{"allow":["GET"]}}],"collection":[{"href":"https:\/\/www.fmsdocumentation.com\/nl\/wp-json\/wp\/v2\/pages"}],"about":[{"href":"https:\/\/www.fmsdocumentation.com\/nl\/wp-json\/wp\/v2\/types\/page"}],"author":[{"embeddable":true,"href":"https:\/\/www.fmsdocumentation.com\/nl\/wp-json\/wp\/v2\/users\/1"}],"replies":[{"embeddable":true,"href":"https:\/\/www.fmsdocumentation.com\/nl\/wp-json\/wp\/v2\/comments?post=12377"}],"version-history":[{"count":1,"href":"https:\/\/www.fmsdocumentation.com\/nl\/wp-json\/wp\/v2\/pages\/12377\/revisions"}],"predecessor-version":[{"id":12387,"href":"https:\/\/www.fmsdocumentation.com\/nl\/wp-json\/wp\/v2\/pages\/12377\/revisions\/12387"}],"wp:attachment":[{"href":"https:\/\/www.fmsdocumentation.com\/nl\/wp-json\/wp\/v2\/media?parent=12377"}],"curies":[{"name":"wp","href":"https:\/\/api.w.org\/{rel}","templated":true}]}}