{"id":12562,"date":"2022-06-19T23:19:45","date_gmt":"2022-06-19T20:19:45","guid":{"rendered":"https:\/\/www.fmsdocumentation.com\/menu-onderhoudstaken\/onderhoudstaak-maken\/"},"modified":"2022-06-19T23:19:46","modified_gmt":"2022-06-19T20:19:46","slug":"onderhoudstaak-maken","status":"publish","type":"page","link":"https:\/\/www.fmsdocumentation.com\/nl\/menu-onderhoudstaken\/onderhoudstaak-maken\/","title":{"rendered":"Onderhoudstaak maken"},"content":{"rendered":"<p>Om een nieuwe onderhoudstaak te cre\u00ebren moet de gebruiker klikken op de knop &#8220;+ Nieuwe taak&#8221; linksboven in het paneel.<\/p>\n<p><a href=\"https:\/\/www.fmsdocumentation.com\/wp-content\/uploads\/2017\/04\/124.png\"><img loading=\"lazy\" decoding=\"async\" class=\"alignnone wp-image-213 size-large\" src=\"https:\/\/www.fmsdocumentation.com\/wp-content\/uploads\/2017\/04\/124-1024x560.png\" alt=\"\" width=\"660\" height=\"361\" srcset=\"https:\/\/www.fmsdocumentation.com\/wp-content\/uploads\/2017\/04\/124-1024x560.png 1024w, https:\/\/www.fmsdocumentation.com\/wp-content\/uploads\/2017\/04\/124-300x164.png 300w, https:\/\/www.fmsdocumentation.com\/wp-content\/uploads\/2017\/04\/124-768x420.png 768w, https:\/\/www.fmsdocumentation.com\/wp-content\/uploads\/2017\/04\/124.png 1251w\" sizes=\"auto, (max-width: 660px) 100vw, 660px\" \/><\/a><\/p>\n<p>Dit zal een nieuw venster openen met de instellingen voor de nieuwe onderhoudstaak. De eerste optie die de gebruiker moet kiezen is het voertuig of de voertuigen waarvoor deze taak zal gelden. De gebruiker kan dit doen met:<\/p>\n<ol>\n<li><strong>De zoekbalk<\/strong>om snel door alle voertuigen in het wagenpark te zoeken. Elke letter die in de zoekbalk wordt ingevoerd, zal automatisch door alle objecten in de vloot filteren en alleen die met overeenkomende namen tonen in het vak onder de zoekbalk.<\/li>\n<li><strong>Kies alle<\/strong> &#8211; selecteert alle objecten currently displayed in de selectiebox staan. <strong>Dit betekent<\/strong> dat indien de zoekbalk wordt gebruikt om door objecten te filteren, en &#8220;Alles selecteren&#8221; wordt aangeklikt, alleen de gefilterde objecten worden geselecteerd, terwijl de verborgen objecten uitgevinkt blijven. (<strong>Om alle objecten in de vloot te selecteren, moet de zoekbalk leeg zijn!<\/strong>). Rechts van de selectieknop bevindt zich een teller die het aantal momenteel geselecteerde voertuigen weergeeft.<\/li>\n<li><strong>De selectie doos<\/strong>&#8211; standaard (als de zoekbalk leeg is) toont deze box alle voertuigen in het wagenpark in alfabetische volgorde, waar de gebruiker de voertuigen kan selecteren die hij aan de onderhoudstaak wenst toe te voegen. Om een voertuig te selecteren, moet de gebruiker op het kleine aankruisvakje rechts voor de naam van het voertuig klikken. (Een aangevinkt vakje wordt blauw gemarkeerd met een wit vinkje erin).<\/li>\n<\/ol>\n<p><a href=\"https:\/\/www.fmsdocumentation.com\/wp-content\/uploads\/2017\/04\/125.png\"><img loading=\"lazy\" decoding=\"async\" class=\"alignnone wp-image-214 size-large\" src=\"https:\/\/www.fmsdocumentation.com\/wp-content\/uploads\/2017\/04\/125-1024x560.png\" alt=\"\" width=\"660\" height=\"361\" srcset=\"https:\/\/www.fmsdocumentation.com\/wp-content\/uploads\/2017\/04\/125-1024x560.png 1024w, https:\/\/www.fmsdocumentation.com\/wp-content\/uploads\/2017\/04\/125-300x164.png 300w, https:\/\/www.fmsdocumentation.com\/wp-content\/uploads\/2017\/04\/125-768x420.png 768w, https:\/\/www.fmsdocumentation.com\/wp-content\/uploads\/2017\/04\/125.png 1251w\" sizes=\"auto, (max-width: 660px) 100vw, 660px\" \/><\/a><\/p>\n<p>Nadat het voertuig of de voertuigen voor de onderhoudstaak zijn geselecteerd, moet de gebruiker de instellingen en een beschrijving voor de taak invoeren. De volgende informatie moet worden ingevoerd:<\/p>\n<ol>\n<li><strong>Titel\/naam onderhoudstaak<\/strong> &#8211; naam van de onderhoudstaak, deze naam wordt weergegeven in de lijst met onderhoudstaken, en dit is de belangrijkste identificatie voor de onderhoudstaak.<\/li>\n<li><strong>Parameter type<\/strong> \u2013 bepaalt welke parameter zal worden gebruikt om een periode voor onderhoud in te stellen. Door op de kleine pijl te klikken wordt een keuzelijst geopend met alle beschikbare selecties:\n<ul>\n<li><strong>Kilometerstand<\/strong> \u2013 deze parameter is standaard ingesteld en stelt de onderhoudsperiode in kilometers in (bijvoorbeeld: Olie verversen elke 7000 km).<\/li>\n<li><strong>Datum<\/strong> \u2013 deze parameter stelt de periode in de tijd in, de gebruiker kan een numerieke waarde invoeren en daarvoor een groepering selecteren (Dagen, weken, motten, jaren) (Bijvoorbeeld: Olie verversen elke 3 Maanden of 90 dagen).<\/li>\n<li><strong>Werktijden \u2013 <\/strong>deze parameter stelt de periode in op werkuren, deze parameter kan alleen worden geselecteerd voor voertuigen die zijn geconfigureerd (DIN1, DIN2, DIN3 of DIN4) om werkurengegevens naar het vlootbeheersysteem te verzenden (er verschijnt een invoerselector onder het &#8220;Parametertype&#8221; waar de gebruiker de DIN kan selecteren die de gegevens verzendt). Het selecteren van het parametertype zal automatisch de voertuiglijst aan voertuigen &#8216; updaten die dit parametertype steunen, zal het veranderen van de input (DIN1-DIN4) ook de voertuiglijst filtreren. De periode wordt berekend in uren. (Bijvoorbeeld: Olie verversen elke 450 werkuren). De periode wordt berekend in uren. (Bijvoorbeeld: olieverversing elke 450 werkuren).<\/li>\n<\/ul>\n<\/li>\n<li><strong>Beschrijving toevoegen<\/strong> \u2013 Als u op deze knop klikt, wordt een tekstvak met een beschrijving geopend, waarin de gebruiker een beschrijving van de onderhoudstaak kan toevoegen. Deze beschrijving is alleen zichtbaar bij het bewerken van de voertuiginstellingen na het aanmaken van een taak.<\/li>\n<li><strong>Ingang<\/strong>\u2013 alleen beschikbaar als parametertype op &#8220;Werkuren&#8221; is ingesteld. Hiermee kan worden geselecteerd van welke ingang de werktijdgegevens worden ontvangen; dit moet worden geselecteerd op basis van de configuratie van het FM-apparaat op elk voertuig afzonderlijk.<\/li>\n<li><strong>Laatste service kilometerstand\/datum\/werkuren invoeren<\/strong> \u2013 Door dit selectievakje aan te vinken wordt een tekstveld gecre\u00eberd waarin de gebruiker de kilometerstand\/datum\/werkuren van het laatste onderhoud kan invoeren (de periode begint te tellen vanaf deze kilometerstand\/datum\/werkuren)<\/li>\n<li><strong>Herhaal taak na<\/strong>\u2013 hiermee kan de gewenste periode (elke XX dagen, XXXX kilometer, XX werkuren) voor het onderhoud worden ingevoerd op basis van de parameterkeuze (werkuren\/datum\/kilometrage).<\/li>\n<li><strong>Task confirmation<\/strong> \u2013 Taakbevestiging &#8211; \ufffc\ufffc Hiermee kan de gebruiker een van de twee opties kiezen voor de taakbevestiging, die bepaalt wanneer een nieuwe onderhoudsperiode begint. Slechts \u00e9\u00e9n van de twee kan worden gekozen:\n<ul>\n<li><strong>Bevestig deze taak elke keer handmatig om een nieuwe taakcyclus te beginnen<\/strong> \u2013 dit betekent dat een nieuwe onderhoudsperiode pas begint nadat de gebruiker heeft bevestigd dat het vorige onderhoud voltooid is <strong>;<\/strong><\/li>\n<li><strong>Automatisch bevestigen van deze taak om een nieuwe taakcyclus te starten<\/strong> \u2013 Dit betekent dat een nieuwe onderhoudsperiode direct begint nadat de vorige is afgelopen zonder dat een bevestiging van de gebruiker nodig is dat het onderhoud is voltooid<strong>;<\/strong><\/li>\n<\/ul>\n<\/li>\n<\/ol>\n<p><strong>Email meldingen checkbox<\/strong> \u2013 Als u deze checkbox inschakelt, kunt u meldingen via e-mail ontvangen over komende onderhoudstaken. Meer dan \u00e9\u00e9n e-mail kan worden ingevoerd, door na elke e-mail een komma &#8220;,&#8221; in te voeren. Een e-mail kan worden verwijderd door op de kleine x naast het adres te klikken. (<strong><em>Niet afgebeeld op voorbeeldfoto<\/em><\/strong>).<\/p>\n<p><strong>Alarm for<\/strong> \u2013 dit veld wordt alleen weergegeven als het selectievakje e-mailwaarschuwing is ingeschakeld en bepaalt wanneer de waarschuwingsmails moeten worden verzonden. (bijvoorbeeld: v\u00f3\u00f3r 500 km totdat onderhoud nodig is) (de eenheden v\u00f3\u00f3r (km\/tijd) hangen af van het geselecteerde parametertype);<strong>  <\/strong>(<strong><em> Niet weergegeven op voorbeeldfoto<\/em><\/strong>).<\/p>\n<ol start=\"9\">\n<li><strong>Opslaan<\/strong> \u2013 Er moet op deze knop worden geklikt om een \u200b\u200bnieuwe onderhoudstaak aan te maken;<\/li>\n<li><strong>Sluiten<\/strong> \u2013 Om het aanmaken van een nieuwe onderhoudstaak te annuleren, of de gebruiker kan eenvoudig ergens buiten het instellingenvenster klikken om deze te sluiten.<\/li>\n<\/ol>\n<p><a href=\"https:\/\/www.fmsdocumentation.com\/wp-content\/uploads\/2017\/04\/126.png\"><img loading=\"lazy\" decoding=\"async\" class=\"alignnone wp-image-215 size-full\" src=\"https:\/\/www.fmsdocumentation.com\/wp-content\/uploads\/2017\/04\/126.png\" alt=\"\" width=\"800\" height=\"760\" srcset=\"https:\/\/www.fmsdocumentation.com\/wp-content\/uploads\/2017\/04\/126.png 800w, https:\/\/www.fmsdocumentation.com\/wp-content\/uploads\/2017\/04\/126-300x285.png 300w, https:\/\/www.fmsdocumentation.com\/wp-content\/uploads\/2017\/04\/126-768x730.png 768w\" sizes=\"auto, (max-width: 800px) 100vw, 800px\" \/><\/a><\/p>\n<p>Nadat op de knop Opslaan is geklikt, wordt deze toegevoegd aan de lijst met alle onderhoudstaken.<\/p>\n<hr>\n<p><div class=\"alignleft\"><a href=\"https:\/\/www.fmsdocumentation.com\/nl\/menu-onderhoudstaken\/\" title=\"Menu Onderhoudstaken\"><span class=\"arrow\">\u2039 &nbsp <\/span> Menu Onderhoudstaken <\/a><\/div> <div class=\"alignright\"><a href=\"https:\/\/www.fmsdocumentation.com\/nl\/menu-onderhoudstaken\/overzicht-onderhoudstaken\/\" title=\"Overzicht onderhoudstaken\">Overzicht onderhoudstaken <span class=\"arrow\"> &nbsp\u203a <\/span> <\/a><\/div><\/p>\n","protected":false},"excerpt":{"rendered":"<p>Om een nieuwe onderhoudstaak te cre\u00ebren moet de gebruiker klikken op de knop &#8220;+ Nieuwe taak&#8221; linksboven in het paneel. Dit zal een nieuw venster openen met de instellingen voor de nieuwe onderhoudstaak. De eerste optie die de gebruiker moet kiezen is het voertuig of de voertuigen waarvoor deze taak zal gelden. De gebruiker kan &hellip; <a href=\"https:\/\/www.fmsdocumentation.com\/nl\/menu-onderhoudstaken\/onderhoudstaak-maken\/\" class=\"more-link\">Lees verder <span class=\"screen-reader-text\">Onderhoudstaak maken<\/span><\/a><\/p>\n","protected":false},"author":1,"featured_media":0,"parent":12559,"menu_order":1,"comment_status":"closed","ping_status":"closed","template":"","meta":{"footnotes":""},"class_list":["post-12562","page","type-page","status-publish","hentry"],"_links":{"self":[{"href":"https:\/\/www.fmsdocumentation.com\/nl\/wp-json\/wp\/v2\/pages\/12562","targetHints":{"allow":["GET"]}}],"collection":[{"href":"https:\/\/www.fmsdocumentation.com\/nl\/wp-json\/wp\/v2\/pages"}],"about":[{"href":"https:\/\/www.fmsdocumentation.com\/nl\/wp-json\/wp\/v2\/types\/page"}],"author":[{"embeddable":true,"href":"https:\/\/www.fmsdocumentation.com\/nl\/wp-json\/wp\/v2\/users\/1"}],"replies":[{"embeddable":true,"href":"https:\/\/www.fmsdocumentation.com\/nl\/wp-json\/wp\/v2\/comments?post=12562"}],"version-history":[{"count":1,"href":"https:\/\/www.fmsdocumentation.com\/nl\/wp-json\/wp\/v2\/pages\/12562\/revisions"}],"predecessor-version":[{"id":12566,"href":"https:\/\/www.fmsdocumentation.com\/nl\/wp-json\/wp\/v2\/pages\/12562\/revisions\/12566"}],"up":[{"embeddable":true,"href":"https:\/\/www.fmsdocumentation.com\/nl\/wp-json\/wp\/v2\/pages\/12559"}],"wp:attachment":[{"href":"https:\/\/www.fmsdocumentation.com\/nl\/wp-json\/wp\/v2\/media?parent=12562"}],"curies":[{"name":"wp","href":"https:\/\/api.w.org\/{rel}","templated":true}]}}