{"id":12711,"date":"2022-06-20T11:07:06","date_gmt":"2022-06-20T08:07:06","guid":{"rendered":"https:\/\/www.fmsdocumentation.com\/rapporten-menu\/geozones-verslag\/"},"modified":"2022-06-20T11:07:09","modified_gmt":"2022-06-20T08:07:09","slug":"geozones-verslag","status":"publish","type":"page","link":"https:\/\/www.fmsdocumentation.com\/nl\/rapporten-menu\/geozones-verslag\/","title":{"rendered":"Geozones verslag"},"content":{"rendered":"\n<p><strong>Geozonerapport<\/strong>\u2013 dit rapporttype is vooral gericht op de activiteit rond en binnen bepaalde geozones. De geozones worden door de gebruiker ingesteld in het geozones <a href=\"https:\/\/www.fmsdocumentation.com\/geozones-menu\/?lang=nl\">menu<\/a>. Het eerste wat de gebruiker moet selecteren is het datumbereik, waarvoor dit rapport zal worden gegenereerd.<\/p>\n\n<p><strong>Datumbereik<\/strong> \u2013 Om een datum te kiezen moet de gebruiker klikken op &#8220;Kies datumbereik&#8221;, waardoor het kalenderpaneel wordt geopend. Het kalenderpaneel is identiek in alle FMS. Om een begin\/einddatum te selecteren hoeft de gebruiker alleen maar op de gewenste datum te klikken en vervolgens op de tegenovergestelde datum. De geselecteerde dagen worden blauw gemarkeerd. De huidige dag wordt gemarkeerd door een klein blauw driehoekje linksboven op die dag. Als de huidige dag is geselecteerd (gemarkeerd), wordt de driehoek omgedraaid naar wit. Om een voorkeursdatum te kiezen, klikt u eerst op de eind- of begindatum (er is geen voorrang bij het kiezen) en daarna op de tegenovergestelde (eind-\/begindatum). Daarna kan de gebruiker specificeren vanaf welk uur van de begindatum tot welk uur van de einddatum de geschiedenis moet worden weergegeven. Om de wijzigingen toe te passen moet op de knop &#8220;Toepassen&#8221; worden geklikt, anders worden de wijzigingen niet opgeslagen.<\/p>\n\n<figure class=\"wp-block-image\"><a href=\"https:\/\/www.fmsdocumentation.com\/wp-content\/uploads\/2017\/04\/136-8.png\"><img loading=\"lazy\" decoding=\"async\" width=\"503\" height=\"483\" src=\"https:\/\/www.fmsdocumentation.com\/wp-content\/uploads\/2017\/04\/136-8.png\" alt=\"\" class=\"wp-image-1168\" srcset=\"https:\/\/www.fmsdocumentation.com\/wp-content\/uploads\/2017\/04\/136-8.png 503w, https:\/\/www.fmsdocumentation.com\/wp-content\/uploads\/2017\/04\/136-8-300x288.png 300w\" sizes=\"auto, (max-width: 503px) 100vw, 503px\" \/><\/a><\/figure>\n\n<p>De minimale dateringstermijn is \u00e9\u00e9n dag. Om een dag te selecteren dubbelklikt u gewoon met de linkermuisknop op de gewenste dag om deze te selecteren. Daarna moet de gebruiker kiezen op basis waarvan het rapport zal worden gegenereerd.<\/p>\n\n<p><strong>Verslag gebaseerd op<\/strong>\u2013 deze instelling bepaalt het hoofddoel van het rapport. Er zijn twee mogelijkheden:<\/p>\n\n<ul class=\"wp-block-list\"><li>Chauffeurs<\/li><li>Objecten<\/li><\/ul>\n\n<p>Wat dit precies doet, is dat het gegenereerde rapport informatie weergeeft (<em>parameters: reisafstand, startlocatie van het werk, enz.<\/em>) voor het geselecteerde doel (<em>Drivers or Objects<\/em>). Dus als Objecten is geselecteerd, dan zal het rapport informatie weergeven voor specifiek geselecteerde objecten.<\/p>\n\n<p><strong>Objecten\/Bestuurders<\/strong>\u2013 (<em>Afhankelijk van de selectie in de optie &#8220;Verslag op<\/em> basis van&#8221;kan de gebruiker kiezen voor welke objecten\/chauffeurs het rapport zal worden gegenereerd.<\/p>\n\n<p>Indien <em>Objecten<\/em>geselecteerd zijn, zal de lijst ook <strong>groepen<\/strong>van objecten bevatten. De gebruiker kan een hele groep selecteren door het selectievakje voor de groep aan te vinken, of op de &#8220;+&#8221;-knop klikken om de groep uit te breiden en te zien welke objecten zich in de groep bevinden. Om de groep in te klappen, moet de gebruiker op de knop &#8220;-&#8221; klikken. <strong>Afzonderlijke objecten kunnen uit een groep worden geselecteerd<\/strong>. Het is belangrijk op te merken dat, indien een object dat in meerdere groepen aanwezig is, geselecteerd wordt, het in elke groep gemarkeerd zal worden, zoals hieronder in de afbeelding te zien is. Als een hele groep is geselecteerd, zal het selectievakje blauw zijn met een wit vinkje. Als slechts een deel van de groep is geselecteerd, zal de groep een blauw vierkantje in het selectievakje hebben. (te zien in de afbeelding hieronder). De gebruiker kan ook de zoekfunctie gebruiken om snel door een grote lijst van objecten en groepen te gaan. Alle groepen kunnen worden geselecteerd\/gedeselecteerd door het selectievakje naast &#8220;Selecteer alle groepen&#8221; aan te vinken. Het aantal geselecteerde objecten en het totale aantal objecten wordt in de rechterbovenhoek van de lijst weergegeven.<\/p>\n\n<figure class=\"wp-block-image\"><a href=\"https:\/\/www.fmsdocumentation.com\/wp-content\/uploads\/2018\/12\/281.png\"><img loading=\"lazy\" decoding=\"async\" width=\"549\" height=\"297\" src=\"https:\/\/www.fmsdocumentation.com\/wp-content\/uploads\/2018\/12\/281.png\" alt=\"\" class=\"wp-image-6727\" srcset=\"https:\/\/www.fmsdocumentation.com\/wp-content\/uploads\/2018\/12\/281.png 549w, https:\/\/www.fmsdocumentation.com\/wp-content\/uploads\/2018\/12\/281-300x162.png 300w\" sizes=\"auto, (max-width: 549px) 100vw, 549px\" \/><\/a><\/figure>\n\n<p>Als <em>Chauffeurs<\/em> is geselecteerd, worden chauffeurs in de vervolgkeuzelijst weergegeven. Om een bestuurder te selecteren, moet de gebruiker het selectievakje naast de bestuurder aanvinken. Door het selectievakje naast <strong>Kies alle<\/strong> aan te vinken worden alle chauffeurs geselecteerd\/deselecteerd. De lijst wordt automatisch bijgewerkt met elk symbool dat in de zoekbalk wordt getypt. Het aantal geselecteerde stuurprogramma&#8217;s en het totale aantal stuurprogramma&#8217;s wordt in de rechterbovenhoek van de lijst weergegeven.<\/p>\n\n<figure class=\"wp-block-image\"><a href=\"https:\/\/www.fmsdocumentation.com\/wp-content\/uploads\/2018\/12\/340.png\"><img loading=\"lazy\" decoding=\"async\" width=\"549\" height=\"295\" src=\"https:\/\/www.fmsdocumentation.com\/wp-content\/uploads\/2018\/12\/340.png\" alt=\"\" class=\"wp-image-6718\" srcset=\"https:\/\/www.fmsdocumentation.com\/wp-content\/uploads\/2018\/12\/340.png 549w, https:\/\/www.fmsdocumentation.com\/wp-content\/uploads\/2018\/12\/340-300x161.png 300w\" sizes=\"auto, (max-width: 549px) 100vw, 549px\" \/><\/a><\/figure>\n\n<p><strong>Geozones<\/strong> \u2013 maakt de selectie mogelijk van de geozones die in het rapport moeten worden opgenomen. Dit betekent dat alleen gebeurtenissen die binnen de gedefinieerde geozones hebben plaatsgevonden in het rapport zichtbaar zullen zijn. U kunt geozonegroepen selecteren of ze afzonderlijk kiezen. Er kunnen maximaal 500 geozones voor het rapport worden geselecteerd. Dit proces is hetzelfde als de selectie van Object\/Driver.<\/p>\n\n<p><strong>Groep per<\/strong> \u2013 laat toe om te defini\u00ebren volgens wat het rapport zal gegroepeerd worden, voor dit rapport is de volgende selectie beschikbaar:<\/p>\n\n<ul class=\"wp-block-list\"><li>Bestuurder<\/li><li>Geozone<\/li><li>Object<\/li><\/ul>\n\n<p><strong>Geminimaliseerde versie van het rapport<\/strong>\u2013 standaard uitgeschakeld. Door deze optie in te schakelen worden alle geozonegegevens voor een object\/bestuurder samengevoegd in \u00e9\u00e9n overzichtstabel en \u00e9\u00e9n detailtabel, in plaats van afzonderlijke tabellen voor elke in het rapport geselecteerde dag. Als u deze optie inschakelt, wordt ook de optie <strong>Shoe verslag samenvatting<\/strong> uitgeschakeld.<\/p>\n\n<p>Vervolgens moet de gebruiker de <strong>Kolom lijst<\/strong>configureren. Dit rapport zal de volgende parameters bevatten, die standaard zijn geselecteerd:<\/p>\n\n<ul class=\"wp-block-list\"><li>Invoertijd &#8211; de datum en tijd waarop de bestuurder\/het voertuig een vooraf gedefinieerde geozone is binnengereden. Kan niet worden gedeselecteerd.<\/li><li>Tijd van vertrek &#8211; de datum en tijd waarop de bestuurder\/het voertuig een vooraf gedefinieerde geozone heeft verlaten. Kan niet worden gedeselecteerd.<\/li><li>Geozonenaam &#8211; de naam van de ingevoerde\/verlaten geozone<\/li><\/ul>\n\n<p>Andere optionele parameters die in de <strong>kolomlijst<\/strong> kunnen worden geselecteerd:<\/p>\n\n<ul class=\"wp-block-list\"><li>Gemiddeld brandstofverbruik &#8211; het gemiddelde brandstofverbruik binnen de geozone<\/li><li>DIN X (waarbij X = 1~4) Werktijd &#8211; toont de werktijd voor het voertuig (als het contact op de geselecteerde DIN 1~4 was ingesteld)<\/li><li>Bestuurdersnaam \u2013 de naam van de bestuurde<\/li><li>Rijtijd &#8211; de tijd dat het contact aan stond<\/li><li>Eindlocatie &#8211; het adres van de locatie, waar het station\/object de geozone heeft verlaten<\/li><li>Verbruikte brandstof &#8211; de in liters verbruikte brandstof binnen de geozone<\/li><li>Kilometerstand in het begin &#8211; de kilometerstand op het punt van binnenkomst in een geozone<\/li><li>Kilometerstand op het einde &#8211; de kilometerstand op het punt van het verlaten van een geozone<\/li><li>Gereden afstand in mijlen &#8211; de totale afstand in mijlen afgelegd binnen de geozone gedurende de dag<\/li><li>Startlocatie &#8211; het adres van de plaats waar de bestuurder\/het object de geozone is binnengekomen<\/li><li>Stoptijd &#8211; de tijd dat het voertuig stilstond<\/li><li>Gereden afstand in mijlen &#8211; de totale afstand in mijlen afgelegd binnen de geozone gedurende de dag<\/li><\/ul>\n\n<p><strong>Toon samenvatting rapport &#8211;<\/strong> standaard ingeschakeld, zal deze optie een samenvattingsectie in het rapport opnemen. Dit zal alle informatie in het rapport samenvatten en de eerder geselecteerde <strong>kolommen in een samenvatting<\/strong> opnemen.<\/p>\n\n<p>De volgende kolommen staan standaard in de <strong>samenvatting<\/strong> :<\/p>\n\n<ul class=\"wp-block-list\"><li>Voertuig &#8211; de naam van het voertuig. Kan niet worden gedeselecteerd.<\/li><\/ul>\n\n<p>Andere optionele parameters die in de \ufffc <strong>summary kolomlijst<\/strong> kunnen worden geselecteerd:<\/p>\n\n<ul class=\"wp-block-list\"><li>Rijtijd &#8211; de tijd dat het contact aan stond<\/li><li>Ingenomen in geozones &#8211; het aantal keren dat de bestuurder\/het voertuig vooraf gedefinieerde geozones is binnengekomen<\/li><li>Verbruikte brandstof &#8211; de totale hoeveelheid verbruikte brandstof<\/li><li>Gereden afstand in mijlen &#8211; de totale afstand in mijlen afgelegd binnen de geozone gedurende de dag<\/li><li>Stoptijd &#8211; de tijd dat het voertuig stilstond<\/li><li>Bezochte tijd &#8211; de totale tijd doorgebracht in de geozone gedurende de dag<\/li><\/ul>\n\n<p>Na de selectie van de parameters in de kolommen, moet de gebruiker de <strong>geozones<\/strong>selecteren waarvoor dit rapport zal worden gegenereerd, zodat enkel gebeurtenissen die verband houden met de geselecteerde geozones in het rapport zullen worden weergegeven. De selectie is identiek aan die van de selectie van de bestuurders\/objecten.<\/p>\n\n<figure class=\"wp-block-image\"><a href=\"https:\/\/www.fmsdocumentation.com\/wp-content\/uploads\/2020\/09\/222.png\"><img loading=\"lazy\" decoding=\"async\" width=\"1024\" height=\"430\" src=\"https:\/\/www.fmsdocumentation.com\/wp-content\/uploads\/2020\/09\/222-1024x430.png\" alt=\"\" class=\"wp-image-9919\" srcset=\"https:\/\/www.fmsdocumentation.com\/wp-content\/uploads\/2020\/09\/222-1024x430.png 1024w, https:\/\/www.fmsdocumentation.com\/wp-content\/uploads\/2020\/09\/222-300x126.png 300w, https:\/\/www.fmsdocumentation.com\/wp-content\/uploads\/2020\/09\/222-768x322.png 768w, https:\/\/www.fmsdocumentation.com\/wp-content\/uploads\/2020\/09\/222.png 1489w\" sizes=\"auto, (max-width: 1024px) 100vw, 1024px\" \/><\/a><\/figure>\n\n<p>Om het rapport af te ronden en te genereren, moet de gebruiker op de <strong>Generate<\/strong> -knop klikken. Om het aanmaken van een rapport te annuleren moet de gebruiker op de <strong>Annuleren<\/strong> knop klikken.<\/p>\n\n<figure class=\"wp-block-image\"><a href=\"https:\/\/www.fmsdocumentation.com\/wp-content\/uploads\/2017\/04\/202.png\"><img loading=\"lazy\" decoding=\"async\" width=\"569\" height=\"79\" src=\"https:\/\/www.fmsdocumentation.com\/wp-content\/uploads\/2017\/04\/202.png\" alt=\"\" class=\"wp-image-398\" srcset=\"https:\/\/www.fmsdocumentation.com\/wp-content\/uploads\/2017\/04\/202.png 569w, https:\/\/www.fmsdocumentation.com\/wp-content\/uploads\/2017\/04\/202-300x42.png 300w\" sizes=\"auto, (max-width: 569px) 100vw, 569px\" \/><\/a><\/figure>\n\n<hr class=\"wp-block-separator\"\/>\n\n<p><div class=\"alignleft\"><a href=\"https:\/\/www.fmsdocumentation.com\/nl\/rapporten-menu\/brandstoftank-verslag\/\" title=\"Brandstoftank verslag\"><span class=\"arrow\">\u2039 &nbsp <\/span> Brandstoftank verslag <\/a><\/div> <div class=\"alignright\"><a href=\"https:\/\/www.fmsdocumentation.com\/nl\/rapporten-menu\/verslag-van-de-staten\/\" title=\"Verslag van de staten\">Verslag van de staten <span class=\"arrow\"> &nbsp\u203a <\/span> <\/a><\/div><\/p>\n","protected":false},"excerpt":{"rendered":"<p>Geozonerapport\u2013 dit rapporttype is vooral gericht op de activiteit rond en binnen bepaalde geozones. De geozones worden door de gebruiker ingesteld in het geozones menu. Het eerste wat de gebruiker moet selecteren is het datumbereik, waarvoor dit rapport zal worden gegenereerd. Datumbereik \u2013 Om een datum te kiezen moet de gebruiker klikken op &#8220;Kies datumbereik&#8221;, &hellip; <a href=\"https:\/\/www.fmsdocumentation.com\/nl\/rapporten-menu\/geozones-verslag\/\" class=\"more-link\">Lees verder <span class=\"screen-reader-text\">Geozones verslag<\/span><\/a><\/p>\n","protected":false},"author":1,"featured_media":0,"parent":12639,"menu_order":9,"comment_status":"closed","ping_status":"closed","template":"","meta":{"footnotes":""},"class_list":["post-12711","page","type-page","status-publish","hentry"],"_links":{"self":[{"href":"https:\/\/www.fmsdocumentation.com\/nl\/wp-json\/wp\/v2\/pages\/12711","targetHints":{"allow":["GET"]}}],"collection":[{"href":"https:\/\/www.fmsdocumentation.com\/nl\/wp-json\/wp\/v2\/pages"}],"about":[{"href":"https:\/\/www.fmsdocumentation.com\/nl\/wp-json\/wp\/v2\/types\/page"}],"author":[{"embeddable":true,"href":"https:\/\/www.fmsdocumentation.com\/nl\/wp-json\/wp\/v2\/users\/1"}],"replies":[{"embeddable":true,"href":"https:\/\/www.fmsdocumentation.com\/nl\/wp-json\/wp\/v2\/comments?post=12711"}],"version-history":[{"count":3,"href":"https:\/\/www.fmsdocumentation.com\/nl\/wp-json\/wp\/v2\/pages\/12711\/revisions"}],"predecessor-version":[{"id":12722,"href":"https:\/\/www.fmsdocumentation.com\/nl\/wp-json\/wp\/v2\/pages\/12711\/revisions\/12722"}],"up":[{"embeddable":true,"href":"https:\/\/www.fmsdocumentation.com\/nl\/wp-json\/wp\/v2\/pages\/12639"}],"wp:attachment":[{"href":"https:\/\/www.fmsdocumentation.com\/nl\/wp-json\/wp\/v2\/media?parent=12711"}],"curies":[{"name":"wp","href":"https:\/\/api.w.org\/{rel}","templated":true}]}}