{"id":12744,"date":"2022-06-20T12:04:17","date_gmt":"2022-06-20T09:04:17","guid":{"rendered":"https:\/\/www.fmsdocumentation.com\/rapporten-menu\/trips-report\/"},"modified":"2022-06-20T12:04:18","modified_gmt":"2022-06-20T09:04:18","slug":"trips-report","status":"publish","type":"page","link":"https:\/\/www.fmsdocumentation.com\/nl\/rapporten-menu\/trips-report\/","title":{"rendered":"Trips report"},"content":{"rendered":"<p><strong>Trips verslag<\/strong>\u2013 is voornamelijk gericht op het genereren van details van reizen, zoals waar de reis begon, waar hij eindigde, hoe lang hij duurde, welke afstand werd afgelegd tijdens de reis, enzovoort. Het eerste wat de gebruiker moet selecteren is het datumbereik, waarvoor dit rapport zal worden gegenereerd.<\/p>\n<p><strong>Datumbereik<\/strong> \u2013 Om een datum te kiezen moet de gebruiker klikken op &#8220;Kies datumbereik&#8221;, waardoor het kalenderpaneel wordt geopend. Het kalenderpaneel is identiek in alle FMS. Om een begin\/einddatum te selecteren hoeft de gebruiker alleen maar op de gewenste datum te klikken en vervolgens op de tegenovergestelde datum. De geselecteerde dagen worden blauw gemarkeerd. De huidige dag wordt gemarkeerd door een klein blauw driehoekje linksboven op die dag. Als de huidige dag is geselecteerd (gemarkeerd), wordt de driehoek omgedraaid naar wit. Om een voorkeursdatum te kiezen klikt u eerst op de eind- of begindatum (er is geen voorrang bij het kiezen) en vervolgens op de tegenovergestelde (eind\/begin) datum. Daarna kan de gebruiker specificeren vanaf welk uur van de begindatum tot welk uur van de einddatum de geschiedenis moet worden weergegeven. Om de wijzigingen toe te passen moet op de knop &#8220;Toepassen&#8221; worden geklikt, anders worden de wijzigingen niet opgeslagen.<\/p>\n<p><a href=\"https:\/\/www.fmsdocumentation.com\/wp-content\/uploads\/2017\/04\/136-10.png\"><img loading=\"lazy\" decoding=\"async\" class=\"alignnone wp-image-1172 size-full\" src=\"https:\/\/www.fmsdocumentation.com\/wp-content\/uploads\/2017\/04\/136-10.png\" alt=\"\" width=\"503\" height=\"483\" srcset=\"https:\/\/www.fmsdocumentation.com\/wp-content\/uploads\/2017\/04\/136-10.png 503w, https:\/\/www.fmsdocumentation.com\/wp-content\/uploads\/2017\/04\/136-10-300x288.png 300w\" sizes=\"auto, (max-width: 503px) 100vw, 503px\" \/><\/a><\/p>\n<p>De minimale dateringstermijn is \u00e9\u00e9n dag. Om een dag te selecteren dubbelklikt u gewoon met de linkermuisknop op de gewenste dag om deze te selecteren. Daarna moet de gebruiker kiezen op basis waarvan het rapport zal worden gegenereerd.<\/p>\n<p><strong>Verslag gebaseerd op<\/strong>\u2013 deze instelling bepaalt het hoofddoel van het rapport. Er zijn twee mogelijkheden:<\/p>\n<ul>\n<li>Chauffeurs<\/li>\n<li>Objecten<\/li>\n<\/ul>\n<p>Wat dit precies doet, is dat het gegenereerde rapport informatie weergeeft (<em>parameters: reisafstand, startlocatie van het werk, enz.<\/em>) voor het geselecteerde doel (<em>Drivers or Objects<\/em>). Dus als Objecten is geselecteerd, dan zal het rapport informatie weergeven voor specifieke geselecteerde objecten.<\/p>\n<p><strong>Objecten\/Bestuurders<\/strong>\u2013 (<em>Afhankelijk van de selectie in de optie &#8220;Verslag op<\/em> basis van&#8221;kan de gebruiker kiezen voor welke objecten\/chauffeurs het rapport zal worden gegenereerd.<\/p>\n<p>Indien <em>Objecten<\/em>geselecteerd zijn, zal de lijst ook <strong>groepen<\/strong>van objecten bevatten. De gebruiker kan een hele groep selecteren door het selectievakje voor de groep aan te vinken, of op de &#8220;+&#8221;-knop klikken om de groep uit te breiden en te zien welke objecten zich in de groep bevinden. Om de groep in te klappen, moet de gebruiker op de knop &#8220;-&#8221; klikken. <strong>Afzonderlijke objecten kunnen uit een groep worden geselecteerd<\/strong>. Het is belangrijk op te merken dat, indien een object dat in meerdere groepen aanwezig is, geselecteerd wordt, het in elke groep gemarkeerd zal worden, zoals hieronder in de afbeelding te zien is. Als een hele groep is geselecteerd, zal het selectievakje blauw zijn met een wit vinkje. Als slechts een deel van de groep is geselecteerd, zal de groep een blauw vierkantje in het selectievakje hebben. (te zien in de afbeelding hieronder). De gebruiker kan ook de zoekfunctie gebruiken om snel door een grote lijst van objecten en groepen te gaan. Alle groepen kunnen worden geselecteerd\/gedeselecteerd door het selectievakje naast &#8220;Selecteer alle groepen&#8221; aan te vinken. Het aantal geselecteerde objecten en het totale aantal objecten wordt in de rechterbovenhoek van de lijst weergegeven.<\/p>\n<p><a href=\"https:\/\/www.fmsdocumentation.com\/wp-content\/uploads\/2018\/12\/281.png\" data-featherlight=\"image\"><img loading=\"lazy\" decoding=\"async\" class=\"alignnone size-full wp-image-6727\" src=\"https:\/\/www.fmsdocumentation.com\/wp-content\/uploads\/2018\/12\/281.png\" sizes=\"auto, (max-width: 549px) 100vw, 549px\" srcset=\"https:\/\/www.fmsdocumentation.com\/wp-content\/uploads\/2018\/12\/281.png 549w, https:\/\/www.fmsdocumentation.com\/wp-content\/uploads\/2018\/12\/281-300x162.png 300w\" alt=\"\" width=\"549\" height=\"297\"><\/a><\/p>\n<p>Als <em>Chauffeurs<\/em> is geselecteerd, worden chauffeurs in de vervolgkeuzelijst weergegeven. Om een bestuurder te selecteren, moet de gebruiker het selectievakje naast de bestuurder aanvinken. Door het selectievakje naast &#8220;Alles selecteren&#8221; aan te vinken worden alle chauffeurs geselecteerd of gedeselecteerd. De lijst wordt automatisch bijgewerkt met elk symbool dat in de zoekbalk wordt getypt. Het aantal geselecteerde chauffeurs en het totale aantal chauffeurs wordt rechtsboven in de lijst weergegeven.<\/p>\n<p><a href=\"https:\/\/www.fmsdocumentation.com\/wp-content\/uploads\/2018\/12\/340.png\" data-featherlight=\"image\"><img loading=\"lazy\" decoding=\"async\" class=\"alignnone size-full wp-image-6718\" src=\"https:\/\/www.fmsdocumentation.com\/wp-content\/uploads\/2018\/12\/340.png\" sizes=\"auto, (max-width: 549px) 100vw, 549px\" srcset=\"https:\/\/www.fmsdocumentation.com\/wp-content\/uploads\/2018\/12\/340.png 549w, https:\/\/www.fmsdocumentation.com\/wp-content\/uploads\/2018\/12\/340-300x161.png 300w\" alt=\"\" width=\"549\" height=\"295\"><\/a><\/p>\n<p>Nadat objecten\/chauffeurs zijn geselecteerd, moet de gebruiker parameters selecteren in de <strong>Kolomlijst.<\/strong> Dit rapport zal de volgende parameters bevatten, die standaard zijn geselecteerd:<\/p>\n<ul>\n<li>Work begin time \u2013 tijd van eerste ontsteking op gebeurtenis, kan niet ongeselecteerd worden;<\/li>\n<li>Work begin location \u2013 plaats waar de eerste ontstekingsgebeurtenis zich voordeed, kan worden gedeselecteerd;<\/li>\n<li>Work end time \u2013 tijdstip van de laatste ontsteking van het voorval, kan worden gedeselecteerd;<\/li>\n<li>Work end location \u2013 plaats waar de laatste ontstekingsgebeurtenis werd geactiveerd, kan worden gedeselecteerd;<\/li>\n<li>Kilometerstand voorbij \u2013 kilometerstand verstreken tijdens de reis.<\/li>\n<li>Fuel consumed \u2013 totale hoeveelheid brandstof die tijdens de reis is verbruikt;<\/li>\n<li>Kilometerstand bij start \u2013 kilometerstand, toen de reis begon;<\/li>\n<li>Kilometerstand aan het eind \u2013 kilometerstand, toen de reis eindigde;<\/li>\n<li>Fuel level at start \u2013 totale hoeveelheid brandstof aan het begin van de reis;<\/li>\n<li>Fuel level at end \u2013 totale hoeveelheid brandstof aan het eind van de rit;<\/li>\n<li>Fuel consumed per hour \u2013 brandstofverbruik per uur voor de reis;<\/li>\n<li>Average fuel consumption \u2013 verbruikte brandstof per 100km;<\/li>\n<li>Virtual odometer \u2013 virtuele kilometerstand van de rit, berekend uit het verschil tussen het begin en het einde van de rit.<\/li>\n<li>Bestuurder &#8211; naam van de bestuurder;<\/li>\n<\/ul>\n<p>Optionele parameters die kunnen worden geselecteerd:<\/p>\n<ul>\n<li>Fuel consumed while idling \u2013 totale hoeveelheid brandstof die is verbruikt terwijl het voertuig stationair draaide;<\/li>\n<li>Idling duration \u2013 duur dat het voertuig stationair draait;<\/li>\n<li>Kilometerstand en Virtuele Odometer afstand \u2013 het verschil tussen de kilometerstand en de virtuele kilometerstand;<\/li>\n<li>No. \u2013 voegt een nummeringskolom voor de reizen toe;<\/li>\n<li>Notes \u2013 lege kolom, voor gebruikersinformatie;<\/li>\n<li>Speed average \u2013 de gemiddelde snelheid tijdens de reis;<\/li>\n<li>Speed maximum \u2013 de maximumsnelheid gedurende de hele reis;<\/li>\n<li>Stop duration \u2013 totale tijd gedurende welke het voertuig stilstond, kan worden gedeselecteerd;<\/li>\n<li>Trip type \u2013 geeft het type reis aan, kan zijn: zakelijk, werk, priv\u00e9, geen;<\/li>\n<li>Working duration \u2013 totale tijd dat het voertuig in beweging was, kan worden gedeselecteerd;<\/li>\n<li>DIN1-4 Working time \u2013 de totale werktijd van een geselecteerd DIN. Voor elke DIN kunnen 4 afzonderlijke parameters worden geselecteerd.<\/li>\n<\/ul>\n<p>Na selectie van de parameters in de kolommenlijst kan de gebruiker de volgende aanvullende instellingen in- of uitschakelen:<\/p>\n<p><strong>Toon geminimaliseerde versie van rapport<\/strong>\u2013 standaard uitgeschakeld. Door deze optie in te schakelen worden alle ritgegevens voor een object\/bestuurder samengevoegd in \u00e9\u00e9n overzichtstabel en \u00e9\u00e9n detailtabel, in plaats van afzonderlijke tabellen voor elke in het rapport geselecteerde dag. Door deze optie in te schakelen wordt ook de optie <strong>Samenvatting van het verslag<\/strong>en de optie <strong>Toon kaart<\/strong> uitgeschakeld.<\/p>\n<p><strong>Toon kaart<\/strong>\u2013 standaard is ingeschakeld, zal deze optie een kaart in het rapport opnemen, met alle aftap-\/brandstofgebeurtenissen erop gemarkeerd.<\/p>\n<p><strong>Splits reis in verschillende als het landsgrens overschrijdt<\/strong>\u2013 dis standaard ingeschakeld; indien ingeschakeld wordt een reis die een landsgrens passeert gesplitst op het punt waar een grens wordt overschreden, waardoor de reis wordt opgesplitst in twee reizen, \u00e9\u00e9n voor de grens en \u00e9\u00e9n erna.<\/p>\n<p><strong>Toon kleine uitstapjes<\/strong>\u2013 standaard uitgeschakeld, indien ingeschakeld worden reizen in het rapport opgenomen die korter zijn dan 50 meter totale reisafstand.<\/p>\n<p><strong>Toon plaatnummer<\/strong>\u2013 standaard uitgeschakeld, zal deze optie het kentekennummer van het voertuig in het rapport opnemen.<\/p>\n<p><strong>Toon samenvatting rapport<\/strong>\u2013 standaard is ingeschakeld, zal deze optie een samenvattingsgedeelte in het rapport opnemen. Dit zal alle informatie in het rapport samenvatten<strong>.<\/strong>Na de selectie van het rapportoverzicht, kan de gebruiker het splitsingsinterval selecteren.<\/p>\n<p><a href=\"https:\/\/www.fmsdocumentation.com\/wp-content\/uploads\/2020\/08\/206-1.png\"><img loading=\"lazy\" decoding=\"async\" class=\"alignnone wp-image-9486 size-large\" src=\"https:\/\/www.fmsdocumentation.com\/wp-content\/uploads\/2020\/08\/206-1-1024x556.png\" alt=\"\" width=\"660\" height=\"358\" srcset=\"https:\/\/www.fmsdocumentation.com\/wp-content\/uploads\/2020\/08\/206-1-1024x556.png 1024w, https:\/\/www.fmsdocumentation.com\/wp-content\/uploads\/2020\/08\/206-1-300x163.png 300w, https:\/\/www.fmsdocumentation.com\/wp-content\/uploads\/2020\/08\/206-1-768x417.png 768w, https:\/\/www.fmsdocumentation.com\/wp-content\/uploads\/2020\/08\/206-1.png 1507w\" sizes=\"auto, (max-width: 660px) 100vw, 660px\" \/><\/a><\/p>\n<p>Om het rapport af te ronden en te genereren, moet de gebruiker op de knop &#8220;Genereren&#8221; klikken. Om het aanmaken van een rapport te annuleren moet de gebruiker op de knop &#8220;Annuleren&#8221; klikken of ergens buiten het venster &#8220;Nieuw rapport genereren&#8221; klikken.<\/p>\n<p><a href=\"https:\/\/www.fmsdocumentation.com\/wp-content\/uploads\/2017\/04\/202.png\"><img loading=\"lazy\" decoding=\"async\" class=\"alignnone wp-image-398 size-full\" src=\"https:\/\/www.fmsdocumentation.com\/wp-content\/uploads\/2017\/04\/202.png\" alt=\"\" width=\"569\" height=\"79\" srcset=\"https:\/\/www.fmsdocumentation.com\/wp-content\/uploads\/2017\/04\/202.png 569w, https:\/\/www.fmsdocumentation.com\/wp-content\/uploads\/2017\/04\/202-300x42.png 300w\" sizes=\"auto, (max-width: 569px) 100vw, 569px\" \/><\/a><\/p>\n<hr>\n<p><div class=\"alignleft\"><a href=\"https:\/\/www.fmsdocumentation.com\/nl\/rapporten-menu\/samenvattend-reisverslag\/\" title=\"Samenvattend reisverslag\"><span class=\"arrow\">\u2039 &nbsp <\/span> Samenvattend reisverslag <\/a><\/div> <div class=\"alignright\"><a href=\"https:\/\/www.fmsdocumentation.com\/nl\/rapporten-menu\/working-hours-report\/\" title=\"Working hours report\">Working hours report <span class=\"arrow\"> &nbsp\u203a <\/span> <\/a><\/div><\/p>\n","protected":false},"excerpt":{"rendered":"<p>Trips verslag\u2013 is voornamelijk gericht op het genereren van details van reizen, zoals waar de reis begon, waar hij eindigde, hoe lang hij duurde, welke afstand werd afgelegd tijdens de reis, enzovoort. Het eerste wat de gebruiker moet selecteren is het datumbereik, waarvoor dit rapport zal worden gegenereerd. Datumbereik \u2013 Om een datum te kiezen &hellip; <a href=\"https:\/\/www.fmsdocumentation.com\/nl\/rapporten-menu\/trips-report\/\" class=\"more-link\">Lees verder <span class=\"screen-reader-text\">Trips report<\/span><\/a><\/p>\n","protected":false},"author":1,"featured_media":0,"parent":12639,"menu_order":13,"comment_status":"closed","ping_status":"closed","template":"","meta":{"footnotes":""},"class_list":["post-12744","page","type-page","status-publish","hentry"],"_links":{"self":[{"href":"https:\/\/www.fmsdocumentation.com\/nl\/wp-json\/wp\/v2\/pages\/12744","targetHints":{"allow":["GET"]}}],"collection":[{"href":"https:\/\/www.fmsdocumentation.com\/nl\/wp-json\/wp\/v2\/pages"}],"about":[{"href":"https:\/\/www.fmsdocumentation.com\/nl\/wp-json\/wp\/v2\/types\/page"}],"author":[{"embeddable":true,"href":"https:\/\/www.fmsdocumentation.com\/nl\/wp-json\/wp\/v2\/users\/1"}],"replies":[{"embeddable":true,"href":"https:\/\/www.fmsdocumentation.com\/nl\/wp-json\/wp\/v2\/comments?post=12744"}],"version-history":[{"count":1,"href":"https:\/\/www.fmsdocumentation.com\/nl\/wp-json\/wp\/v2\/pages\/12744\/revisions"}],"predecessor-version":[{"id":12753,"href":"https:\/\/www.fmsdocumentation.com\/nl\/wp-json\/wp\/v2\/pages\/12744\/revisions\/12753"}],"up":[{"embeddable":true,"href":"https:\/\/www.fmsdocumentation.com\/nl\/wp-json\/wp\/v2\/pages\/12639"}],"wp:attachment":[{"href":"https:\/\/www.fmsdocumentation.com\/nl\/wp-json\/wp\/v2\/media?parent=12744"}],"curies":[{"name":"wp","href":"https:\/\/api.w.org\/{rel}","templated":true}]}}