{"id":12754,"date":"2022-06-20T12:26:31","date_gmt":"2022-06-20T09:26:31","guid":{"rendered":"https:\/\/www.fmsdocumentation.com\/rapporten-menu\/working-hours-report\/"},"modified":"2022-06-20T12:26:33","modified_gmt":"2022-06-20T09:26:33","slug":"working-hours-report","status":"publish","type":"page","link":"https:\/\/www.fmsdocumentation.com\/nl\/rapporten-menu\/working-hours-report\/","title":{"rendered":"Working hours report"},"content":{"rendered":"\n<p><strong>Arbeidstijd rapport<\/strong>\u2013 is voornamelijk gericht op het genereren van details rond werktijden, en details die daarmee verband houden. Het eerste wat de gebruiker moet selecteren is het datumbereik, waarvoor dit rapport zal worden gegenereerd.<\/p>\n\n<p><strong>Datumbereik<\/strong> \u2013 Om een datum te kiezen moet de gebruiker klikken op &#8220;Kies datumbereik&#8221;, waardoor het kalenderpaneel wordt geopend. Het kalenderpaneel is identiek in alle FMS. Om een begin\/einddatum te selecteren hoeft de gebruiker alleen maar op de gewenste datum te klikken en vervolgens op de tegenovergestelde datum. De geselecteerde dagen worden blauw gemarkeerd. De huidige dag wordt gemarkeerd door een klein blauw driehoekje linksboven op die dag. Als de huidige dag is geselecteerd (gemarkeerd), wordt de driehoek omgedraaid naar wit. Om een voorkeursdatum te kiezen klikt u eerst op de eind- of begindatum (er is geen voorrang bij het kiezen) en vervolgens op de tegenovergestelde (eind\/begin) datum. Daarna kan de gebruiker specificeren vanaf welk uur van de begindatum tot welk uur van de einddatum de geschiedenis moet worden weergegeven. Om de wijzigingen toe te passen moet op de knop &#8220;Toepassen&#8221; worden geklikt, anders worden de wijzigingen niet opgeslagen.<\/p>\n\n<figure class=\"wp-block-image is-resized\"><a href=\"https:\/\/www.fmsdocumentation.com\/wp-content\/uploads\/2017\/04\/136-11.png\"><img loading=\"lazy\" decoding=\"async\" src=\"https:\/\/www.fmsdocumentation.com\/wp-content\/uploads\/2017\/04\/136-11.png\" alt=\"\" class=\"wp-image-1174\" width=\"498\" height=\"478\" srcset=\"https:\/\/www.fmsdocumentation.com\/wp-content\/uploads\/2017\/04\/136-11.png 503w, https:\/\/www.fmsdocumentation.com\/wp-content\/uploads\/2017\/04\/136-11-300x288.png 300w\" sizes=\"auto, (max-width: 498px) 100vw, 498px\" \/><\/a><\/figure>\n\n<p>De minimale dateringstermijn is \u00e9\u00e9n dag. Om een dag te selecteren dubbelklikt u gewoon met de linkermuisknop op de gewenste dag om deze te selecteren.<br\/>De maximale dateringstermijn voor minder dan 10 objecten is drie maanden (90 dagen). Als u meer dan 10 objecten selecteert, wordt dit beperkt tot 1 maand. U kunt geen langere periode kiezen.<\/p>\n\n<p><strong>Verslag gebaseerd op<\/strong> \u2013 tDeze instelling bepaalt het hoofddoel van het verslag. Er zijn twee mogelijkheden:<\/p>\n\n<ul class=\"wp-block-list\"><li>Chauffeurs<\/li><li>Objecten<\/li><\/ul>\n\n<p>Wat dit precies doet, is dat het gegenereerde rapport informatie zal tonen (parameters: reisafstand, beginwerklocatie, enz.) voor het geselecteerde doel (Chauffeurs or Objects). Dus als Objecten is geselecteerd, dan zal het rapport informatie weergeven voor specifiek geselecteerde objecten.<\/p>\n\n<p><strong>Verslaggegevens verstrekt als<\/strong>\u2013 deze instelling bepaalt, hoe de gegevens worden weergegeven. De volgende opties zijn beschikbaar:<\/p>\n\n<ul class=\"wp-block-list\"><li>Detailed days containing summaries and trips \u2013 zal gedetailleerde gegevens over de werkuren voor elke dag weergeven<\/li><li>Detailed trips \u2013 zal gedetailleerde gegevens over de werkuren weergeven<\/li><li>Summarized days \u2013 zal een overzicht van de werkuren voor elke dag weergeven<\/li><\/ul>\n\n<p><strong>Objecten\/Bestuurders<\/strong>\u2013 (<em>Afhankelijk van de selectie in de optie &#8220;Verslag op<\/em> basis van&#8221;kan de gebruiker kiezen voor welke objecten\/chauffeurs het rapport zal worden gegenereerd.<\/p>\n\n<p>Indien <em>Objecten<\/em>geselecteerd zijn, zal de lijst ook <strong>groepen<\/strong>van objecten bevatten. De gebruiker kan een hele groep selecteren door het selectievakje voor de groep aan te vinken of op de <strong>+<\/strong> knop te klikken om de groep uit te vouwen en te zien welke objecten zich in de groep bevinden. Om de groep in te klappen, moet de gebruiker op de <strong>\u2013<\/strong>knop klikken. Afzonderlijke objecten kunnen uit een groep worden geselecteerd. Het is belangrijk op te merken dat, indien een object dat in meerdere groepen aanwezig is, geselecteerd wordt, het in elke groep gemarkeerd zal worden, zoals hieronder in de afbeelding te zien is. Als een hele groep is geselecteerd, zal het selectievakje blauw zijn met een wit vinkje. Als slechts een deel van de groep is geselecteerd, zal de groep een blauw vierkantje in het selectievakje hebben. (te zien in de afbeelding hieronder). De gebruiker kan ook de zoekfunctie gebruiken om snel door een grote lijst van objecten en groepen te gaan. Alle groepen kunnen worden geselecteerd\/gedeselecteerd door het selectievakje naast &#8220;Selecteer alle groepen&#8221; aan te vinken. Het aantal geselecteerde objecten en het totale aantal objecten wordt in de rechterbovenhoek van de lijst weergegeven.<\/p>\n\n<figure class=\"wp-block-image is-resized\"><a href=\"https:\/\/www.fmsdocumentation.com\/wp-content\/uploads\/2018\/12\/281.png\"><img loading=\"lazy\" decoding=\"async\" src=\"https:\/\/www.fmsdocumentation.com\/wp-content\/uploads\/2018\/12\/281.png\" alt=\"\" class=\"wp-image-6727\" width=\"523\" height=\"283\" srcset=\"https:\/\/www.fmsdocumentation.com\/wp-content\/uploads\/2018\/12\/281.png 549w, https:\/\/www.fmsdocumentation.com\/wp-content\/uploads\/2018\/12\/281-300x162.png 300w\" sizes=\"auto, (max-width: 523px) 100vw, 523px\" \/><\/a><\/figure>\n\n<p>Als <em>Chauffeurs<\/em> is geselecteerd, worden chauffeurs in de vervolgkeuzelijst weergegeven. Om een bestuurder te selecteren, moet de gebruiker het selectievakje naast de bestuurder aanvinken. Door het selectievakje naast &#8220;Alles selecteren&#8221; aan te vinken worden alle chauffeurs geselecteerd of gedeselecteerd. De lijst wordt automatisch bijgewerkt met elk symbool dat in de zoekbalk wordt getypt. Het aantal geselecteerde chauffeurs en het totale aantal chauffeurs wordt rechtsboven in de lijst weergegeven.<\/p>\n\n<figure class=\"wp-block-image is-resized\"><a href=\"https:\/\/www.fmsdocumentation.com\/wp-content\/uploads\/2018\/12\/340.png\"><img loading=\"lazy\" decoding=\"async\" src=\"https:\/\/www.fmsdocumentation.com\/wp-content\/uploads\/2018\/12\/340.png\" alt=\"\" class=\"wp-image-6718\" width=\"549\" height=\"295\" srcset=\"https:\/\/www.fmsdocumentation.com\/wp-content\/uploads\/2018\/12\/340.png 549w, https:\/\/www.fmsdocumentation.com\/wp-content\/uploads\/2018\/12\/340-300x161.png 300w\" sizes=\"auto, (max-width: 549px) 100vw, 549px\" \/><\/a><\/figure>\n\n<p>Nadat objecten\/chauffeurs zijn geselecteerd, moet de gebruiker parameters selecteren in de <strong>Kolomlijst.<\/strong> Er kunnen slechts <strong>10 kolommen<\/strong> tegelijk worden geselecteerd. Dit verslag bevat standaard de volgende kolommen:<\/p>\n\n<ul class=\"wp-block-list\"><li>Work begin time \u2013 de datum en het tijdstip van het eerste ontstekingsfeit, kan niet worden gedeselecteerd<\/li><li>Work begin location \u2013 de plaats waar de eerste ontstekingsgebeurtenis zich heeft voorgedaan<\/li><li>Work end time \u2013 het tijdstip van de laatste uitschakeling van de ontsteking<\/li><li>Work end location \u2013 de plaats waar de laatste ontstekingsgebeurtenis werd geactiveerd<\/li><li>Duur van het werk buiten de werkuren &#8211; de duur van de ontsteking buiten de werkuren (door de gebruiker in te stellen na de kolomlijst)<\/li><li>Duration of work within business hours \u2013 de tijdsduur dat de ontsteking aan stond tijdens kantooruren (door de gebruiker in te stellen na de kolomlijst)<\/li><\/ul>\n\n<p>Andere optionele kolommen die kunnen worden geselecteerd:<\/p>\n\n<ul class=\"wp-block-list\"><li>Driven out of business hours \u2013 de som van de totale afgelegde afstand tijdens de niet-zakelijke uren (door de gebruiker ingesteld na de kolomlijst)<\/li><li>Driven within business hours \u2013 de som van de totale afgelegde afstand tijdens de kantooruren (door de gebruiker ingesteld na de kolomlijst)<\/li><li>Eind kilometerstand \u2013 de kilometerstand aan het eind van de rit (laatste uitgeschakelde contactmoment)<\/li><li>Fuel consumed \u2013 de tijdens de reis verbruikte brandstof<\/li><li>Idling duration \u2013 de duur dat het voertuig stationair draait<\/li><li>Start kilometers \u2013 de kilometerstand bij het begin van de reis (eerste ontsteking bij gebeurtenis)<\/li><li>Total driven distance \u2013 de totale afgelegde afstand van het begin tot het eind van de rit (van ontstekingsgebeurtenis tot ontstekingsuitgebeurtenis)<\/li><li>Total worked duration \u2013 de totale duur van het begin tot het einde van de rit (van ontstekingsgebeurtenis tot ontstekingsuit-gebeurtenis)<\/li><li>Virtual odometer \u2013 de virtuele kilometerstand van de rit, berekend uit het verschil tussen het begin en het einde van de rit<\/li><\/ul>\n\n<p>Na de selectie van de parameters in de kolommenlijst, moet d<strong>e gebruiker de werkdagen<\/strong> en -uren defini\u00ebren. Standaard zijn de werkdagen en -uren van 8. tot 17.00 uur, elke dag van de week. Werkdagen (blauw) worden ingesteld door op de dagen van de week te klikken, door op een dag te klikken wordt deze ingesteld als een niet-werkdag (lichtgrijs). Als u nogmaals op een niet-werkdag klikt, wordt dit een werkdag. De kantooruren worden ingesteld door ze in te voeren (uren en minuten) in de daarvoor bestemde velden. Het uurbereik is beperkt van 0 tot 24, het minutenbereik is beperkt van 0 tot 60 en de &#8220;van&#8221;-tijd kan niet later zijn dan de &#8220;tot&#8221;-tijd.<\/p>\n\n<figure class=\"wp-block-image is-resized\"><a href=\"https:\/\/www.fmsdocumentation.com\/wp-content\/uploads\/2018\/04\/344.png\"><img loading=\"lazy\" decoding=\"async\" src=\"https:\/\/www.fmsdocumentation.com\/wp-content\/uploads\/2018\/04\/344.png\" alt=\"\" class=\"wp-image-4845\" width=\"518\" height=\"173\" srcset=\"https:\/\/www.fmsdocumentation.com\/wp-content\/uploads\/2018\/04\/344.png 518w, https:\/\/www.fmsdocumentation.com\/wp-content\/uploads\/2018\/04\/344-300x100.png 300w\" sizes=\"auto, (max-width: 518px) 100vw, 518px\" \/><\/a><\/figure>\n\n<p>De geselecteerde tijdsperiode zal worden berekend als kantooruren, terwijl al het andere zal worden gerekend als niet-kantooruren (<em>bijvoorbeeld: kantooruren zijn ingesteld van 8 tot 17 van maandag tot vrijdag, dus niet-kantooruren zullen worden ingesteld van 0 tot 8 en van 17 tot 24 van maandag tot vrijdag en de hele dag op zaterdag en zondag<\/em>).<\/p>\n\n<p>Na het defini\u00ebren van de kantooruren, kan de gebruiker kiezen welke ritten in het rapport getoond moeten worden:<\/p>\n\n<ul class=\"wp-block-list\"><li>Toon alleen reizen buiten kantooruren<\/li><li>Toon alleen reizen binnen kantooruren<\/li><li>Toon alle reizen<\/li><\/ul>\n\n<p>CVervolgens kan de gebruiker de volgende extra opties in- of uitschakelen:<\/p>\n\n<p><strong>Samenvatting van het verslag<\/strong> \u2013 standaard uitgeschakeld, zal deze optie een samenvattingsgedeelte in het rapport opnemen. Dit zal alle informatie in het rapport samenvatten<strong>.<\/strong>De volgende kolommen zijn standaard geselecteerd:<\/p>\n\n<ul class=\"wp-block-list\"><li>Object Name \u2013 kan niet worden gedeselecteerd<\/li><li>Duur van de werkzaamheden buiten de kantooruren<\/li><li>Totaal gewerkte duur<\/li><li>Duur van de werkzaamheden binnen de kantooruren<\/li><\/ul>\n\n<p>Andere optionele kolommen kunnen worden geselecteerd:<\/p>\n\n<ul class=\"wp-block-list\"><li>Kilometers voor zakenreizen<\/li><li>Land eindigde in<\/li><li>Land begonnen in<\/li><li>Buiten kantooruren gereden<\/li><li>Gedreven binnen kantooruren<\/li><li>Verbruikte brandstof<\/li><li>Priv\u00e9 reiskilometers<\/li><li>Totale afgelegde afstand<\/li><li>Werkreis kilometers<\/li><\/ul>\n\n<p><strong>Toon kaart<\/strong>\u2013 standaard uitgeschakeld, zal deze optie een kaart in het rapport opnemen, met alle aftap-\/brandstofgebeurtenissen erop gemarkeerd.<\/p>\n\n<p><strong>Splits reis in verschillende als het landsgrens overschrijdt<\/strong>\u2013 dis standaard ingeschakeld; indien ingeschakeld wordt een reis die een landsgrens passeert gesplitst op het punt waar een grens wordt overschreden, waardoor de reis wordt opgesplitst in twee reizen, \u00e9\u00e9n voor de grens en \u00e9\u00e9n erna.<\/p>\n\n<p><strong>Toon kleine uitstapjes<\/strong>\u2013 standaard ingeschakeld, zal, indien ingeschakeld, reizen in het rapport opnemen die korter zijn dan 50 meter totale reisafstand.<\/p>\n\n<figure class=\"wp-block-image is-resized\"><a href=\"https:\/\/www.fmsdocumentation.com\/wp-content\/uploads\/2018\/06\/207.png\"><img loading=\"lazy\" decoding=\"async\" src=\"https:\/\/www.fmsdocumentation.com\/wp-content\/uploads\/2018\/06\/207-1024x599.png\" alt=\"\" class=\"wp-image-5279\" width=\"580\" height=\"339\" srcset=\"https:\/\/www.fmsdocumentation.com\/wp-content\/uploads\/2018\/06\/207-1024x599.png 1024w, https:\/\/www.fmsdocumentation.com\/wp-content\/uploads\/2018\/06\/207-300x176.png 300w, https:\/\/www.fmsdocumentation.com\/wp-content\/uploads\/2018\/06\/207-768x450.png 768w, https:\/\/www.fmsdocumentation.com\/wp-content\/uploads\/2018\/06\/207.png 1213w\" sizes=\"auto, (max-width: 580px) 100vw, 580px\" \/><\/a><\/figure>\n\n<p>Om het rapport af te ronden en te genereren, moet de gebruiker op de knop <strong>Genereer<\/strong>klikken. Om het aanmaken van een rapport te annuleren moet de gebruiker op de <strong>Annuleren<\/strong> knop klikken.<\/p>\n\n<figure class=\"wp-block-image is-resized\"><a href=\"https:\/\/www.fmsdocumentation.com\/wp-content\/uploads\/2017\/04\/202.png\"><img loading=\"lazy\" decoding=\"async\" src=\"https:\/\/www.fmsdocumentation.com\/wp-content\/uploads\/2017\/04\/202.png\" alt=\"\" class=\"wp-image-398\" width=\"569\" height=\"79\" srcset=\"https:\/\/www.fmsdocumentation.com\/wp-content\/uploads\/2017\/04\/202.png 569w, https:\/\/www.fmsdocumentation.com\/wp-content\/uploads\/2017\/04\/202-300x42.png 300w\" sizes=\"auto, (max-width: 569px) 100vw, 569px\" \/><\/a><\/figure>\n\n<hr class=\"wp-block-separator\"\/>\n\n<p><div class=\"alignleft\"><a href=\"https:\/\/www.fmsdocumentation.com\/nl\/rapporten-menu\/trips-report\/\" title=\"Trips report\"><span class=\"arrow\">\u2039 &nbsp <\/span> Trips report <\/a><\/div> <div class=\"alignright\"><a href=\"https:\/\/www.fmsdocumentation.com\/nl\/rapporten-menu\/rapporten-beheren\/\" title=\"Rapporten beheren\">Rapporten beheren <span class=\"arrow\"> &nbsp\u203a <\/span> <\/a><\/div><\/p>\n","protected":false},"excerpt":{"rendered":"<p>Arbeidstijd rapport\u2013 is voornamelijk gericht op het genereren van details rond werktijden, en details die daarmee verband houden. Het eerste wat de gebruiker moet selecteren is het datumbereik, waarvoor dit rapport zal worden gegenereerd. Datumbereik \u2013 Om een datum te kiezen moet de gebruiker klikken op &#8220;Kies datumbereik&#8221;, waardoor het kalenderpaneel wordt geopend. Het kalenderpaneel &hellip; <a href=\"https:\/\/www.fmsdocumentation.com\/nl\/rapporten-menu\/working-hours-report\/\" class=\"more-link\">Lees verder <span class=\"screen-reader-text\">Working hours report<\/span><\/a><\/p>\n","protected":false},"author":1,"featured_media":0,"parent":12639,"menu_order":14,"comment_status":"closed","ping_status":"closed","template":"","meta":{"footnotes":""},"class_list":["post-12754","page","type-page","status-publish","hentry"],"_links":{"self":[{"href":"https:\/\/www.fmsdocumentation.com\/nl\/wp-json\/wp\/v2\/pages\/12754","targetHints":{"allow":["GET"]}}],"collection":[{"href":"https:\/\/www.fmsdocumentation.com\/nl\/wp-json\/wp\/v2\/pages"}],"about":[{"href":"https:\/\/www.fmsdocumentation.com\/nl\/wp-json\/wp\/v2\/types\/page"}],"author":[{"embeddable":true,"href":"https:\/\/www.fmsdocumentation.com\/nl\/wp-json\/wp\/v2\/users\/1"}],"replies":[{"embeddable":true,"href":"https:\/\/www.fmsdocumentation.com\/nl\/wp-json\/wp\/v2\/comments?post=12754"}],"version-history":[{"count":3,"href":"https:\/\/www.fmsdocumentation.com\/nl\/wp-json\/wp\/v2\/pages\/12754\/revisions"}],"predecessor-version":[{"id":12764,"href":"https:\/\/www.fmsdocumentation.com\/nl\/wp-json\/wp\/v2\/pages\/12754\/revisions\/12764"}],"up":[{"embeddable":true,"href":"https:\/\/www.fmsdocumentation.com\/nl\/wp-json\/wp\/v2\/pages\/12639"}],"wp:attachment":[{"href":"https:\/\/www.fmsdocumentation.com\/nl\/wp-json\/wp\/v2\/media?parent=12754"}],"curies":[{"name":"wp","href":"https:\/\/api.w.org\/{rel}","templated":true}]}}