{"id":4530,"date":"2018-05-30T14:11:10","date_gmt":"2018-05-30T14:11:10","guid":{"rendered":"http:\/\/www.fmsdocumentation.com\/?page_id=4530"},"modified":"2018-11-05T13:38:01","modified_gmt":"2018-11-05T11:38:01","slug":"wygenerowane-linki","status":"publish","type":"page","link":"https:\/\/www.fmsdocumentation.com\/pl\/main-tms-window\/wygenerowane-linki\/","title":{"rendered":"Wygenerowane linki"},"content":{"rendered":"<p>Tutaj u\u017cytkownik mo\u017ce wygenerowa\u0107 linki do udost\u0119pniania wskazuj\u0105ce lokalizacj\u0119 pojazdu, a tak\u017ce zarz\u0105dza\u0107 ju\u017c wygenerowanymi linkami. Dla ka\u017cdego linka wy\u015bwietlane s\u0105 nast\u0119puj\u0105ce informacje:<\/p>\n<ul>\n<li>Utworzone przez \u2013 u\u017cytkownik, kt\u00f3ry wygenerowa\u0142 link;<\/li>\n<li>Status \u2013 status linka. Link mo\u017ce mie\u0107 status \u201eWygasa za\u201d, wskazuj\u0105cy pozosta\u0142y okres wa\u017cno\u015bci, lub \u201eWygas\u0142\u201d. Po najechaniu kursorem nad status pojawi si\u0119 dok\u0142adna data i godzina up\u0142ywu wa\u017cno\u015bci;<\/li>\n<li>Pojazdy \u2013 pojazdy wy\u015bwietlane pod linkiem;<\/li>\n<li>Odno\u015bnik\u00a0\u2013 sam link; po klikni\u0119ciu zostanie skopiowany do schowka.<\/li>\n<\/ul>\n<p><a href=\"https:\/\/www.fmsdocumentation.com\/wp-content\/uploads\/2018\/11\/18PL.png\"><img loading=\"lazy\" decoding=\"async\" class=\"alignnone wp-image-6046 size-large\" src=\"https:\/\/www.fmsdocumentation.com\/wp-content\/uploads\/2018\/11\/18PL-1024x566.png\" alt=\"\" width=\"660\" height=\"365\" srcset=\"https:\/\/www.fmsdocumentation.com\/wp-content\/uploads\/2018\/11\/18PL-1024x566.png 1024w, https:\/\/www.fmsdocumentation.com\/wp-content\/uploads\/2018\/11\/18PL-300x166.png 300w, https:\/\/www.fmsdocumentation.com\/wp-content\/uploads\/2018\/11\/18PL-768x425.png 768w, https:\/\/www.fmsdocumentation.com\/wp-content\/uploads\/2018\/11\/18PL.png 1217w\" sizes=\"auto, (max-width: 660px) 100vw, 660px\" \/><\/a><\/p>\n<p>Nowe linki mo\u017cna generowa\u0107, klikaj\u0105c na przycisk \u201eNowy link do konta spedycyjnego\u201d. Proces generowania linka jest opisany w sekcji Menu statusu floty. Linki mo\u017cna usuwa\u0107, zaznaczaj\u0105c pola wyboru przy niepotrzebnych linkach i klikaj\u0105c przycisk \u201eSkasuj wybrane\u201d. Zaznaczenie pola wyboru przy napisie \u201eUtworzone przez \u201d pozwala wybra\u0107 wszystkie linki lub anulowa\u0107 zaznaczenie.<\/p>\n<p><a href=\"https:\/\/www.fmsdocumentation.com\/wp-content\/uploads\/2018\/11\/19PL.png\"><img loading=\"lazy\" decoding=\"async\" class=\"alignnone wp-image-6048 size-large\" src=\"https:\/\/www.fmsdocumentation.com\/wp-content\/uploads\/2018\/11\/19PL-1024x309.png\" alt=\"\" width=\"660\" height=\"199\" srcset=\"https:\/\/www.fmsdocumentation.com\/wp-content\/uploads\/2018\/11\/19PL-1024x309.png 1024w, https:\/\/www.fmsdocumentation.com\/wp-content\/uploads\/2018\/11\/19PL-300x91.png 300w, https:\/\/www.fmsdocumentation.com\/wp-content\/uploads\/2018\/11\/19PL-768x232.png 768w, https:\/\/www.fmsdocumentation.com\/wp-content\/uploads\/2018\/11\/19PL.png 1173w\" sizes=\"auto, (max-width: 660px) 100vw, 660px\" \/><\/a><\/p>\n<p>Dat\u0119 i godzin\u0119 wyga\u015bni\u0119cia mo\u017cna zmieni\u0107, klikaj\u0105c na status linka i wybieraj\u0105c now\u0105 dat\u0119 i godzin\u0119. Mo\u017cna to zrobi\u0107 w przypadku wygas\u0142ych link\u00f3w, co oznacza, \u017ce mo\u017cna je zn\u00f3w aktywowa\u0107.<\/p>\n<p><img loading=\"lazy\" decoding=\"async\" class=\"alignnone size-full wp-image-6049\" src=\"https:\/\/www.fmsdocumentation.com\/wp-content\/uploads\/2018\/11\/20PL.png\" alt=\"\" width=\"203\" height=\"77\" \/><\/p>\n<hr \/>\n<p><div class=\"alignleft\"><a href=\"https:\/\/www.fmsdocumentation.com\/pl\/main-tms-window\/account-settings\/\" title=\"Ustawienia konta\"><span class=\"arrow\">\u2039 &nbsp <\/span> Ustawienia konta <\/a><\/div> \u00a0<div class=\"alignright\"><a href=\"https:\/\/www.fmsdocumentation.com\/pl\/overview-menu\/\" title=\"Menu statusu floty\">Menu statusu floty <span class=\"arrow\"> &nbsp\u203a <\/span> <\/a><\/div><\/p>\n","protected":false},"excerpt":{"rendered":"<p>Tutaj u\u017cytkownik mo\u017ce wygenerowa\u0107 linki do udost\u0119pniania wskazuj\u0105ce lokalizacj\u0119 pojazdu, a tak\u017ce zarz\u0105dza\u0107 ju\u017c wygenerowanymi linkami. Dla ka\u017cdego linka wy\u015bwietlane s\u0105 nast\u0119puj\u0105ce informacje: Utworzone przez \u2013 u\u017cytkownik, kt\u00f3ry wygenerowa\u0142 link; Status \u2013 status linka. Link mo\u017ce mie\u0107 status \u201eWygasa za\u201d, wskazuj\u0105cy pozosta\u0142y okres wa\u017cno\u015bci, lub \u201eWygas\u0142\u201d. Po najechaniu kursorem nad status pojawi si\u0119 dok\u0142adna data &hellip; <a href=\"https:\/\/www.fmsdocumentation.com\/pl\/main-tms-window\/wygenerowane-linki\/\" class=\"more-link\">Czytaj dalej <span class=\"screen-reader-text\">Wygenerowane linki<\/span><\/a><\/p>\n","protected":false},"author":5,"featured_media":0,"parent":4594,"menu_order":9,"comment_status":"closed","ping_status":"closed","template":"","meta":{"footnotes":""},"class_list":["post-4530","page","type-page","status-publish","hentry"],"_links":{"self":[{"href":"https:\/\/www.fmsdocumentation.com\/pl\/wp-json\/wp\/v2\/pages\/4530","targetHints":{"allow":["GET"]}}],"collection":[{"href":"https:\/\/www.fmsdocumentation.com\/pl\/wp-json\/wp\/v2\/pages"}],"about":[{"href":"https:\/\/www.fmsdocumentation.com\/pl\/wp-json\/wp\/v2\/types\/page"}],"author":[{"embeddable":true,"href":"https:\/\/www.fmsdocumentation.com\/pl\/wp-json\/wp\/v2\/users\/5"}],"replies":[{"embeddable":true,"href":"https:\/\/www.fmsdocumentation.com\/pl\/wp-json\/wp\/v2\/comments?post=4530"}],"version-history":[{"count":3,"href":"https:\/\/www.fmsdocumentation.com\/pl\/wp-json\/wp\/v2\/pages\/4530\/revisions"}],"predecessor-version":[{"id":6050,"href":"https:\/\/www.fmsdocumentation.com\/pl\/wp-json\/wp\/v2\/pages\/4530\/revisions\/6050"}],"up":[{"embeddable":true,"href":"https:\/\/www.fmsdocumentation.com\/pl\/wp-json\/wp\/v2\/pages\/4594"}],"wp:attachment":[{"href":"https:\/\/www.fmsdocumentation.com\/pl\/wp-json\/wp\/v2\/media?parent=4530"}],"curies":[{"name":"wp","href":"https:\/\/api.w.org\/{rel}","templated":true}]}}