{"id":4531,"date":"2017-12-15T07:50:57","date_gmt":"2017-12-15T07:50:57","guid":{"rendered":"http:\/\/www.fmsdocumentation.com\/order-overview-and-assignation\/"},"modified":"2019-01-10T17:12:47","modified_gmt":"2019-01-10T15:12:47","slug":"order-overview-and-assignation","status":"publish","type":"page","link":"https:\/\/www.fmsdocumentation.com\/pl\/orders-menu\/order-overview-and-assignation\/","title":{"rendered":"Przegl\u0105danie i przypisywanie zlece\u0144"},"content":{"rendered":"<p>Tu\u017c pod przyciskiem \u201eUtw\u00f3rz nowe zlecenie\u201d (Create New Order) znajduje si\u0119 lista wszystkich utworzonych wcze\u015bniej zlece\u0144. Zlecenia mo\u017cna filtrowa\u0107, klikaj\u0105c na pole \u201eFiltruj zlecenia\u201d (Filter orders). Domy\u015blnie wszystkie zlecenia s\u0105 wy\u015bwietlone na li\u015bcie. Mo\u017cna zastosowa\u0107 nast\u0119puj\u0105cy filtr:<\/p>\n<ul>\n<li>Wszystkie \u2013 wy\u015bwietla wszystkie zlecenia;<\/li>\n<li>Nowe \u2013 wy\u015bwietla nowo utworzone zlecenia, kt\u00f3re nie zosta\u0142y jeszcze przypisane (przypisywanie jest opisane w dalszej cz\u0119\u015bci);<\/li>\n<li>Zarezerwowane \u2013 zlecenia przypisane, kt\u00f3rych realizacja jeszcze si\u0119 nie rozpocz\u0119\u0142a;<\/li>\n<li>W toku \u2013 zlecenia, kt\u00f3re s\u0105 ju\u017c w dostawie;<\/li>\n<li>Niedostarczone \u2013 zlecenia odrzucone przez kierowc\u0119;<\/li>\n<li>Dostarczone \u2013 zrealizowane zlecenia.<\/li>\n<\/ul>\n<p>Status zam\u00f3wie\u0144 jest wy\u015bwietlany na li\u015bcie w formie ikony dla ka\u017cdego zlecenia, a jego opis jest widoczny po najechaniu kursorem na ikon\u0119.<\/p>\n<p><a href=\"https:\/\/www.fmsdocumentation.com\/wp-content\/uploads\/2019\/01\/124PL.png\"><img loading=\"lazy\" decoding=\"async\" class=\"alignnone wp-image-6936 size-full\" src=\"https:\/\/www.fmsdocumentation.com\/wp-content\/uploads\/2019\/01\/124PL.png\" alt=\"\" width=\"322\" height=\"337\" srcset=\"https:\/\/www.fmsdocumentation.com\/wp-content\/uploads\/2019\/01\/124PL.png 322w, https:\/\/www.fmsdocumentation.com\/wp-content\/uploads\/2019\/01\/124PL-287x300.png 287w\" sizes=\"auto, (max-width: 322px) 100vw, 322px\" \/><\/a><\/p>\n<p>Aby przegl\u0105da\u0107 i\/lub przypisa\u0107 zlecenie, nale\u017cy najpierw wybra\u0107 zlecenie na li\u015bcie. Tylko zlecenia o statusie \u201eNowe\u201d\u00a0 mog\u0105 by\u0107 przypisywane. Po wybraniu zlecenia pojawi si\u0119 dodatkowy panel boczny, a mapa przesunie si\u0119 automatycznie, by wy\u015bwietli\u0107 lokalizacj\u0119 zlecenia.<\/p>\n<p><a href=\"https:\/\/www.fmsdocumentation.com\/wp-content\/uploads\/2019\/01\/125PL.png\"><img loading=\"lazy\" decoding=\"async\" class=\"alignnone wp-image-6937 size-large\" src=\"https:\/\/www.fmsdocumentation.com\/wp-content\/uploads\/2019\/01\/125PL-1024x476.png\" alt=\"\" width=\"660\" height=\"307\" srcset=\"https:\/\/www.fmsdocumentation.com\/wp-content\/uploads\/2019\/01\/125PL-1024x476.png 1024w, https:\/\/www.fmsdocumentation.com\/wp-content\/uploads\/2019\/01\/125PL-300x140.png 300w, https:\/\/www.fmsdocumentation.com\/wp-content\/uploads\/2019\/01\/125PL-768x357.png 768w, https:\/\/www.fmsdocumentation.com\/wp-content\/uploads\/2019\/01\/125PL.png 1200w\" sizes=\"auto, (max-width: 660px) 100vw, 660px\" \/><\/a><\/p>\n<p>Panel posiada dwie zak\u0142adki. Jedna zawiera og\u00f3lne informacje o zleceniu (jest otwierana domy\u015blnie), takie jak ca\u0142kowita waga \u0142adunku, obj\u0119to\u015b\u0107, adres dostawy itp., czyli w zasadzie wszystkie informacje, jakie u\u017cytkownik wprowadzi\u0142 przy tworzeniu zlecenia. Zlecenia o statusie \u201eNowe\u201d lub \u201eZarezerwowane\u201d wci\u0105\u017c mo\u017cna edytowa\u0107 lub usun\u0105\u0107. Te przyciski znajduj\u0105 si\u0119 w dolnej cz\u0119\u015bci panelu. Przycisk \u201eEdytuj\u201d otwiera okno, kt\u00f3re wygl\u0105da tak samo, jak okno tworzenia nowego zlecenia. Po wprowadzeniu zmian nale\u017cy klikn\u0105\u0107 przycisk \u201eZaktualizuj\u201d. W przeciwnym razie wszystkie zmiany zostan\u0105 odrzucone. Po naci\u015bni\u0119ciu przycisku \u201eUsu\u0144\u201d otworzy si\u0119 okno z pro\u015bb\u0105 o potwierdzenie, na wypadek przypadkowego naci\u015bni\u0119cia.<\/p>\n<p><a href=\"https:\/\/www.fmsdocumentation.com\/wp-content\/uploads\/2019\/01\/126PL.png\"><img loading=\"lazy\" decoding=\"async\" class=\"alignnone wp-image-6938 size-full\" src=\"https:\/\/www.fmsdocumentation.com\/wp-content\/uploads\/2019\/01\/126PL.png\" alt=\"\" width=\"578\" height=\"749\" srcset=\"https:\/\/www.fmsdocumentation.com\/wp-content\/uploads\/2019\/01\/126PL.png 578w, https:\/\/www.fmsdocumentation.com\/wp-content\/uploads\/2019\/01\/126PL-232x300.png 232w\" sizes=\"auto, (max-width: 578px) 100vw, 578px\" \/><\/a><\/p>\n<p>Druga zak\u0142adka zawiera list\u0119 ca\u0142ego \u0142adunku dla tego zlecenia. U\u017cytkownik mo\u017ce przegl\u0105da\u0107 wag\u0119 i obj\u0119to\u015b\u0107 poszczeg\u00f3lnych \u0142adunk\u00f3w (je\u015bli wi\u0119cej ni\u017c jeden \u0142adunek zosta\u0142 wprowadzony dla danego zlecenia).<\/p>\n<p><a href=\"https:\/\/www.fmsdocumentation.com\/wp-content\/uploads\/2019\/01\/127PL.png\"><img loading=\"lazy\" decoding=\"async\" class=\"alignnone wp-image-6939 size-full\" src=\"https:\/\/www.fmsdocumentation.com\/wp-content\/uploads\/2019\/01\/127PL.png\" alt=\"\" width=\"289\" height=\"454\" srcset=\"https:\/\/www.fmsdocumentation.com\/wp-content\/uploads\/2019\/01\/127PL.png 289w, https:\/\/www.fmsdocumentation.com\/wp-content\/uploads\/2019\/01\/127PL-191x300.png 191w\" sizes=\"auto, (max-width: 289px) 100vw, 289px\" \/><\/a><\/p>\n<p>W zak\u0142adce z og\u00f3lnymi informacjami u\u017cytkownik mo\u017ce przypisa\u0107 zlecenie, klikaj\u0105c przycisk \u201e+ Dodaj do trasy\u201d. Otworzy si\u0119 menu \u201eWyznaczanie trasy i zada\u0144\u201d, z tras\u0105 ju\u017c wybran\u0105 wed\u0142ug punkt\u00f3w odbioru i dostawy \u0142adunku. Menu <a href=\"https:\/\/www.fmsdocumentation.com\/pl\/?page_id=4572&#038;lang=pl\">Trasa i zadania<\/a> jest opisane szczeg\u00f3\u0142owo w kolejnej sekcji, natomiast w tej sekcji pokazane s\u0105 tylko g\u0142\u00f3wne r\u00f3\u017cnice. W przypadku trasy tworzonej na podstawie zlecenia podr\u00f3\u017c b\u0119dzie uwzgl\u0119dnia\u0107\u00a0<strong>informacje na temat masy i obj\u0119to\u015bci<\/strong>, jak pokazano poni\u017cej.<\/p>\n<p><a href=\"https:\/\/www.fmsdocumentation.com\/wp-content\/uploads\/2019\/01\/128PL-1.png\"><img loading=\"lazy\" decoding=\"async\" class=\"alignnone wp-image-6942 size-full\" src=\"https:\/\/www.fmsdocumentation.com\/wp-content\/uploads\/2019\/01\/128PL-1.png\" alt=\"\" width=\"649\" height=\"584\" srcset=\"https:\/\/www.fmsdocumentation.com\/wp-content\/uploads\/2019\/01\/128PL-1.png 649w, https:\/\/www.fmsdocumentation.com\/wp-content\/uploads\/2019\/01\/128PL-1-300x270.png 300w\" sizes=\"auto, (max-width: 649px) 100vw, 649px\" \/><\/a><\/p>\n<p>Tu wy\u015bwietlana jest ca\u0142kowita waga i obj\u0119to\u015b\u0107 \u0142adunku procentowo wzgl\u0119dem ca\u0142kowitej wagi i obj\u0119to\u015bci dost\u0119pnej w wybranym poje\u017adzie. Wag\u0119 i obj\u0119to\u015b\u0107 dla pojazdu mo\u017cna ustawi\u0107 r\u0119cznie w sekcji \u201eSzczeg\u00f3\u0142y pojazdu\u201d \u2013 \u201eDane na temat \u0142adowno\u015bci\u201d opisanej w cz\u0119\u015bci <a href=\"https:\/\/www.fmsdocumentation.com\/pl\/overview-menu\/summary-overview\/?lang=pl\">Menu statusu floty \u2013 Podsumowanie<\/a>.<\/p>\n<p><a href=\"https:\/\/www.fmsdocumentation.com\/wp-content\/uploads\/2017\/12\/314-1.png\"><img loading=\"lazy\" decoding=\"async\" class=\"alignnone size-large wp-image-4173\" src=\"https:\/\/www.fmsdocumentation.com\/wp-content\/uploads\/2017\/12\/314-1-1024x216.png\" alt=\"\" width=\"660\" height=\"139\" srcset=\"https:\/\/www.fmsdocumentation.com\/wp-content\/uploads\/2017\/12\/314-1-1024x216.png 1024w, https:\/\/www.fmsdocumentation.com\/wp-content\/uploads\/2017\/12\/314-1-300x63.png 300w, https:\/\/www.fmsdocumentation.com\/wp-content\/uploads\/2017\/12\/314-1-768x162.png 768w, https:\/\/www.fmsdocumentation.com\/wp-content\/uploads\/2017\/12\/314-1.png 1182w\" sizes=\"auto, (max-width: 660px) 100vw, 660px\" \/><\/a><\/p>\n<p>Po klikni\u0119ciu na przycisk \u201eUtw\u00f3rz zadanie\u201d pojawi si\u0119 nowe okno, w kt\u00f3rym nale\u017cy wprowadzi\u0107 tytu\u0142 dla nowego zadania, ustawi\u0107 preferowany czas przyjazdu oraz umie\u015bci\u0107 dodatkowe uwagi dotycz\u0105ce lokalizacji odbioru\/dostawy.<\/p>\n<p><a href=\"https:\/\/www.fmsdocumentation.com\/wp-content\/uploads\/2019\/01\/129PL.png\"><img loading=\"lazy\" decoding=\"async\" class=\"alignnone wp-image-6943 size-full\" src=\"https:\/\/www.fmsdocumentation.com\/wp-content\/uploads\/2019\/01\/129PL.png\" alt=\"\" width=\"675\" height=\"588\" srcset=\"https:\/\/www.fmsdocumentation.com\/wp-content\/uploads\/2019\/01\/129PL.png 675w, https:\/\/www.fmsdocumentation.com\/wp-content\/uploads\/2019\/01\/129PL-300x261.png 300w\" sizes=\"auto, (max-width: 675px) 100vw, 675px\" \/><\/a><\/p>\n<p>Nast\u0119pnie zadanie b\u0119dzie dodane do listy zada\u0144. U\u017cytkownik mo\u017ce przegl\u0105da\u0107 je na li\u015bcie zada\u0144 opisanej w sekcji <a href=\"https:\/\/www.fmsdocumentation.com\/pl\/routing-menu\/task-management\/?lang=pl\">Zarz\u0105dzanie zadaniami<\/a>. Dalej zadanie b\u0119dzie przetwarzane tak samo, jak inne zadania. Kierowca otrzyma powiadomienie w aplikacji i b\u0119dzie m\u00f3g\u0142 rozpocz\u0105\u0107 realizacj\u0119 dostawy. Status b\u0119dzie aktualizowany zar\u00f3wno dla zadania, jak i dla zlecenia. Mo\u017cna przypisa\u0107 kilka zlece\u0144\/zada\u0144 jednocze\u015bnie (do 5 zlece\u0144\/zada\u0144 dla ka\u017cdej trasy). \u00a0Wszystkie informacje dotycz\u0105ce zada\u0144 i przypisywania wielu zlece\u0144 mo\u017cna znale\u017a\u0107 w\u00a0kolejnej sekcji.<\/p>\n<hr \/>\n<p> <div class=\"alignright\"><a href=\"https:\/\/www.fmsdocumentation.com\/pl\/\" title=\"Przewodnik F.M.S\">Przewodnik F.M.S <span class=\"arrow\"> &nbsp\u203a <\/span> <\/a><\/div><\/p>\n","protected":false},"excerpt":{"rendered":"<p>Tu\u017c pod przyciskiem \u201eUtw\u00f3rz nowe zlecenie\u201d (Create New Order) znajduje si\u0119 lista wszystkich utworzonych wcze\u015bniej zlece\u0144. Zlecenia mo\u017cna filtrowa\u0107, klikaj\u0105c na pole \u201eFiltruj zlecenia\u201d (Filter orders). Domy\u015blnie wszystkie zlecenia s\u0105 wy\u015bwietlone na li\u015bcie. Mo\u017cna zastosowa\u0107 nast\u0119puj\u0105cy filtr: Wszystkie \u2013 wy\u015bwietla wszystkie zlecenia; Nowe \u2013 wy\u015bwietla nowo utworzone zlecenia, kt\u00f3re nie zosta\u0142y jeszcze przypisane (przypisywanie jest &hellip; <a href=\"https:\/\/www.fmsdocumentation.com\/pl\/orders-menu\/order-overview-and-assignation\/\" class=\"more-link\">Czytaj dalej <span class=\"screen-reader-text\">Przegl\u0105danie i przypisywanie zlece\u0144<\/span><\/a><\/p>\n","protected":false},"author":1,"featured_media":0,"parent":4533,"menu_order":2,"comment_status":"closed","ping_status":"closed","template":"","meta":{"footnotes":""},"class_list":["post-4531","page","type-page","status-publish","hentry"],"_links":{"self":[{"href":"https:\/\/www.fmsdocumentation.com\/pl\/wp-json\/wp\/v2\/pages\/4531","targetHints":{"allow":["GET"]}}],"collection":[{"href":"https:\/\/www.fmsdocumentation.com\/pl\/wp-json\/wp\/v2\/pages"}],"about":[{"href":"https:\/\/www.fmsdocumentation.com\/pl\/wp-json\/wp\/v2\/types\/page"}],"author":[{"embeddable":true,"href":"https:\/\/www.fmsdocumentation.com\/pl\/wp-json\/wp\/v2\/users\/1"}],"replies":[{"embeddable":true,"href":"https:\/\/www.fmsdocumentation.com\/pl\/wp-json\/wp\/v2\/comments?post=4531"}],"version-history":[{"count":6,"href":"https:\/\/www.fmsdocumentation.com\/pl\/wp-json\/wp\/v2\/pages\/4531\/revisions"}],"predecessor-version":[{"id":6944,"href":"https:\/\/www.fmsdocumentation.com\/pl\/wp-json\/wp\/v2\/pages\/4531\/revisions\/6944"}],"up":[{"embeddable":true,"href":"https:\/\/www.fmsdocumentation.com\/pl\/wp-json\/wp\/v2\/pages\/4533"}],"wp:attachment":[{"href":"https:\/\/www.fmsdocumentation.com\/pl\/wp-json\/wp\/v2\/media?parent=4531"}],"curies":[{"name":"wp","href":"https:\/\/api.w.org\/{rel}","templated":true}]}}