{"id":4532,"date":"2017-12-15T07:48:12","date_gmt":"2017-12-15T07:48:12","guid":{"rendered":"http:\/\/www.fmsdocumentation.com\/create-new-order\/"},"modified":"2019-01-10T16:29:41","modified_gmt":"2019-01-10T14:29:41","slug":"create-new-order","status":"publish","type":"page","link":"https:\/\/www.fmsdocumentation.com\/pl\/orders-menu\/create-new-order\/","title":{"rendered":"Tworzenie nowych zlece\u0144"},"content":{"rendered":"<p>Aby utworzy\u0107 nowe zlecenie, nale\u017cy klikn\u0105\u0107 przycisk \u201e+ Utw\u00f3rz nowe zam\u00f3wienie\u201d w g\u00f3rnej cz\u0119\u015bci menu.<\/p>\n<p><a href=\"https:\/\/www.fmsdocumentation.com\/wp-content\/uploads\/2019\/01\/121PL.png\"><img loading=\"lazy\" decoding=\"async\" class=\"alignnone wp-image-6928 size-full\" src=\"https:\/\/www.fmsdocumentation.com\/wp-content\/uploads\/2019\/01\/121PL.png\" alt=\"\" width=\"362\" height=\"391\" srcset=\"https:\/\/www.fmsdocumentation.com\/wp-content\/uploads\/2019\/01\/121PL.png 362w, https:\/\/www.fmsdocumentation.com\/wp-content\/uploads\/2019\/01\/121PL-278x300.png 278w\" sizes=\"auto, (max-width: 362px) 100vw, 362px\" \/><\/a><\/p>\n<p>Otworzy si\u0119 okno \u201eUtw\u00f3rz nowe zam\u00f3wienie\u201d. Tutaj u\u017cytkownik musi poda\u0107 szczeg\u00f3\u0142owe informacje o \u0142adunku. Wi\u0119kszo\u015b\u0107 p\u00f3l nie wymaga dodatkowych wyja\u015bnie\u0144. Wszystkie pola s\u0105 obowi\u0105zkowe:<\/p>\n<ul>\n<li><strong>Tytu\u0142<\/strong> \u2013 nazwa wy\u015bwietlana dla zlecenia, kt\u00f3ra b\u0119dzie widoczna na og\u00f3lnej li\u015bcie wszystkich zlece\u0144;<\/li>\n<li><strong>Imi\u0119 klienta\u00a0<\/strong> \u2013 nazwa klienta, wy\u0142\u0105cznie do cel\u00f3w informacyjnych;<\/li>\n<li><strong>Adres odbioru<\/strong> \u2013 adres lokalizacji \u0142adunku; to pole to dzia\u0142a jak pasek wyszukiwania i b\u0119dzie podawa\u0107 sugerowane adresy po ka\u017cdej wpisanej literze;<\/li>\n<li><strong>Adres dostawy<\/strong>\u00a0\u2013 adres, gdzie nale\u017cy dostarczy\u0107 \u0142adunek; to pole to dzia\u0142a jak pasek wyszukiwania i b\u0119dzie podawa\u0107 sugerowane adresy po ka\u017cdej wpisanej literze;<\/li>\n<\/ul>\n<p>Nast\u0119pnie nale\u017cy wpisa\u0107 szczeg\u00f3\u0142owe informacje dotycz\u0105ce \u0142adunku:<\/p>\n<ul>\n<li><strong>Nazwa \u0142adunku<\/strong> \u2013 nazwa wy\u015bwietlana dla \u0142adunku widoczna przy przegl\u0105daniu \u0142adunk\u00f3w na li\u015bcie;<\/li>\n<li><strong>Jednostki<\/strong> \u2013 ile jednostek (palety, pud\u0142a, beczki itp.) nale\u017cy odebra\u0107. U\u017cytkownik musi jedynie wpisa\u0107 warto\u015b\u0107 liczbow\u0105;<\/li>\n<li><strong>Waga jednostki<\/strong> \u2013 waga jednego elementu; jednostki miary zale\u017c\u0105 od ustawie\u0144 konta opisanych w sekcji \u201eMenu ustawie\u0144 konta\u201d; funkcja ta s\u0142u\u017cy do obliczania wagi ca\u0142ego \u0142adunku. Te liczby s\u0105 p\u00f3\u017aniej potrzebne przy przypisywaniu zlecenia do pojazdu;<\/li>\n<li><strong>Wymiary (szeroko\u015b\u0107, d\u0142ugo\u015b\u0107, wysoko\u015b\u0107)<\/strong> \u2013\u00a0<strong>wymiary jednego elementu<\/strong>, nie ca\u0142ego \u0142adunku. Jest to potrzebne do obliczenia obj\u0119to\u015bci elementu i ca\u0142ego \u0142adunku. Te liczby s\u0105 p\u00f3\u017aniej potrzebne przy przypisywaniu zlecenia do pojazdu;<\/li>\n<\/ul>\n<p>Po wprowadzeniu wszystkich szczeg\u00f3\u0142owych informacji, system wy\u015bwietli kr\u00f3tkie podsumowanie dla tego \u0142adunku.<\/p>\n<p><a href=\"https:\/\/www.fmsdocumentation.com\/wp-content\/uploads\/2019\/01\/122PL-1.png\"><img loading=\"lazy\" decoding=\"async\" class=\"alignnone wp-image-6931 size-full\" src=\"https:\/\/www.fmsdocumentation.com\/wp-content\/uploads\/2019\/01\/122PL-1.png\" alt=\"\" width=\"600\" height=\"740\" srcset=\"https:\/\/www.fmsdocumentation.com\/wp-content\/uploads\/2019\/01\/122PL-1.png 600w, https:\/\/www.fmsdocumentation.com\/wp-content\/uploads\/2019\/01\/122PL-1-243x300.png 243w\" sizes=\"auto, (max-width: 600px) 100vw, 600px\" \/><\/a><\/p>\n<p>U\u017cytkownik mo\u017ce doda\u0107 kilka \u0142adunk\u00f3w do jednego zlecenia. W tym celu nale\u017cy klikn\u0105\u0107 ikon\u0119 \u201e+\u201d, kt\u00f3ra znajduje si\u0119 pod podsumowaniem \u0142adunku. \u0141adunki mo\u017cna r\u00f3wnie\u017c usuwa\u0107 z listy (je\u015bli na li\u015bcie jest wi\u0119cej ni\u017c jeden \u0142adunek), klikaj\u0105c niewielki symbol \u201ex\u201d, kt\u00f3ry znajduje si\u0119 z prawej strony \u0142adunku.<\/p>\n<p><a href=\"https:\/\/www.fmsdocumentation.com\/wp-content\/uploads\/2019\/01\/123PL.png\"><img loading=\"lazy\" decoding=\"async\" class=\"alignnone wp-image-6932 size-full\" src=\"https:\/\/www.fmsdocumentation.com\/wp-content\/uploads\/2019\/01\/123PL.png\" alt=\"\" width=\"573\" height=\"448\" srcset=\"https:\/\/www.fmsdocumentation.com\/wp-content\/uploads\/2019\/01\/123PL.png 573w, https:\/\/www.fmsdocumentation.com\/wp-content\/uploads\/2019\/01\/123PL-300x235.png 300w\" sizes=\"auto, (max-width: 573px) 100vw, 573px\" \/><\/a><\/p>\n<p>Aby uko\u0144czy\u0107 tworzenie \u0142adunku, nale\u017cy klikn\u0105\u0107 przycisk \u201eUtw\u00f3rz\u201d. Aby anulowa\u0107 tworzenie zlecenia, nale\u017cy klikn\u0105\u0107 przycisk \u201eZamknij\u201d.<\/p>\n<p>Po utworzeniu zlecenie zostanie dodane do listy wszystkich zlece\u0144.<\/p>\n<p>&nbsp;<\/p>\n<hr \/>\n<p>\u00a0 <div class=\"alignright\"><a href=\"https:\/\/www.fmsdocumentation.com\/pl\/\" title=\"Przewodnik F.M.S\">Przewodnik F.M.S <span class=\"arrow\"> &nbsp\u203a <\/span> <\/a><\/div><\/p>\n","protected":false},"excerpt":{"rendered":"<p>Aby utworzy\u0107 nowe zlecenie, nale\u017cy klikn\u0105\u0107 przycisk \u201e+ Utw\u00f3rz nowe zam\u00f3wienie\u201d w g\u00f3rnej cz\u0119\u015bci menu. Otworzy si\u0119 okno \u201eUtw\u00f3rz nowe zam\u00f3wienie\u201d. Tutaj u\u017cytkownik musi poda\u0107 szczeg\u00f3\u0142owe informacje o \u0142adunku. Wi\u0119kszo\u015b\u0107 p\u00f3l nie wymaga dodatkowych wyja\u015bnie\u0144. Wszystkie pola s\u0105 obowi\u0105zkowe: Tytu\u0142 \u2013 nazwa wy\u015bwietlana dla zlecenia, kt\u00f3ra b\u0119dzie widoczna na og\u00f3lnej li\u015bcie wszystkich zlece\u0144; Imi\u0119 klienta\u00a0 &hellip; <a href=\"https:\/\/www.fmsdocumentation.com\/pl\/orders-menu\/create-new-order\/\" class=\"more-link\">Czytaj dalej <span class=\"screen-reader-text\">Tworzenie nowych zlece\u0144<\/span><\/a><\/p>\n","protected":false},"author":1,"featured_media":0,"parent":4533,"menu_order":1,"comment_status":"closed","ping_status":"closed","template":"","meta":{"footnotes":""},"class_list":["post-4532","page","type-page","status-publish","hentry"],"_links":{"self":[{"href":"https:\/\/www.fmsdocumentation.com\/pl\/wp-json\/wp\/v2\/pages\/4532","targetHints":{"allow":["GET"]}}],"collection":[{"href":"https:\/\/www.fmsdocumentation.com\/pl\/wp-json\/wp\/v2\/pages"}],"about":[{"href":"https:\/\/www.fmsdocumentation.com\/pl\/wp-json\/wp\/v2\/types\/page"}],"author":[{"embeddable":true,"href":"https:\/\/www.fmsdocumentation.com\/pl\/wp-json\/wp\/v2\/users\/1"}],"replies":[{"embeddable":true,"href":"https:\/\/www.fmsdocumentation.com\/pl\/wp-json\/wp\/v2\/comments?post=4532"}],"version-history":[{"count":3,"href":"https:\/\/www.fmsdocumentation.com\/pl\/wp-json\/wp\/v2\/pages\/4532\/revisions"}],"predecessor-version":[{"id":6933,"href":"https:\/\/www.fmsdocumentation.com\/pl\/wp-json\/wp\/v2\/pages\/4532\/revisions\/6933"}],"up":[{"embeddable":true,"href":"https:\/\/www.fmsdocumentation.com\/pl\/wp-json\/wp\/v2\/pages\/4533"}],"wp:attachment":[{"href":"https:\/\/www.fmsdocumentation.com\/pl\/wp-json\/wp\/v2\/media?parent=4532"}],"curies":[{"name":"wp","href":"https:\/\/api.w.org\/{rel}","templated":true}]}}