{"id":4536,"date":"2017-08-04T11:07:58","date_gmt":"2017-08-04T11:07:58","guid":{"rendered":"http:\/\/www.fmsdocumentation.com\/account-settings\/"},"modified":"2019-01-31T15:47:26","modified_gmt":"2019-01-31T13:47:26","slug":"account-settings","status":"publish","type":"page","link":"https:\/\/www.fmsdocumentation.com\/pl\/main-tms-window\/account-settings\/","title":{"rendered":"Ustawienia konta"},"content":{"rendered":"<p>Ustawienia konta pozwalaj\u0105 zmieni\u0107 r\u00f3\u017cne og\u00f3lne ustawienia, kt\u00f3re maj\u0105 wp\u0142yw na okre\u015blone dane wy\u015bwietlane w systemie zarz\u0105dzania flot\u0105.\u00a0Mo\u017cna modyfikowa\u0107 nast\u0119puj\u0105ce pola:<\/p>\n<ul>\n<li>Lokalizacja systemu \u2013 pozwala ustawi\u0107 kraj. Funkcja posiada pasek wyszukiwania, kt\u00f3ry pozwala szybko odnale\u017a\u0107 \u017c\u0105dany kraj. Ta lokalizacja jest u\u017cywana g\u0142\u00f3wnie dla map Google, co pozwala dopilnowa\u0107, by ustawienia odpowiada\u0142y przepisom prawnym obowi\u0105zuj\u0105cym w okre\u015blony kraju. Je\u015bli ta opcja nie zosta\u0142a ustawiona, system automatycznie zsynchronizuje ustawienia lokalizacji wed\u0142ug komputera logowania przy ka\u017cdym logowaniu. Po wybraniu lokalizacji automatyczna synchronizacja zostanie wy\u0142\u0105czona.<\/li>\n<li>Jednostki miary \u2013\u00a0tutaj u\u017cytkownik mo\u017ce wybra\u0107 format, w jakim b\u0119d\u0105 wy\u015bwietlane jednostki w systemie. Mo\u017cna wybra\u0107 jednostki brytyjskie lub metryczne.<\/li>\n<li>Strefy czasowe \u2013 to ustawienie pozwala u\u017cytkownikowi wybra\u0107 aktualn\u0105 stref\u0119 czasow\u0105. Przy ustawionej strefie czasowej system automatycznie dostosuje otrzymywane rekordy, by pasowa\u0142y do wybranej strefy.<\/li>\n<li><span translate=\"\">Nazewnictwo pliku tachografu<\/span>\u00a0\u2013 u\u017cytkownik mo\u017ce wybra\u0107 format nazwy dla plik\u00f3w tachografu. Mo\u017cna wybra\u0107 format europejski, hiszpa\u0144ski lub francuski.<\/li>\n<li>J\u0119zyk systemu \u2013 u\u017cytkownik mo\u017ce wybra\u0107 j\u0119zyk systemu. Wcze\u015bniej ta opcja by\u0142a dost\u0119pna na stronie logowania.<\/li>\n<\/ul>\n<p><a href=\"https:\/\/www.fmsdocumentation.com\/wp-content\/uploads\/2018\/11\/14PL-1.png\"><img loading=\"lazy\" decoding=\"async\" class=\"alignnone wp-image-6039 size-large\" src=\"https:\/\/www.fmsdocumentation.com\/wp-content\/uploads\/2018\/11\/14PL-1-1024x635.png\" alt=\"\" width=\"660\" height=\"409\" srcset=\"https:\/\/www.fmsdocumentation.com\/wp-content\/uploads\/2018\/11\/14PL-1-1024x635.png 1024w, https:\/\/www.fmsdocumentation.com\/wp-content\/uploads\/2018\/11\/14PL-1-300x186.png 300w, https:\/\/www.fmsdocumentation.com\/wp-content\/uploads\/2018\/11\/14PL-1-768x476.png 768w, https:\/\/www.fmsdocumentation.com\/wp-content\/uploads\/2018\/11\/14PL-1-825x510.png 825w, https:\/\/www.fmsdocumentation.com\/wp-content\/uploads\/2018\/11\/14PL-1.png 1153w\" sizes=\"auto, (max-width: 660px) 100vw, 660px\" \/><\/a><\/p>\n<p>Po wprowadzeniu zmian nale\u017cy klikn\u0105\u0107 przycisk \u201eZapisz\u201d. W przeciwnym razie zmiany zostan\u0105 odrzucone w chwili, gdy u\u017cytkownik opu\u015bci stron\u0119. Je\u015bli u\u017cytkownik b\u0119dzie chcia\u0142 opu\u015bci\u0107 stron\u0119 bez zapisywania zmian, pojawi si\u0119 okno informuj\u0105ce o niezapisanych zmianach.<\/p>\n<hr \/>\n<h3>Ustawienia mapy<\/h3>\n<p>Ustawienia mapy pozwalaj\u0105 zmieni\u0107 niekt\u00f3re z funkcji wy\u015bwietlania na mapie.\u00a0Mo\u017cna modyfikowa\u0107 nast\u0119puj\u0105ce opcje:<\/p>\n<ul>\n<li>Znaczniki grup pojazd\u00f3w \u2013 w\u0142\u0105cza\/wy\u0142\u0105cza wy\u015bwietlanie grup na mapie;<\/li>\n<li><span translate=\"\">Pojazdy s\u0105 zgrupowane do<\/span>\u00a0\u2013 to ustawienie pozwala okre\u015bli\u0107, przy jakim powi\u0119kszeniu mapy obiekty b\u0119d\u0105 pokazywane jako grupy; im mniejsza liczba, tym wi\u0119ksze powi\u0119kszenie. Obok znajduje si\u0119 okno podgl\u0105du, kt\u00f3re pokazuje aktualne powi\u0119kszenie, co pozwala u\u017cytkownikowi ustawi\u0107 jego poziom;<\/li>\n<li>Poka\u017c ikon\u0119 w znacznikach pojazd\u00f3w \u2013 w\u0142\u0105cza\/wy\u0142\u0105cza wy\u015bwietlanie rodzaju pojazdu na mapie;<\/li>\n<li>Poka\u017c nazw\u0119 w znacznikach pojazd\u00f3w \u2013 w\u0142\u0105cza\/wy\u0142\u0105cza wy\u015bwietlanie nazwy pojazdu na mapie;<\/li>\n<li>Kompaktowe znaczniki pojazd\u00f3w \u2013 w\u0142\u0105cza\/wy\u0142\u0105cza wy\u015bwietlanie mniejszych i bardziej kompaktowych ikon pojazd\u00f3w na mapie;<\/li>\n<li>Poka\u017c znaczniki stref geograficznych \u2013 w\u0142\u0105cza\/wy\u0142\u0105cza wy\u015bwietlanie wybranych geostref na mapie.<\/li>\n<\/ul>\n<p><p class=\"note\">Wszystkie zmiany wy\u015bwietlaj\u0105 si\u0119 na podgl\u0105dzie mapy obok ustawie\u0144<\/p><\/p>\n<p><a href=\"https:\/\/www.fmsdocumentation.com\/wp-content\/uploads\/2018\/11\/15PL.png\"><img loading=\"lazy\" decoding=\"async\" class=\"alignnone wp-image-6041 size-large\" src=\"https:\/\/www.fmsdocumentation.com\/wp-content\/uploads\/2018\/11\/15PL-1024x567.png\" alt=\"\" width=\"660\" height=\"365\" srcset=\"https:\/\/www.fmsdocumentation.com\/wp-content\/uploads\/2018\/11\/15PL-1024x567.png 1024w, https:\/\/www.fmsdocumentation.com\/wp-content\/uploads\/2018\/11\/15PL-300x166.png 300w, https:\/\/www.fmsdocumentation.com\/wp-content\/uploads\/2018\/11\/15PL-768x425.png 768w, https:\/\/www.fmsdocumentation.com\/wp-content\/uploads\/2018\/11\/15PL.png 1217w\" sizes=\"auto, (max-width: 660px) 100vw, 660px\" \/><\/a><\/p>\n<p>Po wprowadzeniu zmian nale\u017cy klikn\u0105\u0107 przycisk \u201eZapisz\u201d. Je\u015bli po wprowadzeniu zmian u\u017cytkownik postanowi opu\u015bci\u0107 stron\u0119, pojawi si\u0119 okno z ostrze\u017ceniem informuj\u0105ce o niezapisanych zmianach.<\/p>\n<hr \/>\n<h3>Ustawienia adresu<\/h3>\n<p>Ustawienia adresu pozwalaj\u0105 zmieni\u0107 spos\u00f3b wy\u015bwietlania niekt\u00f3rych informacji adresowych w systemie.<\/p>\n<p><a href=\"https:\/\/www.fmsdocumentation.com\/wp-content\/uploads\/2018\/11\/16PL.png\"><img loading=\"lazy\" decoding=\"async\" class=\"alignnone wp-image-6044 size-large\" src=\"https:\/\/www.fmsdocumentation.com\/wp-content\/uploads\/2018\/11\/16PL-1024x567.png\" alt=\"\" width=\"660\" height=\"365\" srcset=\"https:\/\/www.fmsdocumentation.com\/wp-content\/uploads\/2018\/11\/16PL-1024x567.png 1024w, https:\/\/www.fmsdocumentation.com\/wp-content\/uploads\/2018\/11\/16PL-300x166.png 300w, https:\/\/www.fmsdocumentation.com\/wp-content\/uploads\/2018\/11\/16PL-768x425.png 768w, https:\/\/www.fmsdocumentation.com\/wp-content\/uploads\/2018\/11\/16PL.png 1218w\" sizes=\"auto, (max-width: 660px) 100vw, 660px\" \/><\/a><\/p>\n<p>Konkretnie, u\u017cytkownik mo\u017ce wybra\u0107, w jaki spos\u00f3b aktualna lokalizacja pojazd\u00f3w b\u0119dzie wy\u015bwietlana na li\u015bcie pojazd\u00f3w. Dost\u0119pne s\u0105 opcje:<\/p>\n<ul>\n<li>Tylko adres \u2013 wy\u015bwietlany b\u0119dzie tylko adres na li\u015bcie pojazd\u00f3w w menu statusu floty;<\/li>\n<li>Tylko geostrefy \u2013 wy\u015bwietlana b\u0119dzie tylko nazwa geostrefy, gdzie aktualnie znajduje si\u0119 pojazd. Je\u015bli pojazd b\u0119dzie poza geostref\u0105, pole pozostanie puste.<\/li>\n<li>Adres i geostrefy &#8211; w raporcie wy\u015bwietlane b\u0119d\u0105 zar\u00f3wno adresy, jak i geostrefy.<\/li>\n<\/ul>\n<p>Na poni\u017cszych przyk\u0142adach dla tych samych pojazd\u00f3w\u00a0<strong>po lewej stronie znajduje si\u0119 widok dla samych geostref, a po prawej dla samych adres\u00f3w<\/strong>:<\/p>\n<p><a href=\"https:\/\/www.fmsdocumentation.com\/wp-content\/uploads\/2018\/02\/326.png\"><img loading=\"lazy\" decoding=\"async\" class=\"alignnone size-large wp-image-4411\" src=\"https:\/\/www.fmsdocumentation.com\/wp-content\/uploads\/2018\/02\/326-1024x444.png\" alt=\"\" width=\"660\" height=\"286\" srcset=\"https:\/\/www.fmsdocumentation.com\/wp-content\/uploads\/2018\/02\/326-1024x444.png 1024w, https:\/\/www.fmsdocumentation.com\/wp-content\/uploads\/2018\/02\/326-300x130.png 300w, https:\/\/www.fmsdocumentation.com\/wp-content\/uploads\/2018\/02\/326-768x333.png 768w, https:\/\/www.fmsdocumentation.com\/wp-content\/uploads\/2018\/02\/326.png 1276w\" sizes=\"auto, (max-width: 660px) 100vw, 660px\" \/><\/a><\/p>\n<p>Konkretnie, u\u017cytkownik mo\u017ce wybra\u0107, w jaki spos\u00f3b aktualna lokalizacja pojazd\u00f3w b\u0119dzie wy\u015bwietlana na li\u015bcie pojazd\u00f3w. Dost\u0119pne s\u0105 opcje:<\/p>\n<ul>\n<li>Tylko adres (Address only) \u2013 wy\u015bwietlany b\u0119dzie tylko adres na li\u015bcie pojazd\u00f3w w menu statusu floty;<\/li>\n<li>Tylko geostrefy (Geozones only) \u2013 wy\u015bwietlana b\u0119dzie tylko nazwa geostrefy, gdzie aktualnie znajduje si\u0119 pojazd. Je\u015bli pojazd b\u0119dzie poza geostref\u0105, pole pozostanie puste.<\/li>\n<\/ul>\n<p>Na poni\u017cszych przyk\u0142adach dla tych samych pojazd\u00f3w\u00a0<strong>po lewej stronie znajduje si\u0119 widok dla samych geostref, a po prawej dla samych adres\u00f3w<\/strong>:<\/p>\n<p><a href=\"https:\/\/www.fmsdocumentation.com\/wp-content\/uploads\/2018\/01\/321.png\"><img loading=\"lazy\" decoding=\"async\" class=\"alignnone size-full wp-image-4306\" src=\"https:\/\/www.fmsdocumentation.com\/wp-content\/uploads\/2018\/01\/321.png\" alt=\"\" width=\"691\" height=\"211\" srcset=\"https:\/\/www.fmsdocumentation.com\/wp-content\/uploads\/2018\/01\/321.png 691w, https:\/\/www.fmsdocumentation.com\/wp-content\/uploads\/2018\/01\/321-300x92.png 300w\" sizes=\"auto, (max-width: 691px) 100vw, 691px\" \/><\/a><\/p>\n<hr \/>\n<p><div class=\"alignleft\"><a href=\"https:\/\/www.fmsdocumentation.com\/pl\/main-tms-window\/webusers-admin-panel\/\" title=\"Panel administracyjny u\u017cytkownik\u00f3w sieci\"><span class=\"arrow\">\u2039 &nbsp <\/span> Panel administracyjny u\u017cytkownik\u00f3w sieci <\/a><\/div> <div class=\"alignright\"><a href=\"https:\/\/www.fmsdocumentation.com\/pl\/main-tms-window\/wygenerowane-linki\/\" title=\"Wygenerowane linki\">Wygenerowane linki <span class=\"arrow\"> &nbsp\u203a <\/span> <\/a><\/div><\/p>\n","protected":false},"excerpt":{"rendered":"<p>Ustawienia konta pozwalaj\u0105 zmieni\u0107 r\u00f3\u017cne og\u00f3lne ustawienia, kt\u00f3re maj\u0105 wp\u0142yw na okre\u015blone dane wy\u015bwietlane w systemie zarz\u0105dzania flot\u0105.\u00a0Mo\u017cna modyfikowa\u0107 nast\u0119puj\u0105ce pola: Lokalizacja systemu \u2013 pozwala ustawi\u0107 kraj. Funkcja posiada pasek wyszukiwania, kt\u00f3ry pozwala szybko odnale\u017a\u0107 \u017c\u0105dany kraj. Ta lokalizacja jest u\u017cywana g\u0142\u00f3wnie dla map Google, co pozwala dopilnowa\u0107, by ustawienia odpowiada\u0142y przepisom prawnym obowi\u0105zuj\u0105cym w &hellip; <a href=\"https:\/\/www.fmsdocumentation.com\/pl\/main-tms-window\/account-settings\/\" class=\"more-link\">Czytaj dalej <span class=\"screen-reader-text\">Ustawienia konta<\/span><\/a><\/p>\n","protected":false},"author":1,"featured_media":0,"parent":4594,"menu_order":8,"comment_status":"closed","ping_status":"closed","template":"","meta":{"footnotes":""},"class_list":["post-4536","page","type-page","status-publish","hentry"],"_links":{"self":[{"href":"https:\/\/www.fmsdocumentation.com\/pl\/wp-json\/wp\/v2\/pages\/4536","targetHints":{"allow":["GET"]}}],"collection":[{"href":"https:\/\/www.fmsdocumentation.com\/pl\/wp-json\/wp\/v2\/pages"}],"about":[{"href":"https:\/\/www.fmsdocumentation.com\/pl\/wp-json\/wp\/v2\/types\/page"}],"author":[{"embeddable":true,"href":"https:\/\/www.fmsdocumentation.com\/pl\/wp-json\/wp\/v2\/users\/1"}],"replies":[{"embeddable":true,"href":"https:\/\/www.fmsdocumentation.com\/pl\/wp-json\/wp\/v2\/comments?post=4536"}],"version-history":[{"count":5,"href":"https:\/\/www.fmsdocumentation.com\/pl\/wp-json\/wp\/v2\/pages\/4536\/revisions"}],"predecessor-version":[{"id":7175,"href":"https:\/\/www.fmsdocumentation.com\/pl\/wp-json\/wp\/v2\/pages\/4536\/revisions\/7175"}],"up":[{"embeddable":true,"href":"https:\/\/www.fmsdocumentation.com\/pl\/wp-json\/wp\/v2\/pages\/4594"}],"wp:attachment":[{"href":"https:\/\/www.fmsdocumentation.com\/pl\/wp-json\/wp\/v2\/media?parent=4536"}],"curies":[{"name":"wp","href":"https:\/\/api.w.org\/{rel}","templated":true}]}}