{"id":4537,"date":"2017-08-04T10:12:09","date_gmt":"2017-08-04T10:12:09","guid":{"rendered":"http:\/\/www.fmsdocumentation.com\/create-new-report-subscription\/"},"modified":"2019-01-24T17:50:01","modified_gmt":"2019-01-24T15:50:01","slug":"create-new-report-subscription","status":"publish","type":"page","link":"https:\/\/www.fmsdocumentation.com\/pl\/reports\/create-new-report-subscription\/","title":{"rendered":"Tworzenie nowej subskrypcji raport\u00f3w"},"content":{"rendered":"<p>Aby przej\u015b\u0107 do sekcji subskrypcji raport\u00f3w, nale\u017cy klikn\u0105\u0107 zak\u0142adk\u0119 \u201eSubskrypcje\u201d. Tutaj u\u017cytkownik mo\u017ce przegl\u0105da\u0107 istniej\u0105ce raporty, edytowa\u0107 je, usuwa\u0107 lub tworzy\u0107 nowe. Subskrypcje raport\u00f3w stale generuj\u0105 raporty wybranego rodzaju, podczas gdy standardowy raport tworzy tylko jednorazowy dokument dla okre\u015blonej daty. Subskrypcje raport\u00f3w mo\u017cna ustawi\u0107 tak, by raporty by\u0142y generowane w r\u00f3\u017cnych odst\u0119pach czasu i by zawiera\u0142y okre\u015blone informacje dla wybranego okresu. Og\u00f3lnie, subskrypcje raport\u00f3w tworzy si\u0119 w taki sam spos\u00f3b jak standardowe raporty, z t\u0105 r\u00f3\u017cnic\u0105, \u017ce dodane jest pole dla okres\u00f3w czasu i opcje powiadomie\u0144. Instrukcje dotycz\u0105ce konfigurowania r\u00f3\u017cnych raport\u00f3w opisano na kolejnych stronach. Ta strona dotyczy jedynie ustawie\u0144 subskrypcji raport\u00f3w.<\/p>\n<p>Aby utworzy\u0107 now\u0105 subskrypcje, nale\u017cy klikn\u0105\u0107 przycisk \u201e+ Nowa subskrypcja\u201d w prawym g\u00f3rnym rogu okna.<\/p>\n<p><a href=\"https:\/\/www.fmsdocumentation.com\/wp-content\/uploads\/2019\/01\/171PL.png\"><img loading=\"lazy\" decoding=\"async\" class=\"alignnone wp-image-7024 size-large\" src=\"https:\/\/www.fmsdocumentation.com\/wp-content\/uploads\/2019\/01\/171PL-1024x501.png\" alt=\"\" width=\"660\" height=\"323\" srcset=\"https:\/\/www.fmsdocumentation.com\/wp-content\/uploads\/2019\/01\/171PL-1024x501.png 1024w, https:\/\/www.fmsdocumentation.com\/wp-content\/uploads\/2019\/01\/171PL-300x147.png 300w, https:\/\/www.fmsdocumentation.com\/wp-content\/uploads\/2019\/01\/171PL-768x376.png 768w, https:\/\/www.fmsdocumentation.com\/wp-content\/uploads\/2019\/01\/171PL.png 1920w\" sizes=\"auto, (max-width: 660px) 100vw, 660px\" \/><\/a><\/p>\n<p>Otworzy si\u0119 nowe okno podobne do tego, kt\u00f3re s\u0142u\u017cy do tworzenia raport\u00f3w. Wszystkie ustawienia dla subskrypcji znajduj\u0105 si\u0119 z prawej strony ekranu. Te ustawienia to:<\/p>\n<p><strong>Okres <\/strong>\u00a0\u2013 ustalony okres czasu dla informacji, kt\u00f3ry b\u0119dzie uwzgl\u0119dniony w ka\u017cdym raporcie; to ustawienie posiada rozwijane narz\u0119dzie wyboru z dodatkowym polem do wpisania liczby; mo\u017cna wybra\u0107 nast\u0119puj\u0105ce okresy:<\/p>\n<ul>\n<li>Dni;<\/li>\n<li>Tygodnie;<\/li>\n<li>Miesi\u0105ce.<\/li>\n<\/ul>\n<p><a href=\"https:\/\/www.fmsdocumentation.com\/wp-content\/uploads\/2019\/01\/172PL.png\"><img loading=\"lazy\" decoding=\"async\" class=\"alignnone wp-image-7025 size-full\" src=\"https:\/\/www.fmsdocumentation.com\/wp-content\/uploads\/2019\/01\/172PL.png\" alt=\"\" width=\"1919\" height=\"940\" srcset=\"https:\/\/www.fmsdocumentation.com\/wp-content\/uploads\/2019\/01\/172PL.png 1919w, https:\/\/www.fmsdocumentation.com\/wp-content\/uploads\/2019\/01\/172PL-300x147.png 300w, https:\/\/www.fmsdocumentation.com\/wp-content\/uploads\/2019\/01\/172PL-768x376.png 768w, https:\/\/www.fmsdocumentation.com\/wp-content\/uploads\/2019\/01\/172PL-1024x502.png 1024w\" sizes=\"auto, (max-width: 1919px) 100vw, 1919px\" \/><\/a><\/p>\n<p><strong>Powt\u00f3rz<\/strong>\u00a0\u2013 tutaj mo\u017cna ustawi\u0107 cz\u0119stotliwo\u015b\u0107 generowania raportu. Ta opcja r\u00f3wnie\u017c posiada rozwijane narz\u0119dzie wyboru z dodatkowym polem do wpisania liczby (lub narz\u0119dziem wyboru daty), w zale\u017cno\u015bci od wybranych ustawie\u0144. Dost\u0119pne opcje to:<\/p>\n<ul>\n<li>Ka\u017cdy (dnie);<\/li>\n<li>Co tydzie\u0144;<\/li>\n<li>Ten sam dzie\u0144 ka\u017cdego miesi\u0105ca;<\/li>\n<li>Pierwszy dzie\u0144 miesi\u0105ca.<\/li>\n<\/ul>\n<p><a href=\"https:\/\/www.fmsdocumentation.com\/wp-content\/uploads\/2019\/01\/173PL-1.png\"><img loading=\"lazy\" decoding=\"async\" class=\"alignnone wp-image-7027 size-full\" src=\"https:\/\/www.fmsdocumentation.com\/wp-content\/uploads\/2019\/01\/173PL-1.png\" alt=\"\" width=\"576\" height=\"258\" srcset=\"https:\/\/www.fmsdocumentation.com\/wp-content\/uploads\/2019\/01\/173PL-1.png 576w, https:\/\/www.fmsdocumentation.com\/wp-content\/uploads\/2019\/01\/173PL-1-300x134.png 300w\" sizes=\"auto, (max-width: 576px) 100vw, 576px\" \/><\/a><\/p>\n<p>Opcje okresu i powtarzania wsp\u00f3\u0142pracuj\u0105 ze sob\u0105 wed\u0142ug logiki opisanej poni\u017cej. Na przyk\u0142ad, u\u017cytkownik ustawi\u0142 okres na 7 dni i powtarzanie na 2 dni. System b\u0119dzie generowa\u0142 raport co 2 dni dla ostatnich 7 dni od chwili wygenerowania nowego raportu. To oznacza, \u017ce niekt\u00f3re dni b\u0119d\u0105 si\u0119 pokrywa\u0107 w raportach.<\/p>\n<p>W ko\u0144cu, u\u017cytkownik mo\u017ce ustawi\u0107 powiadomienia na adres e-mail. Aby to zrobi\u0107, nale\u017cy wprowadzi\u0107 adres e-mail, na kt\u00f3ry u\u017cytkownik chce otrzymywa\u0107 powiadomienia. Mo\u017cna wprowadzi\u0107 kilka adres\u00f3w jednocze\u015bnie. Adresy e-mail nale\u017cy oddzieli\u0107 przecinkami lub wciska\u0107 klawisz \u201eEnter\u201d po wpisaniu ka\u017cdego z nich.<\/p>\n<p><a href=\"https:\/\/www.fmsdocumentation.com\/wp-content\/uploads\/2019\/01\/174PL.png\"><img loading=\"lazy\" decoding=\"async\" class=\"alignnone wp-image-7028 size-full\" src=\"https:\/\/www.fmsdocumentation.com\/wp-content\/uploads\/2019\/01\/174PL.png\" alt=\"\" width=\"567\" height=\"102\" srcset=\"https:\/\/www.fmsdocumentation.com\/wp-content\/uploads\/2019\/01\/174PL.png 567w, https:\/\/www.fmsdocumentation.com\/wp-content\/uploads\/2019\/01\/174PL-300x54.png 300w\" sizes=\"auto, (max-width: 567px) 100vw, 567px\" \/><\/a><\/p>\n<p>Po wprowadzeniu wszystkich ustawie\u0144 dla raport\u00f3w nale\u017cy klikn\u0105\u0107 przycisk \u201eUtw\u00f3rz\u201d. Ustawienia raport\u00f3w ka\u017cdego rodzaju s\u0105 opisane oddzielnie na kolejnych stronach.<\/p>\n<hr \/>\n<p><div class=\"alignleft\"><a href=\"https:\/\/www.fmsdocumentation.com\/pl\/reports\/generate-new-report\/\" title=\"Generowanie nowego raportu\"><span class=\"arrow\">\u2039 &nbsp <\/span> Generowanie nowego raportu <\/a><\/div> <div class=\"alignright\"><a href=\"https:\/\/www.fmsdocumentation.com\/pl\/reports\/events-report\/\" title=\"Raport zdarze\u0144\">Raport zdarze\u0144 <span class=\"arrow\"> &nbsp\u203a <\/span> <\/a><\/div><\/p>\n<p>&nbsp;<\/p>\n","protected":false},"excerpt":{"rendered":"<p>Aby przej\u015b\u0107 do sekcji subskrypcji raport\u00f3w, nale\u017cy klikn\u0105\u0107 zak\u0142adk\u0119 \u201eSubskrypcje\u201d. Tutaj u\u017cytkownik mo\u017ce przegl\u0105da\u0107 istniej\u0105ce raporty, edytowa\u0107 je, usuwa\u0107 lub tworzy\u0107 nowe. Subskrypcje raport\u00f3w stale generuj\u0105 raporty wybranego rodzaju, podczas gdy standardowy raport tworzy tylko jednorazowy dokument dla okre\u015blonej daty. Subskrypcje raport\u00f3w mo\u017cna ustawi\u0107 tak, by raporty by\u0142y generowane w r\u00f3\u017cnych odst\u0119pach czasu i by &hellip; <a href=\"https:\/\/www.fmsdocumentation.com\/pl\/reports\/create-new-report-subscription\/\" class=\"more-link\">Czytaj dalej <span class=\"screen-reader-text\">Tworzenie nowej subskrypcji raport\u00f3w<\/span><\/a><\/p>\n","protected":false},"author":1,"featured_media":0,"parent":4567,"menu_order":2,"comment_status":"closed","ping_status":"closed","template":"","meta":{"footnotes":""},"class_list":["post-4537","page","type-page","status-publish","hentry"],"_links":{"self":[{"href":"https:\/\/www.fmsdocumentation.com\/pl\/wp-json\/wp\/v2\/pages\/4537","targetHints":{"allow":["GET"]}}],"collection":[{"href":"https:\/\/www.fmsdocumentation.com\/pl\/wp-json\/wp\/v2\/pages"}],"about":[{"href":"https:\/\/www.fmsdocumentation.com\/pl\/wp-json\/wp\/v2\/types\/page"}],"author":[{"embeddable":true,"href":"https:\/\/www.fmsdocumentation.com\/pl\/wp-json\/wp\/v2\/users\/1"}],"replies":[{"embeddable":true,"href":"https:\/\/www.fmsdocumentation.com\/pl\/wp-json\/wp\/v2\/comments?post=4537"}],"version-history":[{"count":3,"href":"https:\/\/www.fmsdocumentation.com\/pl\/wp-json\/wp\/v2\/pages\/4537\/revisions"}],"predecessor-version":[{"id":7029,"href":"https:\/\/www.fmsdocumentation.com\/pl\/wp-json\/wp\/v2\/pages\/4537\/revisions\/7029"}],"up":[{"embeddable":true,"href":"https:\/\/www.fmsdocumentation.com\/pl\/wp-json\/wp\/v2\/pages\/4567"}],"wp:attachment":[{"href":"https:\/\/www.fmsdocumentation.com\/pl\/wp-json\/wp\/v2\/media?parent=4537"}],"curies":[{"name":"wp","href":"https:\/\/api.w.org\/{rel}","templated":true}]}}