{"id":4538,"date":"2017-07-12T11:03:40","date_gmt":"2017-07-12T11:03:40","guid":{"rendered":"http:\/\/www.fmsdocumentation.com\/billing-plans\/"},"modified":"2018-06-04T09:50:05","modified_gmt":"2018-06-04T09:50:05","slug":"billing-plans","status":"publish","type":"page","link":"https:\/\/www.fmsdocumentation.com\/pl\/basics\/billing-plans\/","title":{"rendered":"Taryfy"},"content":{"rendered":"<p>Ka\u017cdy obiekt w obr\u0119bie floty jest obj\u0119ty dan\u0105 taryf\u0105 indywidualnie. Oznacza to, \u017ce jeden u\u017cytkownik mo\u017ce posiada\u0107 kilka obiekt\u00f3w w wy\u017cszej taryfie, a inne w ni\u017cszej. Jest to wygodne rozwi\u0105zanie, je\u015bli niekt\u00f3re pojazdy wymagaj\u0105 dodatkowej kontroli i uwagi, za\u015b w przypadku innych wystarczy podstawowy monitoring.\u00a0Funkcjonalno\u015bci dla obiekt\u00f3w (pojazd\u00f3w) s\u0105 ograniczone (lub nieograniczone) w zale\u017cno\u015bci od taryf, kt\u00f3re dla nich wybrano. Wy\u017csza taryfa dla jednego obiektu nie odblokuje wszystkich funkcjonalno\u015bci premium dla obiekt\u00f3w posiadaj\u0105cych ni\u017csz\u0105 taryf\u0119.<\/p>\n<p><p class=\"note\">Przyk\u0142ad: Obiekt A posiada taryf\u0119 premium, za\u015b Obiekt B \u2013 taryf\u0119 Basic Plus. U\u017cytkownik b\u0119dzie m\u00f3g\u0142 przegl\u0105da\u0107 dane dotycz\u0105ce ekonomicznej jazdy dla Obiektu A, lecz b\u0119d\u0105 one niedost\u0119pne dla Obiektu B, poniewa\u017c taryfa Basic Plus nie obejmuje modu\u0142u Ekonomiczna jazda (Eco driving).<\/p><\/p>\n<p>Aktualnie dost\u0119pne s\u0105 trzy taryfy:<\/p>\n<ul>\n<li>Basic Plus;<\/li>\n<li>Standard;<\/li>\n<li>Premium.<\/li>\n<\/ul>\n<p><p class=\"note\">Uwaga<br \/>\nWszystkie funkcjonalno\u015bci ni\u017cszej taryfy s\u0105 dost\u0119pne w wy\u017cszej taryfie. Taryfa Premium obejmuje r\u00f3wnie\u017c wszystkie funkcjonalno\u015bci taryf Standard i Basic Plus.<\/p><\/p>\n<p>Poni\u017cej znajduje si\u0119 wykres funkcjonalno\u015bci dla ka\u017cdej taryfy:<\/p>\n<p><a href=\"https:\/\/www.fmsdocumentation.com\/wp-content\/uploads\/2018\/02\/265.png\"><img loading=\"lazy\" decoding=\"async\" class=\"alignnone size-large wp-image-4368\" src=\"https:\/\/www.fmsdocumentation.com\/wp-content\/uploads\/2018\/02\/265-806x1024.png\" alt=\"\" width=\"660\" height=\"839\" srcset=\"https:\/\/www.fmsdocumentation.com\/wp-content\/uploads\/2018\/02\/265-806x1024.png 806w, https:\/\/www.fmsdocumentation.com\/wp-content\/uploads\/2018\/02\/265-236x300.png 236w, https:\/\/www.fmsdocumentation.com\/wp-content\/uploads\/2018\/02\/265-768x976.png 768w\" sizes=\"auto, (max-width: 660px) 100vw, 660px\" \/><\/a><\/p>\n<p>Je\u015bli u\u017cytkownik posiada wy\u0142\u0105cznie pojazdy z najni\u017csz\u0105 mo\u017cliw\u0105 taryf\u0105, niekt\u00f3re modu\u0142y i funkcjonalno\u015bci opisane w tej instrukcji nie b\u0119d\u0105 widoczne (ikony nawigacji nie b\u0119d\u0105 wy\u015bwietlane na bocznym pasku nawigacyjnym). Je\u015bli co najmniej jeden pojazd jest skonfigurowany wed\u0142ug najwy\u017cszej dost\u0119pnej taryfy, wszystkie modu\u0142y i funkcjonalno\u015bci b\u0119d\u0105 widoczne, lecz jednocze\u015bnie b\u0119d\u0105 ograniczone tylko do obiekt\u00f3w z odpowiednimi taryfami.<\/p>\n<p><p class=\"note\">Uwaga<br \/>\nJe\u015bli u\u017cytkownik obni\u017cy taryf\u0119 dla obiektu, na przyk\u0142ad z taryfy Standard na Basic Plus, dane, kt\u00f3re by\u0142y dost\u0119pne dla danego pojazdu w ramach wy\u017cszej taryfy zostan\u0105 bezpowrotnie usuni\u0119te. W tym przypadku by\u0142yby to dane dotycz\u0105ce jazdy Eco, podsumowania podr\u00f3\u017cy, geostref, raporty paliwowe oraz pobrane dane tachografu oraz zadania serwisowe.<\/p><\/p>\n<p>Klienci b\u0119d\u0105 informowani o zaleg\u0142ych p\u0142atno\u015bciach za us\u0142ugi wiadomo\u015bci\u0105 wy\u015bwietlan\u0105 w wyskakuj\u0105cym oknie tu\u017c po zalogowaniu si\u0119 do systemu. Wiadomo\u015b\u0107 b\u0119dzie r\u00f3wnie\u017c informowa\u0107 u\u017cytkownika o ustalonych terminach p\u0142atno\u015bci za us\u0142ugi. Je\u015bli p\u0142atno\u015b\u0107 nie zostanie zaksi\u0119gowana w okre\u015blonym terminie, dost\u0119p u\u017cytkownika do systemu zarz\u0105dzania flot\u0105 zostanie zablokowany. Aby zmieni\u0107 taryf\u0119 dla obiekt\u00f3w lub odblokowa\u0107 nieop\u0142acone konto, a tak\u017ce w przypadku innych spraw administracyjnych i rozliczeniowych, nale\u017cy kontaktowa\u0107 si\u0119 bezpo\u015brednio z dostawc\u0105 us\u0142ug.<\/p>\n<p><div class=\"alignleft\"><a href=\"https:\/\/www.fmsdocumentation.com\/pl\/basics\/mobile-limitations\/\" title=\"Ograniczenia systemu na urz\u0105dzeniach mobilnych\"><span class=\"arrow\">\u2039 &nbsp <\/span> Ograniczenia systemu na urz\u0105dzeniach mobilnych <\/a><\/div> <div class=\"alignright\"><a href=\"https:\/\/www.fmsdocumentation.com\/pl\/basics\/special-conditions\/\" title=\"Specjalne warunki\">Specjalne warunki <span class=\"arrow\"> &nbsp\u203a <\/span> <\/a><\/div><\/p>\n<p>&nbsp;<\/p>\n","protected":false},"excerpt":{"rendered":"<p>Ka\u017cdy obiekt w obr\u0119bie floty jest obj\u0119ty dan\u0105 taryf\u0105 indywidualnie. Oznacza to, \u017ce jeden u\u017cytkownik mo\u017ce posiada\u0107 kilka obiekt\u00f3w w wy\u017cszej taryfie, a inne w ni\u017cszej. Jest to wygodne rozwi\u0105zanie, je\u015bli niekt\u00f3re pojazdy wymagaj\u0105 dodatkowej kontroli i uwagi, za\u015b w przypadku innych wystarczy podstawowy monitoring.\u00a0Funkcjonalno\u015bci dla obiekt\u00f3w (pojazd\u00f3w) s\u0105 ograniczone (lub nieograniczone) w zale\u017cno\u015bci od &hellip; <a href=\"https:\/\/www.fmsdocumentation.com\/pl\/basics\/billing-plans\/\" class=\"more-link\">Czytaj dalej <span class=\"screen-reader-text\">Taryfy<\/span><\/a><\/p>\n","protected":false},"author":1,"featured_media":0,"parent":4598,"menu_order":6,"comment_status":"closed","ping_status":"closed","template":"","meta":{"footnotes":""},"class_list":["post-4538","page","type-page","status-publish","hentry"],"_links":{"self":[{"href":"https:\/\/www.fmsdocumentation.com\/pl\/wp-json\/wp\/v2\/pages\/4538","targetHints":{"allow":["GET"]}}],"collection":[{"href":"https:\/\/www.fmsdocumentation.com\/pl\/wp-json\/wp\/v2\/pages"}],"about":[{"href":"https:\/\/www.fmsdocumentation.com\/pl\/wp-json\/wp\/v2\/types\/page"}],"author":[{"embeddable":true,"href":"https:\/\/www.fmsdocumentation.com\/pl\/wp-json\/wp\/v2\/users\/1"}],"replies":[{"embeddable":true,"href":"https:\/\/www.fmsdocumentation.com\/pl\/wp-json\/wp\/v2\/comments?post=4538"}],"version-history":[{"count":3,"href":"https:\/\/www.fmsdocumentation.com\/pl\/wp-json\/wp\/v2\/pages\/4538\/revisions"}],"predecessor-version":[{"id":5208,"href":"https:\/\/www.fmsdocumentation.com\/pl\/wp-json\/wp\/v2\/pages\/4538\/revisions\/5208"}],"up":[{"embeddable":true,"href":"https:\/\/www.fmsdocumentation.com\/pl\/wp-json\/wp\/v2\/pages\/4598"}],"wp:attachment":[{"href":"https:\/\/www.fmsdocumentation.com\/pl\/wp-json\/wp\/v2\/media?parent=4538"}],"curies":[{"name":"wp","href":"https:\/\/api.w.org\/{rel}","templated":true}]}}