{"id":4539,"date":"2017-06-27T08:28:37","date_gmt":"2017-06-27T08:28:37","guid":{"rendered":"http:\/\/www.fmsdocumentation.com\/webusers-admin-panel\/"},"modified":"2019-01-31T15:45:36","modified_gmt":"2019-01-31T13:45:36","slug":"webusers-admin-panel","status":"publish","type":"page","link":"https:\/\/www.fmsdocumentation.com\/pl\/main-tms-window\/webusers-admin-panel\/","title":{"rendered":"Panel administracyjny u\u017cytkownik\u00f3w sieci"},"content":{"rendered":"<p>Panel administracyjny u\u017cytkownik\u00f3w sieci jest dost\u0119pny tylko dla u\u017cytkownik\u00f3w z uprawnieniami administratora. Na tym panelu u\u017cytkownik widzi wszystkich u\u017cytkownik\u00f3w sieci powi\u0105zanych z aktualnie u\u017cywanym kontem.\u00a0G\u0142\u00f3wna lista u\u017cytkownik\u00f3w sieci wy\u015bwietla tylko najwa\u017cniejsze informacje:<\/p>\n<ul>\n<li>Nazwa u\u017cytkownika sieci;<\/li>\n<li>Liczba obiekt\u00f3w widocznych dla tego u\u017cytkownika.<\/li>\n<\/ul>\n<p><a href=\"https:\/\/www.fmsdocumentation.com\/wp-content\/uploads\/2018\/11\/10PL.png\"><img loading=\"lazy\" decoding=\"async\" class=\"alignnone wp-image-6033 size-full\" src=\"https:\/\/www.fmsdocumentation.com\/wp-content\/uploads\/2018\/11\/10PL.png\" alt=\"\" width=\"274\" height=\"108\" \/><\/a><\/p>\n<p>Po klikni\u0119ciu na u\u017cytkownika na li\u015bcie otworzy si\u0119 panel z dodatkowymi informacjami, takimi jak:<\/p>\n<ul>\n<li>Nazwa u\u017cytkownika sieci;<\/li>\n<li>Rodzaj u\u017cytkownika \u2013 Administrator (Administrator) lub U\u017cytkownik (User);<\/li>\n<li>Data i godzina utworzenia u\u017cytkownika;<\/li>\n<li>Adres E-mail przypisany do u\u017cytkownika, je\u015bli zosta\u0142 wprowadzony;<\/li>\n<li>Numer telefonu, je\u015bli zosta\u0142 wprowadzony;<\/li>\n<li>Grupy pojazd\u00f3w przypisane do u\u017cytkownika.<\/li>\n<\/ul>\n<p><a href=\"https:\/\/www.fmsdocumentation.com\/wp-content\/uploads\/2018\/11\/11PL.png\"><img loading=\"lazy\" decoding=\"async\" class=\"alignnone wp-image-6035 size-full\" src=\"https:\/\/www.fmsdocumentation.com\/wp-content\/uploads\/2018\/11\/11PL.png\" alt=\"\" width=\"542\" height=\"263\" srcset=\"https:\/\/www.fmsdocumentation.com\/wp-content\/uploads\/2018\/11\/11PL.png 542w, https:\/\/www.fmsdocumentation.com\/wp-content\/uploads\/2018\/11\/11PL-300x146.png 300w\" sizes=\"auto, (max-width: 542px) 100vw, 542px\" \/><\/a><\/p>\n<p><p class=\"note\">Uwaga<br \/>\nJe\u015bli do u\u017cytkownika nie zosta\u0142a przypisana \u017cadna grupa pojazd\u00f3w, b\u0119d\u0105 dla niego widoczne wszystkie pojazdy.<\/p><\/p>\n<p>U\u017cytkownik z\u00a0<strong>uprawnieniami administratora mo\u017ce przypisa\u0107 grupy pojazd\u00f3w do istniej\u0105cego u\u017cytkownika lub anulowa\u0107 ich przypisanie<\/strong>. Aby to zrobi\u0107, nale\u017cy klikn\u0105\u0107 symbol \u201e+\u201d w rz\u0119dzie grup pojazd\u00f3w.<\/p>\n<p><a href=\"https:\/\/www.fmsdocumentation.com\/wp-content\/uploads\/2018\/11\/12PL.png\"><img loading=\"lazy\" decoding=\"async\" class=\"alignnone wp-image-6079 size-full\" src=\"https:\/\/www.fmsdocumentation.com\/wp-content\/uploads\/2018\/11\/12PL.png\" alt=\"\" width=\"326\" height=\"66\" srcset=\"https:\/\/www.fmsdocumentation.com\/wp-content\/uploads\/2018\/11\/12PL.png 326w, https:\/\/www.fmsdocumentation.com\/wp-content\/uploads\/2018\/11\/12PL-300x61.png 300w\" sizes=\"auto, (max-width: 326px) 100vw, 326px\" \/><\/a><\/p>\n<p>Pojawi si\u0119 nowe okno z list\u0105 wszystkich grup pojazd\u00f3w utworzonych dla tego konta. Aby szybko przeszukiwa\u0107 grupy, dost\u0119pny jest pasek wyszukiwania, kt\u00f3ry filtruje list\u0119 po ka\u017cdej wprowadzonej literze.<\/p>\n<p>Je\u015bli grupa jest ju\u017c przypisana do u\u017cytkownika, b\u0119dzie oznaczona niebieskim znakiem. Aby przypisa\u0107 wi\u0119cej grup pojazd\u00f3w, wystarczy zaznaczy\u0107 te grupy, kt\u00f3re u\u017cytkownik chce przypisa\u0107. Aby anulowa\u0107 przypisanie, wystarczy usun\u0105\u0107 zaznaczenie.\u00a0Po wprowadzeniu zmian nale\u017cy klikn\u0105\u0107 przycisk \u201eZako\u0144czono\u201d, aby je zapisa\u0107.<\/p>\n<p><a href=\"https:\/\/www.fmsdocumentation.com\/wp-content\/uploads\/2018\/11\/13PL.png\"><img loading=\"lazy\" decoding=\"async\" class=\"alignnone wp-image-6036 size-full\" src=\"https:\/\/www.fmsdocumentation.com\/wp-content\/uploads\/2018\/11\/13PL.png\" alt=\"\" width=\"562\" height=\"386\" srcset=\"https:\/\/www.fmsdocumentation.com\/wp-content\/uploads\/2018\/11\/13PL.png 562w, https:\/\/www.fmsdocumentation.com\/wp-content\/uploads\/2018\/11\/13PL-300x206.png 300w\" sizes=\"auto, (max-width: 562px) 100vw, 562px\" \/><\/a><\/p>\n<p>Je\u015bli u\u017cytkownik nie chce zapisywa\u0107 zmian, musi jedynie nacisn\u0105\u0107 przycisk \u201eAnuluj\u201d lub klikn\u0105\u0107 gdziekolwiek poza oknem przypisywania.<\/p>\n<p>Tworzenie grup pojazd\u00f3w jest opisane w menu og\u00f3lnym.<\/p>\n<p><p class=\"note\">Uwaga<br \/>\nAktualnie u\u017cytkownikami sieci zarz\u0105dza dostawca us\u0142ug. Aby utworzy\u0107 i\/lub zmodyfikowa\u0107 nowych\/starych u\u017cytkownik\u00f3w sieci nale\u017cy skontaktowa\u0107 si\u0119 ze wsparciem technicznym dostawcy.<\/p><\/p>\n<hr \/>\n<p><div class=\"alignleft\"><a href=\"https:\/\/www.fmsdocumentation.com\/pl\/main-tms-window\/map-features-and-tools\/\" title=\"Funkcje i narz\u0119dzia mapy\"><span class=\"arrow\">\u2039 &nbsp <\/span> Funkcje i narz\u0119dzia mapy <\/a><\/div> <div class=\"alignright\"><a href=\"https:\/\/www.fmsdocumentation.com\/pl\/main-tms-window\/account-settings\/\" title=\"Ustawienia konta\">Ustawienia konta <span class=\"arrow\"> &nbsp\u203a <\/span> <\/a><\/div><\/p>\n","protected":false},"excerpt":{"rendered":"<p>Panel administracyjny u\u017cytkownik\u00f3w sieci jest dost\u0119pny tylko dla u\u017cytkownik\u00f3w z uprawnieniami administratora. Na tym panelu u\u017cytkownik widzi wszystkich u\u017cytkownik\u00f3w sieci powi\u0105zanych z aktualnie u\u017cywanym kontem.\u00a0G\u0142\u00f3wna lista u\u017cytkownik\u00f3w sieci wy\u015bwietla tylko najwa\u017cniejsze informacje: Nazwa u\u017cytkownika sieci; Liczba obiekt\u00f3w widocznych dla tego u\u017cytkownika. Po klikni\u0119ciu na u\u017cytkownika na li\u015bcie otworzy si\u0119 panel z dodatkowymi informacjami, takimi jak: &hellip; <a href=\"https:\/\/www.fmsdocumentation.com\/pl\/main-tms-window\/webusers-admin-panel\/\" class=\"more-link\">Czytaj dalej <span class=\"screen-reader-text\">Panel administracyjny u\u017cytkownik\u00f3w sieci<\/span><\/a><\/p>\n","protected":false},"author":1,"featured_media":0,"parent":4594,"menu_order":7,"comment_status":"closed","ping_status":"closed","template":"","meta":{"footnotes":""},"class_list":["post-4539","page","type-page","status-publish","hentry"],"_links":{"self":[{"href":"https:\/\/www.fmsdocumentation.com\/pl\/wp-json\/wp\/v2\/pages\/4539","targetHints":{"allow":["GET"]}}],"collection":[{"href":"https:\/\/www.fmsdocumentation.com\/pl\/wp-json\/wp\/v2\/pages"}],"about":[{"href":"https:\/\/www.fmsdocumentation.com\/pl\/wp-json\/wp\/v2\/types\/page"}],"author":[{"embeddable":true,"href":"https:\/\/www.fmsdocumentation.com\/pl\/wp-json\/wp\/v2\/users\/1"}],"replies":[{"embeddable":true,"href":"https:\/\/www.fmsdocumentation.com\/pl\/wp-json\/wp\/v2\/comments?post=4539"}],"version-history":[{"count":5,"href":"https:\/\/www.fmsdocumentation.com\/pl\/wp-json\/wp\/v2\/pages\/4539\/revisions"}],"predecessor-version":[{"id":7174,"href":"https:\/\/www.fmsdocumentation.com\/pl\/wp-json\/wp\/v2\/pages\/4539\/revisions\/7174"}],"up":[{"embeddable":true,"href":"https:\/\/www.fmsdocumentation.com\/pl\/wp-json\/wp\/v2\/pages\/4594"}],"wp:attachment":[{"href":"https:\/\/www.fmsdocumentation.com\/pl\/wp-json\/wp\/v2\/media?parent=4539"}],"curies":[{"name":"wp","href":"https:\/\/api.w.org\/{rel}","templated":true}]}}