{"id":4540,"date":"2017-06-01T07:36:08","date_gmt":"2017-06-01T07:36:08","guid":{"rendered":"http:\/\/www.fmsdocumentation.com\/privacy-policy\/"},"modified":"2018-06-04T08:09:49","modified_gmt":"2018-06-04T08:09:49","slug":"privacy-policy","status":"publish","type":"page","link":"https:\/\/www.fmsdocumentation.com\/pl\/ontrack-install-login\/privacy-policy\/","title":{"rendered":"Polityka prywatno\u015bci"},"content":{"rendered":"<h3 style=\"text-align: center;\">Polityka prywatno\u015bci<br \/>\naplikacji OnTrack<\/h3>\n<p style=\"text-align: center;\"><strong><br \/>\n<\/strong>25.04.2017<br \/>\nWilno<\/p>\n<p>Niniejsza Polityka prywatno\u015bci aplikacji OnTrack (zwana dalej \u201ePolityk\u0105 prywatno\u015bci\u201d) opisuje, w jaki spos\u00f3b zbieramy, wykorzystujemy, udost\u0119pniamy i przechowujemy twoje dane osobiste.<\/p>\n<ol>\n<li><strong>Jakie informacje o tobie zbieramy?<\/strong><\/li>\n<\/ol>\n<ul>\n<li>imi\u0119, nazwisko;<\/li>\n<li>adres e-mail;<\/li>\n<li>numer urz\u0105dzenia mobilnego;<\/li>\n<li>dane o twojej lokalizacji;<\/li>\n<li>zdj\u0119cia i wiadomo\u015bci wysy\u0142ane przez modu\u0142 komunikacji.<\/li>\n<\/ul>\n<p>&nbsp;<\/p>\n<ol start=\"2\">\n<li><strong>Jaki jest cel tej Polityki prywatno\u015bci?\u00a0<\/strong><\/li>\n<\/ol>\n<ul>\n<li>Wykonywanie us\u0142ug kontroli transportu i zapewnienie jako\u015bci;<\/li>\n<li>Przekazanie ci przydatnych informacji;<\/li>\n<li>Wype\u0142nienia zobowi\u0105za\u0144 umownych;<\/li>\n<li>Inne przypadki okre\u015blone w przepisach prawnych.<\/li>\n<li>Ponadto wykorzystujemy zebrane informacje, aby odpowiada\u0107 na twoje pytania na temat konta lub pomaga\u0107 przy rozwi\u0105zywaniu problem\u00f3w.<\/li>\n<li>Mo\u017cemy te\u017c u\u017cywa\u0107 twoich informacji do cel\u00f3w wewn\u0119trznych, takich jak audyty, analiza danych oraz badania w celu ulepszania naszych produkt\u00f3w, us\u0142ug, komunikacji z klientem, tre\u015bci.<\/li>\n<\/ul>\n<p>&nbsp;<\/p>\n<ol start=\"3\">\n<li><strong>W jaki spos\u00f3b przechowujemy i chronimy informacje zebrane na tw\u00f3j temat?<\/strong><\/li>\n<\/ol>\n<ul>\n<li>Stosujemy fizyczne, elektroniczne i proceduralne zabezpieczenia w celu ochrony twoich danych osobistych, gdy znajduj\u0105 si\u0119 pod nasz\u0105 kontrol\u0105. Jednak nawet te zabezpieczenia nie gwarantuj\u0105, \u017ce twoje dane nie zostan\u0105 utracone, niew\u0142a\u015bciwie wykorzystane lub zmienione.<\/li>\n<li>Zachowujemy informacje tylko tak d\u0142ugo, jak s\u0105 potrzebne lub jak wymagaj\u0105 tego obowi\u0105zuj\u0105ce przepisy prawa, regulacje lub postanowienia organ\u00f3w pa\u0144stwowych. Podczas niszczenia danych osobistych stosujemy odpowiednie procedury, aby usun\u0105\u0107 te dane lub uniemo\u017cliwi\u0107 ich odczyt (na przyk\u0142ad niszcz\u0105c dokumenty w niszczarce lub czyszcz\u0105c no\u015bniki elektroniczne).<\/li>\n<\/ul>\n<p>&nbsp;<\/p>\n<ol start=\"4\">\n<li><strong>Kiedy udost\u0119pniamy informacje zebrane na tw\u00f3j temat?\u00a0<\/strong><\/li>\n<\/ol>\n<ul>\n<li>Bez twojej zgody nie sprzedajemy, nie udzielamy licencji, nie wypo\u017cyczamy ani w inny spos\u00f3b nie przekazujemy twoich danych osobistych niepowi\u0105zanym stronom trzecim (strony spoza firmy Ruptela UAB) do cel\u00f3w promowania ich produkt\u00f3w lub us\u0142ug. Mo\u017cemy jednak przekaza\u0107 twoje dane niepowi\u0105zanym stronom trzecim w nast\u0119puj\u0105cych przypadkach:\n<ul>\n<li>Mo\u017cemy przekaza\u0107 twoje dane osobiste stronom trzecim za twoj\u0105 zgod\u0105;<\/li>\n<li>Mo\u017cemy przekaza\u0107 informacje o u\u017cytkowniku konta g\u0142\u00f3wnemu posiadaczowi konta (stronie odpowiedzialnej finansowo za konto);<\/li>\n<li>Mo\u017cemy przekaza\u0107 informacje zewn\u0119trznym sprzedawcom i partnerom, kt\u00f3rzy realizuj\u0105 transakcje lub wykonuj\u0105 us\u0142ugi w naszym imieniu (na przyk\u0142ad rozliczenia, naprawy);<\/li>\n<li>Mo\u017cemy sprzeda\u0107, ujawni\u0107 lub przekaza\u0107 informacje na tw\u00f3j temat w ramach korporacyjnych transakcji biznesowych, takich jak fuzje i przej\u0119cia, joint venture, reorganizacja przedsi\u0119biorstw, finansowanie lub sprzeda\u017c aktyw\u00f3w sp\u00f3\u0142ki, a tak\u017ce w ma\u0142o prawdopodobnym przypadku niewyp\u0142acalno\u015bci, upad\u0142o\u015bci lub zarz\u0105du komisarycznego, gdzie informacje takie mog\u0105 by\u0107 przekazywane jako aktywa firmy w transakcji;<\/li>\n<li>Mo\u017cemy przekazywa\u0107 dane osobiste oraz inne informacje na tw\u00f3j temat, je\u015bli w dobrej wierze uwa\u017camy, \u017ce dost\u0119p do tych informacji, ich wykorzystanie, zachowanie lub przekazanie s\u0105 z uzasadnionych przyczyn konieczne;<\/li>\n<li>Aby przestrzega\u0107 przepis\u00f3w obowi\u0105zuj\u0105cego prawa, regulacji, procedur prawnych lub prawomocnej decyzji organu pa\u0144stwowego;<\/li>\n<li>W zwi\u0105zku z roszczeniami, sporami lub post\u0119powaniem \u2013 s\u0105dowym lub pozas\u0105dowym;<\/li>\n<li>Aby chroni\u0107 u\u017cytkownik\u00f3w naszych us\u0142ug i innych przewo\u017anik\u00f3w lub dostawc\u00f3w przed nielegalnym, niew\u0142a\u015bciwym lub niezgodnym z prawem korzystaniem z takich us\u0142ug lub ich subskrypcj\u0105.<\/li>\n<\/ul>\n<\/li>\n<\/ul>\n<p>&nbsp;<\/p>\n<ol start=\"5\">\n<li><strong>Co jeszcze powiniene\u015b wiedzie\u0107, korzystaj\u0105c z aplikacji mobilnej?<\/strong><\/li>\n<\/ol>\n<ul>\n<li>Jeste\u015b odpowiedzialny za bezpiecze\u0144stwo swojego urz\u0105dzenia mobilnego; dlatego powiniene\u015b zadba\u0107, by spe\u0142nia\u0142o ono wymogi techniczne oraz wymogi w zakresie bezpiecze\u0144stwa.<\/li>\n<li>Masz obowi\u0105zek zadba\u0107, aby\u015b by\u0142 jedyn\u0105 osob\u0105 korzystaj\u0105c\u0105 z us\u0142ug w aplikacji mobilnej; dlatego powiniene\u015b dopilnowa\u0107, by nikt inny nie mia\u0142 dost\u0119pu do twojego urz\u0105dzenia mobilnego oraz do twoich danych do logowania.<\/li>\n<li>Przekazane przez ciebie dane mog\u0105 by\u0107 udost\u0119pnione stronom trzecim tylko w wyj\u0105tkowych przypadkach przewidzianych przez prawo Republiki Litewskiej.<\/li>\n<li>Masz prawo uzyska\u0107 dost\u0119p do swoich danych osobowych przetwarzanych przez firm\u0119 Ruptela UAB, uzyska\u0107 informacje na temat \u017ar\u00f3de\u0142, z kt\u00f3rych pochodz\u0105 dane oraz cel\u00f3w, w jakich s\u0105 przetwarzane, a tak\u017ce za\u017c\u0105da\u0107 korekty nieprawid\u0142owych, niekompletnych, niedok\u0142adnych danych osobowych. Przys\u0142uguj\u0105 ci tak\u017ce inne prawa przewidziane w Ustawie o ochronie prawnej danych osobowych obowi\u0105zuj\u0105cej w Republice Litewskiej.<\/li>\n<li>Aby zapewni\u0107 bezpiecze\u0144stwo przekazanych przez ciebie danych w przypadku zgubienia urz\u0105dzenia mobilnego i\/lub przekazania go osobie trzeciej, lub je\u015bli oka\u017ce si\u0119, \u017ce osoby trzecie pozna\u0142y twoje dane (w tym dane do logowania) i\/lub we wszystkich innych okoliczno\u015bciach, gdzie istnieje ryzyko, \u017ce urz\u0105dzenie mobilne i\/lub twoje dane mog\u0105 by\u0107 wykorzystane przez nieupowa\u017cnione strony trzecie, jeste\u015b zobowi\u0105zany niezw\u0142ocznie powiadomi\u0107 o tym firm\u0119 Ruptela UAB.<\/li>\n<\/ul>\n<p>&nbsp;<\/p>\n<ol start=\"6\">\n<li><strong>Aktualizacje Polityki prywatno\u015bci i dane kontaktowe<\/strong><\/li>\n<\/ol>\n<ul>\n<li>Mo\u017cemy zaktualizowa\u0107 t\u0119 Polityk\u0119 prywatno\u015bci w dowolnej chwili, aby wprowadzi\u0107 zmiany lub wyja\u015bni\u0107 nasze dzia\u0142ania. Je\u015bli wprowadzimy zmiany, dostosujemy dat\u0119 w g\u00f3rnej cz\u0119\u015bci Polityki prywatno\u015bci. Je\u015bli b\u0119dziemy chcieli wykorzystywa\u0107 dane osobiste w zasadniczo odmienny spos\u00f3b, powiadomimy ci\u0119, publikuj\u0105c informacj\u0119 o zmianach na naszej stronie internetowej co najmniej 30 (trzydzie\u015bci) dni przed wprowadzeniem takich zmian oraz uzyskamy twoj\u0105 zgod\u0119, jak wskazano powy\u017cej, na wszelkie istotne zmiany w zakresie ujawniania informacji osobistych. Powiniene\u015b cz\u0119sto przegl\u0105da\u0107 t\u0119 Polityk\u0119 prywatno\u015bci, aby uzyska\u0107 najnowsze informacje oraz pozna\u0107 dat\u0119 wej\u015bcia w \u017cycie zmian.<\/li>\n<li>Zapewniamy, \u017ce ta Polityka prywatno\u015bci nieustannie b\u0119dzie sprawdzana i aktualizowana. Polityka prywatno\u015bci jest zgodna z odpowiednimi przepisami prawa. Je\u015bli w \u017cycie wejd\u0105 nowe przepisy lub zmiany, b\u0119dzie ona aktualizowana.<\/li>\n<li>W razie pyta\u0144 lub uwag dotycz\u0105cych tej Polityki prywatno\u015bci lub na temat praktyk w zakresie prywatno\u015bci stosowanych w firmie Ruptela UAB, prosimy o kontakt telefoniczny na numer +37052045030 lub o wiadomo\u015b\u0107 e-mail na adres support@ruptela.com. Pytania lub uwagi dotycz\u0105ce prywatno\u015bci mo\u017cesz tak\u017ce kierowa\u0107 na adres:<\/li>\n<\/ul>\n<p>UAB \u201eRuptela\u201d<br \/>\nPerk\u016bnkiemio g. 6.<br \/>\nLT-12130 Vilnius<br \/>\nLithuania<\/p>\n<p>&nbsp;<\/p>\n<p> <div class=\"alignright\"><a href=\"https:\/\/www.fmsdocumentation.com\/pl\/\" title=\"Przewodnik F.M.S\">Przewodnik F.M.S <span class=\"arrow\"> &nbsp\u203a <\/span> <\/a><\/div><\/p>\n","protected":false},"excerpt":{"rendered":"<p>Polityka prywatno\u015bci aplikacji OnTrack 25.04.2017 Wilno Niniejsza Polityka prywatno\u015bci aplikacji OnTrack (zwana dalej \u201ePolityk\u0105 prywatno\u015bci\u201d) opisuje, w jaki spos\u00f3b zbieramy, wykorzystujemy, udost\u0119pniamy i przechowujemy twoje dane osobiste. Jakie informacje o tobie zbieramy? imi\u0119, nazwisko; adres e-mail; numer urz\u0105dzenia mobilnego; dane o twojej lokalizacji; zdj\u0119cia i wiadomo\u015bci wysy\u0142ane przez modu\u0142 komunikacji. &nbsp; Jaki jest cel tej &hellip; <a href=\"https:\/\/www.fmsdocumentation.com\/pl\/ontrack-install-login\/privacy-policy\/\" class=\"more-link\">Czytaj dalej <span class=\"screen-reader-text\">Polityka prywatno\u015bci<\/span><\/a><\/p>\n","protected":false},"author":1,"featured_media":0,"parent":4559,"menu_order":3,"comment_status":"closed","ping_status":"closed","template":"","meta":{"footnotes":""},"class_list":["post-4540","page","type-page","status-publish","hentry"],"_links":{"self":[{"href":"https:\/\/www.fmsdocumentation.com\/pl\/wp-json\/wp\/v2\/pages\/4540","targetHints":{"allow":["GET"]}}],"collection":[{"href":"https:\/\/www.fmsdocumentation.com\/pl\/wp-json\/wp\/v2\/pages"}],"about":[{"href":"https:\/\/www.fmsdocumentation.com\/pl\/wp-json\/wp\/v2\/types\/page"}],"author":[{"embeddable":true,"href":"https:\/\/www.fmsdocumentation.com\/pl\/wp-json\/wp\/v2\/users\/1"}],"replies":[{"embeddable":true,"href":"https:\/\/www.fmsdocumentation.com\/pl\/wp-json\/wp\/v2\/comments?post=4540"}],"version-history":[{"count":3,"href":"https:\/\/www.fmsdocumentation.com\/pl\/wp-json\/wp\/v2\/pages\/4540\/revisions"}],"predecessor-version":[{"id":5174,"href":"https:\/\/www.fmsdocumentation.com\/pl\/wp-json\/wp\/v2\/pages\/4540\/revisions\/5174"}],"up":[{"embeddable":true,"href":"https:\/\/www.fmsdocumentation.com\/pl\/wp-json\/wp\/v2\/pages\/4559"}],"wp:attachment":[{"href":"https:\/\/www.fmsdocumentation.com\/pl\/wp-json\/wp\/v2\/media?parent=4540"}],"curies":[{"name":"wp","href":"https:\/\/api.w.org\/{rel}","templated":true}]}}