{"id":4546,"date":"2017-04-19T09:44:30","date_gmt":"2017-04-19T09:44:30","guid":{"rendered":"http:\/\/www.fmsdocumentation.com\/mobile-limitations\/"},"modified":"2018-05-30T13:44:11","modified_gmt":"2018-05-30T13:44:11","slug":"mobile-limitations","status":"publish","type":"page","link":"https:\/\/www.fmsdocumentation.com\/pl\/basics\/mobile-limitations\/","title":{"rendered":"Ograniczenia systemu na urz\u0105dzeniach mobilnych"},"content":{"rendered":"<p>System zarz\u0105dzania flot\u0105 oferuje mo\u017cliwo\u015b\u0107 podgl\u0105du na urz\u0105dzeniach mobilnych, jednak z pewnymi ograniczeniami. W wersji mobilnej niekt\u00f3re modu\u0142y i funkcje wymagaj\u0105ce wy\u017cszych rozdzielczo\u015bci ekranu s\u0105 wy\u0142\u0105czone.<\/p>\n<p>Wy\u0142\u0105czone funkcje i modu\u0142y to:<\/p>\n<ul>\n<li>Modu\u0142 zada\u0144 serwisowych \u2013 za wyj\u0105tkiem zada\u0144 serwisowych przypisanych do pojazd\u00f3w, b\u0119dzie wy\u015bwietlany w module przegl\u0105du \u2013 sekcja serwisowa;<\/li>\n<li>Modu\u0142 raport\u00f3w;<\/li>\n<li>Modu\u0142 Ekonomicznej jazdy(Eco driving);<\/li>\n<li>Pobieranie plik\u00f3w tachografu z ci\u0119\u017ckich pojazd\u00f3w u\u017cytkowych (HCV);<\/li>\n<li>Funkcja \u201eAnalizuj wed\u0142ug wsp\u00f3\u0142rz\u0119dnych\u201d (Analyze by coordinates) w sekcji przegl\u0105du historii;<\/li>\n<li>Wykresy w sekcji paliwa;<\/li>\n<li>Edytowanie zada\u0144 serwisowych w sekcji ich przegl\u0105du;<\/li>\n<li>Tworzenie lub edytowanie kierowc\u00f3w w menu kierowc\u00f3w;<\/li>\n<li>Wysy\u0142anie wiadomo\u015bci do wielu os\u00f3b w menu komunikacji;<\/li>\n<li>Tworzenie lub edytowanie zada\u0144 w menu zada\u0144;<\/li>\n<li>Tworzenie lub edytowanie geostref w menu geostref;<\/li>\n<li>Tworzenie lub edytowanie wydarze\u0144 \u2013 dost\u0119pne jest w\u0142\u0105czanie\/wy\u0142\u0105czanie wydarze\u0144.<\/li>\n<\/ul>\n<p>Inne istotne informacje dotycz\u0105ce u\u017cywania aplikacji TrustTrack s\u0105 zawarte w sekcji <a href=\"https:\/\/www.fmsdocumentation.com\/pl\/trusttrack-usage\/?lang=pl\">Korzystanie z aplikacji TrustTrack<\/a>.<\/p>\n<p>&nbsp;<\/p>\n<hr \/>\n<p><div class=\"alignleft\"><a href=\"https:\/\/www.fmsdocumentation.com\/pl\/basics\/trusttrack-app\/\" title=\"Aplikacja TrustTrack\"><span class=\"arrow\">\u2039 &nbsp <\/span> Aplikacja TrustTrack <\/a><\/div> <div class=\"alignright\"><a href=\"https:\/\/www.fmsdocumentation.com\/pl\/basics\/billing-plans\/\" title=\"Taryfy\">Taryfy <span class=\"arrow\"> &nbsp\u203a <\/span> <\/a><\/div><\/p>\n","protected":false},"excerpt":{"rendered":"<p>System zarz\u0105dzania flot\u0105 oferuje mo\u017cliwo\u015b\u0107 podgl\u0105du na urz\u0105dzeniach mobilnych, jednak z pewnymi ograniczeniami. W wersji mobilnej niekt\u00f3re modu\u0142y i funkcje wymagaj\u0105ce wy\u017cszych rozdzielczo\u015bci ekranu s\u0105 wy\u0142\u0105czone. Wy\u0142\u0105czone funkcje i modu\u0142y to: Modu\u0142 zada\u0144 serwisowych \u2013 za wyj\u0105tkiem zada\u0144 serwisowych przypisanych do pojazd\u00f3w, b\u0119dzie wy\u015bwietlany w module przegl\u0105du \u2013 sekcja serwisowa; Modu\u0142 raport\u00f3w; Modu\u0142 Ekonomicznej jazdy(Eco &hellip; <a href=\"https:\/\/www.fmsdocumentation.com\/pl\/basics\/mobile-limitations\/\" class=\"more-link\">Czytaj dalej <span class=\"screen-reader-text\">Ograniczenia systemu na urz\u0105dzeniach mobilnych<\/span><\/a><\/p>\n","protected":false},"author":1,"featured_media":0,"parent":4598,"menu_order":5,"comment_status":"closed","ping_status":"closed","template":"","meta":{"footnotes":""},"class_list":["post-4546","page","type-page","status-publish","hentry"],"_links":{"self":[{"href":"https:\/\/www.fmsdocumentation.com\/pl\/wp-json\/wp\/v2\/pages\/4546","targetHints":{"allow":["GET"]}}],"collection":[{"href":"https:\/\/www.fmsdocumentation.com\/pl\/wp-json\/wp\/v2\/pages"}],"about":[{"href":"https:\/\/www.fmsdocumentation.com\/pl\/wp-json\/wp\/v2\/types\/page"}],"author":[{"embeddable":true,"href":"https:\/\/www.fmsdocumentation.com\/pl\/wp-json\/wp\/v2\/users\/1"}],"replies":[{"embeddable":true,"href":"https:\/\/www.fmsdocumentation.com\/pl\/wp-json\/wp\/v2\/comments?post=4546"}],"version-history":[{"count":2,"href":"https:\/\/www.fmsdocumentation.com\/pl\/wp-json\/wp\/v2\/pages\/4546\/revisions"}],"predecessor-version":[{"id":5146,"href":"https:\/\/www.fmsdocumentation.com\/pl\/wp-json\/wp\/v2\/pages\/4546\/revisions\/5146"}],"up":[{"embeddable":true,"href":"https:\/\/www.fmsdocumentation.com\/pl\/wp-json\/wp\/v2\/pages\/4598"}],"wp:attachment":[{"href":"https:\/\/www.fmsdocumentation.com\/pl\/wp-json\/wp\/v2\/media?parent=4546"}],"curies":[{"name":"wp","href":"https:\/\/api.w.org\/{rel}","templated":true}]}}