{"id":4547,"date":"2017-04-19T09:24:32","date_gmt":"2017-04-19T09:24:32","guid":{"rendered":"http:\/\/www.fmsdocumentation.com\/trusttrack-app\/"},"modified":"2018-05-30T13:43:18","modified_gmt":"2018-05-30T13:43:18","slug":"trusttrack-app","status":"publish","type":"page","link":"https:\/\/www.fmsdocumentation.com\/pl\/basics\/trusttrack-app\/","title":{"rendered":"Aplikacja TrustTrack"},"content":{"rendered":"<p>TrustTrack to nowa aplikacja, kt\u00f3ra powsta\u0142a, by u\u0142atwi\u0107 u\u017cytkownikom mobilnym korzystanie z systemu zarz\u0105dzania flot\u0105. Zasadniczo aplikacja ta jest dok\u0142adnie taka sama jak mobilna wersja systemu zarz\u0105dzania flot\u0105, kt\u00f3ry u\u017cytkownicy widz\u0105 w przegl\u0105darce mobilnej, nie wymaga jednak korzystania z przegl\u0105darki. Aplikacja TrustTrack ma jedno podstawowe wymaganie:<\/p>\n<ul>\n<li>Po\u0142\u0105czenie z internetem;<\/li>\n<\/ul>\n<p>&nbsp;<\/p>\n<p><a href=\"https:\/\/www.fmsdocumentation.com\/wp-content\/uploads\/2017\/04\/tt-logo-1.png\"><img loading=\"lazy\" decoding=\"async\" class=\"alignnone size-full wp-image-2799\" src=\"https:\/\/www.fmsdocumentation.com\/wp-content\/uploads\/2017\/04\/tt-logo-1.png\" alt=\"\" width=\"300\" height=\"325\" srcset=\"https:\/\/www.fmsdocumentation.com\/wp-content\/uploads\/2017\/04\/tt-logo-1.png 300w, https:\/\/www.fmsdocumentation.com\/wp-content\/uploads\/2017\/04\/tt-logo-1-277x300.png 277w\" sizes=\"auto, (max-width: 300px) 100vw, 300px\" \/><\/a><\/p>\n<p>Funkcje aplikacji TrustTrack:<\/p>\n<ul>\n<li>Mo\u017cliwo\u015b\u0107 ustawienia serwera g\u0142\u00f3wnego dla systemu zarz\u0105dzania flot\u0105. Opisane w sekcji <a href=\"https:\/\/www.fmsdocumentation.com\/pl\/trusttrack-usage\/?lang=pl\">Korzystanie z aplikacji TrustTrack<\/a>;<\/li>\n<li>Pe\u0142na funkcjonalno\u015b\u0107 identyczna z FMS w wersji mobilnej.\u00a0Ograniczenia wersji mobilnej s\u0105 opisane w sekcji <a href=\"https:\/\/www.fmsdocumentation.com\/pl\/basics\/mobile-limitations\/?lang=pl\">Ograniczenia systemu na urz\u0105dzeniach mobilnych<\/a>;<\/li>\n<\/ul>\n<p>Kr\u00f3tki opis sposobu korzystania z aplikacji mobilnej przedstawia sekcja <a href=\"https:\/\/www.fmsdocumentation.com\/pl\/trusttrack-usage\/?lang=pl\">Korzystanie z aplikacji TrustTrack<\/a>.<\/p>\n<p><p class=\"note\">Uwaga<br \/>\nAplikacja TrustTrack nie obs\u0142uguje powiadomie\u0144 Push. W zwi\u0105zku z tym powiadomienia o wiadomo\u015bciach, wydarzeniach i innych nie b\u0119d\u0105 pojawia\u0142y si\u0119 na telefonie u\u017cytkownika.<\/p><\/p>\n<p>Aplikacja TrustTrack jest dost\u0119pna do pobrania w\u00a0<a href=\"http:\/\/play.google.com\/store\/apps\/details?id=com.ruptela.mobile.trusttrack\">Sklepie Google Play<\/a>.<\/p>\n<hr \/>\n<p><div class=\"alignleft\"><a href=\"https:\/\/www.fmsdocumentation.com\/pl\/basics\/logging-out\/\" title=\"Wylogowywanie\"><span class=\"arrow\">\u2039 &nbsp <\/span> Wylogowywanie <\/a><\/div> <div class=\"alignright\"><a href=\"https:\/\/www.fmsdocumentation.com\/pl\/basics\/mobile-limitations\/\" title=\"Ograniczenia systemu na urz\u0105dzeniach mobilnych\">Ograniczenia systemu na urz\u0105dzeniach mobilnych <span class=\"arrow\"> &nbsp\u203a <\/span> <\/a><\/div><\/p>\n","protected":false},"excerpt":{"rendered":"<p>TrustTrack to nowa aplikacja, kt\u00f3ra powsta\u0142a, by u\u0142atwi\u0107 u\u017cytkownikom mobilnym korzystanie z systemu zarz\u0105dzania flot\u0105. Zasadniczo aplikacja ta jest dok\u0142adnie taka sama jak mobilna wersja systemu zarz\u0105dzania flot\u0105, kt\u00f3ry u\u017cytkownicy widz\u0105 w przegl\u0105darce mobilnej, nie wymaga jednak korzystania z przegl\u0105darki. Aplikacja TrustTrack ma jedno podstawowe wymaganie: Po\u0142\u0105czenie z internetem; &nbsp; Funkcje aplikacji TrustTrack: Mo\u017cliwo\u015b\u0107 ustawienia &hellip; <a href=\"https:\/\/www.fmsdocumentation.com\/pl\/basics\/trusttrack-app\/\" class=\"more-link\">Czytaj dalej <span class=\"screen-reader-text\">Aplikacja TrustTrack<\/span><\/a><\/p>\n","protected":false},"author":1,"featured_media":0,"parent":4598,"menu_order":4,"comment_status":"closed","ping_status":"closed","template":"","meta":{"footnotes":""},"class_list":["post-4547","page","type-page","status-publish","hentry"],"_links":{"self":[{"href":"https:\/\/www.fmsdocumentation.com\/pl\/wp-json\/wp\/v2\/pages\/4547","targetHints":{"allow":["GET"]}}],"collection":[{"href":"https:\/\/www.fmsdocumentation.com\/pl\/wp-json\/wp\/v2\/pages"}],"about":[{"href":"https:\/\/www.fmsdocumentation.com\/pl\/wp-json\/wp\/v2\/types\/page"}],"author":[{"embeddable":true,"href":"https:\/\/www.fmsdocumentation.com\/pl\/wp-json\/wp\/v2\/users\/1"}],"replies":[{"embeddable":true,"href":"https:\/\/www.fmsdocumentation.com\/pl\/wp-json\/wp\/v2\/comments?post=4547"}],"version-history":[{"count":4,"href":"https:\/\/www.fmsdocumentation.com\/pl\/wp-json\/wp\/v2\/pages\/4547\/revisions"}],"predecessor-version":[{"id":5145,"href":"https:\/\/www.fmsdocumentation.com\/pl\/wp-json\/wp\/v2\/pages\/4547\/revisions\/5145"}],"up":[{"embeddable":true,"href":"https:\/\/www.fmsdocumentation.com\/pl\/wp-json\/wp\/v2\/pages\/4598"}],"wp:attachment":[{"href":"https:\/\/www.fmsdocumentation.com\/pl\/wp-json\/wp\/v2\/media?parent=4547"}],"curies":[{"name":"wp","href":"https:\/\/api.w.org\/{rel}","templated":true}]}}