{"id":4548,"date":"2017-04-07T08:59:07","date_gmt":"2017-04-07T08:59:07","guid":{"rendered":"http:\/\/www.fmsdocumentation.com\/working-hours-report\/"},"modified":"2019-01-28T15:22:42","modified_gmt":"2019-01-28T13:22:42","slug":"working-hours-report","status":"publish","type":"page","link":"https:\/\/www.fmsdocumentation.com\/pl\/reports\/working-hours-report\/","title":{"rendered":"Raport czasu pracy"},"content":{"rendered":"<p><strong>Raport czasu pracy<\/strong> \u2013 ten raport skupia si\u0119 na generowaniu szczeg\u00f3\u0142\u00f3w dotycz\u0105cych godzin pracy oraz zwi\u0105zanych z tym informacji. Najpierw u\u017cytkownik musi wybra\u0107, na podstawie czego zostanie utworzony raport (kierowcy czy obiekty).<\/p>\n<p><strong>Zakres dat<\/strong>\u00a0\u2013 aby wybra\u0107 dat\u0119, nale\u017cy klikn\u0105\u0107 pole \u201eWybierz zakres czasu\u201d. Otworzy si\u0119 w\u00f3wczas panel kalendarza. Panel kalendarza jest taki sam w ca\u0142ym systemie FMS. Aby wybra\u0107 dat\u0119 pocz\u0105tkow\u0105\/ko\u0144cow\u0105, wystarczy klikn\u0105\u0107 na \u017c\u0105dan\u0105 dat\u0119, a nast\u0119pnie na drug\u0105 z nich. Wybrane dni b\u0119d\u0105 zaznaczone kolorem niebieskim. Aktualna data jest zaznaczona niewielkim niebieskim tr\u00f3jk\u0105tem w lewym rogu pola wskazuj\u0105cego t\u0119 dat\u0119. Je\u015bli zostanie wybrana (zaznaczona) aktualna data, kolor tr\u00f3jk\u0105ta zmieni si\u0119 na bia\u0142y. Aby wybra\u0107 preferowan\u0105 dat\u0119, nale\u017cy klikn\u0105\u0107 dat\u0119 pocz\u0105tkow\u0105 lub ko\u0144cow\u0105 (kolejno\u015b\u0107 wyboru nie ma znaczenia), po czym klikn\u0105\u0107 drug\u0105 z nich (ko\u0144cow\u0105\/pocz\u0105tkow\u0105). Potem u\u017cytkownik mo\u017ce okre\u015bli\u0107, od kt\u00f3rej godziny daty pocz\u0105tkowej do kt\u00f3rej godziny daty ko\u0144cowej ma by\u0107 wy\u015bwietlana historia. Aby zachowa\u0107 zmiany, nale\u017cy klikn\u0105\u0107 przycisk \u201eZastosuj\u201d. W przeciwnym razie zmiany nie zostan\u0105 zapisane.<\/p>\n<p><a href=\"https:\/\/www.fmsdocumentation.com\/wp-content\/uploads\/2019\/01\/180PL-5.png\"><img loading=\"lazy\" decoding=\"async\" class=\"alignnone wp-image-7084 size-full\" src=\"https:\/\/www.fmsdocumentation.com\/wp-content\/uploads\/2019\/01\/180PL-5.png\" alt=\"\" width=\"565\" height=\"562\" srcset=\"https:\/\/www.fmsdocumentation.com\/wp-content\/uploads\/2019\/01\/180PL-5.png 565w, https:\/\/www.fmsdocumentation.com\/wp-content\/uploads\/2019\/01\/180PL-5-150x150.png 150w, https:\/\/www.fmsdocumentation.com\/wp-content\/uploads\/2019\/01\/180PL-5-300x298.png 300w\" sizes=\"auto, (max-width: 565px) 100vw, 565px\" \/><\/a><\/p>\n<p>Minimalny okres czasu to jeden dzie\u0144. Aby wybra\u0107 jeden dzie\u0144, nale\u017cy klikn\u0105\u0107 dwukrotnie lewym przyciskiem myszy na \u017c\u0105dany dzie\u0144, zaznaczaj\u0105c go. Nast\u0119pnie nale\u017cy wybra\u0107 elementy, na podstawie kt\u00f3rych zostanie wygenerowany raport.<\/p>\n<p><strong>Raport na podstawie<\/strong>\u00a0\u2013 to ustawienie definiuje g\u0142\u00f3wny element raportu. Dost\u0119pne s\u0105 dwie opcje:<\/p>\n<ul>\n<li>Kierowcy;<\/li>\n<li>Pojazdy.<\/li>\n<\/ul>\n<p>Dzi\u0119ki tej funkcji wygenerowany raport b\u0119dzie wy\u015bwietla\u0142 informacje (parametry: przejechana trasa, miejsce rozpocz\u0119cia pracy itp.)\u00a0dla wybranego elementu (kierowcy lub obiekty).\u00a0 Zatem je\u015bli zostan\u0105 wybrane obiekty, raport b\u0119dzie wy\u015bwietla\u0142 informacje dla okre\u015blonych wybranych obiekt\u00f3w.<\/p>\n<p><strong>Pojazdy\/Kierowcy<\/strong>\u00a0\u2013 (w zale\u017cno\u015bci od wyboru w opcji \u201eRaport na podstawie\u201d (Report based on)) ta opcje pozwala wybra\u0107, dla kt\u00f3rych obiekt\u00f3w\/kierowc\u00f3w b\u0119dzie generowany raport.<\/p>\n<p>W przypadku wyboru opcji\u00a0<strong>Pojazdy<\/strong>, lista b\u0119dzie zawiera\u0107 tak\u017ce <strong>grupy<\/strong>\u00a0obiekt\u00f3w. U\u017cytkownik mo\u017ce wybra\u0107 ca\u0142\u0105 grup\u0119, zaznaczaj\u0105c pole wyboru przed grup\u0105 lub klikaj\u0105c na przycisk \u201e+\u201d, aby rozwin\u0105\u0107 grup\u0119 i zobaczy\u0107, kt\u00f3re obiekty si\u0119 w niej znajduj\u0105. Aby zwin\u0105\u0107 grup\u0119, wystarczy klikn\u0105\u0107 przycisk \u201e-\u201d.\u00a0<strong>W grupie mo\u017cna wybra\u0107 poszczeg\u00f3lne obiekty<\/strong>. Nale\u017cy pami\u0119ta\u0107, \u017ce w przypadku wyboru obiektu obecnego w kilku grupach b\u0119dzie on zaznaczony w ka\u017cdej z nich, jak pokazano na ilustracji poni\u017cej. W przypadku wyboru ca\u0142ej grupy pole wyboru b\u0119dzie mia\u0142o kolor niebieski z bia\u0142ym symbolem zaznaczenia. W przypadku wyboru cz\u0119\u015bci grupy w polu wyboru pojawi si\u0119 niebieski kwadrat (jak pokazano na ilustracji poni\u017cej). U\u017cytkownik mo\u017ce te\u017c skorzysta\u0107 z wyszukiwarki, aby szybko przeszuka\u0107 du\u017ce listy obiekt\u00f3w i grup.<\/p>\n<p><a href=\"https:\/\/www.fmsdocumentation.com\/wp-content\/uploads\/2019\/01\/181PL-3.png\"><img loading=\"lazy\" decoding=\"async\" class=\"alignnone wp-image-7085 size-full\" src=\"https:\/\/www.fmsdocumentation.com\/wp-content\/uploads\/2019\/01\/181PL-3.png\" alt=\"\" width=\"557\" height=\"301\" srcset=\"https:\/\/www.fmsdocumentation.com\/wp-content\/uploads\/2019\/01\/181PL-3.png 557w, https:\/\/www.fmsdocumentation.com\/wp-content\/uploads\/2019\/01\/181PL-3-300x162.png 300w\" sizes=\"auto, (max-width: 557px) 100vw, 557px\" \/><\/a><\/p>\n<p>W przypadku wyboru opcji\u00a0<strong>Kierowcy<\/strong>, na li\u015bcie b\u0119d\u0105 wy\u015bwietlani tylko kierowcy bez p\u00f3l wyboru. Tutaj wystarczy jedynie klika\u0107 na poszczeg\u00f3lnych kierowc\u00f3w na li\u015bcie, aby dodawa\u0107 ich do raportu. Lista aktualizuje si\u0119 automatycznie po wpisaniu ka\u017cdej litery w pasku wyszukiwania.<\/p>\n<p><a href=\"https:\/\/www.fmsdocumentation.com\/wp-content\/uploads\/2019\/01\/176PL-5.png\"><img loading=\"lazy\" decoding=\"async\" class=\"alignnone wp-image-7086 size-full\" src=\"https:\/\/www.fmsdocumentation.com\/wp-content\/uploads\/2019\/01\/176PL-5.png\" alt=\"\" width=\"560\" height=\"305\" srcset=\"https:\/\/www.fmsdocumentation.com\/wp-content\/uploads\/2019\/01\/176PL-5.png 560w, https:\/\/www.fmsdocumentation.com\/wp-content\/uploads\/2019\/01\/176PL-5-300x163.png 300w\" sizes=\"auto, (max-width: 560px) 100vw, 560px\" \/><\/a><\/p>\n<p>Po wybraniu obiekt\u00f3w\/kierowc\u00f3w nale\u017cy wybra\u0107 parametry na <strong>li\u015bcie kolumn<\/strong>. Najpierw nale\u017cy wybra\u0107 kolumny, kt\u00f3re pojawi\u0105 si\u0119 w\u00a0<strong>Podsumowaniu.\u00a0<\/strong>Dla tego raportu tylko jedna kolumna jest obowi\u0105zkowa:<\/p>\n<ul>\n<li>Czas rozpocz\u0119cia pracy\u00a0 \u2013 czas pierwszego uruchomienia zap\u0142onu, ten parametr jest obowi\u0105zkowy;<\/li>\n<li>Czas zako\u0144czenia pracy \u2013 czas ostatniego wy\u0142\u0105czenia zap\u0142onu, ten parametr nie jest obowi\u0105zkowy;<\/li>\n<li>Miejsce rozpocz\u0119cia pracy \u2013 miejsce pierwszego uruchomienia zap\u0142onu, ten parametr nie jest obowi\u0105zkowy;<\/li>\n<li>Miejsce zako\u0144czenia pracy \u2013 miejsce ostatniego wy\u0142\u0105czenia zap\u0142onu, ten parametr nie jest obowi\u0105zkowy;<\/li>\n<li>Praca poza godzinami pracy;<\/li>\n<li>Praca w godzinach pracy.<\/li>\n<\/ul>\n<p>Mo\u017cna wybra\u0107 inne opcjonalne kolumny:<\/p>\n<ul>\n<li>Ca\u0142kowity czas pracy \u2013 ca\u0142kowita liczba godzin pracy dla wszystkich wybranych dni.<\/li>\n<li>Ca\u0142kowity przejechany kilometra\u017c;<\/li>\n<li>Czas trwania biegu\u00a0ja\u0142owego \u2013 czas, gdy pojazd by\u0142 bezczynny;<\/li>\n<li>Kilometra\u017c\u00a0przejechany poza godzinami pracy;<\/li>\n<li>Kilometra\u017c\u00a0przejechany w godzinach pracy;<\/li>\n<li>Przebieg ko\u0144cowy;<\/li>\n<li>Przebieg\u00a0 pocz\u0105tkowy<\/li>\n<li>Drogomierz wirtualny \u2013 przebieg wed\u0142ug wirtualnego licznika obliczany na podstawie r\u00f3\u017cnicy pomi\u0119dzy pocz\u0105tkiem a ko\u0144cem podr\u00f3\u017cy.<\/li>\n<li>Zu\u017cyte paliwo;<\/li>\n<\/ul>\n<p>Po wybraniu parametr\u00f3w na li\u015bcie kolumn nale\u017cy okre\u015bli\u0107 <strong>godziny pracy<\/strong>. Ten parametr mo\u017cna ustawi\u0107 za pomoc\u0105 suwaka pozwalaj\u0105cego ustawi\u0107 godziny pracy dla obiektu\/pojazdu (nale\u017cy pami\u0119ta\u0107, \u017ce liczby s\u0105 aktualizowane dopiero wtedy, gdy u\u017cytkownik zwolni suwak) lub wprowadzaj\u0105c liczby r\u0119cznie w polach pod suwakiem.\u00a0 Zakres jest ograniczony od 0 do 24, przy czym mo\u017cna u\u017cywa\u0107 tylko liczb ca\u0142kowitych.<\/p>\n<p><a href=\"https:\/\/www.fmsdocumentation.com\/wp-content\/uploads\/2019\/01\/188PL.png\"><img loading=\"lazy\" decoding=\"async\" class=\"alignnone wp-image-7087 size-full\" src=\"https:\/\/www.fmsdocumentation.com\/wp-content\/uploads\/2019\/01\/188PL.png\" alt=\"\" width=\"510\" height=\"174\" srcset=\"https:\/\/www.fmsdocumentation.com\/wp-content\/uploads\/2019\/01\/188PL.png 510w, https:\/\/www.fmsdocumentation.com\/wp-content\/uploads\/2019\/01\/188PL-300x102.png 300w\" sizes=\"auto, (max-width: 510px) 100vw, 510px\" \/><\/a><\/p>\n<p>Ustalone godziny pracy okre\u015blaj\u0105 godziny dnia i nocy w raporcie. Wybrany okres b\u0119dzie liczony jako dzie\u0144, a pozosta\u0142e godziny jako noc (na przyk\u0142ad: ustawiono czas od 8 do 18, zatem dzie\u0144 b\u0119dzie liczony od 8 do 18, natomiast noc od 0 do 8 oraz od 18 do 24).<\/p>\n<p>Po zdefiniowaniu biznesowych standardowych godzin pracy, u\u017cytkownik mo\u017ce wybra\u0107, kt\u00f3re podr\u00f3\u017ce zostan\u0105 uwzgl\u0119dnione w raporcie:<\/p>\n<ul>\n<li>Poka\u017c tylko przejazdy wykonane poza gozinami pracy;<\/li>\n<li>Poka\u017c tylko przejazdy wykonane w godzinach pracy;<\/li>\n<li>Poka\u017c wszystkie przejazdy.<\/li>\n<\/ul>\n<p>Po ustawieniu czasu pracy mo\u017cna w\u0142\u0105czy\u0107 kilka dodatkowych opcji.<\/p>\n<p><strong>Raport podsumowuj\u0105cy\u00a0<\/strong>\u00a0\u2013 opcja domy\u015blnie w\u0142\u0105czona; pozwala do\u0142\u0105czy\u0107 do raportu sekcj\u0119 podsumowuj\u0105c\u0105. B\u0119dzie to podsumowanie wszystkich informacji w raporcie<strong>.\u00a0<\/strong>Ten raport posiada nast\u0119puj\u0105ce obowi\u0105zkowe kolumny:<\/p>\n<ul>\n<li>Nazwa elementu;<\/li>\n<li>Ca\u0142kowity czas pracy;<\/li>\n<li>Praca poza godzinami pracy;<\/li>\n<li>Praca w godzinach pracy.<\/li>\n<\/ul>\n<p>Dodatkowo mo\u017cna wybra\u0107 inne opcjonalne parametry:<\/p>\n<ul>\n<li>Ca\u0142kowity przejechany kilometra\u017c;<\/li>\n<li>Kilometra\u017c\u00a0przejechany poza godzinami pracy;<\/li>\n<li>Kilometra\u017c\u00a0przejechany w godzinach pracy;<\/li>\n<li>Pa\u0144stwo rozpocz\u0119te w;<\/li>\n<li>Pa\u0144stwo zako\u0144czone w;<\/li>\n<li>Przebieg podr\u00f3\u017ay biznesowej;<\/li>\n<li>Przebieg podr\u00f3\u017ay prywatnej;<\/li>\n<li>Przebieg podr\u00f3\u017ay s\u0142u\u017abowej<\/li>\n<li>Zu\u017cyte paliwo.<\/li>\n<\/ul>\n<p><strong>Poka\u017c na mapie \u2013<\/strong>\u00a0opcja domy\u015blnie w\u0142\u0105czona; pozwala zamie\u015bci\u0107 w raporcie map\u0119 z zaznaczonymi wszystkimi zdarzeniami spuszczania paliwa\/tankowania.<\/p>\n<p><strong>Podziel prejazd na cz\u0119\u015bci w przypadku przekraczania granicy \u2013\u00a0<\/strong>opcja domy\u015blnie wy\u0142\u0105czona; po jej w\u0142\u0105czeniu, je\u015bli w trakcie podr\u00f3\u017cy nast\u0105pi przekroczenie granicy, podr\u00f3\u017c zostanie podzielona w tym miejscu na dwie podr\u00f3\u017ce &#8211; jedn\u0105 do granicy i drug\u0105 od granicy.<\/p>\n<p><strong>Poka\u017c niewielkie przejazdy\u00a0<\/strong>\u2013 opcja domy\u015blnie wy\u0142\u0105czona; po jej w\u0142\u0105czeniu w raporcie uwzgl\u0119dnione zostan\u0105 podr\u00f3\u017ce o ca\u0142kowitym przejechanym dystansie kr\u00f3tszym ni\u017c 50 metr\u00f3w.<\/p>\n<p><a href=\"https:\/\/www.fmsdocumentation.com\/wp-content\/uploads\/2019\/01\/189PL.png\"><img loading=\"lazy\" decoding=\"async\" class=\"alignnone wp-image-7088 size-large\" src=\"https:\/\/www.fmsdocumentation.com\/wp-content\/uploads\/2019\/01\/189PL-1024x536.png\" alt=\"\" width=\"660\" height=\"345\" srcset=\"https:\/\/www.fmsdocumentation.com\/wp-content\/uploads\/2019\/01\/189PL-1024x536.png 1024w, https:\/\/www.fmsdocumentation.com\/wp-content\/uploads\/2019\/01\/189PL-300x157.png 300w, https:\/\/www.fmsdocumentation.com\/wp-content\/uploads\/2019\/01\/189PL-768x402.png 768w, https:\/\/www.fmsdocumentation.com\/wp-content\/uploads\/2019\/01\/189PL.png 1202w\" sizes=\"auto, (max-width: 660px) 100vw, 660px\" \/><\/a><\/p>\n<p>Aby zako\u0144czy\u0107 i wygenerowa\u0107 raport, nale\u017cy klikn\u0105\u0107 przycisk \u201eGeneruj\u201d. Aby anulowa\u0107 tworzenie raportu, nale\u017cy nacisn\u0105\u0107 przycisk \u201eAnuluj\u201d\u00a0lub klikn\u0105\u0107 gdziekolwiek poza oknem generowania nowego raportu.<\/p>\n<p><a href=\"https:\/\/www.fmsdocumentation.com\/wp-content\/uploads\/2019\/01\/179PL-6.png\"><img loading=\"lazy\" decoding=\"async\" class=\"alignnone wp-image-7089 size-full\" src=\"https:\/\/www.fmsdocumentation.com\/wp-content\/uploads\/2019\/01\/179PL-6.png\" alt=\"\" width=\"485\" height=\"92\" srcset=\"https:\/\/www.fmsdocumentation.com\/wp-content\/uploads\/2019\/01\/179PL-6.png 485w, https:\/\/www.fmsdocumentation.com\/wp-content\/uploads\/2019\/01\/179PL-6-300x57.png 300w\" sizes=\"auto, (max-width: 485px) 100vw, 485px\" \/><\/a><\/p>\n<hr \/>\n<p><div class=\"alignleft\"><a href=\"https:\/\/www.fmsdocumentation.com\/pl\/reports\/trips-report\/\" title=\"Raport przejazd\u00f3w\u00a0\"><span class=\"arrow\">\u2039 &nbsp <\/span> Raport przejazd\u00f3w\u00a0 <\/a><\/div> <div class=\"alignright\"><a href=\"https:\/\/www.fmsdocumentation.com\/pl\/reports\/reports-managing\/\" title=\"Zarz\u0105dzanie raportami\">Zarz\u0105dzanie raportami <span class=\"arrow\"> &nbsp\u203a <\/span> <\/a><\/div><\/p>\n<p>&nbsp;<\/p>\n","protected":false},"excerpt":{"rendered":"<p>Raport czasu pracy \u2013 ten raport skupia si\u0119 na generowaniu szczeg\u00f3\u0142\u00f3w dotycz\u0105cych godzin pracy oraz zwi\u0105zanych z tym informacji. Najpierw u\u017cytkownik musi wybra\u0107, na podstawie czego zostanie utworzony raport (kierowcy czy obiekty). Zakres dat\u00a0\u2013 aby wybra\u0107 dat\u0119, nale\u017cy klikn\u0105\u0107 pole \u201eWybierz zakres czasu\u201d. Otworzy si\u0119 w\u00f3wczas panel kalendarza. Panel kalendarza jest taki sam w ca\u0142ym &hellip; <a href=\"https:\/\/www.fmsdocumentation.com\/pl\/reports\/working-hours-report\/\" class=\"more-link\">Czytaj dalej <span class=\"screen-reader-text\">Raport czasu pracy<\/span><\/a><\/p>\n","protected":false},"author":1,"featured_media":0,"parent":4567,"menu_order":14,"comment_status":"closed","ping_status":"closed","template":"","meta":{"footnotes":""},"class_list":["post-4548","page","type-page","status-publish","hentry"],"_links":{"self":[{"href":"https:\/\/www.fmsdocumentation.com\/pl\/wp-json\/wp\/v2\/pages\/4548","targetHints":{"allow":["GET"]}}],"collection":[{"href":"https:\/\/www.fmsdocumentation.com\/pl\/wp-json\/wp\/v2\/pages"}],"about":[{"href":"https:\/\/www.fmsdocumentation.com\/pl\/wp-json\/wp\/v2\/types\/page"}],"author":[{"embeddable":true,"href":"https:\/\/www.fmsdocumentation.com\/pl\/wp-json\/wp\/v2\/users\/1"}],"replies":[{"embeddable":true,"href":"https:\/\/www.fmsdocumentation.com\/pl\/wp-json\/wp\/v2\/comments?post=4548"}],"version-history":[{"count":4,"href":"https:\/\/www.fmsdocumentation.com\/pl\/wp-json\/wp\/v2\/pages\/4548\/revisions"}],"predecessor-version":[{"id":7091,"href":"https:\/\/www.fmsdocumentation.com\/pl\/wp-json\/wp\/v2\/pages\/4548\/revisions\/7091"}],"up":[{"embeddable":true,"href":"https:\/\/www.fmsdocumentation.com\/pl\/wp-json\/wp\/v2\/pages\/4567"}],"wp:attachment":[{"href":"https:\/\/www.fmsdocumentation.com\/pl\/wp-json\/wp\/v2\/media?parent=4548"}],"curies":[{"name":"wp","href":"https:\/\/api.w.org\/{rel}","templated":true}]}}