{"id":4549,"date":"2017-04-07T08:44:47","date_gmt":"2017-04-07T08:44:47","guid":{"rendered":"http:\/\/www.fmsdocumentation.com\/trips-report\/"},"modified":"2019-01-28T14:46:08","modified_gmt":"2019-01-28T12:46:08","slug":"trips-report","status":"publish","type":"page","link":"https:\/\/www.fmsdocumentation.com\/pl\/reports\/trips-report\/","title":{"rendered":"Raport przejazd\u00f3w\u00a0"},"content":{"rendered":"<p><strong>Raport przejazd\u00f3w<\/strong>\u00a0\u2013 ten raport skupia si\u0119 na generowaniu szczeg\u00f3\u0142\u00f3w dotycz\u0105cych podr\u00f3\u017cy, takich jak miejsce rozpocz\u0119cia podr\u00f3\u017cy i jej zako\u0144czenia, czas trwania podr\u00f3\u017cy, przejechana odleg\u0142o\u015b\u0107 itp. Najpierw u\u017cytkownik musi wybra\u0107 zakres czasowy, dla kt\u00f3rego zostanie wygenerowany raport.<\/p>\n<p><strong>Zakres dat<\/strong>\u00a0\u2013 aby wybra\u0107 dat\u0119, nale\u017cy klikn\u0105\u0107 pole \u201eWybierz zakres czasu\u201d. Otworzy si\u0119 w\u00f3wczas panel kalendarza. Panel kalendarza jest taki sam w ca\u0142ym systemie FMS. Aby wybra\u0107 dat\u0119 pocz\u0105tkow\u0105\/ko\u0144cow\u0105, wystarczy klikn\u0105\u0107 na \u017c\u0105dan\u0105 dat\u0119, a nast\u0119pnie na drug\u0105 z nich. Wybrane dni b\u0119d\u0105 zaznaczone kolorem niebieskim. Aktualna data jest zaznaczona niewielkim niebieskim tr\u00f3jk\u0105tem w lewym rogu pola wskazuj\u0105cego t\u0119 dat\u0119. Je\u015bli zostanie wybrana (zaznaczona) aktualna data, kolor tr\u00f3jk\u0105ta zmieni si\u0119 na bia\u0142y. Aby wybra\u0107 preferowan\u0105 dat\u0119, nale\u017cy klikn\u0105\u0107 dat\u0119 pocz\u0105tkow\u0105 lub ko\u0144cow\u0105 (kolejno\u015b\u0107 wyboru nie ma znaczenia), po czym klikn\u0105\u0107 drug\u0105 z nich (ko\u0144cow\u0105\/pocz\u0105tkow\u0105). Potem u\u017cytkownik mo\u017ce okre\u015bli\u0107, od kt\u00f3rej godziny daty pocz\u0105tkowej do kt\u00f3rej godziny daty ko\u0144cowej ma by\u0107 wy\u015bwietlana historia. Aby zachowa\u0107 zmiany, nale\u017cy klikn\u0105\u0107 przycisk \u201eZastosuj\u201d. W przeciwnym razie zmiany nie zostan\u0105 zapisane.<\/p>\n<p><a href=\"https:\/\/www.fmsdocumentation.com\/wp-content\/uploads\/2019\/01\/180PL-4.png\"><img loading=\"lazy\" decoding=\"async\" class=\"alignnone wp-image-7073 size-full\" src=\"https:\/\/www.fmsdocumentation.com\/wp-content\/uploads\/2019\/01\/180PL-4.png\" alt=\"\" width=\"565\" height=\"562\" srcset=\"https:\/\/www.fmsdocumentation.com\/wp-content\/uploads\/2019\/01\/180PL-4.png 565w, https:\/\/www.fmsdocumentation.com\/wp-content\/uploads\/2019\/01\/180PL-4-150x150.png 150w, https:\/\/www.fmsdocumentation.com\/wp-content\/uploads\/2019\/01\/180PL-4-300x298.png 300w\" sizes=\"auto, (max-width: 565px) 100vw, 565px\" \/><\/a><\/p>\n<p>Minimalny okres czasu to jeden dzie\u0144. Aby wybra\u0107 jeden dzie\u0144, nale\u017cy klikn\u0105\u0107 dwukrotnie lewym przyciskiem myszy na \u017c\u0105dany dzie\u0144, zaznaczaj\u0105c go. Nast\u0119pnie nale\u017cy wybra\u0107 elementy, na podstawie kt\u00f3rych zostanie wygenerowany raport.<\/p>\n<p><strong>Raport na podstawie<\/strong>\u00a0\u2013 to ustawienie definiuje g\u0142\u00f3wny element raportu. Dost\u0119pne s\u0105 dwie opcje:<\/p>\n<ul>\n<li>Kierowcy;<\/li>\n<li>Pojazdy.<\/li>\n<\/ul>\n<p>Dzi\u0119ki tej funkcji wygenerowany raport b\u0119dzie wy\u015bwietla\u0142 informacje (parametry: przejechana trasa, miejsce rozpocz\u0119cia pracy itp.)\u00a0dla wybranego elementu (kierowcy lub obiekty). Zatem je\u015bli zostan\u0105 wybrane obiekty, raport b\u0119dzie wy\u015bwietla\u0142 informacje dla wybranych obiekt\u00f3w.<\/p>\n<p><strong>Pojazdy\/Kierowcy <\/strong>\u2013 w zale\u017cno\u015bci od wyboru w opcji \u201eRaport na podstawie\u201d ta opcje pozwala wybra\u0107, dla kt\u00f3rych obiekt\u00f3w\/kierowc\u00f3w b\u0119dzie generowany raport.<\/p>\n<p>W przypadku wyboru opcji <b>Pojazdy<\/b>\u00a0lista b\u0119dzie tak\u017ce zawiera\u0107 <strong>grupy<\/strong>\u00a0obiekt\u00f3w. U\u017cytkownik mo\u017ce wybra\u0107 ca\u0142\u0105 grup\u0119, zaznaczaj\u0105c pole wyboru przed grup\u0105 lub klikaj\u0105c na przycisk \u201e+\u201d, aby rozwin\u0105\u0107 grup\u0119 i zobaczy\u0107, kt\u00f3re obiekty si\u0119 w niej znajduj\u0105. Aby zwin\u0105\u0107 grup\u0119, wystarczy klikn\u0105\u0107 przycisk \u201e-\u201d.\u00a0<strong>W grupie mo\u017cna wybra\u0107 poszczeg\u00f3lne obiekty<\/strong>. Nale\u017cy pami\u0119ta\u0107, \u017ce w przypadku wyboru obiektu obecnego w kilku grupach b\u0119dzie on zaznaczony w ka\u017cdej z nich, jak pokazano na ilustracji poni\u017cej. W przypadku wyboru ca\u0142ej grupy pole wyboru b\u0119dzie mia\u0142o kolor niebieski z bia\u0142ym symbolem zaznaczenia. W przypadku wyboru cz\u0119\u015bci grupy w polu wyboru pojawi si\u0119 niebieski kwadrat (jak pokazano na ilustracji poni\u017cej). U\u017cytkownik mo\u017ce te\u017c skorzysta\u0107 z wyszukiwarki, aby szybko przeszuka\u0107 du\u017ce listy obiekt\u00f3w i grup.<\/p>\n<p><a href=\"https:\/\/www.fmsdocumentation.com\/wp-content\/uploads\/2019\/01\/181PL-2.png\"><img loading=\"lazy\" decoding=\"async\" class=\"alignnone wp-image-7075 size-full\" src=\"https:\/\/www.fmsdocumentation.com\/wp-content\/uploads\/2019\/01\/181PL-2.png\" alt=\"\" width=\"557\" height=\"301\" srcset=\"https:\/\/www.fmsdocumentation.com\/wp-content\/uploads\/2019\/01\/181PL-2.png 557w, https:\/\/www.fmsdocumentation.com\/wp-content\/uploads\/2019\/01\/181PL-2-300x162.png 300w\" sizes=\"auto, (max-width: 557px) 100vw, 557px\" \/><\/a><\/p>\n<p>W przypadku wyboru opcji\u00a0<strong>Kierowcy<\/strong>\u00a0na li\u015bcie b\u0119d\u0105 wy\u015bwietlani tylko kierowcy bez p\u00f3l wyboru. Tutaj wystarczy jedynie klika\u0107 na poszczeg\u00f3lnych kierowc\u00f3w na li\u015bcie, aby dodawa\u0107 ich do raportu. Lista aktualizuje si\u0119 automatycznie po wpisaniu ka\u017cdej litery w pasku wyszukiwania.<\/p>\n<p><a href=\"https:\/\/www.fmsdocumentation.com\/wp-content\/uploads\/2019\/01\/176PL-4.png\"><img loading=\"lazy\" decoding=\"async\" class=\"alignnone wp-image-7076 size-full\" src=\"https:\/\/www.fmsdocumentation.com\/wp-content\/uploads\/2019\/01\/176PL-4.png\" alt=\"\" width=\"560\" height=\"305\" srcset=\"https:\/\/www.fmsdocumentation.com\/wp-content\/uploads\/2019\/01\/176PL-4.png 560w, https:\/\/www.fmsdocumentation.com\/wp-content\/uploads\/2019\/01\/176PL-4-300x163.png 300w\" sizes=\"auto, (max-width: 560px) 100vw, 560px\" \/><\/a><\/p>\n<p>Po wybraniu obiekt\u00f3w\/kierowc\u00f3w nale\u017cy wybra\u0107 parametry na <strong>li\u015bcie kolumn<\/strong>. Ten raport domy\u015blnie b\u0119dzie zawiera\u0142 nast\u0119puj\u0105ce parametry:<\/p>\n<ul>\n<li>Czas rozpocz\u0119cia pracy\u00a0 \u2013 czas pierwszego uruchomienia zap\u0142onu, ten parametr jest obowi\u0105zkowy;<\/li>\n<li>Miejsce rozpocz\u0119cia pracy \u2013 miejsce pierwszego uruchomienia zap\u0142onu, ten parametr nie jest obowi\u0105zkowy;<\/li>\n<li>Czas zako\u0144czenia pracy \u2013 czas ostatniego wy\u0142\u0105czenia zap\u0142onu, ten parametr nie jest obowi\u0105zkowy;<\/li>\n<li>Miejsce zako\u0144czenia pracy \u2013 miejsce ostatniego wy\u0142\u0105czenia zap\u0142onu, ten parametr nie jest obowi\u0105zkowy;<\/li>\n<li>Zu\u017cycie paliwa \u2013 ca\u0142kowita ilo\u015b\u0107 paliwa zu\u017cytego podczas podr\u00f3\u017cy;<\/li>\n<li>Poziom paliwa na starcie \u2013 ca\u0142kowita ilo\u015b\u0107 paliwa w chwili rozpocz\u0119cia podr\u00f3\u017cy;<\/li>\n<li>Poziom paliwa na ko\u0144cu\u2013 ca\u0142kowita ilo\u015b\u0107 paliwa w chwili zako\u0144czenia podr\u00f3\u017cy;<\/li>\n<li>Kierowca \u2013 nazwisko kierowcy;<\/li>\n<li>Notatki \u2013 pusta kolumna, na informacje u\u017cytkownika;<\/li>\n<li>Przebieg na starcie \u2013 przebieg w chwili rozpocz\u0119cia podr\u00f3\u017cy;<\/li>\n<li>Przebieg ko\u0144cowy na ko\u0144cu \u2013 przebieg w chwili zako\u0144czenia podr\u00f3\u017cy;<\/li>\n<li>Przejechany przebieg (Mileage passed) \u2013 ca\u0142kowity przebieg przejechany na terenie geostrefy w ci\u0105gu dnia;<\/li>\n<\/ul>\n<p>Dodatkowo mo\u017cna wybra\u0107 opcjonalne parametry:<\/p>\n<ul>\n<li>Zu\u017cycie paliwa na 100 km;<\/li>\n<li>Zu\u017cycie paliwa w czasie pracy na biegu ja\u0142owym\u2013 ilo\u015b\u0107 paliwa zu\u017cywanego w czasie bezczynno\u015bci;<\/li>\n<li>Zu\u017cycie paliwa na godzin\u0119 \u2013 ilo\u015b\u0107 paliwa zu\u017cywanego na godzin\u0119 w podr\u00f3\u017cy;<\/li>\n<li>Czas trwania biegu\u00a0ja\u0142owego \u2013 czas, gdy pojazd by\u0142 bezczynny;<\/li>\n<li>R\u00f3\u017cnica przebiegu i drogomierza wirtualnego \u2013 r\u00f3\u017cnica pomi\u0119dzy przebiegiem i dystansem obliczonym przez wirtualny licznik przebiegu;<\/li>\n<li>Nr \u2013 dodaje kolumn\u0119 numerowania dla podr\u00f3\u017cy;<\/li>\n<li>Pr\u0119dko\u015b\u0107 \u015brednia \u2013 \u015brednia pr\u0119dko\u015b\u0107 w trakcie podr\u00f3\u017cy;<\/li>\n<li>Pr\u0119dko\u015b\u0107 maksymalna \u2013 maksymalna pr\u0119dko\u015b\u0107 osi\u0105gni\u0119ta w trakcie podr\u00f3\u017cy;<\/li>\n<li>Rodzaj przejazdu\u2013 wskazuje jeden z rodzaj\u00f3w podr\u00f3\u017cy: s\u0142u\u017cbowa, prywatna, brak;<\/li>\n<li>Czas pracy \u2013 ca\u0142kowity czas, kiedy pojazd by\u0142 w ruchu, ten parametr nie jest obowi\u0105zkowy;<\/li>\n<li>Czas postoju \u2013 ca\u0142kowity czas, kiedy pojazd si\u0119 nie porusza\u0142, ten parametr nie jest obowi\u0105zkowy;<\/li>\n<li>Drogomierz wirtualny \u2013 przebieg wed\u0142ug wirtualnego licznika obliczany na podstawie r\u00f3\u017cnicy pomi\u0119dzy pocz\u0105tkiem a ko\u0144cem podr\u00f3\u017cy.<\/li>\n<\/ul>\n<p>Po wybraniu parametr\u00f3w na li\u015bcie kolumn mo\u017cna w\u0142\u0105czy\u0107 albo wy\u0142\u0105czy\u0107 nast\u0119puj\u0105ce dodatkowe ustawienia.<\/p>\n<p><strong>Skr\u00f3cona wersja raportu<\/strong>\u2013 opcja domy\u015blnie wy\u0142\u0105czona. W\u0142\u0105czenie tej opcji spowoduje po\u0142\u0105czenie wszystkich danych z okre\u015blonej geostrefy dotycz\u0105cych obiektu\/kierowcy w jedno podsumowanie i tabel\u0119 z informacjami szczeg\u00f3\u0142owymi, zamiast oddzielnych tabel dotycz\u0105cych ka\u017cdego dnia wybranego w ustawieniach raportu. W\u0142\u0105czenie tej opcji pozwoli te\u017c na w\u0142\u0105czenie opcji \u201ePodsumowanie raportu\u201d.<\/p>\n<p><strong>Poka\u017c raport podsumowuj\u0105cy<\/strong> \u2013 opcja domy\u015blnie w\u0142\u0105czona; pozwala do\u0142\u0105czy\u0107 do raportu sekcj\u0119 podsumowuj\u0105c\u0105. B\u0119dzie to podsumowanie wszystkich informacji w raporcie<strong>.\u00a0<\/strong>Po wyborze podsumowania raportu mo\u017cna wybra\u0107 przedzia\u0142 czasowy.<\/p>\n<p><strong>Poka\u017c na mapie \u2013<\/strong>\u00a0opcja domy\u015blnie w\u0142\u0105czona; pozwala zamie\u015bci\u0107 w raporcie map\u0119 z zaznaczonymi wszystkimi zdarzeniami spuszczania paliwa\/tankowania.<\/p>\n<p><strong>Podziel przejazd na cz\u0119\u015bci przypadku przekraczania granicy \u2013\u00a0<\/strong>opcja domy\u015blnie wy\u0142\u0105czona; po jej w\u0142\u0105czeniu, je\u015bli w trakcie podr\u00f3\u017cy nast\u0105pi przekroczenie granicy, podr\u00f3\u017c zostanie podzielona w tym miejscu na dwie podr\u00f3\u017ce &#8211; jedn\u0105 do granicy i drug\u0105 od granicy.<\/p>\n<p><strong>Poka\u017c niewielkie przejazdy\u00a0<\/strong>\u2013 opcja domy\u015blnie wy\u0142\u0105czona; po jej w\u0142\u0105czeniu w raporcie uwzgl\u0119dnione zostan\u0105 podr\u00f3\u017ce o ca\u0142kowitym przejechanym dystansie kr\u00f3tszym ni\u017c 50 metr\u00f3w.<\/p>\n<p><a href=\"https:\/\/www.fmsdocumentation.com\/wp-content\/uploads\/2019\/01\/187PL.png\"><img loading=\"lazy\" decoding=\"async\" class=\"alignnone wp-image-7077 size-large\" src=\"https:\/\/www.fmsdocumentation.com\/wp-content\/uploads\/2019\/01\/187PL-1024x403.png\" alt=\"\" width=\"660\" height=\"260\" srcset=\"https:\/\/www.fmsdocumentation.com\/wp-content\/uploads\/2019\/01\/187PL-1024x403.png 1024w, https:\/\/www.fmsdocumentation.com\/wp-content\/uploads\/2019\/01\/187PL-300x118.png 300w, https:\/\/www.fmsdocumentation.com\/wp-content\/uploads\/2019\/01\/187PL-768x303.png 768w, https:\/\/www.fmsdocumentation.com\/wp-content\/uploads\/2019\/01\/187PL.png 1208w\" sizes=\"auto, (max-width: 660px) 100vw, 660px\" \/><\/a><\/p>\n<p>Aby zako\u0144czy\u0107 i wygenerowa\u0107 raport, nale\u017cy klikn\u0105\u0107 przycisk \u201eGeneruj\u201d. Aby anulowa\u0107 tworzenie raportu, nale\u017cy nacisn\u0105\u0107 przycisk \u201eAnuluj\u201d lub klikn\u0105\u0107 gdziekolwiek poza oknem generowania nowego raportu.<\/p>\n<p><a href=\"https:\/\/www.fmsdocumentation.com\/wp-content\/uploads\/2019\/01\/179PL-5.png\"><img loading=\"lazy\" decoding=\"async\" class=\"alignnone wp-image-7078 size-full\" src=\"https:\/\/www.fmsdocumentation.com\/wp-content\/uploads\/2019\/01\/179PL-5.png\" alt=\"\" width=\"485\" height=\"92\" srcset=\"https:\/\/www.fmsdocumentation.com\/wp-content\/uploads\/2019\/01\/179PL-5.png 485w, https:\/\/www.fmsdocumentation.com\/wp-content\/uploads\/2019\/01\/179PL-5-300x57.png 300w\" sizes=\"auto, (max-width: 485px) 100vw, 485px\" \/><\/a><\/p>\n<hr \/>\n<p><div class=\"alignleft\"><a href=\"https:\/\/www.fmsdocumentation.com\/pl\/reports\/travel-summary-report\/\" title=\"Raport podsumowuj\u0105cy podr\u00f3\u017a\"><span class=\"arrow\">\u2039 &nbsp <\/span> Raport podsumowuj\u0105cy podr\u00f3\u017a <\/a><\/div> <div class=\"alignright\"><a href=\"https:\/\/www.fmsdocumentation.com\/pl\/reports\/working-hours-report\/\" title=\"Raport czasu pracy\">Raport czasu pracy <span class=\"arrow\"> &nbsp\u203a <\/span> <\/a><\/div><\/p>\n","protected":false},"excerpt":{"rendered":"<p>Raport przejazd\u00f3w\u00a0\u2013 ten raport skupia si\u0119 na generowaniu szczeg\u00f3\u0142\u00f3w dotycz\u0105cych podr\u00f3\u017cy, takich jak miejsce rozpocz\u0119cia podr\u00f3\u017cy i jej zako\u0144czenia, czas trwania podr\u00f3\u017cy, przejechana odleg\u0142o\u015b\u0107 itp. Najpierw u\u017cytkownik musi wybra\u0107 zakres czasowy, dla kt\u00f3rego zostanie wygenerowany raport. Zakres dat\u00a0\u2013 aby wybra\u0107 dat\u0119, nale\u017cy klikn\u0105\u0107 pole \u201eWybierz zakres czasu\u201d. Otworzy si\u0119 w\u00f3wczas panel kalendarza. Panel kalendarza jest &hellip; <a href=\"https:\/\/www.fmsdocumentation.com\/pl\/reports\/trips-report\/\" class=\"more-link\">Czytaj dalej <span class=\"screen-reader-text\">Raport przejazd\u00f3w\u00a0<\/span><\/a><\/p>\n","protected":false},"author":1,"featured_media":0,"parent":4567,"menu_order":13,"comment_status":"closed","ping_status":"closed","template":"","meta":{"footnotes":""},"class_list":["post-4549","page","type-page","status-publish","hentry"],"_links":{"self":[{"href":"https:\/\/www.fmsdocumentation.com\/pl\/wp-json\/wp\/v2\/pages\/4549","targetHints":{"allow":["GET"]}}],"collection":[{"href":"https:\/\/www.fmsdocumentation.com\/pl\/wp-json\/wp\/v2\/pages"}],"about":[{"href":"https:\/\/www.fmsdocumentation.com\/pl\/wp-json\/wp\/v2\/types\/page"}],"author":[{"embeddable":true,"href":"https:\/\/www.fmsdocumentation.com\/pl\/wp-json\/wp\/v2\/users\/1"}],"replies":[{"embeddable":true,"href":"https:\/\/www.fmsdocumentation.com\/pl\/wp-json\/wp\/v2\/comments?post=4549"}],"version-history":[{"count":5,"href":"https:\/\/www.fmsdocumentation.com\/pl\/wp-json\/wp\/v2\/pages\/4549\/revisions"}],"predecessor-version":[{"id":7082,"href":"https:\/\/www.fmsdocumentation.com\/pl\/wp-json\/wp\/v2\/pages\/4549\/revisions\/7082"}],"up":[{"embeddable":true,"href":"https:\/\/www.fmsdocumentation.com\/pl\/wp-json\/wp\/v2\/pages\/4567"}],"wp:attachment":[{"href":"https:\/\/www.fmsdocumentation.com\/pl\/wp-json\/wp\/v2\/media?parent=4549"}],"curies":[{"name":"wp","href":"https:\/\/api.w.org\/{rel}","templated":true}]}}