{"id":4551,"date":"2017-04-07T08:37:53","date_gmt":"2017-04-07T08:37:53","guid":{"rendered":"http:\/\/www.fmsdocumentation.com\/temperatures-report\/"},"modified":"2019-01-28T14:45:27","modified_gmt":"2019-01-28T12:45:27","slug":"temperatures-report","status":"publish","type":"page","link":"https:\/\/www.fmsdocumentation.com\/pl\/reports\/temperatures-report\/","title":{"rendered":"Raport temperatur"},"content":{"rendered":"<p><strong>Raport temperatur<\/strong>\u00a0\u2013 ten rodzaj raportu dotyczy g\u0142\u00f3wnie danych z czujnik\u00f3w temperatury. Najpierw u\u017cytkownik musi wybra\u0107 zakres czasu, dla kt\u00f3rego zostanie wygenerowany raport.<\/p>\n<p><strong>Zakres dat<\/strong>\u00a0\u2013 aby wybra\u0107 dat\u0119, nale\u017cy klikn\u0105\u0107 pole \u201eWybierz okres\u201d. Otworzy si\u0119 w\u00f3wczas panel kalendarza. Panel kalendarza jest taki sam w ca\u0142ym systemie FMS. Aby wybra\u0107 dat\u0119 pocz\u0105tkow\u0105\/ko\u0144cow\u0105, wystarczy klikn\u0105\u0107 na \u017c\u0105dan\u0105 dat\u0119, a nast\u0119pnie na drug\u0105 z nich. Wybrane dni b\u0119d\u0105 zaznaczone kolorem niebieskim. Aktualna data jest zaznaczona niewielkim niebieskim tr\u00f3jk\u0105tem w lewym rogu pola wskazuj\u0105cego t\u0119 dat\u0119. Je\u015bli zostanie wybrana (zaznaczona) aktualna data, kolor tr\u00f3jk\u0105ta zmieni si\u0119 na bia\u0142y. Aby wybra\u0107 preferowan\u0105 dat\u0119, nale\u017cy klikn\u0105\u0107 dat\u0119 pocz\u0105tkow\u0105 lub ko\u0144cow\u0105 (kolejno\u015b\u0107 wyboru nie ma znaczenia), po czym klikn\u0105\u0107 drug\u0105 z nich (ko\u0144cow\u0105\/pocz\u0105tkow\u0105). Potem u\u017cytkownik mo\u017ce okre\u015bli\u0107, od kt\u00f3rej godziny daty pocz\u0105tkowej do kt\u00f3rej godziny daty ko\u0144cowej ma by\u0107 wy\u015bwietlana historia. Aby zachowa\u0107 zmiany, nale\u017cy klikn\u0105\u0107 przycisk \u201eZastosuj\u201d. W przeciwnym razie zmiany nie zostan\u0105 zapisane.<\/p>\n<p><a href=\"https:\/\/www.fmsdocumentation.com\/wp-content\/uploads\/2019\/01\/180PL-2.png\"><img loading=\"lazy\" decoding=\"async\" class=\"alignnone wp-image-7059 size-full\" src=\"https:\/\/www.fmsdocumentation.com\/wp-content\/uploads\/2019\/01\/180PL-2.png\" alt=\"\" width=\"565\" height=\"562\" srcset=\"https:\/\/www.fmsdocumentation.com\/wp-content\/uploads\/2019\/01\/180PL-2.png 565w, https:\/\/www.fmsdocumentation.com\/wp-content\/uploads\/2019\/01\/180PL-2-150x150.png 150w, https:\/\/www.fmsdocumentation.com\/wp-content\/uploads\/2019\/01\/180PL-2-300x298.png 300w\" sizes=\"auto, (max-width: 565px) 100vw, 565px\" \/><\/a><\/p>\n<p>Minimalny okres czasu to jeden dzie\u0144. Aby wybra\u0107 jeden dzie\u0144, nale\u017cy klikn\u0105\u0107 dwukrotnie lewym przyciskiem myszy na \u017c\u0105dany dzie\u0144, zaznaczaj\u0105c go. Nast\u0119pnie nale\u017cy wybra\u0107 obiekty, dla kt\u00f3rych zostanie wygenerowany raport.<\/p>\n<p><strong>Pojazdy<\/strong>\u00a0\u2013 tutaj u\u017cytkownik mo\u017ce wybra\u0107, dla kt\u00f3rych obiekt\u00f3w zostanie wygenerowany raport. Lista b\u0119dzie tak\u017ce zawiera\u0107 <strong>grupy<\/strong>\u00a0obiekt\u00f3w. U\u017cytkownik mo\u017ce wybra\u0107 ca\u0142\u0105 grup\u0119, zaznaczaj\u0105c pole wyboru przed grup\u0105 lub klikaj\u0105c na przycisk \u201e+\u201d, aby rozwin\u0105\u0107 grup\u0119 i zobaczy\u0107, kt\u00f3re obiekty si\u0119 w niej znajduj\u0105. Aby zwin\u0105\u0107 grup\u0119, wystarczy klikn\u0105\u0107 przycisk \u201e-\u201d.\u00a0<strong>W grupie mo\u017cna wybra\u0107 poszczeg\u00f3lne obiekty<\/strong>. Nale\u017cy pami\u0119ta\u0107, \u017ce w przypadku wyboru obiektu obecnego w kilku grupach b\u0119dzie on zaznaczony w ka\u017cdej grupie, jak pokazano poni\u017cej na ilustracji. W przypadku wyboru ca\u0142ej grupy pole wyboru b\u0119dzie mia\u0142o kolor niebieski z bia\u0142ym symbolem zaznaczenia. W przypadku wyboru cz\u0119\u015bci grupy w polu wyboru pojawi si\u0119 niebieski kwadrat (jak pokazano na ilustracji poni\u017cej). U\u017cytkownik mo\u017ce te\u017c skorzysta\u0107 z wyszukiwarki, aby szybko przeszuka\u0107 du\u017ce listy obiekt\u00f3w i grup.<\/p>\n<p><a href=\"https:\/\/www.fmsdocumentation.com\/wp-content\/uploads\/2017\/04\/281.png\"><img loading=\"lazy\" decoding=\"async\" class=\"alignnone wp-image-966 size-full\" src=\"https:\/\/www.fmsdocumentation.com\/wp-content\/uploads\/2017\/04\/281.png\" alt=\"\" width=\"582\" height=\"411\" srcset=\"https:\/\/www.fmsdocumentation.com\/wp-content\/uploads\/2017\/04\/281.png 582w, https:\/\/www.fmsdocumentation.com\/wp-content\/uploads\/2017\/04\/281-300x212.png 300w\" sizes=\"auto, (max-width: 582px) 100vw, 582px\" \/><\/a><\/p>\n<p>Po wybraniu obiekt\u00f3w nale\u017cy wybra\u0107 przedzia\u0142 czasowy.<\/p>\n<p><strong>Podzielone odst\u0119py<\/strong>\u00a0\u2013 pozwala u\u017cytkownikowi wybra\u0107 odst\u0119p czasu pomi\u0119dzy poszczeg\u00f3lnymi pomiarami temperatur; to oznacza, \u017ce temperatury b\u0119d\u0105 wy\u015bwietlane co okre\u015blony czas (na przyk\u0142ad, co 30 minut). Mo\u017cna wybra\u0107 jeden z predefiniowanych przedzia\u0142\u00f3w czasowych:<\/p>\n<ul>\n<li>15 min. \u2013 domy\u015blny;<\/li>\n<li>30 min.;<\/li>\n<li>45 min.;<\/li>\n<li>1 godz.;<\/li>\n<li>1,5 godz.;<\/li>\n<li>2 godz.;<\/li>\n<\/ul>\n<p>Po konfiguracji przedzia\u0142u czasowego nale\u017cy wybra\u0107 parametry na <strong>li\u015bcie kolumn<\/strong>. Ten raport domy\u015blnie b\u0119dzie zawiera\u0142 nast\u0119puj\u0105ce parametry:<\/p>\n<ul>\n<li>Okres \u2013 ten parametr jest obowi\u0105zkowy; wy\u015bwietla okres czasu, dla kt\u00f3rego podawane s\u0105 temperatury;<\/li>\n<li>Wej\u015bciowa \u015brednia \u2013 ten parametr nie jest obowi\u0105zkowy; pokazuje \u015bredni\u0105 warto\u015b\u0107 dla czujnika temperatury;<\/li>\n<li>Wej\u015bciowa\u00a0max \u2013 ten parametr nie jest obowi\u0105zkowy; pokazuje maksymaln\u0105 zarejestrowan\u0105 warto\u015b\u0107 dla czujnika temperatury;<\/li>\n<li>Wej\u015bciowa\u00a0min \u2013 ten parametr nie jest obowi\u0105zkowy; pokazuje minimaln\u0105 zarejestrowan\u0105 warto\u015b\u0107 dla czujnika temperatury;<\/li>\n<\/ul>\n<p>Cho\u0107 kolumna czujnika nie jest wybrana domy\u015blnie, jest wymagana, aby wy\u015bwietla\u0107 dane na temat temperatury. X przedstawia numer czujnika (od 1 do 3). Dla czujnika mo\u017cna wybra\u0107 nast\u0119puj\u0105ce tabele:<\/p>\n<ul>\n<li>Czujnik temperatury X min \u2013 minimalna zarejestrowana temperatura dla czujnika X;<\/li>\n<li>Czujnik temperatury X \u015brednia\u00a0 \u2013 \u015brednia zarejestrowana temperatura dla czujnika X;<\/li>\n<li>Czujnik temperatury X max\u2013 maksymalna zarejestrowana temperatura dla czujnika X;<\/li>\n<li>Pozycja ko\u0144cowa \u2013 adres ostatnich wsp\u00f3\u0142rz\u0119dnych w wybranym okresie czasu;<\/li>\n<li>Pozycja pocz\u0105tkowa \u2013 adres pierwszych wsp\u00f3\u0142rz\u0119dnych w wybranym okresie czasu.<\/li>\n<\/ul>\n<p>Po wybraniu parametr\u00f3w na li\u015bcie kolumn mo\u017cna w\u0142\u0105czy\u0107 albo wy\u0142\u0105czy\u0107 podsumowanie raportu.<\/p>\n<p><strong>Poka\u017a podsumowuj\u0105cy raportu <\/strong>\u2013 opcja domy\u015blnie w\u0142\u0105czona; pozwala do\u0142\u0105czy\u0107 do raportu sekcj\u0119 podsumowuj\u0105c\u0105. B\u0119dzie to podsumowanie wszystkich informacji w raporcie<strong>.\u00a0<\/strong>Po wyborze podsumowania raportu mo\u017cna wybra\u0107 przedzia\u0142 czasowy.<\/p>\n<p><a href=\"https:\/\/www.fmsdocumentation.com\/wp-content\/uploads\/2019\/01\/185PL.png\"><img loading=\"lazy\" decoding=\"async\" class=\"alignnone wp-image-7060 size-large\" src=\"https:\/\/www.fmsdocumentation.com\/wp-content\/uploads\/2019\/01\/185PL-1024x270.png\" alt=\"\" width=\"660\" height=\"174\" srcset=\"https:\/\/www.fmsdocumentation.com\/wp-content\/uploads\/2019\/01\/185PL-1024x270.png 1024w, https:\/\/www.fmsdocumentation.com\/wp-content\/uploads\/2019\/01\/185PL-300x79.png 300w, https:\/\/www.fmsdocumentation.com\/wp-content\/uploads\/2019\/01\/185PL-768x203.png 768w, https:\/\/www.fmsdocumentation.com\/wp-content\/uploads\/2019\/01\/185PL.png 1197w\" sizes=\"auto, (max-width: 660px) 100vw, 660px\" \/><\/a><\/p>\n<p>Aby doko\u0144czy\u0107 i wygenerowa\u0107 raport, nale\u017cy klikn\u0105\u0107 przycisk \u201eGeneruj\u201d. Aby anulowa\u0107 tworzenie raportu, nale\u017cy nacisn\u0105\u0107 przycisk \u201eAnuluj\u201d lub klikn\u0105\u0107 gdziekolwiek poza oknem generowania nowego raportu.<\/p>\n<p><a href=\"https:\/\/www.fmsdocumentation.com\/wp-content\/uploads\/2019\/01\/179PL-3.png\"><img loading=\"lazy\" decoding=\"async\" class=\"alignnone wp-image-7061 size-full\" src=\"https:\/\/www.fmsdocumentation.com\/wp-content\/uploads\/2019\/01\/179PL-3.png\" alt=\"\" width=\"485\" height=\"92\" srcset=\"https:\/\/www.fmsdocumentation.com\/wp-content\/uploads\/2019\/01\/179PL-3.png 485w, https:\/\/www.fmsdocumentation.com\/wp-content\/uploads\/2019\/01\/179PL-3-300x57.png 300w\" sizes=\"auto, (max-width: 485px) 100vw, 485px\" \/><\/a><\/p>\n<hr \/>\n<p><div class=\"alignleft\"><a href=\"https:\/\/www.fmsdocumentation.com\/pl\/reports\/geozones-report\/\" title=\"Raport stref geograficznych\"><span class=\"arrow\">\u2039 &nbsp <\/span> Raport stref geograficznych <\/a><\/div> <div class=\"alignright\"><a href=\"https:\/\/www.fmsdocumentation.com\/pl\/reports\/travel-summary-report\/\" title=\"Raport podsumowuj\u0105cy podr\u00f3\u017a\">Raport podsumowuj\u0105cy podr\u00f3\u017a <span class=\"arrow\"> &nbsp\u203a <\/span> <\/a><\/div><\/p>\n<p>&nbsp;<\/p>\n","protected":false},"excerpt":{"rendered":"<p>Raport temperatur\u00a0\u2013 ten rodzaj raportu dotyczy g\u0142\u00f3wnie danych z czujnik\u00f3w temperatury. Najpierw u\u017cytkownik musi wybra\u0107 zakres czasu, dla kt\u00f3rego zostanie wygenerowany raport. Zakres dat\u00a0\u2013 aby wybra\u0107 dat\u0119, nale\u017cy klikn\u0105\u0107 pole \u201eWybierz okres\u201d. Otworzy si\u0119 w\u00f3wczas panel kalendarza. Panel kalendarza jest taki sam w ca\u0142ym systemie FMS. Aby wybra\u0107 dat\u0119 pocz\u0105tkow\u0105\/ko\u0144cow\u0105, wystarczy klikn\u0105\u0107 na \u017c\u0105dan\u0105 dat\u0119, &hellip; <a href=\"https:\/\/www.fmsdocumentation.com\/pl\/reports\/temperatures-report\/\" class=\"more-link\">Czytaj dalej <span class=\"screen-reader-text\">Raport temperatur<\/span><\/a><\/p>\n","protected":false},"author":1,"featured_media":0,"parent":4567,"menu_order":11,"comment_status":"closed","ping_status":"closed","template":"","meta":{"footnotes":""},"class_list":["post-4551","page","type-page","status-publish","hentry"],"_links":{"self":[{"href":"https:\/\/www.fmsdocumentation.com\/pl\/wp-json\/wp\/v2\/pages\/4551","targetHints":{"allow":["GET"]}}],"collection":[{"href":"https:\/\/www.fmsdocumentation.com\/pl\/wp-json\/wp\/v2\/pages"}],"about":[{"href":"https:\/\/www.fmsdocumentation.com\/pl\/wp-json\/wp\/v2\/types\/page"}],"author":[{"embeddable":true,"href":"https:\/\/www.fmsdocumentation.com\/pl\/wp-json\/wp\/v2\/users\/1"}],"replies":[{"embeddable":true,"href":"https:\/\/www.fmsdocumentation.com\/pl\/wp-json\/wp\/v2\/comments?post=4551"}],"version-history":[{"count":4,"href":"https:\/\/www.fmsdocumentation.com\/pl\/wp-json\/wp\/v2\/pages\/4551\/revisions"}],"predecessor-version":[{"id":7081,"href":"https:\/\/www.fmsdocumentation.com\/pl\/wp-json\/wp\/v2\/pages\/4551\/revisions\/7081"}],"up":[{"embeddable":true,"href":"https:\/\/www.fmsdocumentation.com\/pl\/wp-json\/wp\/v2\/pages\/4567"}],"wp:attachment":[{"href":"https:\/\/www.fmsdocumentation.com\/pl\/wp-json\/wp\/v2\/media?parent=4551"}],"curies":[{"name":"wp","href":"https:\/\/api.w.org\/{rel}","templated":true}]}}