{"id":4552,"date":"2017-04-07T08:20:35","date_gmt":"2017-04-07T08:20:35","guid":{"rendered":"http:\/\/www.fmsdocumentation.com\/geozones-report\/"},"modified":"2019-01-28T13:26:22","modified_gmt":"2019-01-28T11:26:22","slug":"geozones-report","status":"publish","type":"page","link":"https:\/\/www.fmsdocumentation.com\/pl\/reports\/geozones-report\/","title":{"rendered":"Raport stref geograficznych"},"content":{"rendered":"<p><strong>Raport stref geograficznych<\/strong>\u2013 ten rodzaj raportu dotyczy g\u0142\u00f3wnie dzia\u0142a\u0144 na terenie i w okolicy okre\u015blonych geostref. Geostrefy ustawia si\u0119 w menu\u00a0geostref. Najpierw nale\u017cy wybra\u0107 zakres czasu, dla kt\u00f3rego zostanie wygenerowany raport.<\/p>\n<p><strong>Zakres dat<\/strong>\u00a0\u2013 aby wybra\u0107 dat\u0119, nale\u017cy klikn\u0105\u0107 pole \u201eWybierz okres\u201d. Otworzy si\u0119 w\u00f3wczas panel kalendarza. Panel kalendarza jest taki sam w ca\u0142ym systemie FMS. Aby wybra\u0107 dat\u0119 pocz\u0105tkow\u0105\/ko\u0144cow\u0105, wystarczy klikn\u0105\u0107 na \u017c\u0105dan\u0105 dat\u0119, a nast\u0119pnie na drug\u0105 z nich. Wybrane dni b\u0119d\u0105 zaznaczone kolorem niebieskim. Aktualna data jest zaznaczona niewielkim niebieskim tr\u00f3jk\u0105tem w lewym rogu pola wskazuj\u0105cego t\u0119 dat\u0119. Je\u015bli zostanie wybrana (zaznaczona) aktualna data, kolor tr\u00f3jk\u0105ta zmieni si\u0119 na bia\u0142y. Aby wybra\u0107 preferowan\u0105 dat\u0119, nale\u017cy klikn\u0105\u0107 dat\u0119 pocz\u0105tkow\u0105 lub ko\u0144cow\u0105 (kolejno\u015b\u0107 wyboru nie ma znaczenia), po czym klikn\u0105\u0107 drug\u0105 z nich (ko\u0144cow\u0105\/pocz\u0105tkow\u0105). Potem u\u017cytkownik mo\u017ce okre\u015bli\u0107, od kt\u00f3rej godziny daty pocz\u0105tkowej do kt\u00f3rej godziny daty ko\u0144cowej ma by\u0107 wy\u015bwietlana historia. Aby zachowa\u0107 zmiany, nale\u017cy klikn\u0105\u0107 przycisk \u201eZastosuj\u201d. W przeciwnym razie zmiany nie zostan\u0105 zapisane.<\/p>\n<p><a href=\"https:\/\/www.fmsdocumentation.com\/wp-content\/uploads\/2019\/01\/180PL-1.png\"><img loading=\"lazy\" decoding=\"async\" class=\"alignnone wp-image-7049 size-full\" src=\"https:\/\/www.fmsdocumentation.com\/wp-content\/uploads\/2019\/01\/180PL-1.png\" alt=\"\" width=\"565\" height=\"562\" srcset=\"https:\/\/www.fmsdocumentation.com\/wp-content\/uploads\/2019\/01\/180PL-1.png 565w, https:\/\/www.fmsdocumentation.com\/wp-content\/uploads\/2019\/01\/180PL-1-150x150.png 150w, https:\/\/www.fmsdocumentation.com\/wp-content\/uploads\/2019\/01\/180PL-1-300x298.png 300w\" sizes=\"auto, (max-width: 565px) 100vw, 565px\" \/><\/a><\/p>\n<p>Minimalny okres czasu to jeden dzie\u0144. Aby wybra\u0107 jeden dzie\u0144, nale\u017cy klikn\u0105\u0107 dwukrotnie lewym przyciskiem myszy na \u017c\u0105dany dzie\u0144, zaznaczaj\u0105c go. Nast\u0119pnie nale\u017cy wybra\u0107 elementy, na podstawie kt\u00f3rych zostanie wygenerowany raport.<\/p>\n<p><strong>Raport na podstawie <\/strong>\u00a0\u2013 to ustawienie definiuje g\u0142\u00f3wny element raportu. Dost\u0119pne s\u0105 dwie opcje:<\/p>\n<ul>\n<li>Kierowcy;<\/li>\n<li>Pojazdy.<\/li>\n<\/ul>\n<p>Dzi\u0119ki tej funkcji wygenerowany raport b\u0119dzie wy\u015bwietla\u0142 informacje (parametry: przejechana trasa, miejsce rozpocz\u0119cia pracy itp.)\u00a0dla wybranego elementu (kierowcy lub obiekty).\u00a0 Zatem je\u015bli zostan\u0105 wybrane obiekty, raport b\u0119dzie wy\u015bwietla\u0142 informacje dotycz\u0105ce wybranych obiekt\u00f3w.<\/p>\n<p><strong>Pojazdy\/Kierowcy<\/strong>\u00a0\u2013 (w zale\u017cno\u015bci od wyboru w opcji \u201eRaport na podstawie\u201d) ta opcje pozwala wybra\u0107, dla kt\u00f3rych obiekt\u00f3w\/kierowc\u00f3w b\u0119dzie generowany raport.<\/p>\n<p>W przypadku wyboru opcji\u00a0<strong>Pojazdy<\/strong>, lista b\u0119dzie tak\u017ce zawiera\u0107 <strong>grupy<\/strong>\u00a0obiekt\u00f3w. U\u017cytkownik mo\u017ce wybra\u0107 ca\u0142\u0105 grup\u0119, zaznaczaj\u0105c pole wyboru przed grup\u0105 lub klikaj\u0105c na przycisk \u201e+\u201d, aby rozwin\u0105\u0107 grup\u0119 i zobaczy\u0107, kt\u00f3re obiekty si\u0119 w niej znajduj\u0105. Aby zwin\u0105\u0107 grup\u0119, wystarczy klikn\u0105\u0107 przycisk \u201e-\u201d.\u00a0<strong>W grupie mo\u017cna wybra\u0107 poszczeg\u00f3lne obiekty<\/strong>. Nale\u017cy pami\u0119ta\u0107, \u017ce w przypadku wyboru obiektu znajduj\u0105cego si\u0119 w kilku grupach b\u0119dzie on zaznaczony w ka\u017cdej grupie, jak pokazano na ilustracji poni\u017cej. W przypadku wyboru ca\u0142ej grupy pole wyboru b\u0119dzie mia\u0142o kolor niebieski z bia\u0142ym symbolem zaznaczenia. W przypadku wyboru cz\u0119\u015bci grupy w polu wyboru pojawi si\u0119 niebieski kwadrat (jak pokazano na ilustracji poni\u017cej). U\u017cytkownik mo\u017ce te\u017c skorzysta\u0107 z wyszukiwarki, aby szybko przeszuka\u0107 du\u017ce listy obiekt\u00f3w i grup.<\/p>\n<p><a href=\"https:\/\/www.fmsdocumentation.com\/wp-content\/uploads\/2017\/04\/281.png\"><img loading=\"lazy\" decoding=\"async\" class=\"alignnone wp-image-966 size-full\" src=\"https:\/\/www.fmsdocumentation.com\/wp-content\/uploads\/2017\/04\/281.png\" alt=\"\" width=\"582\" height=\"411\" srcset=\"https:\/\/www.fmsdocumentation.com\/wp-content\/uploads\/2017\/04\/281.png 582w, https:\/\/www.fmsdocumentation.com\/wp-content\/uploads\/2017\/04\/281-300x212.png 300w\" sizes=\"auto, (max-width: 582px) 100vw, 582px\" \/><\/a><\/p>\n<p>W przypadku wyboru opcji\u00a0<strong>Kierowcy<\/strong>, na li\u015bcie b\u0119d\u0105 wy\u015bwietlani tylko kierowcy, bez p\u00f3l wyboru. Tutaj wystarczy jedynie klika\u0107 na poszczeg\u00f3lnych kierowc\u00f3w na li\u015bcie, aby dodawa\u0107 ich do raportu. Lista aktualizuje si\u0119 automatycznie po wpisaniu ka\u017cdej litery w pasku wyszukiwania.<\/p>\n<p><a href=\"https:\/\/www.fmsdocumentation.com\/wp-content\/uploads\/2019\/01\/176PL-2.png\"><img loading=\"lazy\" decoding=\"async\" class=\"alignnone wp-image-7050 size-full\" src=\"https:\/\/www.fmsdocumentation.com\/wp-content\/uploads\/2019\/01\/176PL-2.png\" alt=\"\" width=\"560\" height=\"305\" srcset=\"https:\/\/www.fmsdocumentation.com\/wp-content\/uploads\/2019\/01\/176PL-2.png 560w, https:\/\/www.fmsdocumentation.com\/wp-content\/uploads\/2019\/01\/176PL-2-300x163.png 300w\" sizes=\"auto, (max-width: 560px) 100vw, 560px\" \/><\/a><\/p>\n<p>Po zaznaczeniu obiekt\u00f3w lub kierowc\u00f3w u\u017cytkownik musi wybra\u0107 spos\u00f3b grupowania raport\u00f3w.<\/p>\n<p><strong>Grupuj wed\u0142ug <\/strong>\u00a0\u2013 pozwala okre\u015bli\u0107, wed\u0142ug czego raporty b\u0119d\u0105 grupowane; dla tego raportu dost\u0119pne s\u0105 nast\u0119puj\u0105ce opcje:<\/p>\n<ul>\n<li>Kierowca;<\/li>\n<li>Strefa geograficzna;<\/li>\n<li>Obiekt.<\/li>\n<\/ul>\n<p>Nast\u0119pnie nale\u017cy skonfigurowa\u0107 <strong>list\u0119 kolumn<\/strong>. Ten raport domy\u015blnie b\u0119dzie zawiera\u0142 nast\u0119puj\u0105ce parametry:<\/p>\n<ul>\n<li>Czas rozpocz\u0119cia \u2013 data i godzina, kiedy kierowca\/samoch\u00f3d pojawi\u0142 si\u0119 na terenie predefiniowanej geostrefy. Ten parametr jest obowi\u0105zkowy;<\/li>\n<li>Czas wyj\u015bcia\u00a0 \u2013 data i godzina, kiedy kierowca\/samoch\u00f3d opu\u015bci\u0142 predefiniowana geostref\u0119. Ten parametr jest obowi\u0105zkowy;<\/li>\n<li>Nazwa strefy geograficznej \u2013 nazwa danej geostrefy;<\/li>\n<\/ul>\n<p>Inne opcjonalne parametry, kt\u00f3re mo\u017cna wybra\u0107 na <strong>li\u015bcie kolumn<\/strong>:<\/p>\n<ul>\n<li>\u015arednie zu\u017cycie paliwa \u2013 \u015brednie zu\u017cycie paliwa na terenie geostrefy;<\/li>\n<li>DIN X (gdzie X = 1~4) Czas pracy \u2013 wy\u015bwietli czas pracy dla pojazdu (je\u015bli zap\u0142on zosta\u0142 ustawiony na wybrany DIN 1~4);<\/li>\n<li>Imi\u0119 kierowcy \u2013 nazwisko kierowcy;<\/li>\n<li>Czas jazdy \u2013 czas, kiedy w\u0142\u0105czony by\u0142 zap\u0142on;<\/li>\n<li>Po\u0142o\u017aenie ko\u0144cowe \u2013 adres miejsca, gdzie kierowca\/obiekt opu\u015bci\u0142 geostref\u0119;<\/li>\n<li>Po\u0142o\u017aenie pocz\u0105tkowe \u2013 adres miejsca, gdzie kierowca\/obiekt pojawi\u0142 si\u0119 na terenie geostrefy;<\/li>\n<li>Zu\u017cycie paliwa \u2013 paliwo w litrach zu\u017cyte na terenie geostrefy;<\/li>\n<li>Przebieg na pocz\u0105tku \u2013 przebieg w chwili pojawienia si\u0119 na terenie geostrefy;<\/li>\n<li>Przebieg na ko\u0144cu\u2013 przebieg w chwili opuszczenia geostrefy;<\/li>\n<li>Przebieg przeniesiony \u2013 ca\u0142kowity przebieg przejechany na terenie geostrefy w ci\u0105gu dnia;<\/li>\n<li>Czas wyzyty \u2013 ca\u0142kowity czas sp\u0119dzony w geostrefie w ci\u0105gu dnia.<\/li>\n<\/ul>\n<p>Po wybraniu parametr\u00f3w w kolumnach nale\u017cy wybra\u0107 <strong>geostrefy<\/strong>, dla kt\u00f3rych zostanie wygenerowany raport. W efekcie tyko zdarzenia dotycz\u0105ce wybranych geostref zostan\u0105 zawarte w raporcie. Wyb\u00f3r jest taki sam jak w przypadku kierowc\u00f3w\/obiekt\u00f3w.<\/p>\n<p><a href=\"https:\/\/www.fmsdocumentation.com\/wp-content\/uploads\/2019\/01\/184PL.png\"><img loading=\"lazy\" decoding=\"async\" class=\"alignnone wp-image-7054 size-full\" src=\"https:\/\/www.fmsdocumentation.com\/wp-content\/uploads\/2019\/01\/184PL.png\" alt=\"\" width=\"561\" height=\"302\" srcset=\"https:\/\/www.fmsdocumentation.com\/wp-content\/uploads\/2019\/01\/184PL.png 561w, https:\/\/www.fmsdocumentation.com\/wp-content\/uploads\/2019\/01\/184PL-300x161.png 300w\" sizes=\"auto, (max-width: 561px) 100vw, 561px\" \/><\/a><\/p>\n<p>Po wybraniu geostref do raportu, u\u017cytkownik mo\u017ce wybra\u0107 dodatkowe ustawienie.<\/p>\n<ul>\n<li><strong>Skroc\u00f3na wersja raportu<\/strong>\u00a0\u2013 opcja domy\u015blnie wy\u0142\u0105czona. W\u0142\u0105czenie tej opcji spowoduje po\u0142\u0105czenie wszystkich danych z okre\u015blonej geostrefy dotycz\u0105cych obiektu\/kierowcy w jedno podsumowanie i tabel\u0119 z informacjami szczeg\u00f3\u0142owymi, zamiast oddzielnych tabel dotycz\u0105cych ka\u017cdego dnia wybranego w ustawieniach raportu. W\u0142\u0105czenie tej opcji pozwoli te\u017c na w\u0142\u0105czenie opcji \u201ePodsumowanie raportu\u201d (Report summary).<\/li>\n<li><strong>Poka\u017a raport podsumowuj\u0105cy<\/strong>\u2013 opcja domy\u015blnie w\u0142\u0105czona; pozwala do\u0142\u0105czy\u0107 do raportu sekcj\u0119 podsumowuj\u0105c\u0105. To podsumuje wszystkie informacje w raporcie z uwzgl\u0119dnieniem poprzednio wybranych <strong>kolumn w podsumowaniu.<\/strong><\/li>\n<\/ul>\n<p><a href=\"https:\/\/www.fmsdocumentation.com\/wp-content\/uploads\/2019\/01\/183PL.png\"><img loading=\"lazy\" decoding=\"async\" class=\"alignnone wp-image-7051 size-large\" src=\"https:\/\/www.fmsdocumentation.com\/wp-content\/uploads\/2019\/01\/183PL-1024x522.png\" alt=\"\" width=\"660\" height=\"336\" srcset=\"https:\/\/www.fmsdocumentation.com\/wp-content\/uploads\/2019\/01\/183PL-1024x522.png 1024w, https:\/\/www.fmsdocumentation.com\/wp-content\/uploads\/2019\/01\/183PL-300x153.png 300w, https:\/\/www.fmsdocumentation.com\/wp-content\/uploads\/2019\/01\/183PL-768x392.png 768w, https:\/\/www.fmsdocumentation.com\/wp-content\/uploads\/2019\/01\/183PL.png 1216w\" sizes=\"auto, (max-width: 660px) 100vw, 660px\" \/><\/a><\/p>\n<p>Aby doko\u0144czy\u0107 i wygenerowa\u0107 raport, nale\u017cy klikn\u0105\u0107 przycisk \u201eGeneruj\u201d. Aby anulowa\u0107 tworzenie raportu, nale\u017cy nacisn\u0105\u0107 przycisk \u201eAnuluj\u201d lub klikn\u0105\u0107 gdziekolwiek poza oknem generowania nowego raportu.<\/p>\n<p><a href=\"https:\/\/www.fmsdocumentation.com\/wp-content\/uploads\/2019\/01\/179PL-2.png\"><img loading=\"lazy\" decoding=\"async\" class=\"alignnone wp-image-7052 size-full\" src=\"https:\/\/www.fmsdocumentation.com\/wp-content\/uploads\/2019\/01\/179PL-2.png\" alt=\"\" width=\"485\" height=\"92\" srcset=\"https:\/\/www.fmsdocumentation.com\/wp-content\/uploads\/2019\/01\/179PL-2.png 485w, https:\/\/www.fmsdocumentation.com\/wp-content\/uploads\/2019\/01\/179PL-2-300x57.png 300w\" sizes=\"auto, (max-width: 485px) 100vw, 485px\" \/><\/a><\/p>\n<hr \/>\n<p><div class=\"alignleft\"><a href=\"https:\/\/www.fmsdocumentation.com\/pl\/reports\/fuel-tank-report\/\" title=\"Raport tankowania paliwa\"><span class=\"arrow\">\u2039 &nbsp <\/span> Raport tankowania paliwa <\/a><\/div> <div class=\"alignright\"><a href=\"https:\/\/www.fmsdocumentation.com\/pl\/reports\/temperatures-report\/\" title=\"Raport temperatur\">Raport temperatur <span class=\"arrow\"> &nbsp\u203a <\/span> <\/a><\/div><\/p>\n<p>&nbsp;<\/p>\n","protected":false},"excerpt":{"rendered":"<p>Raport stref geograficznych\u2013 ten rodzaj raportu dotyczy g\u0142\u00f3wnie dzia\u0142a\u0144 na terenie i w okolicy okre\u015blonych geostref. Geostrefy ustawia si\u0119 w menu\u00a0geostref. Najpierw nale\u017cy wybra\u0107 zakres czasu, dla kt\u00f3rego zostanie wygenerowany raport. Zakres dat\u00a0\u2013 aby wybra\u0107 dat\u0119, nale\u017cy klikn\u0105\u0107 pole \u201eWybierz okres\u201d. Otworzy si\u0119 w\u00f3wczas panel kalendarza. Panel kalendarza jest taki sam w ca\u0142ym systemie FMS. &hellip; <a href=\"https:\/\/www.fmsdocumentation.com\/pl\/reports\/geozones-report\/\" class=\"more-link\">Czytaj dalej <span class=\"screen-reader-text\">Raport stref geograficznych<\/span><\/a><\/p>\n","protected":false},"author":1,"featured_media":0,"parent":4567,"menu_order":9,"comment_status":"closed","ping_status":"closed","template":"","meta":{"footnotes":""},"class_list":["post-4552","page","type-page","status-publish","hentry"],"_links":{"self":[{"href":"https:\/\/www.fmsdocumentation.com\/pl\/wp-json\/wp\/v2\/pages\/4552","targetHints":{"allow":["GET"]}}],"collection":[{"href":"https:\/\/www.fmsdocumentation.com\/pl\/wp-json\/wp\/v2\/pages"}],"about":[{"href":"https:\/\/www.fmsdocumentation.com\/pl\/wp-json\/wp\/v2\/types\/page"}],"author":[{"embeddable":true,"href":"https:\/\/www.fmsdocumentation.com\/pl\/wp-json\/wp\/v2\/users\/1"}],"replies":[{"embeddable":true,"href":"https:\/\/www.fmsdocumentation.com\/pl\/wp-json\/wp\/v2\/comments?post=4552"}],"version-history":[{"count":4,"href":"https:\/\/www.fmsdocumentation.com\/pl\/wp-json\/wp\/v2\/pages\/4552\/revisions"}],"predecessor-version":[{"id":7056,"href":"https:\/\/www.fmsdocumentation.com\/pl\/wp-json\/wp\/v2\/pages\/4552\/revisions\/7056"}],"up":[{"embeddable":true,"href":"https:\/\/www.fmsdocumentation.com\/pl\/wp-json\/wp\/v2\/pages\/4567"}],"wp:attachment":[{"href":"https:\/\/www.fmsdocumentation.com\/pl\/wp-json\/wp\/v2\/media?parent=4552"}],"curies":[{"name":"wp","href":"https:\/\/api.w.org\/{rel}","templated":true}]}}