{"id":4553,"date":"2017-04-07T08:15:17","date_gmt":"2017-04-07T08:15:17","guid":{"rendered":"http:\/\/www.fmsdocumentation.com\/fuel-tank-report\/"},"modified":"2019-01-28T12:03:07","modified_gmt":"2019-01-28T10:03:07","slug":"fuel-tank-report","status":"publish","type":"page","link":"https:\/\/www.fmsdocumentation.com\/pl\/reports\/fuel-tank-report\/","title":{"rendered":"Raport tankowania paliwa"},"content":{"rendered":"<p><strong>Raport tankowania paliwa\u00a0<\/strong>\u2013 ten rodzaj raportu dotyczy g\u0142\u00f3wnie zu\u017cycia paliwa, tankowania, spuszczania paliwa i innych zmian. Najpierw u\u017cytkownik musi wybra\u0107 zakres czasowy, dla kt\u00f3rego zostanie wygenerowany raport.<\/p>\n<p><strong>Zakres dat<\/strong>\u00a0\u2013 aby wybra\u0107 dat\u0119, nale\u017cy klikn\u0105\u0107 pole \u201eWybierz okres\u201d . Otworzy si\u0119 w\u00f3wczas panel kalendarza. Panel kalendarza jest taki sam w ca\u0142ym systemie FMS. Aby wybra\u0107 dat\u0119 pocz\u0105tkow\u0105\/ko\u0144cow\u0105, wystarczy klikn\u0105\u0107 na \u017c\u0105dan\u0105 dat\u0119, a nast\u0119pnie na drug\u0105 z nich. Wybrane dni b\u0119d\u0105 zaznaczone kolorem niebieskim. Aktualna data jest zaznaczona niewielkim niebieskim tr\u00f3jk\u0105tem w lewym rogu pola wskazuj\u0105cego t\u0119 dat\u0119. Je\u015bli zostanie wybrana (zaznaczona) aktualna data, kolor tr\u00f3jk\u0105ta zmieni si\u0119 na bia\u0142y. Potem u\u017cytkownik mo\u017ce okre\u015bli\u0107, od kt\u00f3rej godziny daty pocz\u0105tkowej do kt\u00f3rej godziny daty ko\u0144cowej ma by\u0107 wy\u015bwietlana historia. Aby zachowa\u0107 zmiany, nale\u017cy klikn\u0105\u0107 przycisk \u201eZastosuj\u201d. W przeciwnym razie zmiany nie zostan\u0105 zapisane.<\/p>\n<p><a href=\"https:\/\/www.fmsdocumentation.com\/wp-content\/uploads\/2019\/01\/180PL.png\"><img loading=\"lazy\" decoding=\"async\" class=\"alignnone wp-image-7043 size-full\" src=\"https:\/\/www.fmsdocumentation.com\/wp-content\/uploads\/2019\/01\/180PL.png\" alt=\"\" width=\"565\" height=\"562\" srcset=\"https:\/\/www.fmsdocumentation.com\/wp-content\/uploads\/2019\/01\/180PL.png 565w, https:\/\/www.fmsdocumentation.com\/wp-content\/uploads\/2019\/01\/180PL-150x150.png 150w, https:\/\/www.fmsdocumentation.com\/wp-content\/uploads\/2019\/01\/180PL-300x298.png 300w\" sizes=\"auto, (max-width: 565px) 100vw, 565px\" \/><\/a><\/p>\n<p>Minimalny okres czasu to jeden dzie\u0144. Aby wybra\u0107 jeden dzie\u0144, nale\u017cy klikn\u0105\u0107 dwukrotnie lewym przyciskiem myszy na \u017c\u0105dany dzie\u0144, zaznaczaj\u0105c go. Nast\u0119pnie nale\u017cy wybra\u0107 obiekty, dla kt\u00f3rych zostanie wygenerowany raport.<\/p>\n<p><strong>Pojazdy<\/strong>\u00a0\u2013 tutaj u\u017cytkownik mo\u017ce wybra\u0107, dla kt\u00f3rych obiekt\u00f3w zostanie wygenerowany raport. Lista b\u0119dzie zawiera\u0107 tak\u017ce <strong>grupy<\/strong>\u00a0obiekt\u00f3w. U\u017cytkownik mo\u017ce wybra\u0107 ca\u0142\u0105 grup\u0119, zaznaczaj\u0105c pole wyboru przed grup\u0105 lub klikaj\u0105c na przycisk \u201e+\u201d, aby rozwin\u0105\u0107 grup\u0119 i zobaczy\u0107, kt\u00f3re obiekty si\u0119 w niej znajduj\u0105. Aby zwin\u0105\u0107 grup\u0119, wystarczy klikn\u0105\u0107 przycisk \u201e-\u201d.\u00a0<strong>W grupie mo\u017cna wybra\u0107 poszczeg\u00f3lne obiekty<\/strong>. Nale\u017cy pami\u0119ta\u0107, \u017ce w przypadku wyboru obiektu obecnego w kilku grupach b\u0119dzie on zaznaczony w ka\u017cdej grupie, jak pokazano poni\u017cej na ilustracji. W przypadku wyboru ca\u0142ej grupy pole wyboru b\u0119dzie mia\u0142o kolor niebieski z bia\u0142ym symbolem zaznaczenia. W przypadku wyboru cz\u0119\u015bci grupy w polu wyboru pojawi si\u0119 niebieski kwadrat (jak pokazano na ilustracji poni\u017cej). U\u017cytkownik mo\u017ce te\u017c skorzysta\u0107 z wyszukiwarki, aby szybko przeszuka\u0107 du\u017ce listy obiekt\u00f3w i grup.<\/p>\n<p><a href=\"https:\/\/www.fmsdocumentation.com\/wp-content\/uploads\/2019\/01\/181PL.png\"><img loading=\"lazy\" decoding=\"async\" class=\"alignnone wp-image-7044 size-full\" src=\"https:\/\/www.fmsdocumentation.com\/wp-content\/uploads\/2019\/01\/181PL.png\" alt=\"\" width=\"557\" height=\"301\" srcset=\"https:\/\/www.fmsdocumentation.com\/wp-content\/uploads\/2019\/01\/181PL.png 557w, https:\/\/www.fmsdocumentation.com\/wp-content\/uploads\/2019\/01\/181PL-300x162.png 300w\" sizes=\"auto, (max-width: 557px) 100vw, 557px\" \/><\/a><\/p>\n<p><strong><span translate=\"\">Podsumowanie lista kolumn<\/span><\/strong>\u00a0 \u2013 to pole pozwala wybra\u0107 kolumny, kt\u00f3re zostan\u0105 uwzgl\u0119dnione w podsumowaniu raportu (podsumowanie raportu jest w\u0142\u0105czone domy\u015blnie dla tego typu raportu). Dla jednego raportu mo\u017cna wybra\u0107 do 9 kolumn jednocze\u015bnie. Do wyboru dost\u0119pnych jest 28 kolumn, kt\u00f3rych nazwy wyja\u015bniaj\u0105 ich znaczenie.<\/p>\n<p>Po wybraniu kolumn do wy\u015bwietlenia w podsumowaniu, nale\u017cy wybra\u0107 <strong>list\u0119 kolumn<\/strong>. Ten raport domy\u015blnie b\u0119dzie zawiera\u0142 nast\u0119puj\u0105ce parametry (nie s\u0105 one obowi\u0105zkowe):<\/p>\n<ul>\n<li>Data i czas pocz\u0105tku \u2013 data i godzina, gdy zarejestrowana zosta\u0142a zmiana poziomu paliwa;<\/li>\n<li>Poziom paliwa na pocz\u0105tku\u00a0 \u2013 poziom paliwa na pocz\u0105tku zarejestrowanej zmiany poziomu paliwa;<\/li>\n<li>Poziom paliwa na ko\u0144cu \u2013 poziom paliwa na ko\u0144cu zarejestrowanej zmiany poziomu paliwa;<\/li>\n<li>R\u00f3\u017cnica \u2013 r\u00f3\u017cnica mi\u0119dzy pocz\u0105tkow\u0105 a ko\u0144cow\u0105 warto\u015bci\u0105 dla poziomu paliwa.<\/li>\n<\/ul>\n<p>Inne opcjonalne parametry, kt\u00f3re mo\u017cna wybra\u0107 na <strong>li\u015bcie kolumn<\/strong>:<\/p>\n<ul>\n<li>Kierowca \u2013 nazwisko kierowcy;<\/li>\n<li>Data i czas ko\u0144ca \u2013 data i godzina, gdy zarejestrowane zosta\u0142o zdarzenie zmiany dotycz\u0105cej paliwa;<\/li>\n<li>Pozycja na pocz\u0105tku zdarzenia \u2013 miejsce, gdzie rozpocz\u0119\u0142o si\u0119 zdarzenie zmiany dotycz\u0105cej paliwa.<\/li>\n<\/ul>\n<p>Po wybraniu parametr\u00f3w w kolumnach, u\u017cytkownik mo\u017ce w\u0142\u0105czy\u0107 lub wy\u0142\u0105czy\u0107 nast\u0119puj\u0105ce tre\u015bci w raporcie:<\/p>\n<ul>\n<li><strong>Poka\u017c dane wed\u0142ug p\u0142ywaka<\/strong>\u2013 opcja domy\u015blnie wy\u0142\u0105czona; wy\u015bwietla w raporcie informacje oddzielnie dla ka\u017cdego zainstalowanego czujnika poziomu paliwa (je\u015bli jest ich kilka).<\/li>\n<li><strong>Poka\u017c raport podsumowuj\u0105cy\u00a0<\/strong>\u2013 opcja domy\u015blnie w\u0142\u0105czona; pozwala do\u0142\u0105czy\u0107 do raportu sekcj\u0119 podsumowuj\u0105c\u0105. To podsumuje wszystkie informacje w raporcie z uwzgl\u0119dnieniem poprzednio wybranych <strong>kolumn w podsumowaniu.<\/strong><\/li>\n<li><strong>Poka\u017c wykrem poziomu paliwa \u2013\u00a0<\/strong>opcja domy\u015blnie w\u0142\u0105czona; pozwala zamie\u015bci\u0107 w raporcie informacje na temat poziomu paliwa w formie graficznej.<\/li>\n<li><strong>Poka\u017c na mapie \u2013<\/strong>opcja domy\u015blnie w\u0142\u0105czona; pozwala zamie\u015bci\u0107 w raporcie map\u0119 z zaznaczonymi wszystkimi zdarzeniami spuszczania paliwa\/tankowania.<\/li>\n<\/ul>\n<p><a href=\"https:\/\/www.fmsdocumentation.com\/wp-content\/uploads\/2019\/01\/182PL.png\"><img loading=\"lazy\" decoding=\"async\" class=\"alignnone wp-image-7045 size-large\" src=\"https:\/\/www.fmsdocumentation.com\/wp-content\/uploads\/2019\/01\/182PL-1024x545.png\" alt=\"\" width=\"660\" height=\"351\" srcset=\"https:\/\/www.fmsdocumentation.com\/wp-content\/uploads\/2019\/01\/182PL-1024x545.png 1024w, https:\/\/www.fmsdocumentation.com\/wp-content\/uploads\/2019\/01\/182PL-300x160.png 300w, https:\/\/www.fmsdocumentation.com\/wp-content\/uploads\/2019\/01\/182PL-768x408.png 768w, https:\/\/www.fmsdocumentation.com\/wp-content\/uploads\/2019\/01\/182PL.png 1209w\" sizes=\"auto, (max-width: 660px) 100vw, 660px\" \/><\/a><\/p>\n<p>Aby doko\u0144czy\u0107 i wygenerowa\u0107 raport, nale\u017cy klikn\u0105\u0107 przycisk \u201eGeneruj\u201d. Aby anulowa\u0107 tworzenie raportu, nale\u017cy nacisn\u0105\u0107 przycisk \u201eAnuluj\u201d lub klikn\u0105\u0107 gdziekolwiek poza oknem generowania nowego raportu.<\/p>\n<p><a href=\"https:\/\/www.fmsdocumentation.com\/wp-content\/uploads\/2019\/01\/179PL-1.png\"><img loading=\"lazy\" decoding=\"async\" class=\"alignnone wp-image-7046 size-full\" src=\"https:\/\/www.fmsdocumentation.com\/wp-content\/uploads\/2019\/01\/179PL-1.png\" alt=\"\" width=\"485\" height=\"92\" srcset=\"https:\/\/www.fmsdocumentation.com\/wp-content\/uploads\/2019\/01\/179PL-1.png 485w, https:\/\/www.fmsdocumentation.com\/wp-content\/uploads\/2019\/01\/179PL-1-300x57.png 300w\" sizes=\"auto, (max-width: 485px) 100vw, 485px\" \/><\/a><\/p>\n<p>&nbsp;<\/p>\n<hr \/>\n<p><div class=\"alignleft\"><a href=\"https:\/\/www.fmsdocumentation.com\/pl\/reports\/events-report\/\" title=\"Raport zdarze\u0144\"><span class=\"arrow\">\u2039 &nbsp <\/span> Raport zdarze\u0144 <\/a><\/div> <div class=\"alignright\"><a href=\"https:\/\/www.fmsdocumentation.com\/pl\/reports\/geozones-report\/\" title=\"Raport stref geograficznych\">Raport stref geograficznych <span class=\"arrow\"> &nbsp\u203a <\/span> <\/a><\/div><\/p>\n","protected":false},"excerpt":{"rendered":"<p>Raport tankowania paliwa\u00a0\u2013 ten rodzaj raportu dotyczy g\u0142\u00f3wnie zu\u017cycia paliwa, tankowania, spuszczania paliwa i innych zmian. Najpierw u\u017cytkownik musi wybra\u0107 zakres czasowy, dla kt\u00f3rego zostanie wygenerowany raport. Zakres dat\u00a0\u2013 aby wybra\u0107 dat\u0119, nale\u017cy klikn\u0105\u0107 pole \u201eWybierz okres\u201d . Otworzy si\u0119 w\u00f3wczas panel kalendarza. Panel kalendarza jest taki sam w ca\u0142ym systemie FMS. Aby wybra\u0107 dat\u0119 &hellip; <a href=\"https:\/\/www.fmsdocumentation.com\/pl\/reports\/fuel-tank-report\/\" class=\"more-link\">Czytaj dalej <span class=\"screen-reader-text\">Raport tankowania paliwa<\/span><\/a><\/p>\n","protected":false},"author":1,"featured_media":0,"parent":4567,"menu_order":8,"comment_status":"closed","ping_status":"closed","template":"","meta":{"footnotes":""},"class_list":["post-4553","page","type-page","status-publish","hentry"],"_links":{"self":[{"href":"https:\/\/www.fmsdocumentation.com\/pl\/wp-json\/wp\/v2\/pages\/4553","targetHints":{"allow":["GET"]}}],"collection":[{"href":"https:\/\/www.fmsdocumentation.com\/pl\/wp-json\/wp\/v2\/pages"}],"about":[{"href":"https:\/\/www.fmsdocumentation.com\/pl\/wp-json\/wp\/v2\/types\/page"}],"author":[{"embeddable":true,"href":"https:\/\/www.fmsdocumentation.com\/pl\/wp-json\/wp\/v2\/users\/1"}],"replies":[{"embeddable":true,"href":"https:\/\/www.fmsdocumentation.com\/pl\/wp-json\/wp\/v2\/comments?post=4553"}],"version-history":[{"count":3,"href":"https:\/\/www.fmsdocumentation.com\/pl\/wp-json\/wp\/v2\/pages\/4553\/revisions"}],"predecessor-version":[{"id":7047,"href":"https:\/\/www.fmsdocumentation.com\/pl\/wp-json\/wp\/v2\/pages\/4553\/revisions\/7047"}],"up":[{"embeddable":true,"href":"https:\/\/www.fmsdocumentation.com\/pl\/wp-json\/wp\/v2\/pages\/4567"}],"wp:attachment":[{"href":"https:\/\/www.fmsdocumentation.com\/pl\/wp-json\/wp\/v2\/media?parent=4553"}],"curies":[{"name":"wp","href":"https:\/\/api.w.org\/{rel}","templated":true}]}}