{"id":4554,"date":"2017-04-07T08:12:52","date_gmt":"2017-04-07T08:12:52","guid":{"rendered":"http:\/\/www.fmsdocumentation.com\/events-report\/"},"modified":"2019-01-28T13:30:03","modified_gmt":"2019-01-28T11:30:03","slug":"events-report","status":"publish","type":"page","link":"https:\/\/www.fmsdocumentation.com\/pl\/reports\/events-report\/","title":{"rendered":"Raport zdarze\u0144"},"content":{"rendered":"<p><strong>Raport zdarze\u0144 <\/strong>\u2013 ten rodzaj raportu jest wybrany domy\u015blnie. Raport dotycz\u0105cy zdarze\u0144 skupia si\u0119 g\u0142\u00f3wnie na zdarzeniach, czasie aktywacji, czasie trwania oraz innych parametrach w chwili aktywacji zdarzenia.<\/p>\n<p><strong>Raport na podstawie <\/strong>\u00a0\u2013 to ustawienie definiuje g\u0142\u00f3wny element raportu. Dost\u0119pne s\u0105 dwie opcje:<\/p>\n<ul>\n<li>Kierowcy;<\/li>\n<li>Pojazdy.<\/li>\n<\/ul>\n<p>Dzi\u0119ki tej funkcji wygenerowany raport b\u0119dzie wy\u015bwietla\u0142 informacje (parametry: przejechana trasa, miejsce rozpocz\u0119cia pracy itp.)\u00a0dla wybranego elementu (kierowcy lub obiekty).\u00a0 Zatem je\u015bli zostan\u0105 wybrane obiekty, raport b\u0119dzie wy\u015bwietla\u0142 informacje dla okre\u015blonych wybranych obiekt\u00f3w.<\/p>\n<p><strong>Pojazdy\/Kierowcy\u00a0<\/strong>\u2013 (w zale\u017cno\u015bci od wyboru w opcji Raport na podstawie (Report based on)) ta opcja pozwala wybra\u0107, dla kt\u00f3rych obiekt\u00f3w\/kierowc\u00f3w b\u0119dzie generowany raport.<\/p>\n<p>W przypadku wyboru opcji <strong>Pojazdy<\/strong>, lista b\u0119dzie tak\u017ce zawiera\u0107 <strong>grupy<\/strong>\u00a0obiekt\u00f3w. U\u017cytkownik mo\u017ce wybra\u0107 ca\u0142\u0105 grup\u0119, zaznaczaj\u0105c pole wyboru przed grup\u0105 lub klikaj\u0105c na przycisk &#8220;+&#8221;, aby rozwin\u0105\u0107 grup\u0119 i zobaczy\u0107, kt\u00f3re obiekty si\u0119 w niej znajduj\u0105. Aby zwin\u0105\u0107 grup\u0119, wystarczy klikn\u0105\u0107 przycisk &#8220;-&#8220;.\u00a0<strong>W grupie mo\u017cna wybra\u0107 poszczeg\u00f3lne obiekty<\/strong>. Nale\u017cy pami\u0119ta\u0107, \u017ce w przypadku wyboru obiektu obecnego w kilku grupach b\u0119dzie on zaznaczony w ka\u017cdej z nich, jak pokazano na ilustracji poni\u017cej. W przypadku wyboru ca\u0142ej grupy pole wyboru b\u0119dzie mia\u0142o kolor niebieski z bia\u0142ym symbolem zaznaczenia. W przypadku wyboru cz\u0119\u015bci grupy w polu wyboru pojawi si\u0119 niebieski kwadrat (jak pokazano na ilustracji poni\u017cej). U\u017cytkownik mo\u017ce te\u017c skorzysta\u0107 z wyszukiwarki, aby szybko przeszuka\u0107 du\u017ce listy obiekt\u00f3w i grup.<\/p>\n<p><a href=\"https:\/\/www.fmsdocumentation.com\/wp-content\/uploads\/2019\/01\/175PL.png\"><img loading=\"lazy\" decoding=\"async\" class=\"alignnone wp-image-7033 size-full\" src=\"https:\/\/www.fmsdocumentation.com\/wp-content\/uploads\/2019\/01\/175PL.png\" alt=\"\" width=\"547\" height=\"297\" srcset=\"https:\/\/www.fmsdocumentation.com\/wp-content\/uploads\/2019\/01\/175PL.png 547w, https:\/\/www.fmsdocumentation.com\/wp-content\/uploads\/2019\/01\/175PL-300x163.png 300w\" sizes=\"auto, (max-width: 547px) 100vw, 547px\" \/><\/a><\/p>\n<p>W przypadku wyboru opcji\u00a0<strong>Kierowcy<\/strong>, na li\u015bcie b\u0119d\u0105 wy\u015bwietlani tylko kierowcy bez p\u00f3l wyboru. Tutaj wystarczy jedynie klika\u0107 na poszczeg\u00f3lnych kierowc\u00f3w na li\u015bcie, aby dodawa\u0107 ich do raportu. Lista aktualizuje si\u0119 automatycznie po wpisaniu ka\u017cdej litery w pasku wyszukiwania.<\/p>\n<p><a href=\"https:\/\/www.fmsdocumentation.com\/wp-content\/uploads\/2019\/01\/176PL-1.png\"><img loading=\"lazy\" decoding=\"async\" class=\"alignnone wp-image-7035 size-full\" src=\"https:\/\/www.fmsdocumentation.com\/wp-content\/uploads\/2019\/01\/176PL-1.png\" alt=\"\" width=\"560\" height=\"305\" srcset=\"https:\/\/www.fmsdocumentation.com\/wp-content\/uploads\/2019\/01\/176PL-1.png 560w, https:\/\/www.fmsdocumentation.com\/wp-content\/uploads\/2019\/01\/176PL-1-300x163.png 300w\" sizes=\"auto, (max-width: 560px) 100vw, 560px\" \/><\/a><\/p>\n<p>Po zaznaczeniu obiekt\u00f3w lub kierowc\u00f3w u\u017cytkownik musi wybra\u0107 spos\u00f3b grupowania raport\u00f3w.<\/p>\n<p><strong>Grupuj wed\u0142ug<\/strong>\u00a0\u2013 pozwala okre\u015bli\u0107, wed\u0142ug czego raporty b\u0119d\u0105 grupowane; dla tego raportu dost\u0119pne s\u0105 nast\u0119puj\u0105ce opcje:<\/p>\n<ul>\n<li>Dzie\u0144 \u2013 dane b\u0119d\u0105 grupowane wed\u0142ug dni;<\/li>\n<li>Zdarzenia \u2013 dane b\u0119d\u0105 grupowane wed\u0142ug zdarze\u0144;<\/li>\n<li>Obiekty \u2013 dane b\u0119d\u0105 grupowane wed\u0142ug obiekt\u00f3w;<\/li>\n<\/ul>\n<p>Nast\u0119pnie u\u017cytkownik mo\u017ce wybra\u0107, dla kt\u00f3rych <strong>zdarze\u0144<\/strong>\u00a0zostanie wygenerowany raport. Je\u015bli zdarzenie nie jest zaznaczone, nie zostanie uwzgl\u0119dnione w raporcie.<\/p>\n<p>Nast\u0119pnie u\u017cytkownik mo\u017ce wybra\u0107, czy w\u0142\u0105czy\u0107 podsumowanie raportu.<\/p>\n<p><strong>Podsumowanie raportu (Report summary)<\/strong>\u00a0\u2013 ta opcja pozwala do\u0142\u0105czy\u0107 do raportu sekcj\u0119 podsumowuj\u0105c\u0105. B\u0119dzie to podsumowanie wszystkich informacji w raporcie (na przyk\u0142ad: raport na temat podr\u00f3\u017cy \u2013 zawiera d\u0142ug\u0105 list\u0119 wszystkich podr\u00f3\u017cy; podsumowanie wy\u015bwietli sum\u0119 dla ka\u017cdej kolumny, na przyk\u0142ad \u201eCzas pracy\u201d \u201eCzas postoju\u201d itp., jak gdyby wszystkie podr\u00f3\u017ce by\u0142y jedn\u0105 d\u0142ug\u0105 podr\u00f3\u017c\u0105). Domy\u015blnie ta opcja jest wy\u0142\u0105czona;<\/p>\n<p><strong>Zakres dat<\/strong>\u00a0\u2013 aby wybra\u0107 dat\u0119, nale\u017cy klikn\u0105\u0107 pole \u201eWybierz okres\u201d. Otworzy si\u0119 w\u00f3wczas panel kalendarza. Panel kalendarza jest taki sam w ca\u0142ym systemie FMS. Aby wybra\u0107 dat\u0119 pocz\u0105tkow\u0105\/ko\u0144cow\u0105, wystarczy klikn\u0105\u0107 na \u017c\u0105dan\u0105 dat\u0119, a nast\u0119pnie na drug\u0105 z nich. Wybrane dni b\u0119d\u0105 zaznaczone kolorem niebieskim. Aktualna data jest zaznaczona niewielkim niebieskim tr\u00f3jk\u0105tem w lewym rogu pola wskazuj\u0105cego t\u0119 dat\u0119. Je\u015bli zostanie wybrana (zaznaczona) aktualna data, kolor tr\u00f3jk\u0105ta zmieni si\u0119 na bia\u0142y. Potem u\u017cytkownik mo\u017ce okre\u015bli\u0107, od kt\u00f3rej godziny daty pocz\u0105tkowej do kt\u00f3rej godziny daty ko\u0144cowej ma by\u0107 wy\u015bwietlana historia. Aby zachowa\u0107 zmiany, nale\u017cy klikn\u0105\u0107 przycisk \u201eZastosuj\u201d. W przeciwnym razie zmiany nie zostan\u0105 zapisane.<\/p>\n<p><a href=\"https:\/\/www.fmsdocumentation.com\/wp-content\/uploads\/2019\/01\/177PL.png\"><img loading=\"lazy\" decoding=\"async\" class=\"alignnone wp-image-7036 size-full\" src=\"https:\/\/www.fmsdocumentation.com\/wp-content\/uploads\/2019\/01\/177PL.png\" alt=\"\" width=\"564\" height=\"552\" srcset=\"https:\/\/www.fmsdocumentation.com\/wp-content\/uploads\/2019\/01\/177PL.png 564w, https:\/\/www.fmsdocumentation.com\/wp-content\/uploads\/2019\/01\/177PL-300x294.png 300w\" sizes=\"auto, (max-width: 564px) 100vw, 564px\" \/><\/a><\/p>\n<p>Minimalny okres czasu to jeden dzie\u0144. Aby wybra\u0107 jeden dzie\u0144, nale\u017cy klikn\u0105\u0107 dwukrotnie lewym przyciskiem myszy na \u017c\u0105dany dzie\u0144, zaznaczaj\u0105c go.<\/p>\n<p>Nast\u0119pnym elementem jest <strong>lista kolumn<\/strong>. Ten raport domy\u015blnie b\u0119dzie zawiera\u0142 nast\u0119puj\u0105ce parametry:<\/p>\n<ul>\n<li>Czas rozpocz\u0119cia zdarzenia \u2013 czas, gdy zdarzenie si\u0119 rozpocz\u0119\u0142o; ten parametr jest obowi\u0105zkowy;<\/li>\n<li>Nazwa zdarzenia \u2013 tytu\u0142 zdarzenia; ten parametr jest obowi\u0105zkowy;<\/li>\n<li>Czas trwania (Duration) \u2013 okres od rozpocz\u0119cia do zako\u0144czenia zdarzenia.<\/li>\n<\/ul>\n<p>Dodatkowo mo\u017cna wybra\u0107 inne parametry:<\/p>\n<ul>\n<li>Aktywacja alertu (Alert triggering) \u2013 wy\u015bwietla, kiedy system aktywowa\u0142 zdarzenie (na pocz\u0105tku, na ko\u0144cu, na pocz\u0105tku i na ko\u0144cu);<\/li>\n<li>Kierowca \u2013 nazwisko kierowcy;<\/li>\n<li>Czas zako\u0144czenia zdarzenia \u2013 czas, gdy zdarzenie si\u0119 zako\u0144czy\u0142o;<\/li>\n<li>Po\u0142o\u017cenie na ko\u0144cu \u2013 lokalizacja w chwili zako\u0144czenia zdarzenia;<\/li>\n<li>Po\u0142o\u017cenie na\u00a0pocz\u0105tku\u00a0\u2013 lokalizacja w chwili rozpocz\u0119cia zdarzenia;<\/li>\n<li>Przebieg ko\u0144cu\u2013 przebieg w chwili zako\u0144czenia zdarzenia;<\/li>\n<li>Przebieg na pocz\u0105tku \u2013 przebieg w chwili rozpocz\u0119cia zdarzenia;<\/li>\n<li>Nazwa elementu \u2013 nazwa, kt\u00f3r\u0105 posiada obiekt;<\/li>\n<li>Typ przejazdu \u2013 rodzaj podr\u00f3\u017cy, je\u015bli zosta\u0142 zdefiniowany (s\u0142u\u017cbowa lub prywatna).<\/li>\n<\/ul>\n<p><a href=\"https:\/\/www.fmsdocumentation.com\/wp-content\/uploads\/2019\/01\/178PL.png\"><img loading=\"lazy\" decoding=\"async\" class=\"alignnone wp-image-7039 size-large\" src=\"https:\/\/www.fmsdocumentation.com\/wp-content\/uploads\/2019\/01\/178PL-1024x489.png\" alt=\"\" width=\"660\" height=\"315\" srcset=\"https:\/\/www.fmsdocumentation.com\/wp-content\/uploads\/2019\/01\/178PL-1024x489.png 1024w, https:\/\/www.fmsdocumentation.com\/wp-content\/uploads\/2019\/01\/178PL-300x143.png 300w, https:\/\/www.fmsdocumentation.com\/wp-content\/uploads\/2019\/01\/178PL-768x367.png 768w, https:\/\/www.fmsdocumentation.com\/wp-content\/uploads\/2019\/01\/178PL.png 1219w\" sizes=\"auto, (max-width: 660px) 100vw, 660px\" \/><\/a><\/p>\n<p>Aby doko\u0144czy\u0107 i wygenerowa\u0107 raport, nale\u017cy klikn\u0105\u0107 przycisk \u201eGeneruj\u201d. Aby anulowa\u0107 tworzenie raportu, nale\u017cy nacisn\u0105\u0107 przycisk \u201eAnuluj\u201d lub klikn\u0105\u0107 gdziekolwiek poza oknem generowania nowego raportu.<\/p>\n<p><a href=\"https:\/\/www.fmsdocumentation.com\/wp-content\/uploads\/2019\/01\/179PL.png\"><img loading=\"lazy\" decoding=\"async\" class=\"alignnone wp-image-7040 size-full\" src=\"https:\/\/www.fmsdocumentation.com\/wp-content\/uploads\/2019\/01\/179PL.png\" alt=\"\" width=\"485\" height=\"92\" srcset=\"https:\/\/www.fmsdocumentation.com\/wp-content\/uploads\/2019\/01\/179PL.png 485w, https:\/\/www.fmsdocumentation.com\/wp-content\/uploads\/2019\/01\/179PL-300x57.png 300w\" sizes=\"auto, (max-width: 485px) 100vw, 485px\" \/><\/a><\/p>\n<p>&nbsp;<\/p>\n<hr \/>\n<p><div class=\"alignleft\"><a href=\"https:\/\/www.fmsdocumentation.com\/pl\/reports\/create-new-report-subscription\/\" title=\"Tworzenie nowej subskrypcji raport\u00f3w\"><span class=\"arrow\">\u2039 &nbsp <\/span> Tworzenie nowej subskrypcji raport\u00f3w <\/a><\/div> <div class=\"alignright\"><a href=\"https:\/\/www.fmsdocumentation.com\/pl\/reports\/fuel-tank-report\/\" title=\"Raport tankowania paliwa\">Raport tankowania paliwa <span class=\"arrow\"> &nbsp\u203a <\/span> <\/a><\/div><\/p>\n<p>&nbsp;<\/p>\n","protected":false},"excerpt":{"rendered":"<p>Raport zdarze\u0144 \u2013 ten rodzaj raportu jest wybrany domy\u015blnie. Raport dotycz\u0105cy zdarze\u0144 skupia si\u0119 g\u0142\u00f3wnie na zdarzeniach, czasie aktywacji, czasie trwania oraz innych parametrach w chwili aktywacji zdarzenia. Raport na podstawie \u00a0\u2013 to ustawienie definiuje g\u0142\u00f3wny element raportu. Dost\u0119pne s\u0105 dwie opcje: Kierowcy; Pojazdy. Dzi\u0119ki tej funkcji wygenerowany raport b\u0119dzie wy\u015bwietla\u0142 informacje (parametry: przejechana trasa, &hellip; <a href=\"https:\/\/www.fmsdocumentation.com\/pl\/reports\/events-report\/\" class=\"more-link\">Czytaj dalej <span class=\"screen-reader-text\">Raport zdarze\u0144<\/span><\/a><\/p>\n","protected":false},"author":1,"featured_media":0,"parent":4567,"menu_order":7,"comment_status":"closed","ping_status":"closed","template":"","meta":{"footnotes":""},"class_list":["post-4554","page","type-page","status-publish","hentry"],"_links":{"self":[{"href":"https:\/\/www.fmsdocumentation.com\/pl\/wp-json\/wp\/v2\/pages\/4554","targetHints":{"allow":["GET"]}}],"collection":[{"href":"https:\/\/www.fmsdocumentation.com\/pl\/wp-json\/wp\/v2\/pages"}],"about":[{"href":"https:\/\/www.fmsdocumentation.com\/pl\/wp-json\/wp\/v2\/types\/page"}],"author":[{"embeddable":true,"href":"https:\/\/www.fmsdocumentation.com\/pl\/wp-json\/wp\/v2\/users\/1"}],"replies":[{"embeddable":true,"href":"https:\/\/www.fmsdocumentation.com\/pl\/wp-json\/wp\/v2\/comments?post=4554"}],"version-history":[{"count":4,"href":"https:\/\/www.fmsdocumentation.com\/pl\/wp-json\/wp\/v2\/pages\/4554\/revisions"}],"predecessor-version":[{"id":7057,"href":"https:\/\/www.fmsdocumentation.com\/pl\/wp-json\/wp\/v2\/pages\/4554\/revisions\/7057"}],"up":[{"embeddable":true,"href":"https:\/\/www.fmsdocumentation.com\/pl\/wp-json\/wp\/v2\/pages\/4567"}],"wp:attachment":[{"href":"https:\/\/www.fmsdocumentation.com\/pl\/wp-json\/wp\/v2\/media?parent=4554"}],"curies":[{"name":"wp","href":"https:\/\/api.w.org\/{rel}","templated":true}]}}