{"id":4556,"date":"2017-04-06T09:42:17","date_gmt":"2017-04-06T09:42:17","guid":{"rendered":"http:\/\/www.fmsdocumentation.com\/communication\/"},"modified":"2019-01-31T15:39:41","modified_gmt":"2019-01-31T13:39:41","slug":"communication","status":"publish","type":"page","link":"https:\/\/www.fmsdocumentation.com\/pl\/ontrack-install-login\/communication\/","title":{"rendered":"Komunikacja"},"content":{"rendered":"<p>Panel komunikacji pozwala u\u017cytkownikowi porozumiewa\u0107 si\u0119 z operatorem FMS. Dzia\u0142a to wed\u0142ug nast\u0119puj\u0105cych zasad. U\u017cytkownik mo\u017ce wpisywa\u0107 wiadomo\u015bci tekstowe, do\u0142\u0105cza\u0107 zdj\u0119cia i wysy\u0142a\u0107 je do FMS. FMS otrzymuje wiadomo\u015bci, sortuje je wed\u0142ug klient\u00f3w i wy\u015bwietla dla klienta posiadaj\u0105cego status zarejestrowanego u\u017cytkownika. To oznacza, \u017ce operatorem jest ka\u017cdy, kto w danej chwili jest pod\u0142\u0105czony do systemu FMS z wykorzystaniem danych do logowania klienta, i komunikacja b\u0119dzie odbywa\u0107 si\u0119 z t\u0105 osob\u0105. Wszystkie wiadomo\u015bci s\u0105 przechowywane w systemie i w razie potrzeby mo\u017cna je przegl\u0105da\u0107. Panel komunikacji FMS jest opisany w sekcji <a href=\"https:\/\/www.fmsdocumentation.com\/pl\/communications-menu\/?lang=pl\">Menu komunikacji<\/a>.<\/p>\n<p>Wiadomo\u015bci od operatora znajduj\u0105 si\u0119 w bia\u0142ych dymkach i s\u0105 wy\u015bwietlane po lewej stronie ekranu, natomiast wiadomo\u015bci od u\u017cytkownik\u00f3w posiadaj\u0105 zielone dymki i s\u0105 wy\u015bwietlane po prawej stronie ekranu.<\/p>\n<p><strong>Za\u0142\u0105cznik<\/strong>\u00a0\u2013 u\u017cytkownik mo\u017ce za\u0142\u0105czy\u0107 i wys\u0142a\u0107 do operatora zdj\u0119cie. Aby to zrobi\u0107, nale\u017cy klikn\u0105\u0107 na ikon\u0119 kamery z lewej strony pola do wprowadzania tekstu. Pojawi si\u0119 nowe okno, gdzie u\u017cytkownik mo\u017ce zrobi\u0107 zdj\u0119cie lub po prostu wybra\u0107 je z galerii (te opcje mog\u0105 si\u0119 r\u00f3\u017cni\u0107, w zale\u017cno\u015bci od innych aplikacji zainstalowanych na urz\u0105dzeniu u\u017cytkownika).<\/p>\n<p style=\"background-color: #2e67b1; color: #ffffff; padding-left: 10px; padding-right: 10px;\"><p class=\"note\">Uwaga<br \/>\nMaksymalny rozmiar za\u0142\u0105cznika wynosi 10 Mb.<\/p><\/p>\n<p><a href=\"https:\/\/www.fmsdocumentation.com\/wp-content\/uploads\/2019\/01\/241PL.png\"><img loading=\"lazy\" decoding=\"async\" class=\"alignnone wp-image-7170 size-medium\" src=\"https:\/\/www.fmsdocumentation.com\/wp-content\/uploads\/2019\/01\/241PL-189x300.png\" alt=\"\" width=\"189\" height=\"300\" srcset=\"https:\/\/www.fmsdocumentation.com\/wp-content\/uploads\/2019\/01\/241PL-189x300.png 189w, https:\/\/www.fmsdocumentation.com\/wp-content\/uploads\/2019\/01\/241PL-645x1024.png 645w, https:\/\/www.fmsdocumentation.com\/wp-content\/uploads\/2019\/01\/241PL.png 719w\" sizes=\"auto, (max-width: 189px) 100vw, 189px\" \/><\/a><\/p>\n<p>Nowe nieprzeczytane wiadomo\u015bci b\u0119d\u0105 wyr\u00f3\u017cnione\u00a0<strong>pogrubion\u0105 czcionk\u0105<\/strong>. Komunikator obs\u0142uguje wszystkie j\u0119zyki. Mo\u017ce wy\u015bwietla\u0107 j\u0119zyki korzystaj\u0105ce z Unicode i inne. Maksymalna liczba znak\u00f3w w jednej wiadomo\u015bci jest bardzo du\u017ca. U\u017cytkownik jednorazowo mo\u017ce wys\u0142a\u0107 do 10 tysi\u0119cy znak\u00f3w. Aby wys\u0142a\u0107 wiadomo\u015b\u0107, nale\u017cy klikn\u0105\u0107 niewielk\u0105 strza\u0142k\u0119 w prawym dolnym rogu ekranu. Ca\u0142a komunikacja odbywa si\u0119 w czasie rzeczywistym (wys\u0142ane wiadomo\u015bci s\u0105 odbierane natychmiast, je\u015bli jako\u015b\u0107 po\u0142\u0105czenia internetowego na to pozwala).<\/p>\n<hr \/>\n<p> <div class=\"alignright\"><a href=\"https:\/\/www.fmsdocumentation.com\/pl\/\" title=\"Przewodnik F.M.S\">Przewodnik F.M.S <span class=\"arrow\"> &nbsp\u203a <\/span> <\/a><\/div><\/p>\n","protected":false},"excerpt":{"rendered":"<p>Panel komunikacji pozwala u\u017cytkownikowi porozumiewa\u0107 si\u0119 z operatorem FMS. Dzia\u0142a to wed\u0142ug nast\u0119puj\u0105cych zasad. U\u017cytkownik mo\u017ce wpisywa\u0107 wiadomo\u015bci tekstowe, do\u0142\u0105cza\u0107 zdj\u0119cia i wysy\u0142a\u0107 je do FMS. FMS otrzymuje wiadomo\u015bci, sortuje je wed\u0142ug klient\u00f3w i wy\u015bwietla dla klienta posiadaj\u0105cego status zarejestrowanego u\u017cytkownika. To oznacza, \u017ce operatorem jest ka\u017cdy, kto w danej chwili jest pod\u0142\u0105czony do systemu &hellip; <a href=\"https:\/\/www.fmsdocumentation.com\/pl\/ontrack-install-login\/communication\/\" class=\"more-link\">Czytaj dalej <span class=\"screen-reader-text\">Komunikacja<\/span><\/a><\/p>\n","protected":false},"author":1,"featured_media":0,"parent":4559,"menu_order":4,"comment_status":"closed","ping_status":"closed","template":"","meta":{"footnotes":""},"class_list":["post-4556","page","type-page","status-publish","hentry"],"_links":{"self":[{"href":"https:\/\/www.fmsdocumentation.com\/pl\/wp-json\/wp\/v2\/pages\/4556","targetHints":{"allow":["GET"]}}],"collection":[{"href":"https:\/\/www.fmsdocumentation.com\/pl\/wp-json\/wp\/v2\/pages"}],"about":[{"href":"https:\/\/www.fmsdocumentation.com\/pl\/wp-json\/wp\/v2\/types\/page"}],"author":[{"embeddable":true,"href":"https:\/\/www.fmsdocumentation.com\/pl\/wp-json\/wp\/v2\/users\/1"}],"replies":[{"embeddable":true,"href":"https:\/\/www.fmsdocumentation.com\/pl\/wp-json\/wp\/v2\/comments?post=4556"}],"version-history":[{"count":3,"href":"https:\/\/www.fmsdocumentation.com\/pl\/wp-json\/wp\/v2\/pages\/4556\/revisions"}],"predecessor-version":[{"id":7171,"href":"https:\/\/www.fmsdocumentation.com\/pl\/wp-json\/wp\/v2\/pages\/4556\/revisions\/7171"}],"up":[{"embeddable":true,"href":"https:\/\/www.fmsdocumentation.com\/pl\/wp-json\/wp\/v2\/pages\/4559"}],"wp:attachment":[{"href":"https:\/\/www.fmsdocumentation.com\/pl\/wp-json\/wp\/v2\/media?parent=4556"}],"curies":[{"name":"wp","href":"https:\/\/api.w.org\/{rel}","templated":true}]}}