{"id":4557,"date":"2017-04-06T09:41:23","date_gmt":"2017-04-06T09:41:23","guid":{"rendered":"http:\/\/www.fmsdocumentation.com\/my-tasks\/"},"modified":"2019-01-31T15:35:14","modified_gmt":"2019-01-31T13:35:14","slug":"my-tasks","status":"publish","type":"page","link":"https:\/\/www.fmsdocumentation.com\/pl\/ontrack-install-login\/my-tasks\/","title":{"rendered":"Moje zadania"},"content":{"rendered":"<p>Pierwsz\u0105 rzecz\u0105, jak\u0105 u\u017cytkownik widzi po zalogowaniu jest zak\u0142adka \u201eMoje zadania\u201d w panelu \u201eMoje zadania\u201d. Nazwa aktualnie otwartej zak\u0142adki zawsze jest wy\u015bwietlana na g\u00f3rze. Aktualnie wybrana zak\u0142adka jest zaznaczona kolorem bia\u0142ym (pozosta\u0142e maj\u0105 kolor szary) i niebieskim paskiem u do\u0142u. W tym panelu dost\u0119pne s\u0105 trzy zak\u0142adki:<\/p>\n<ul>\n<li>Moje zadania \u2013 zawiera list\u0119 zada\u0144 otrzymanych od operatora; zadania mo\u017cna tworzy\u0107, przypisywa\u0107 i modyfikowa\u0107 w panelu \u201eZadania\u201d\u00a0 systemu FMS. Opis znajduje si\u0119 w sekcji <a href=\"https:\/\/www.fmsdocumentation.com\/pl\/creating-new-tasks\/?lang=pl\">Zadania<\/a>.<\/li>\n<li>Zako\u0144czone \u2013 ta zak\u0142adka wy\u015bwietla przyj\u0119te i uko\u0144czone zadania. Ten panel s\u0142u\u017cy g\u0142\u00f3wnie do przegl\u0105dania starych zada\u0144.<\/li>\n<li>Anulowano \u2013 ta zak\u0142adka wy\u015bwietla zadania anulowane przez kierowc\u0119. Ten panel s\u0142u\u017cy g\u0142\u00f3wnie do przegl\u0105dania starych zada\u0144.<\/li>\n<\/ul>\n<p style=\"background-color: #2e67b1; color: #ffffff; padding-left: 10px; padding-right: 10px;\"><p class=\"note\">Uwaga<br \/>\nGdy kierowca rozpocznie wykonywanie zadania, nie mo\u017cna go zmodyfikowa\u0107. Mo\u017cna je jedynie uko\u0144czy\u0107 albo anulowa\u0107. Anulowanego zadania nie mo\u017cna p\u00f3\u017aniej zaakceptowa\u0107. Po uko\u0144czeniu zadania nie mo\u017cna go ju\u017c modyfikowa\u0107.<\/p><\/p>\n<p><a href=\"https:\/\/www.fmsdocumentation.com\/wp-content\/uploads\/2019\/01\/236PL.jpg\"><img loading=\"lazy\" decoding=\"async\" class=\"alignnone wp-image-7164 size-medium\" src=\"https:\/\/www.fmsdocumentation.com\/wp-content\/uploads\/2019\/01\/236PL-244x300.jpg\" alt=\"\" width=\"244\" height=\"300\" srcset=\"https:\/\/www.fmsdocumentation.com\/wp-content\/uploads\/2019\/01\/236PL-244x300.jpg 244w, https:\/\/www.fmsdocumentation.com\/wp-content\/uploads\/2019\/01\/236PL-768x943.jpg 768w, https:\/\/www.fmsdocumentation.com\/wp-content\/uploads\/2019\/01\/236PL-834x1024.jpg 834w, https:\/\/www.fmsdocumentation.com\/wp-content\/uploads\/2019\/01\/236PL.jpg 1080w\" sizes=\"auto, (max-width: 244px) 100vw, 244px\" \/><\/a><\/p>\n<p>Ka\u017cde zadanie na li\u015bcie wy\u015bwietla podstawowe informacje:<\/p>\n<ol>\n<li>Pe\u0142ny adres miejsca docelowego;<\/li>\n<li>Data i godzina przyjazdu;<\/li>\n<li>Przeczytane\/nieprzeczytane \u2013 je\u015bli zadanie jest nowe i nie zosta\u0142o jeszcze przeczytane, po jego prawej stronie widoczna jest szara kropka. Je\u015bli zadanie zosta\u0142o przeczytane, kropka nie b\u0119dzie wy\u015bwietlana.<\/li>\n<\/ol>\n<p><a href=\"https:\/\/www.fmsdocumentation.com\/wp-content\/uploads\/2019\/01\/237PL.jpg\"><img loading=\"lazy\" decoding=\"async\" class=\"alignnone wp-image-7165 size-medium\" src=\"https:\/\/www.fmsdocumentation.com\/wp-content\/uploads\/2019\/01\/237PL-300x211.jpg\" alt=\"\" width=\"300\" height=\"211\" srcset=\"https:\/\/www.fmsdocumentation.com\/wp-content\/uploads\/2019\/01\/237PL-300x211.jpg 300w, https:\/\/www.fmsdocumentation.com\/wp-content\/uploads\/2019\/01\/237PL-768x541.jpg 768w, https:\/\/www.fmsdocumentation.com\/wp-content\/uploads\/2019\/01\/237PL-1024x722.jpg 1024w, https:\/\/www.fmsdocumentation.com\/wp-content\/uploads\/2019\/01\/237PL.jpg 1080w\" sizes=\"auto, (max-width: 300px) 100vw, 300px\" \/><\/a><\/p>\n<p><p class=\"note\">Uwaga<br \/>\nData przyjazdu nie ogranicza mo\u017cliwo\u015bci zmiany statusu po jej up\u0142ywie (na przyk\u0142ad: ustalona data to 10 listopada\u00a0, lecz kierowca przyjecha\u0142 15 listopada. Kierowca wci\u0105\u017c mo\u017ce oznaczy\u0107 zadanie jako wykonane. Inny przyk\u0142ad: Data przyjazdu to 10 listopada, dzi\u015b jest 11 listopada, kierowca mo\u017ce odrzuci\u0107 zadanie, je\u015bli tak postanowi).<\/p><\/p>\n<p>Zadanie mo\u017cna rozwin\u0105\u0107, aby wy\u015bwietli\u0107 dodatkowe informacje. W tym celu nale\u017cy klikn\u0105\u0107 na zadanie, aby otworzy\u0107 panel ze szczeg\u00f3\u0142ami na jego temat. Panel ten zawiera nast\u0119puj\u0105ce elementy:<\/p>\n<ul>\n<li>Mapa z aktualn\u0105 lokalizacj\u0105, lokalizacja pocz\u0105tkowa oraz lokalizacja docelowa;<\/li>\n<li>Odleg\u0142o\u015b\u0107 od lokalizacji pocz\u0105tkowej do docelowej;<\/li>\n<li>Data i godzina przyjazdu;<\/li>\n<li>Szacowany czas podr\u00f3\u017cy z lokalizacji pocz\u0105tkowej do docelowej.<\/li>\n<li>Adres lokalizacji pocz\u0105tkowej;<\/li>\n<li>Adres lokalizacji docelowej;<\/li>\n<li>Uwagi dodatkowe \u2013 tutaj kierowca zobaczy dodatkowe informacje, kt\u00f3re operator do\u0142\u0105czy\u0142 do zadania (maksymalnie 250 znak\u00f3w); Jest to opisane w sekcji <a href=\"https:\/\/www.fmsdocumentation.com\/pl\/creating-new-tasks\/?lang=pl\">Tworzenie nowych zada\u0144<\/a>.<\/li>\n<li>Symbol trasy <img loading=\"lazy\" decoding=\"async\" class=\"alignnone wp-image-651\" src=\"https:\/\/www.fmsdocumentation.com\/wp-content\/uploads\/2017\/04\/183-1.png\" alt=\"\" width=\"29\" height=\"28\" \/>\u00a0&#8211; wygeneruje tras\u0119 z aktualnej lokalizacji do lokalizacji docelowej przy u\u017cyciu urz\u0105dze\u0144 u\u017cytkownika wbudowanych w system nawigacji (<em>na przyk\u0142ad, Google Maps itp<\/em>.);<\/li>\n<li>Anuluj \u2013 oznaczy zadanie jako odrzucone;<\/li>\n<li>Zako\u0144cz \u2013 oznaczy zadanie jako w toku (zadanie mo\u017cna anulowa\u0107 po jego rozpocz\u0119ciu);<\/li>\n<li>Zako\u0144czone \u2013 oznaczy zadanie jako uko\u0144czone (widoczne tylko po klikni\u0119ciu przycisku rozpocz\u0119cia).<\/li>\n<\/ul>\n<p><a href=\"https:\/\/www.fmsdocumentation.com\/wp-content\/uploads\/2019\/01\/238PL.jpg\"><img loading=\"lazy\" decoding=\"async\" class=\"alignnone wp-image-7166 size-medium\" src=\"https:\/\/www.fmsdocumentation.com\/wp-content\/uploads\/2019\/01\/238PL-180x300.jpg\" alt=\"\" width=\"180\" height=\"300\" srcset=\"https:\/\/www.fmsdocumentation.com\/wp-content\/uploads\/2019\/01\/238PL-180x300.jpg 180w, https:\/\/www.fmsdocumentation.com\/wp-content\/uploads\/2019\/01\/238PL-768x1282.jpg 768w, https:\/\/www.fmsdocumentation.com\/wp-content\/uploads\/2019\/01\/238PL-613x1024.jpg 613w, https:\/\/www.fmsdocumentation.com\/wp-content\/uploads\/2019\/01\/238PL.jpg 1080w\" sizes=\"auto, (max-width: 180px) 100vw, 180px\" \/><\/a><\/p>\n<p>Aby zamkn\u0105\u0107 rozwini\u0119ty panel z podgl\u0105dem, nale\u017cy klikn\u0105\u0107 na niewielk\u0105 strza\u0142k\u0119 w lewym g\u00f3rnym rogu ekranu. U\u017cytkownik powr\u00f3ci w\u00f3wczas do panelu \u201eMoje zadania\u201d.<\/p>\n<p><a href=\"https:\/\/www.fmsdocumentation.com\/wp-content\/uploads\/2019\/01\/239PL.jpg\"><img loading=\"lazy\" decoding=\"async\" class=\"alignnone wp-image-7167 size-medium\" src=\"https:\/\/www.fmsdocumentation.com\/wp-content\/uploads\/2019\/01\/239PL-300x42.jpg\" alt=\"\" width=\"300\" height=\"42\" srcset=\"https:\/\/www.fmsdocumentation.com\/wp-content\/uploads\/2019\/01\/239PL-300x42.jpg 300w, https:\/\/www.fmsdocumentation.com\/wp-content\/uploads\/2019\/01\/239PL-768x107.jpg 768w, https:\/\/www.fmsdocumentation.com\/wp-content\/uploads\/2019\/01\/239PL-1024x143.jpg 1024w, https:\/\/www.fmsdocumentation.com\/wp-content\/uploads\/2019\/01\/239PL.jpg 1080w\" sizes=\"auto, (max-width: 300px) 100vw, 300px\" \/><\/a><\/p>\n<p>Zak\u0142adki \u201e<strong>Za<\/strong><strong>ko\u0144czone\u201d<\/strong>\u00a0i \u201e<strong>Anulowano<\/strong>\u201d \u2013 s\u0105 w du\u017cej mierze podobne do zak\u0142adki \u201eMoje zadania\u201d; wszystkie zadania s\u0105 wy\u015bwietlane na li\u015bcie i wszystkie mo\u017cna klikn\u0105\u0107, aby otworzy\u0107 podgl\u0105d. Jedyn\u0105 r\u00f3\u017cnic\u0105 jest brak przycisk\u00f3w \u201eAnuluj\u201d (Reject) i \u201eZako\u0144czone\u201d.<\/p>\n<p><a href=\"https:\/\/www.fmsdocumentation.com\/wp-content\/uploads\/2019\/01\/240PL.jpg\"><img loading=\"lazy\" decoding=\"async\" class=\"alignnone wp-image-7168 size-medium\" src=\"https:\/\/www.fmsdocumentation.com\/wp-content\/uploads\/2019\/01\/240PL-195x300.jpg\" alt=\"\" width=\"195\" height=\"300\" srcset=\"https:\/\/www.fmsdocumentation.com\/wp-content\/uploads\/2019\/01\/240PL-195x300.jpg 195w, https:\/\/www.fmsdocumentation.com\/wp-content\/uploads\/2019\/01\/240PL-768x1182.jpg 768w, https:\/\/www.fmsdocumentation.com\/wp-content\/uploads\/2019\/01\/240PL-665x1024.jpg 665w, https:\/\/www.fmsdocumentation.com\/wp-content\/uploads\/2019\/01\/240PL.jpg 1080w\" sizes=\"auto, (max-width: 195px) 100vw, 195px\" \/><\/a><\/p>\n<hr \/>\n<p> <div class=\"alignright\"><a href=\"https:\/\/www.fmsdocumentation.com\/pl\/\" title=\"Przewodnik F.M.S\">Przewodnik F.M.S <span class=\"arrow\"> &nbsp\u203a <\/span> <\/a><\/div><\/p>\n","protected":false},"excerpt":{"rendered":"<p>Pierwsz\u0105 rzecz\u0105, jak\u0105 u\u017cytkownik widzi po zalogowaniu jest zak\u0142adka \u201eMoje zadania\u201d w panelu \u201eMoje zadania\u201d. Nazwa aktualnie otwartej zak\u0142adki zawsze jest wy\u015bwietlana na g\u00f3rze. Aktualnie wybrana zak\u0142adka jest zaznaczona kolorem bia\u0142ym (pozosta\u0142e maj\u0105 kolor szary) i niebieskim paskiem u do\u0142u. W tym panelu dost\u0119pne s\u0105 trzy zak\u0142adki: Moje zadania \u2013 zawiera list\u0119 zada\u0144 otrzymanych od &hellip; <a href=\"https:\/\/www.fmsdocumentation.com\/pl\/ontrack-install-login\/my-tasks\/\" class=\"more-link\">Czytaj dalej <span class=\"screen-reader-text\">Moje zadania<\/span><\/a><\/p>\n","protected":false},"author":1,"featured_media":0,"parent":4559,"menu_order":3,"comment_status":"closed","ping_status":"closed","template":"","meta":{"footnotes":""},"class_list":["post-4557","page","type-page","status-publish","hentry"],"_links":{"self":[{"href":"https:\/\/www.fmsdocumentation.com\/pl\/wp-json\/wp\/v2\/pages\/4557","targetHints":{"allow":["GET"]}}],"collection":[{"href":"https:\/\/www.fmsdocumentation.com\/pl\/wp-json\/wp\/v2\/pages"}],"about":[{"href":"https:\/\/www.fmsdocumentation.com\/pl\/wp-json\/wp\/v2\/types\/page"}],"author":[{"embeddable":true,"href":"https:\/\/www.fmsdocumentation.com\/pl\/wp-json\/wp\/v2\/users\/1"}],"replies":[{"embeddable":true,"href":"https:\/\/www.fmsdocumentation.com\/pl\/wp-json\/wp\/v2\/comments?post=4557"}],"version-history":[{"count":5,"href":"https:\/\/www.fmsdocumentation.com\/pl\/wp-json\/wp\/v2\/pages\/4557\/revisions"}],"predecessor-version":[{"id":7169,"href":"https:\/\/www.fmsdocumentation.com\/pl\/wp-json\/wp\/v2\/pages\/4557\/revisions\/7169"}],"up":[{"embeddable":true,"href":"https:\/\/www.fmsdocumentation.com\/pl\/wp-json\/wp\/v2\/pages\/4559"}],"wp:attachment":[{"href":"https:\/\/www.fmsdocumentation.com\/pl\/wp-json\/wp\/v2\/media?parent=4557"}],"curies":[{"name":"wp","href":"https:\/\/api.w.org\/{rel}","templated":true}]}}