{"id":4558,"date":"2017-04-06T09:39:17","date_gmt":"2017-04-06T09:39:17","guid":{"rendered":"http:\/\/www.fmsdocumentation.com\/navigation-menu\/"},"modified":"2019-01-31T15:11:32","modified_gmt":"2019-01-31T13:11:32","slug":"navigation-menu","status":"publish","type":"page","link":"https:\/\/www.fmsdocumentation.com\/pl\/ontrack-install-login\/navigation-menu\/","title":{"rendered":"Menu nawigacji"},"content":{"rendered":"<p>Aby otworzy\u0107 menu nawigacji, nale\u017cy klikn\u0105\u0107 ikon\u0119 z szarymi kreskami znajduj\u0105c\u0105 si\u0119 w lewym g\u00f3rnym rogu ekranu.<\/p>\n<p><a href=\"https:\/\/www.fmsdocumentation.com\/wp-content\/uploads\/2019\/01\/234PL.jpg\"><img loading=\"lazy\" decoding=\"async\" class=\"alignnone wp-image-7159 size-medium\" src=\"https:\/\/www.fmsdocumentation.com\/wp-content\/uploads\/2019\/01\/234PL-300x228.jpg\" alt=\"\" width=\"300\" height=\"228\" srcset=\"https:\/\/www.fmsdocumentation.com\/wp-content\/uploads\/2019\/01\/234PL-300x228.jpg 300w, https:\/\/www.fmsdocumentation.com\/wp-content\/uploads\/2019\/01\/234PL-768x583.jpg 768w, https:\/\/www.fmsdocumentation.com\/wp-content\/uploads\/2019\/01\/234PL-1024x777.jpg 1024w, https:\/\/www.fmsdocumentation.com\/wp-content\/uploads\/2019\/01\/234PL.jpg 1080w\" sizes=\"auto, (max-width: 300px) 100vw, 300px\" \/><\/a><\/p>\n<p>Pojawi si\u0119 menu nawigacji. W g\u00f3rnej cz\u0119\u015bci menu znajduje si\u0119 nazwisko kierowcy, a pod nim dost\u0119pne s\u0105 nast\u0119puj\u0105ce panele:<\/p>\n<ul>\n<li><a href=\"https:\/\/www.fmsdocumentation.com\/pl\/ontrack-install-login\/my-tasks\/?lang=pl\">Moje zadania<\/a>\u00a0\u2013 ten panel pozwala przegl\u0105da\u0107 zadania przypisane do aktualnego u\u017cytkownika; jest otwarty domy\u015blnie.<\/li>\n<li><a href=\"https:\/\/www.fmsdocumentation.com\/pl\/ontrack-install-login\/communication\/?lang=pl\">Komunikacja<\/a>\u00a0\u2013 ten panel pozwala u\u017cytkownikowi komunikowa\u0107 si\u0119 z operatorem obs\u0142uguj\u0105cym system zarz\u0105dzania flot\u0105.<\/li>\n<li>Wyloguj si\u0119.<\/li>\n<\/ul>\n<p><a href=\"https:\/\/www.fmsdocumentation.com\/wp-content\/uploads\/2019\/01\/235PL.jpg\"><img loading=\"lazy\" decoding=\"async\" class=\"alignnone wp-image-7161 size-medium\" src=\"https:\/\/www.fmsdocumentation.com\/wp-content\/uploads\/2019\/01\/235PL-300x228.jpg\" alt=\"\" width=\"300\" height=\"228\" srcset=\"https:\/\/www.fmsdocumentation.com\/wp-content\/uploads\/2019\/01\/235PL-300x228.jpg 300w, https:\/\/www.fmsdocumentation.com\/wp-content\/uploads\/2019\/01\/235PL-768x583.jpg 768w, https:\/\/www.fmsdocumentation.com\/wp-content\/uploads\/2019\/01\/235PL-1024x777.jpg 1024w, https:\/\/www.fmsdocumentation.com\/wp-content\/uploads\/2019\/01\/235PL.jpg 1080w\" sizes=\"auto, (max-width: 300px) 100vw, 300px\" \/><\/a><\/p>\n<hr \/>\n<p> <div class=\"alignright\"><a href=\"https:\/\/www.fmsdocumentation.com\/pl\/\" title=\"Przewodnik F.M.S\">Przewodnik F.M.S <span class=\"arrow\"> &nbsp\u203a <\/span> <\/a><\/div><\/p>\n","protected":false},"excerpt":{"rendered":"<p>Aby otworzy\u0107 menu nawigacji, nale\u017cy klikn\u0105\u0107 ikon\u0119 z szarymi kreskami znajduj\u0105c\u0105 si\u0119 w lewym g\u00f3rnym rogu ekranu. Pojawi si\u0119 menu nawigacji. W g\u00f3rnej cz\u0119\u015bci menu znajduje si\u0119 nazwisko kierowcy, a pod nim dost\u0119pne s\u0105 nast\u0119puj\u0105ce panele: Moje zadania\u00a0\u2013 ten panel pozwala przegl\u0105da\u0107 zadania przypisane do aktualnego u\u017cytkownika; jest otwarty domy\u015blnie. Komunikacja\u00a0\u2013 ten panel pozwala u\u017cytkownikowi &hellip; <a href=\"https:\/\/www.fmsdocumentation.com\/pl\/ontrack-install-login\/navigation-menu\/\" class=\"more-link\">Czytaj dalej <span class=\"screen-reader-text\">Menu nawigacji<\/span><\/a><\/p>\n","protected":false},"author":1,"featured_media":0,"parent":4559,"menu_order":2,"comment_status":"closed","ping_status":"closed","template":"","meta":{"footnotes":""},"class_list":["post-4558","page","type-page","status-publish","hentry"],"_links":{"self":[{"href":"https:\/\/www.fmsdocumentation.com\/pl\/wp-json\/wp\/v2\/pages\/4558","targetHints":{"allow":["GET"]}}],"collection":[{"href":"https:\/\/www.fmsdocumentation.com\/pl\/wp-json\/wp\/v2\/pages"}],"about":[{"href":"https:\/\/www.fmsdocumentation.com\/pl\/wp-json\/wp\/v2\/types\/page"}],"author":[{"embeddable":true,"href":"https:\/\/www.fmsdocumentation.com\/pl\/wp-json\/wp\/v2\/users\/1"}],"replies":[{"embeddable":true,"href":"https:\/\/www.fmsdocumentation.com\/pl\/wp-json\/wp\/v2\/comments?post=4558"}],"version-history":[{"count":4,"href":"https:\/\/www.fmsdocumentation.com\/pl\/wp-json\/wp\/v2\/pages\/4558\/revisions"}],"predecessor-version":[{"id":7162,"href":"https:\/\/www.fmsdocumentation.com\/pl\/wp-json\/wp\/v2\/pages\/4558\/revisions\/7162"}],"up":[{"embeddable":true,"href":"https:\/\/www.fmsdocumentation.com\/pl\/wp-json\/wp\/v2\/pages\/4559"}],"wp:attachment":[{"href":"https:\/\/www.fmsdocumentation.com\/pl\/wp-json\/wp\/v2\/media?parent=4558"}],"curies":[{"name":"wp","href":"https:\/\/api.w.org\/{rel}","templated":true}]}}