{"id":4560,"date":"2017-04-06T09:36:35","date_gmt":"2017-04-06T09:36:35","guid":{"rendered":"http:\/\/www.fmsdocumentation.com\/analysis-by-driver\/"},"modified":"2019-01-31T13:25:38","modified_gmt":"2019-01-31T11:25:38","slug":"analysis-by-driver","status":"publish","type":"page","link":"https:\/\/www.fmsdocumentation.com\/pl\/eco-driving-menu\/analysis-by-driver\/","title":{"rendered":"Analiza wed\u0142ug kierowc\u00f3w"},"content":{"rendered":"<p>Analiza wed\u0142ug kierowcy to funkcja, kt\u00f3ra prezentuje bardziej szczeg\u00f3\u0142ow\u0105 analiz\u0119 parametr\u00f3w ekonomicznej jazdy wed\u0142ug kierowc\u00f3w, a nie pojazd\u00f3w. Ta zak\u0142adka jest w du\u017cej mierze podobna do zak\u0142adki analizy wed\u0142ug pojazdu. W tej sekcji opisane s\u0105 tylko r\u00f3\u017cnice.<\/p>\n<p><a href=\"https:\/\/www.fmsdocumentation.com\/wp-content\/uploads\/2019\/01\/220PL.png\"><img loading=\"lazy\" decoding=\"async\" class=\"alignnone wp-image-7140 size-large\" src=\"https:\/\/www.fmsdocumentation.com\/wp-content\/uploads\/2019\/01\/220PL-1024x470.png\" alt=\"\" width=\"660\" height=\"303\" srcset=\"https:\/\/www.fmsdocumentation.com\/wp-content\/uploads\/2019\/01\/220PL-1024x470.png 1024w, https:\/\/www.fmsdocumentation.com\/wp-content\/uploads\/2019\/01\/220PL-300x138.png 300w, https:\/\/www.fmsdocumentation.com\/wp-content\/uploads\/2019\/01\/220PL-768x352.png 768w, https:\/\/www.fmsdocumentation.com\/wp-content\/uploads\/2019\/01\/220PL.png 1862w\" sizes=\"auto, (max-width: 660px) 100vw, 660px\" \/><\/a><\/p>\n<p>G\u0142\u00f3wn\u0105 cech\u0105 odr\u00f3\u017cniaj\u0105c\u0105 t\u0119 zak\u0142adk\u0119 od zak\u0142adki analizy wed\u0142ug pojazdu jest to, \u017ce zamiast listy pojazd\u00f3w znajduje si\u0119 tu lista kierowc\u00f3w. Mo\u017ce wy\u015bwietla\u0107 maksymalnie 5 kierowc\u00f3w jednocze\u015bnie. Po klikni\u0119ciu przycisku z trzema kropkami w prawym g\u00f3rnym rogu listy kierowc\u00f3w otworzy si\u0119 pe\u0142na lista w nowym oknie.<\/p>\n<p><a href=\"https:\/\/www.fmsdocumentation.com\/wp-content\/uploads\/2019\/01\/221PL.png\"><img loading=\"lazy\" decoding=\"async\" class=\"alignnone wp-image-7141 size-full\" src=\"https:\/\/www.fmsdocumentation.com\/wp-content\/uploads\/2019\/01\/221PL.png\" alt=\"\" width=\"750\" height=\"544\" srcset=\"https:\/\/www.fmsdocumentation.com\/wp-content\/uploads\/2019\/01\/221PL.png 750w, https:\/\/www.fmsdocumentation.com\/wp-content\/uploads\/2019\/01\/221PL-300x218.png 300w\" sizes=\"auto, (max-width: 750px) 100vw, 750px\" \/><\/a><\/p>\n<p>Po wprowadzeniu modyfikacji na li\u015bcie nale\u017cy klikn\u0105\u0107 przycisk \u201eZastosuj\u201d. W przeciwnym razie zmiany nie zostan\u0105 zapisane.<\/p>\n<p style=\"background-color: #2e67b1; color: #ffffff; padding-left: 10px; padding-right: 10px;\"><p class=\"note\">Uwaga<br \/>\nJe\u015bli wszyscy kierowcy zostan\u0105 usuni\u0119ci z listy poprzez klikni\u0119cie przycisku \u201eUsu\u0144\u201d (Remove) lub przez otwarcie listy wyboru i odznaczenie wszystkich kierowc\u00f3w, wszystkie dane zostan\u0105 usuni\u0119te z widoku. Aby ponownie w\u0142\u0105czy\u0107 list\u0119 kierowc\u00f3w, nale\u017cy przej\u015b\u0107 na dowoln\u0105 inn\u0105 zak\u0142adk\u0119, a potem wr\u00f3ci\u0107. <\/p><\/p>\n<p>Pozosta\u0142e elementy s\u0105 takie same, jak w zak\u0142adce analizy wed\u0142ug pojazdu, za wyj\u0105tkiem przycisku \u201ePoka\u017c map\u0119\u201d, kt\u00f3rego nie ma w zak\u0142adce analizy wed\u0142ug kierowcy.<\/p>\n<hr \/>\n<p><div class=\"alignleft\"><a href=\"https:\/\/www.fmsdocumentation.com\/pl\/eco-driving-menu\/analysis-by-vehicle\/\" title=\"Analiza wed\u0142ug pojazd\u00f3w\"><span class=\"arrow\">\u2039 &nbsp <\/span> Analiza wed\u0142ug pojazd\u00f3w <\/a><\/div> <div class=\"alignright\"><a href=\"https:\/\/www.fmsdocumentation.com\/pl\/apis\/\" title=\"API\">API <span class=\"arrow\"> &nbsp\u203a <\/span> <\/a><\/div><\/p>\n","protected":false},"excerpt":{"rendered":"<p>Analiza wed\u0142ug kierowcy to funkcja, kt\u00f3ra prezentuje bardziej szczeg\u00f3\u0142ow\u0105 analiz\u0119 parametr\u00f3w ekonomicznej jazdy wed\u0142ug kierowc\u00f3w, a nie pojazd\u00f3w. Ta zak\u0142adka jest w du\u017cej mierze podobna do zak\u0142adki analizy wed\u0142ug pojazdu. W tej sekcji opisane s\u0105 tylko r\u00f3\u017cnice. G\u0142\u00f3wn\u0105 cech\u0105 odr\u00f3\u017cniaj\u0105c\u0105 t\u0119 zak\u0142adk\u0119 od zak\u0142adki analizy wed\u0142ug pojazdu jest to, \u017ce zamiast listy pojazd\u00f3w znajduje si\u0119 &hellip; <a href=\"https:\/\/www.fmsdocumentation.com\/pl\/eco-driving-menu\/analysis-by-driver\/\" class=\"more-link\">Czytaj dalej <span class=\"screen-reader-text\">Analiza wed\u0142ug kierowc\u00f3w<\/span><\/a><\/p>\n","protected":false},"author":1,"featured_media":0,"parent":4563,"menu_order":4,"comment_status":"closed","ping_status":"closed","template":"","meta":{"footnotes":""},"class_list":["post-4560","page","type-page","status-publish","hentry"],"_links":{"self":[{"href":"https:\/\/www.fmsdocumentation.com\/pl\/wp-json\/wp\/v2\/pages\/4560","targetHints":{"allow":["GET"]}}],"collection":[{"href":"https:\/\/www.fmsdocumentation.com\/pl\/wp-json\/wp\/v2\/pages"}],"about":[{"href":"https:\/\/www.fmsdocumentation.com\/pl\/wp-json\/wp\/v2\/types\/page"}],"author":[{"embeddable":true,"href":"https:\/\/www.fmsdocumentation.com\/pl\/wp-json\/wp\/v2\/users\/1"}],"replies":[{"embeddable":true,"href":"https:\/\/www.fmsdocumentation.com\/pl\/wp-json\/wp\/v2\/comments?post=4560"}],"version-history":[{"count":4,"href":"https:\/\/www.fmsdocumentation.com\/pl\/wp-json\/wp\/v2\/pages\/4560\/revisions"}],"predecessor-version":[{"id":7142,"href":"https:\/\/www.fmsdocumentation.com\/pl\/wp-json\/wp\/v2\/pages\/4560\/revisions\/7142"}],"up":[{"embeddable":true,"href":"https:\/\/www.fmsdocumentation.com\/pl\/wp-json\/wp\/v2\/pages\/4563"}],"wp:attachment":[{"href":"https:\/\/www.fmsdocumentation.com\/pl\/wp-json\/wp\/v2\/media?parent=4560"}],"curies":[{"name":"wp","href":"https:\/\/api.w.org\/{rel}","templated":true}]}}