{"id":4561,"date":"2017-04-06T09:35:39","date_gmt":"2017-04-06T09:35:39","guid":{"rendered":"http:\/\/www.fmsdocumentation.com\/analysis-by-vehicle\/"},"modified":"2019-01-31T12:29:24","modified_gmt":"2019-01-31T10:29:24","slug":"analysis-by-vehicle","status":"publish","type":"page","link":"https:\/\/www.fmsdocumentation.com\/pl\/eco-driving-menu\/analysis-by-vehicle\/","title":{"rendered":"Analiza wed\u0142ug pojazd\u00f3w"},"content":{"rendered":"<p>Analiza wed\u0142ug pojazdu to funkcja, kt\u00f3ra prezentuje bardziej szczeg\u00f3\u0142ow\u0105 analiz\u0119 parametr\u00f3w pojazdu w wybranym okresie czasu. Ta zak\u0142adka jest podzielona na dwie cz\u0119\u015bci:<\/p>\n<ul>\n<li><strong>Wykres<\/strong>;<\/li>\n<li><strong>Statystyki<\/strong>.<\/li>\n<\/ul>\n<p><strong>Wykres \u2013\u00a0<\/strong>pokazuje analizowane dane w postaci wykresu. Wykres mo\u017ce pokaza\u0107 tylko jeden rodzaj danych naraz. Nazwa aktualnie wy\u015bwietlanych danych znajduje si\u0119 w lewym g\u00f3rnym rogu sekcji wykresu. Wy\u015bwietlane dane mo\u017cna zmieni\u0107 w sekcji statystyk.<\/p>\n<p><strong>Skala<\/strong>\u00a0<strong>\u2013<\/strong> O\u015b Y wykresu przedstawia warto\u015bci dla wybranych danych, natomiast o\u015b X zawsze przedstawia czas. Domy\u015blnie czas na osi X jest wyra\u017cany w dniach. Mo\u017cna to zmieni\u0107 w prawej g\u00f3rnej cz\u0119\u015bci sekcji wykresu. Dost\u0119pne s\u0105 nast\u0119puj\u0105ce skale:<\/p>\n<ul>\n<li>Dzie\u0144;<\/li>\n<li>Tydzie\u0144;<\/li>\n<li>Miesi\u0105c;<\/li>\n<\/ul>\n<p>Aktualnie wybrana skala jest oznaczona kolorem niebieskim i podkre\u015blona niebiesk\u0105 lini\u0105.<\/p>\n<p><strong>\u015arednia dla floty<\/strong>\u00a0\u2013 obok wyboru jednostek dla osi znajduje si\u0119 pole pozwalaj\u0105ce wy\u015bwietli\u0107 \u015bredni\u0105 warto\u015b\u0107 dla aktualnie wybranych danych. Ta funkcja domy\u015blnie jest wy\u0142\u0105czona. Po jej w\u0142\u0105czeniu szary prze\u0142\u0105cznik zmieni kolor na niebieski, a na wykresie pojawi si\u0119 prosta kropkowana linia.<\/p>\n<p style=\"background-color: #2e67b1; color: #ffffff; padding-left: 10px; padding-right: 10px;\"><p class=\"note\">Uwaga<br \/>\nJe\u015bli w sekcji statystyk na li\u015bcie znajduj\u0105 si\u0119 samochody, lecz u\u017cytkownik nie chce wy\u015bwietla\u0107 ich danych na wykresie, \u015brednia dla floty i tak uwzgl\u0119dni je w kalkulacjach. Aby tego unikn\u0105\u0107, niepotrzebny pojazd nale\u017cy ca\u0142kowicie usun\u0105\u0107 z widoku statystyk. Zosta\u0142o to opisane w dalszej cz\u0119\u015bci tej sekcji.<\/p><\/p>\n<p><a href=\"https:\/\/www.fmsdocumentation.com\/wp-content\/uploads\/2019\/01\/212PL.png\"><img loading=\"lazy\" decoding=\"async\" class=\"alignnone wp-image-7130 size-large\" src=\"https:\/\/www.fmsdocumentation.com\/wp-content\/uploads\/2019\/01\/212PL-1024x430.png\" alt=\"\" width=\"660\" height=\"277\" srcset=\"https:\/\/www.fmsdocumentation.com\/wp-content\/uploads\/2019\/01\/212PL-1024x430.png 1024w, https:\/\/www.fmsdocumentation.com\/wp-content\/uploads\/2019\/01\/212PL-300x126.png 300w, https:\/\/www.fmsdocumentation.com\/wp-content\/uploads\/2019\/01\/212PL-768x322.png 768w, https:\/\/www.fmsdocumentation.com\/wp-content\/uploads\/2019\/01\/212PL.png 1860w\" sizes=\"auto, (max-width: 660px) 100vw, 660px\" \/><\/a><\/p>\n<p>Dla ka\u017cdej linii na wykresie kolor jest wybierany automatycznie przez system zarz\u0105dzania flot\u0105 i jest wy\u015bwietlany w sekcji statystyk obok ka\u017cdego pojazdu. Przy dodawaniu lub usuwaniu pojazd\u00f3w w sekcji statystyk, kolor wykres\u00f3w b\u0119dzie automatycznie ustawiany przez system.<\/p>\n<p>Ka\u017cda linia wykresu posiada punkty z informacjami dla ka\u017cdego dnia (zmienia si\u0119 to wraz ze zmian\u0105 skali; je\u015bli wybrany zostanie tydzie\u0144, punkt z informacjami b\u0119dzie wy\u015bwietlany dla ka\u017cdego tygodnia). Po najechaniu kursorem na taki punkt pojawi\u0105 si\u0119 informacje statystyczne dla okre\u015blonego dnia.<\/p>\n<p><a href=\"https:\/\/www.fmsdocumentation.com\/wp-content\/uploads\/2019\/01\/213PL.png\"><img loading=\"lazy\" decoding=\"async\" class=\"alignnone wp-image-7131 size-full\" src=\"https:\/\/www.fmsdocumentation.com\/wp-content\/uploads\/2019\/01\/213PL.png\" alt=\"\" width=\"403\" height=\"237\" srcset=\"https:\/\/www.fmsdocumentation.com\/wp-content\/uploads\/2019\/01\/213PL.png 403w, https:\/\/www.fmsdocumentation.com\/wp-content\/uploads\/2019\/01\/213PL-300x176.png 300w\" sizes=\"auto, (max-width: 403px) 100vw, 403px\" \/><\/a><\/p>\n<p><strong>Statystyki<\/strong>\u00a0\u2013 sekcja zawiera list\u0119 wybranych pojazd\u00f3w oraz tabel\u0119 informacyjn\u0105 z wybranymi parametrami. Lista pojazd\u00f3w jest generowana automatycznie i wy\u015bwietla 5 najbardziej aktywnych pojazd\u00f3w w wybranym okresie czasu. W poni\u017cszym przyk\u0142adzie u\u017cytkownik posiada tylko 4 obs\u0142ugiwane pojazdy, zatem tylko one s\u0105 wy\u015bwietlane.<\/p>\n<p><a href=\"https:\/\/www.fmsdocumentation.com\/wp-content\/uploads\/2019\/01\/214PL.png\"><img loading=\"lazy\" decoding=\"async\" class=\"alignnone wp-image-7132 size-large\" src=\"https:\/\/www.fmsdocumentation.com\/wp-content\/uploads\/2019\/01\/214PL-1024x292.png\" alt=\"\" width=\"660\" height=\"188\" srcset=\"https:\/\/www.fmsdocumentation.com\/wp-content\/uploads\/2019\/01\/214PL-1024x292.png 1024w, https:\/\/www.fmsdocumentation.com\/wp-content\/uploads\/2019\/01\/214PL-300x85.png 300w, https:\/\/www.fmsdocumentation.com\/wp-content\/uploads\/2019\/01\/214PL-768x219.png 768w, https:\/\/www.fmsdocumentation.com\/wp-content\/uploads\/2019\/01\/214PL.png 1860w\" sizes=\"auto, (max-width: 660px) 100vw, 660px\" \/><\/a><\/p>\n<p><strong>Pojazdy<\/strong>\u00a0\u2013 aby wybra\u0107 pojazdy do wy\u015bwietlania, kliknij przycisk z trzema szarymi kropkami obok napisu \u201ePojazdy\u201d w lewym g\u00f3rnym rogu sekcji. Pojawi si\u0119 okno z list\u0105 wszystkich pojazd\u00f3w dla aktualnego u\u017cytkownika sekcji. Aktualnie wybrane pojazdy b\u0119d\u0105 zaznaczone niebieskim symbolem zaznaczenia obok nazwy pojazdu. Dla du\u017cych flot dost\u0119pna jest opcja wyszukiwania tu\u017c powy\u017cej listy pojazd\u00f3w. Po wprowadzeniu zmian nale\u017cy klikn\u0105\u0107 przycisk \u201eZastosuj\u201d. W przeciwnym razie dokonane zmiany nie zostan\u0105 zapisane. Mo\u017cna wybra\u0107 maksymalnie 5 pojazd\u00f3w jednocze\u015bnie. Pojazdy mo\u017cna szybko usun\u0105\u0107 z listy, klikaj\u0105c przycisk \u201eUsu\u0144\u201d pod nazw\u0105 pojazdu.<\/p>\n<p><a href=\"https:\/\/www.fmsdocumentation.com\/wp-content\/uploads\/2019\/01\/215PL.png\"><img loading=\"lazy\" decoding=\"async\" class=\"alignnone wp-image-7133 size-full\" src=\"https:\/\/www.fmsdocumentation.com\/wp-content\/uploads\/2019\/01\/215PL.png\" alt=\"\" width=\"750\" height=\"544\" srcset=\"https:\/\/www.fmsdocumentation.com\/wp-content\/uploads\/2019\/01\/215PL.png 750w, https:\/\/www.fmsdocumentation.com\/wp-content\/uploads\/2019\/01\/215PL-300x218.png 300w\" sizes=\"auto, (max-width: 750px) 100vw, 750px\" \/><\/a><\/p>\n<p style=\"background-color: #2e67b1; color: #ffffff; padding-left: 10px; padding-right: 10px;\"><p class=\"note\">Uwaga<br \/>\nJe\u015bli wszystkie pojazdy zostan\u0105 usuni\u0119te z listy poprzez klikni\u0119cie przycisku \u201eUsu\u0144\u201d (Remove) lub przez otwarcie listy wyboru i odznaczenie wszystkich pojazd\u00f3w, wszystkie dane zostan\u0105 usuni\u0119te z widoku. Aby ponownie w\u0142\u0105czy\u0107 list\u0119 pojazd\u00f3w, nale\u017cy przej\u015b\u0107 na dowoln\u0105 inn\u0105 zak\u0142adk\u0119, a potem wr\u00f3ci\u0107.<br \/>\n<\/p><\/p>\n<p><strong>Poka\u017c map\u0119<\/strong>\u00a0\u2013 pod ka\u017cd\u0105 nazw\u0105 pojazdu znajduje si\u0119 przycisk \u201ePoka\u017c map\u0119\u201d (Show map). Po jego klikni\u0119ciu pojawi si\u0119 mapa z tras\u0105 wybranych pojazd\u00f3w w wybranym okresie czasu.<\/p>\n<p><a href=\"https:\/\/www.fmsdocumentation.com\/wp-content\/uploads\/2019\/01\/216PL.png\"><img loading=\"lazy\" decoding=\"async\" class=\"alignnone wp-image-7134 size-large\" src=\"https:\/\/www.fmsdocumentation.com\/wp-content\/uploads\/2019\/01\/216PL-1024x493.png\" alt=\"\" width=\"660\" height=\"318\" srcset=\"https:\/\/www.fmsdocumentation.com\/wp-content\/uploads\/2019\/01\/216PL-1024x493.png 1024w, https:\/\/www.fmsdocumentation.com\/wp-content\/uploads\/2019\/01\/216PL-300x145.png 300w, https:\/\/www.fmsdocumentation.com\/wp-content\/uploads\/2019\/01\/216PL-768x370.png 768w, https:\/\/www.fmsdocumentation.com\/wp-content\/uploads\/2019\/01\/216PL.png 1536w\" sizes=\"auto, (max-width: 660px) 100vw, 660px\" \/><\/a><\/p>\n<p>U g\u00f3ry mapy u\u017cytkownik mo\u017ce w\u0142\u0105czy\u0107 lub wy\u0142\u0105czy\u0107 wy\u015bwietlanie nast\u0119puj\u0105cych zdarze\u0144 na mapie:<\/p>\n<ul>\n<li>Intensywne hamowanie;<\/li>\n<li>Ostre hamowanie;<\/li>\n<li>Ostre przyspieszanie.<\/li>\n<\/ul>\n<p>Wy\u015bwietlanie tych zdarze\u0144 w\u0142\u0105cza si\u0119, klikaj\u0105c niewielki pasek obok zdarzenia ka\u017cdego rodzaju. Mo\u017cna w\u0142\u0105czy\u0107 wy\u015bwietlanie kilku zdarze\u0144 jednocze\u015bnie. Zdarzenia b\u0119d\u0105 oznaczane jako czerwone k\u00f3\u0142ka z wykrzyknikami.<\/p>\n<p><a href=\"https:\/\/www.fmsdocumentation.com\/wp-content\/uploads\/2019\/01\/217PL.png\"><img loading=\"lazy\" decoding=\"async\" class=\"alignnone wp-image-7135 size-large\" src=\"https:\/\/www.fmsdocumentation.com\/wp-content\/uploads\/2019\/01\/217PL-1024x341.png\" alt=\"\" width=\"660\" height=\"220\" srcset=\"https:\/\/www.fmsdocumentation.com\/wp-content\/uploads\/2019\/01\/217PL-1024x341.png 1024w, https:\/\/www.fmsdocumentation.com\/wp-content\/uploads\/2019\/01\/217PL-300x100.png 300w, https:\/\/www.fmsdocumentation.com\/wp-content\/uploads\/2019\/01\/217PL-768x256.png 768w, https:\/\/www.fmsdocumentation.com\/wp-content\/uploads\/2019\/01\/217PL.png 1276w\" sizes=\"auto, (max-width: 660px) 100vw, 660px\" \/><\/a><\/p>\n<p>Po klikni\u0119ciu na czerwone k\u00f3\u0142ko pojawi\u0105 si\u0119 dodatkowe informacje na temat zdarzenia.<\/p>\n<p><strong>Wy\u015bwietlane parametry<\/strong>\u00a0\u2013 wy\u015bwietlane parametry mo\u017cna zmieni\u0107, klikaj\u0105c przycisk z trzema szarymi kropkami w prawym g\u00f3rnym rogu sekcji. Pojawi si\u0119 nowe okno z list\u0105 wszystkich dost\u0119pnych parametr\u00f3w do wy\u015bwietlenia. Aktualnie wybrane parametry b\u0119d\u0105 zaznaczone niebieskim znakiem obok nazwy parametru. Pole szybkiego wyszukiwania znajduje si\u0119 tu\u017c nad list\u0105. Maksymalnie mo\u017cna wybra\u0107 7 parametr\u00f3w naraz. Po wprowadzeniu zmian nale\u017cy klikn\u0105\u0107 przycisk \u201eZako\u0144czono\u201d. W przeciwnym razie dokonane zmiany nie zostan\u0105 zapisane.<\/p>\n<p><a href=\"https:\/\/www.fmsdocumentation.com\/wp-content\/uploads\/2019\/01\/218PL.png\"><img loading=\"lazy\" decoding=\"async\" class=\"alignnone wp-image-7136 size-full\" src=\"https:\/\/www.fmsdocumentation.com\/wp-content\/uploads\/2019\/01\/218PL.png\" alt=\"\" width=\"750\" height=\"544\" srcset=\"https:\/\/www.fmsdocumentation.com\/wp-content\/uploads\/2019\/01\/218PL.png 750w, https:\/\/www.fmsdocumentation.com\/wp-content\/uploads\/2019\/01\/218PL-300x218.png 300w\" sizes=\"auto, (max-width: 750px) 100vw, 750px\" \/><\/a><\/p>\n<p><strong>Wy\u015bw<\/strong><strong>ietl na wykresie<\/strong>\u00a0\u2013 na g\u0142\u00f3wnym wykresie mo\u017cna wy\u015bwietla\u0107 tylko jeden parametr (dane z jednej kolumny). Wynika to z komplikacji zwi\u0105zanych ze skal\u0105. Aktualnie wy\u015bwietlane parametry posiadaj\u0105 nag\u0142\u00f3wek zaznaczony kolorem niebieskim. U\u017cytkownik mo\u017ce wybra\u0107, kt\u00f3re parametry (z okre\u015blonej kolumny) maj\u0105 by\u0107 wy\u015bwietlane na g\u0142\u00f3wnym wykresie. Mo\u017cna to zrobi\u0107, klikaj\u0105c wykresy parametr\u00f3w w kolumnie, aby usun\u0105\u0107 zaznaczenie. G\u0142\u00f3wny wykres wy\u015bwietla tylko zaznaczone parametry. Je\u015bli jedna kolumna jest zaznaczona, a u\u017cytkownik kliknie parametr z innej kolumny, zaznaczenie poprzedniej kolumny zostanie usuni\u0119te ca\u0142kowicie, a wy\u015bwietlany b\u0119dzie tylko jeden parametr z drugiej kolumny. U\u017cytkownik mo\u017ce wybra\u0107 ca\u0142\u0105 kolumn\u0119 parametr\u00f3w, klikaj\u0105c na nag\u0142\u00f3wek.<\/p>\n<p><a href=\"https:\/\/www.fmsdocumentation.com\/wp-content\/uploads\/2019\/01\/219PL.png\"><img loading=\"lazy\" decoding=\"async\" class=\"alignnone wp-image-7137 size-full\" src=\"https:\/\/www.fmsdocumentation.com\/wp-content\/uploads\/2019\/01\/219PL.png\" alt=\"\" width=\"708\" height=\"532\" srcset=\"https:\/\/www.fmsdocumentation.com\/wp-content\/uploads\/2019\/01\/219PL.png 708w, https:\/\/www.fmsdocumentation.com\/wp-content\/uploads\/2019\/01\/219PL-300x225.png 300w\" sizes=\"auto, (max-width: 708px) 100vw, 708px\" \/><\/a><\/p>\n<hr \/>\n<p><div class=\"alignleft\"><a href=\"https:\/\/www.fmsdocumentation.com\/pl\/eco-driving-menu\/fleet-summary\/\" title=\"Podsumowanie dla floty\"><span class=\"arrow\">\u2039 &nbsp <\/span> Podsumowanie dla floty <\/a><\/div> <div class=\"alignright\"><a href=\"https:\/\/www.fmsdocumentation.com\/pl\/eco-driving-menu\/analysis-by-driver\/\" title=\"Analiza wed\u0142ug kierowc\u00f3w\">Analiza wed\u0142ug kierowc\u00f3w <span class=\"arrow\"> &nbsp\u203a <\/span> <\/a><\/div><\/p>\n<p>&nbsp;<\/p>\n","protected":false},"excerpt":{"rendered":"<p>Analiza wed\u0142ug pojazdu to funkcja, kt\u00f3ra prezentuje bardziej szczeg\u00f3\u0142ow\u0105 analiz\u0119 parametr\u00f3w pojazdu w wybranym okresie czasu. Ta zak\u0142adka jest podzielona na dwie cz\u0119\u015bci: Wykres; Statystyki. Wykres \u2013\u00a0pokazuje analizowane dane w postaci wykresu. Wykres mo\u017ce pokaza\u0107 tylko jeden rodzaj danych naraz. Nazwa aktualnie wy\u015bwietlanych danych znajduje si\u0119 w lewym g\u00f3rnym rogu sekcji wykresu. Wy\u015bwietlane dane mo\u017cna &hellip; <a href=\"https:\/\/www.fmsdocumentation.com\/pl\/eco-driving-menu\/analysis-by-vehicle\/\" class=\"more-link\">Czytaj dalej <span class=\"screen-reader-text\">Analiza wed\u0142ug pojazd\u00f3w<\/span><\/a><\/p>\n","protected":false},"author":1,"featured_media":0,"parent":4563,"menu_order":2,"comment_status":"closed","ping_status":"closed","template":"","meta":{"footnotes":""},"class_list":["post-4561","page","type-page","status-publish","hentry"],"_links":{"self":[{"href":"https:\/\/www.fmsdocumentation.com\/pl\/wp-json\/wp\/v2\/pages\/4561","targetHints":{"allow":["GET"]}}],"collection":[{"href":"https:\/\/www.fmsdocumentation.com\/pl\/wp-json\/wp\/v2\/pages"}],"about":[{"href":"https:\/\/www.fmsdocumentation.com\/pl\/wp-json\/wp\/v2\/types\/page"}],"author":[{"embeddable":true,"href":"https:\/\/www.fmsdocumentation.com\/pl\/wp-json\/wp\/v2\/users\/1"}],"replies":[{"embeddable":true,"href":"https:\/\/www.fmsdocumentation.com\/pl\/wp-json\/wp\/v2\/comments?post=4561"}],"version-history":[{"count":4,"href":"https:\/\/www.fmsdocumentation.com\/pl\/wp-json\/wp\/v2\/pages\/4561\/revisions"}],"predecessor-version":[{"id":7138,"href":"https:\/\/www.fmsdocumentation.com\/pl\/wp-json\/wp\/v2\/pages\/4561\/revisions\/7138"}],"up":[{"embeddable":true,"href":"https:\/\/www.fmsdocumentation.com\/pl\/wp-json\/wp\/v2\/pages\/4563"}],"wp:attachment":[{"href":"https:\/\/www.fmsdocumentation.com\/pl\/wp-json\/wp\/v2\/media?parent=4561"}],"curies":[{"name":"wp","href":"https:\/\/api.w.org\/{rel}","templated":true}]}}