{"id":4563,"date":"2017-04-06T09:28:31","date_gmt":"2017-04-06T09:28:31","guid":{"rendered":"http:\/\/www.fmsdocumentation.com\/eco-driving-menu\/"},"modified":"2020-06-02T09:24:24","modified_gmt":"2020-06-02T06:24:24","slug":"eco-driving-menu","status":"publish","type":"page","link":"https:\/\/www.fmsdocumentation.com\/pl\/eco-driving-menu\/","title":{"rendered":"Menu Ekonomicznej jazdy (Eco-Drive)"},"content":{"rendered":"<p>Ekonomiczna jazda to analiza i przegl\u0105d wszystkiego, co jest zwi\u0105zane ze stylami jazdy ekonomicznymi i przyjaznymi zar\u00f3wno dla kierowc\u00f3w, jak i dla pojazd\u00f3w. Aby przej\u015b\u0107 do zak\u0142adki ekonomicznej jazdy, kliknij na odpowiedni\u0105 ikon\u0119 na lewym panelu nawigacyjnym, jak pokazano poni\u017cej.<\/p>\n<p><a href=\"https:\/\/www.fmsdocumentation.com\/wp-content\/uploads\/2019\/01\/197PL.png\"><img loading=\"lazy\" decoding=\"async\" class=\"alignnone wp-image-7109 size-large\" src=\"https:\/\/www.fmsdocumentation.com\/wp-content\/uploads\/2019\/01\/197PL-1024x500.png\" alt=\"\" width=\"660\" height=\"322\" srcset=\"https:\/\/www.fmsdocumentation.com\/wp-content\/uploads\/2019\/01\/197PL-1024x500.png 1024w, https:\/\/www.fmsdocumentation.com\/wp-content\/uploads\/2019\/01\/197PL-300x147.png 300w, https:\/\/www.fmsdocumentation.com\/wp-content\/uploads\/2019\/01\/197PL-768x375.png 768w, https:\/\/www.fmsdocumentation.com\/wp-content\/uploads\/2019\/01\/197PL.png 1920w\" sizes=\"auto, (max-width: 660px) 100vw, 660px\" \/><\/a><\/p>\n<p>Przegl\u0105d ekonomicznej jazdy sk\u0142ada si\u0119 z trzech r\u00f3\u017cnych zak\u0142adek, kt\u00f3re mo\u017cna prze\u0142\u0105cza\u0107 u g\u00f3ry ekranu. Aktualnie dost\u0119pne s\u0105 nast\u0119puj\u0105ce zak\u0142adki:<\/p>\n<ol>\n<li><a href=\"https:\/\/www.fmsdocumentation.com\/pl\/eco-driving-menu\/fleet-summary\/?lang=pl\">Podsumowanie floty<\/a>\u2013 (otwarte domy\u015blnie);<\/li>\n<li><a href=\"https:\/\/www.fmsdocumentation.com\/pl\/eco-driving-menu\/analysis-by-vehicle\/?lang=pl\">Analiza wed\u0142ug pojazd\u00f3w<\/a>;<\/li>\n<li><a href=\"https:\/\/www.fmsdocumentation.com\/pl\/eco-driving-menu\/analysis-by-driver\/?lang=pl\">Analiza wed\u0142ug kierowc\u00f3w.<\/a><\/li>\n<\/ol>\n<p><a href=\"https:\/\/www.fmsdocumentation.com\/wp-content\/uploads\/2017\/04\/152.png\"><img loading=\"lazy\" decoding=\"async\" class=\"alignnone wp-image-255 size-full\" src=\"https:\/\/www.fmsdocumentation.com\/wp-content\/uploads\/2017\/04\/152.png\" alt=\"\" width=\"379\" height=\"65\" srcset=\"https:\/\/www.fmsdocumentation.com\/wp-content\/uploads\/2017\/04\/152.png 379w, https:\/\/www.fmsdocumentation.com\/wp-content\/uploads\/2017\/04\/152-300x51.png 300w\" sizes=\"auto, (max-width: 379px) 100vw, 379px\" \/><\/a><\/p>\n<p>Aktualnie wybrana zak\u0142adka b\u0119dzie pod\u015bwietlana na niebiesko, natomiast niezaznaczone zak\u0142adki pozostan\u0105 szare. Ka\u017cda zak\u0142adka ekonomicznej jazdy jest opisana poni\u017cej w odpowiedniej sekcji. Sekcja zak\u0142adek pozostaje taka sama dla ka\u017cdej otwartej zak\u0142adki. Po prawej stronie od sekcji zak\u0142adek dost\u0119pne s\u0105 trzy inne funkcje, kt\u00f3re tak\u017ce pozostaj\u0105 te same dla ka\u017cdej otwartej zak\u0142adki. S\u0105 to:<\/p>\n<ol>\n<li>Ustaw oceny\u2013 element opisany poni\u017cej;<\/li>\n<li>Pobierz jako Excel \u2013 eksportuje wszystkie informacje do pliku Excel.<\/li>\n<li>Wyb\u00f3r daty\u00a0 \u2013 element opisany poni\u017cej;<\/li>\n<\/ol>\n<p><a href=\"https:\/\/www.fmsdocumentation.com\/wp-content\/uploads\/2019\/01\/198PL.png\"><img loading=\"lazy\" decoding=\"async\" class=\"alignnone wp-image-7111 size-full\" src=\"https:\/\/www.fmsdocumentation.com\/wp-content\/uploads\/2019\/01\/198PL.png\" alt=\"\" width=\"360\" height=\"69\" srcset=\"https:\/\/www.fmsdocumentation.com\/wp-content\/uploads\/2019\/01\/198PL.png 360w, https:\/\/www.fmsdocumentation.com\/wp-content\/uploads\/2019\/01\/198PL-300x58.png 300w\" sizes=\"auto, (max-width: 360px) 100vw, 360px\" \/><\/a><\/p>\n<p><strong>Ustaw oceny<\/strong> \u2013 ten element pozwala na konfiguracj\u0119 zakres\u00f3w warto\u015bci kolor\u00f3w losowych parametr\u00f3w.\u00a0Warto\u015bci mo\u017cna skonfigurowa\u0107 dla:<\/p>\n<ul>\n<li>Paliwo zu\u017cyte (litry);<\/li>\n<li>Zu\u017cycie paliwa (litry\/100 km);<\/li>\n<li>Paliwo stracone (litry);<\/li>\n<li>Paliwo stracone (litry\/100 km);<\/li>\n<li>Niebezpieczna jazda (punkty);<\/li>\n<li>Punkty niebezpiecznej jazdy (punkty\/100 km);<\/li>\n<li>Przejechana odleg\u0142o\u015b\u0107 (km);<\/li>\n<li>Czas trwania jazdy (minuty);<\/li>\n<li>Czas trwania biegu ja\u0142owego (minuty);<\/li>\n<li>Zdarzenia ekstremalnego hamowania (zdarzenia\/100km);<\/li>\n<li>Ostre przyspieszenie (zdarzenia)<\/li>\n<li>Zdarzenia ostrego przyspieszania (zdarzenia\/100 km)<\/li>\n<li>Zdarzenia ostrego hamowania (zdarzenia)<\/li>\n<li>Zdarzenia ostrego hamowania (zdarzenia\/100 km)<\/li>\n<\/ul>\n<p>Te opcje s\u0105 dost\u0119pne na przewijanym pasku po lewej stronie. Panel konfiguracji znajduje si\u0119 po prawej stronie i jest taki sam dla ka\u017cdej opcji.<\/p>\n<p><a href=\"https:\/\/www.fmsdocumentation.com\/wp-content\/uploads\/2019\/01\/199PL.png\"><img loading=\"lazy\" decoding=\"async\" class=\"alignnone wp-image-7112 size-full\" src=\"https:\/\/www.fmsdocumentation.com\/wp-content\/uploads\/2019\/01\/199PL.png\" alt=\"\" width=\"750\" height=\"601\" srcset=\"https:\/\/www.fmsdocumentation.com\/wp-content\/uploads\/2019\/01\/199PL.png 750w, https:\/\/www.fmsdocumentation.com\/wp-content\/uploads\/2019\/01\/199PL-300x240.png 300w\" sizes=\"auto, (max-width: 750px) 100vw, 750px\" \/><\/a><\/p>\n<p>Panel konfiguracji sk\u0142ada si\u0119 z nast\u0119puj\u0105cych element\u00f3w:<\/p>\n<ol>\n<li>Nazwa wybranej opcji;<\/li>\n<li>Zamiana kolor\u00f3w \u2013 zamienia kolory wy\u015bwietlane dla warto\u015bci (funkcja mo\u017ce by\u0107 w\u0142\u0105czona lub wy\u0142\u0105czona domy\u015blnie jest wy\u0142\u0105czona);<\/li>\n<li>Warto\u015bci (wy\u015bwietlane warto\u015bci zale\u017c\u0105 od wybranej opcji (litry, litry\/100 km, punkty, zdarzenia itp.));<\/li>\n<li>Suwak warto\u015bci \u2013 zakres jest ograniczony przez wybran\u0105 opcj\u0119; ka\u017cda opcja ma w\u0142asny zakres warto\u015bci;<\/li>\n<li>Pola do wpisania warto\u015bci niestandardowych \u2013 tutaj r\u00f3wnie\u017c zakres jest ograniczony przez wybran\u0105 opcj\u0119.<\/li>\n<\/ol>\n<p><a href=\"https:\/\/www.fmsdocumentation.com\/wp-content\/uploads\/2019\/01\/200PL.png\"><img loading=\"lazy\" decoding=\"async\" class=\"alignnone wp-image-7113 size-full\" src=\"https:\/\/www.fmsdocumentation.com\/wp-content\/uploads\/2019\/01\/200PL.png\" alt=\"\" width=\"453\" height=\"414\" srcset=\"https:\/\/www.fmsdocumentation.com\/wp-content\/uploads\/2019\/01\/200PL.png 453w, https:\/\/www.fmsdocumentation.com\/wp-content\/uploads\/2019\/01\/200PL-300x274.png 300w\" sizes=\"auto, (max-width: 453px) 100vw, 453px\" \/><\/a><\/p>\n<p>Po wybraniu wszystkich preferowanych opcji nale\u017cy klikn\u0105\u0107 przycisk \u201eZako\u0144czono\u201d w dolnej cz\u0119\u015bci okna, aby zapisa\u0107 nowe ustawienia.<\/p>\n<p style=\"background-color: #2e67b1; color: #ffffff; padding-left: 10px; padding-right: 10px;\"><p class=\"note\">Uwaga<br \/>\nTe ustawienia s\u0105 przechowywane na serwerze i wszystkie wprowadzone zmiany zostan\u0105 zachowane nawet po zako\u0144czeniu sesji.<\/p><\/p>\n<p style=\"background-color: #2e67b1; color: #ffffff; padding-left: 10px; padding-right: 10px;\"><p class=\"note\">Uwaga<br \/>\nNie mo\u017cna anulowa\u0107 wprowadzonych zmian. Nawet je\u015bli u\u017cytkownik nie kliknie przycisku \u201eZako\u0144czono\u201d lub je\u015bli kliknie boczn\u0105 cz\u0119\u015b\u0107 ekranu, aby wyj\u015b\u0107 z okna konfiguracji, wszystkie zmiany zostan\u0105 zachowane.<\/p><\/p>\n<p><strong>Data\u00a0<\/strong>\u2013 podstawowy interfejs kalendarza ograniczony do wyboru dnia (bez godzin lub minut). Ten interfejs pozwala wybra\u0107 okres czasu, dla jakiego b\u0119dzie wy\u015bwietlana analiza ekonomicznej jazdy. Domy\u015blnie przy logowaniu jest on ustawiony na 7 pe\u0142nych dni (aktualna data domy\u015blnie nie jest uwzgl\u0119dniana, poniewa\u017c dzie\u0144 jeszcze trwa). Aktualn\u0105 dat\u0119 mo\u017cna wybra\u0107 r\u0119cznie. Aktualna data zawsze jest zaznaczona niebieskim tr\u00f3jk\u0105tem w lewym rogu pola wskazuj\u0105cego t\u0119 dat\u0119.<\/p>\n<p><a href=\"https:\/\/www.fmsdocumentation.com\/wp-content\/uploads\/2019\/01\/201PL.png\"><img loading=\"lazy\" decoding=\"async\" class=\"alignnone wp-image-7114 size-full\" src=\"https:\/\/www.fmsdocumentation.com\/wp-content\/uploads\/2019\/01\/201PL.png\" alt=\"\" width=\"329\" height=\"389\" srcset=\"https:\/\/www.fmsdocumentation.com\/wp-content\/uploads\/2019\/01\/201PL.png 329w, https:\/\/www.fmsdocumentation.com\/wp-content\/uploads\/2019\/01\/201PL-254x300.png 254w\" sizes=\"auto, (max-width: 329px) 100vw, 329px\" \/><\/a><\/p>\n<p><strong>Wyb\u00f3r daty<\/strong>\u00a0\u2013 Aby wybra\u0107 dat\u0119, wystarczy klikn\u0105\u0107 na dat\u0119 pocz\u0105tkow\u0105 albo ko\u0144cow\u0105, a potem na drug\u0105 z nich (ko\u0144cow\u0105\/pocz\u0105tkow\u0105). Nie ma znaczenia, kt\u00f3ra z tych dat zostanie wybrana jako pierwsza. Mo\u017cna je wybiera\u0107 w dowolnej kolejno\u015bci. Po wybraniu daty system automatycznie zaktualizuje podgl\u0105d. Nie trzeba wykonywa\u0107 dodatkowych czynno\u015bci. Data pozostanie taka sama dla ka\u017cdej wybranej zak\u0142adki. Wr\u00f3ci do warto\u015bci domy\u015blnej dopiero po wylogowaniu. Maksymalny okres, jaki mo\u017cna wybra\u0107 to 3 miesi\u0105ce.<\/p>\n<p><strong>Wyb\u00f3r poszczeg\u00f3lnych dni<\/strong>\u00a0\u2013 aby wybra\u0107 jeden dzie\u0144 do analizy ekonomicznej jazdy nale\u017cy klikn\u0105\u0107 dwukrotnie \u017c\u0105dany dzie\u0144.<\/p>\n<hr \/>\n<p><div class=\"alignleft\"><a href=\"https:\/\/www.fmsdocumentation.com\/pl\/maintenance-tasks-menu\/maintenance-task-vehicle-edit\/\" title=\"Edycja zada\u0144 serwisowych dla pojazd\u00f3w\"><span class=\"arrow\">\u2039 &nbsp <\/span> Edycja zada\u0144 serwisowych dla pojazd\u00f3w <\/a><\/div> <div class=\"alignright\"><a href=\"https:\/\/www.fmsdocumentation.com\/pl\/eco-driving-menu\/fleet-summary\/\" title=\"Podsumowanie dla floty\">Podsumowanie dla floty <span class=\"arrow\"> &nbsp\u203a <\/span> <\/a><\/div><\/p>\n","protected":false},"excerpt":{"rendered":"<p>Ekonomiczna jazda to analiza i przegl\u0105d wszystkiego, co jest zwi\u0105zane ze stylami jazdy ekonomicznymi i przyjaznymi zar\u00f3wno dla kierowc\u00f3w, jak i dla pojazd\u00f3w. Aby przej\u015b\u0107 do zak\u0142adki ekonomicznej jazdy, kliknij na odpowiedni\u0105 ikon\u0119 na lewym panelu nawigacyjnym, jak pokazano poni\u017cej. Przegl\u0105d ekonomicznej jazdy sk\u0142ada si\u0119 z trzech r\u00f3\u017cnych zak\u0142adek, kt\u00f3re mo\u017cna prze\u0142\u0105cza\u0107 u g\u00f3ry ekranu. &hellip; <a href=\"https:\/\/www.fmsdocumentation.com\/pl\/eco-driving-menu\/\" class=\"more-link\">Czytaj dalej <span class=\"screen-reader-text\">Menu Ekonomicznej jazdy (Eco-Drive)<\/span><\/a><\/p>\n","protected":false},"author":1,"featured_media":0,"parent":0,"menu_order":87,"comment_status":"closed","ping_status":"closed","template":"","meta":{"footnotes":""},"class_list":["post-4563","page","type-page","status-publish","hentry"],"_links":{"self":[{"href":"https:\/\/www.fmsdocumentation.com\/pl\/wp-json\/wp\/v2\/pages\/4563","targetHints":{"allow":["GET"]}}],"collection":[{"href":"https:\/\/www.fmsdocumentation.com\/pl\/wp-json\/wp\/v2\/pages"}],"about":[{"href":"https:\/\/www.fmsdocumentation.com\/pl\/wp-json\/wp\/v2\/types\/page"}],"author":[{"embeddable":true,"href":"https:\/\/www.fmsdocumentation.com\/pl\/wp-json\/wp\/v2\/users\/1"}],"replies":[{"embeddable":true,"href":"https:\/\/www.fmsdocumentation.com\/pl\/wp-json\/wp\/v2\/comments?post=4563"}],"version-history":[{"count":7,"href":"https:\/\/www.fmsdocumentation.com\/pl\/wp-json\/wp\/v2\/pages\/4563\/revisions"}],"predecessor-version":[{"id":7116,"href":"https:\/\/www.fmsdocumentation.com\/pl\/wp-json\/wp\/v2\/pages\/4563\/revisions\/7116"}],"wp:attachment":[{"href":"https:\/\/www.fmsdocumentation.com\/pl\/wp-json\/wp\/v2\/media?parent=4563"}],"curies":[{"name":"wp","href":"https:\/\/api.w.org\/{rel}","templated":true}]}}