{"id":4564,"date":"2017-04-06T09:10:59","date_gmt":"2017-04-06T09:10:59","guid":{"rendered":"http:\/\/www.fmsdocumentation.com\/report-overview\/"},"modified":"2019-01-28T16:43:44","modified_gmt":"2019-01-28T14:43:44","slug":"report-overview","status":"publish","type":"page","link":"https:\/\/www.fmsdocumentation.com\/pl\/reports\/report-overview\/","title":{"rendered":"Sekcja raport\u00f3w"},"content":{"rendered":"<p>Raporty mo\u017cna filtrowa\u0107 wed\u0142ug kilku kryteri\u00f3w:<\/p>\n<ul>\n<li>Nazwa subskrypcji \u2013 pasek wyszukiwania pozwalaj\u0105cy filtrowa\u0107 raporty oparte na subskrypcji;<\/li>\n<li>Rodzaj raportu;<\/li>\n<li>Raport w oparciu o (obiekty\/kierowcy);<\/li>\n<li>Zakres daty \u2013 u\u017cytkownik mo\u017ce wybra\u0107 do wy\u015bwietlenia tylko raporty z danego okresu czasu.<\/li>\n<\/ul>\n<p>Wszystkie te filtry znajduj\u0105 si\u0119 w g\u00f3rnej cz\u0119\u015bci strony.<\/p>\n<p><a href=\"https:\/\/www.fmsdocumentation.com\/wp-content\/uploads\/2019\/01\/192PL.png\"><img loading=\"lazy\" decoding=\"async\" class=\"alignnone wp-image-7102 size-large\" src=\"https:\/\/www.fmsdocumentation.com\/wp-content\/uploads\/2019\/01\/192PL-1024x224.png\" alt=\"\" width=\"660\" height=\"144\" srcset=\"https:\/\/www.fmsdocumentation.com\/wp-content\/uploads\/2019\/01\/192PL-1024x224.png 1024w, https:\/\/www.fmsdocumentation.com\/wp-content\/uploads\/2019\/01\/192PL-300x66.png 300w, https:\/\/www.fmsdocumentation.com\/wp-content\/uploads\/2019\/01\/192PL-768x168.png 768w, https:\/\/www.fmsdocumentation.com\/wp-content\/uploads\/2019\/01\/192PL.png 1860w\" sizes=\"auto, (max-width: 660px) 100vw, 660px\" \/><\/a><\/p>\n<p>Raporty s\u0105 u\u0142o\u017cone na li\u015bcie w porz\u0105dku chronologicznym od najnowszego (wygenerowanego ostatnio) u g\u00f3ry.\u00a0Ka\u017cdy raport jest wy\u015bwietlany wraz z podstawowymi informacjami o jego tre\u015bci. S\u0105 to nast\u0119puj\u0105ce informacje:<\/p>\n<ul>\n<li><strong>Rodzaj raportu<\/strong>;<\/li>\n<li><strong>Informacja o raporcie;<\/strong><\/li>\n<li><strong>Nazwa subskrypcji;<\/strong><\/li>\n<li><strong>Raport w oparciu o;<\/strong><\/li>\n<li><strong>Wygenerowano<\/strong>.<\/li>\n<\/ul>\n<p><a href=\"https:\/\/www.fmsdocumentation.com\/wp-content\/uploads\/2019\/01\/193PL.png\"><img loading=\"lazy\" decoding=\"async\" class=\"alignnone wp-image-7103 size-large\" src=\"https:\/\/www.fmsdocumentation.com\/wp-content\/uploads\/2019\/01\/193PL-1024x139.png\" alt=\"\" width=\"660\" height=\"90\" srcset=\"https:\/\/www.fmsdocumentation.com\/wp-content\/uploads\/2019\/01\/193PL-1024x139.png 1024w, https:\/\/www.fmsdocumentation.com\/wp-content\/uploads\/2019\/01\/193PL-300x41.png 300w, https:\/\/www.fmsdocumentation.com\/wp-content\/uploads\/2019\/01\/193PL-768x104.png 768w, https:\/\/www.fmsdocumentation.com\/wp-content\/uploads\/2019\/01\/193PL.png 1860w\" sizes=\"auto, (max-width: 660px) 100vw, 660px\" \/><\/a><\/p>\n<p>Aby otworzy\u0107 raport, nale\u017cy klikn\u0105\u0107 przycisk \u201eZobacz\u201d umieszczony z prawej strony opisu ka\u017cdego z raport\u00f3w.<\/p>\n<p><a href=\"https:\/\/www.fmsdocumentation.com\/wp-content\/uploads\/2019\/01\/194PL.png\"><img loading=\"lazy\" decoding=\"async\" class=\"alignnone wp-image-7104 size-large\" src=\"https:\/\/www.fmsdocumentation.com\/wp-content\/uploads\/2019\/01\/194PL-1024x116.png\" alt=\"\" width=\"660\" height=\"75\" srcset=\"https:\/\/www.fmsdocumentation.com\/wp-content\/uploads\/2019\/01\/194PL-1024x116.png 1024w, https:\/\/www.fmsdocumentation.com\/wp-content\/uploads\/2019\/01\/194PL-300x34.png 300w, https:\/\/www.fmsdocumentation.com\/wp-content\/uploads\/2019\/01\/194PL-768x87.png 768w, https:\/\/www.fmsdocumentation.com\/wp-content\/uploads\/2019\/01\/194PL.png 1852w\" sizes=\"auto, (max-width: 660px) 100vw, 660px\" \/><\/a><\/p>\n<p>Raport otworzy si\u0119 w nowym oknie, do kt\u00f3rego zostanie przekierowany u\u017cytkownik. Mo\u017cna otworzy\u0107 wi\u0119cej ni\u017c jeden raport jednocze\u015bnie; ka\u017cdy raport otwiera si\u0119 po prostu w nowym oknie. Je\u015bli raport jest du\u017cy, za\u0142adowanie strony raportu mo\u017ce chwil\u0119 potrwa\u0107.<\/p>\n<p>Poni\u017cej przedstawiony jest podgl\u0105d raportu. Raport b\u0119dzie zawiera\u0142 wszystkie parametry wybrane przez u\u017cytkownika w ustawieniach raportu.\u00a0Je\u015bli u\u017cytkownik chce wydrukowa\u0107 raport, powinien klikn\u0105\u0107 na ikon\u0119 drukarki znajduj\u0105c\u0105 si\u0119 w prawym g\u00f3rnym rogu raportu. Widok raportu:<\/p>\n<p><a href=\"https:\/\/www.fmsdocumentation.com\/wp-content\/uploads\/2019\/01\/195PL.png\"><img loading=\"lazy\" decoding=\"async\" class=\"alignnone wp-image-7105 size-large\" src=\"https:\/\/www.fmsdocumentation.com\/wp-content\/uploads\/2019\/01\/195PL-1024x542.png\" alt=\"\" width=\"660\" height=\"349\" srcset=\"https:\/\/www.fmsdocumentation.com\/wp-content\/uploads\/2019\/01\/195PL-1024x542.png 1024w, https:\/\/www.fmsdocumentation.com\/wp-content\/uploads\/2019\/01\/195PL-300x159.png 300w, https:\/\/www.fmsdocumentation.com\/wp-content\/uploads\/2019\/01\/195PL-768x407.png 768w, https:\/\/www.fmsdocumentation.com\/wp-content\/uploads\/2019\/01\/195PL.png 1344w\" sizes=\"auto, (max-width: 660px) 100vw, 660px\" \/><\/a><\/p>\n<p>U\u017cytkownik mo\u017ce te\u017c wyeksportowa\u0107 raport w formacie PDF lub EXCEL, klikaj\u0105c odpowiedni\u0105 ikon\u0119 z prawej strony ekranu raport\u00f3w.<\/p>\n<p><a href=\"https:\/\/www.fmsdocumentation.com\/wp-content\/uploads\/2019\/01\/196PL.png\"><img loading=\"lazy\" decoding=\"async\" class=\"alignnone wp-image-7106 size-large\" src=\"https:\/\/www.fmsdocumentation.com\/wp-content\/uploads\/2019\/01\/196PL-1024x148.png\" alt=\"\" width=\"660\" height=\"95\" srcset=\"https:\/\/www.fmsdocumentation.com\/wp-content\/uploads\/2019\/01\/196PL-1024x148.png 1024w, https:\/\/www.fmsdocumentation.com\/wp-content\/uploads\/2019\/01\/196PL-300x43.png 300w, https:\/\/www.fmsdocumentation.com\/wp-content\/uploads\/2019\/01\/196PL-768x111.png 768w, https:\/\/www.fmsdocumentation.com\/wp-content\/uploads\/2019\/01\/196PL.png 1310w\" sizes=\"auto, (max-width: 660px) 100vw, 660px\" \/><\/a><\/p>\n<hr \/>\n<p><div class=\"alignleft\"><a href=\"https:\/\/www.fmsdocumentation.com\/pl\/reports\/reports-managing\/\" title=\"Zarz\u0105dzanie raportami\"><span class=\"arrow\">\u2039 &nbsp <\/span> Zarz\u0105dzanie raportami <\/a><\/div> <div class=\"alignright\"><a href=\"https:\/\/www.fmsdocumentation.com\/pl\/trusttrack-usage\/\" title=\"Korzystanie z aplikacji TrustTrack\">Korzystanie z aplikacji TrustTrack <span class=\"arrow\"> &nbsp\u203a <\/span> <\/a><\/div><\/p>\n<p>&nbsp;<\/p>\n","protected":false},"excerpt":{"rendered":"<p>Raporty mo\u017cna filtrowa\u0107 wed\u0142ug kilku kryteri\u00f3w: Nazwa subskrypcji \u2013 pasek wyszukiwania pozwalaj\u0105cy filtrowa\u0107 raporty oparte na subskrypcji; Rodzaj raportu; Raport w oparciu o (obiekty\/kierowcy); Zakres daty \u2013 u\u017cytkownik mo\u017ce wybra\u0107 do wy\u015bwietlenia tylko raporty z danego okresu czasu. Wszystkie te filtry znajduj\u0105 si\u0119 w g\u00f3rnej cz\u0119\u015bci strony. Raporty s\u0105 u\u0142o\u017cone na li\u015bcie w porz\u0105dku chronologicznym &hellip; <a href=\"https:\/\/www.fmsdocumentation.com\/pl\/reports\/report-overview\/\" class=\"more-link\">Czytaj dalej <span class=\"screen-reader-text\">Sekcja raport\u00f3w<\/span><\/a><\/p>\n","protected":false},"author":1,"featured_media":0,"parent":4567,"menu_order":16,"comment_status":"closed","ping_status":"closed","template":"","meta":{"footnotes":""},"class_list":["post-4564","page","type-page","status-publish","hentry"],"_links":{"self":[{"href":"https:\/\/www.fmsdocumentation.com\/pl\/wp-json\/wp\/v2\/pages\/4564","targetHints":{"allow":["GET"]}}],"collection":[{"href":"https:\/\/www.fmsdocumentation.com\/pl\/wp-json\/wp\/v2\/pages"}],"about":[{"href":"https:\/\/www.fmsdocumentation.com\/pl\/wp-json\/wp\/v2\/types\/page"}],"author":[{"embeddable":true,"href":"https:\/\/www.fmsdocumentation.com\/pl\/wp-json\/wp\/v2\/users\/1"}],"replies":[{"embeddable":true,"href":"https:\/\/www.fmsdocumentation.com\/pl\/wp-json\/wp\/v2\/comments?post=4564"}],"version-history":[{"count":3,"href":"https:\/\/www.fmsdocumentation.com\/pl\/wp-json\/wp\/v2\/pages\/4564\/revisions"}],"predecessor-version":[{"id":7107,"href":"https:\/\/www.fmsdocumentation.com\/pl\/wp-json\/wp\/v2\/pages\/4564\/revisions\/7107"}],"up":[{"embeddable":true,"href":"https:\/\/www.fmsdocumentation.com\/pl\/wp-json\/wp\/v2\/pages\/4567"}],"wp:attachment":[{"href":"https:\/\/www.fmsdocumentation.com\/pl\/wp-json\/wp\/v2\/media?parent=4564"}],"curies":[{"name":"wp","href":"https:\/\/api.w.org\/{rel}","templated":true}]}}